{"id":231320,"date":"2015-05-22T23:25:43","date_gmt":"2015-05-23T02:25:43","guid":{"rendered":"https:\/\/render.tips\/uncategorized\/personajes-3d-para-juegos-anatomia"},"modified":"2020-04-20T23:34:14","modified_gmt":"2020-04-21T02:34:14","slug":"personajes-3d-para-juegos-anatomia","status":"publish","type":"product","link":"https:\/\/render.tips\/es\/asuntos\/personajes\/personajes-3d-para-juegos-anatomia","title":{"rendered":"Curso Personajes 3D para juegos &#8211; Anatom\u00eda"},"content":{"rendered":"<p>Con lecciones pr\u00e1cticas en video, aprende paso a paso c\u00f3mo desarrollar la anatom\u00e0\u00ada de un heroico personaje masculino biotipo para \u00abjuegos de pr\u00f3xima generaci\u00f3n\u00bb. Comprenda c\u00f3mo elegir referencias, c\u00f3mo comenzar a modelar el cuerpo, c\u00f3mo bloquear los m\u00fasculos, la barba y el cabello, c\u00f3mo modelar la anatom\u00e0\u00ada y c\u00f3mo hacer ajustes finos en las arrugas, los poros y las venas. El modelado se realiza en ZBrush, pero se pueden aplicar las t\u00e9cnicas a otro software, como Maya. \u00a1Tome este curso y obtenga m\u00e1s de esta competencia!<\/p>\n","protected":false},"excerpt":{"rendered":"<p><span style=\"color: #ff6600;\">Aprende a crear el cuerpo, bloquear los m\u00fasculos, modelar la anatom\u00e0\u00ada y hacer ajustes finos<\/span><\/p>\n","protected":false},"featured_media":231308,"comment_status":"open","ping_status":"closed","template":"","meta":[],"product_cat":[995,1017,1009,1012],"product_tag":[],"acf":[],"yoast_head":"<!-- This site is optimized with the Yoast SEO plugin v15.9 - https:\/\/yoast.com\/wordpress\/plugins\/seo\/ -->\n<title>Curso Personajes 3D para juegos - Anatom\u00eda | Online Courses from Basic to Advanced | RenderTips<\/title>\n<meta name=\"description\" content=\"Aprende a crear el cuerpo, bloquear los m\u00fasculos, modelar la anatom\u00e0\u00ada y hacer ajustes finos\" \/>\n<meta name=\"robots\" content=\"index, follow, max-snippet:-1, max-image-preview:large, max-video-preview:-1\" \/>\n<link rel=\"canonical\" href=\"https:\/\/render.tips\/es\/asuntos\/personajes\/personajes-3d-para-juegos-anatomia\" \/>\n<meta property=\"og:locale\" content=\"es_ES\" \/>\n<meta property=\"og:type\" content=\"article\" \/>\n<meta property=\"og:title\" content=\"Curso Personajes 3D para juegos - Anatom\u00eda | Online Courses from Basic to Advanced | RenderTips\" \/>\n<meta property=\"og:description\" content=\"Aprende a crear el cuerpo, bloquear los m\u00fasculos, modelar la anatom\u00e0\u00ada y hacer ajustes finos\" \/>\n<meta property=\"og:url\" content=\"https:\/\/render.tips\/es\/asuntos\/personajes\/personajes-3d-para-juegos-anatomia\" \/>\n<meta property=\"og:site_name\" content=\"Online Courses from Basic to Advanced | RenderTips\" \/>\n<meta property=\"article:publisher\" content=\"https:\/\/www.facebook.com\/rendertipscourses\/\" \/>\n<meta property=\"article:modified_time\" content=\"2020-04-21T02:34:14+00:00\" \/>\n<meta property=\"og:image\" content=\"https:\/\/static.render.tips\/wp-content\/uploads\/2020\/04\/P3D-GAMES-A-ES_facebook.png\" \/>\n\t<meta property=\"og:image:width\" content=\"262\" \/>\n\t<meta property=\"og:image:height\" content=\"238\" \/>\n<meta name=\"twitter:card\" content=\"summary_large_image\" \/>\n<meta name=\"twitter:image\" content=\"https:\/\/static.render.tips\/wp-content\/uploads\/2020\/04\/P3D-GAMES-A-ES_facebook.png\" \/>\n<meta name=\"twitter:site\" content=\"@rendertips\" \/>\n<meta name=\"twitter:label1\" content=\"Tiempo de lectura\">\n\t<meta name=\"twitter:data1\" content=\"1 minuto\">\n<script type=\"application\/ld+json\" class=\"yoast-schema-graph\">{\"@context\":\"https:\/\/schema.org\",\"@graph\":[{\"@type\":\"Organization\",\"@id\":\"https:\/\/render.tips\/#organization\",\"name\":\"Render Tips\",\"url\":\"https:\/\/render.tips\/\",\"sameAs\":[\"https:\/\/www.facebook.com\/rendertipscourses\/\",\"https:\/\/www.instagram.com\/rendertips\/\",\"https:\/\/www.youtube.com\/channel\/UCx_9bcvh0_AQFGXxJ0StKSQ\",\"https:\/\/twitter.com\/rendertips\"],\"logo\":{\"@type\":\"ImageObject\",\"@id\":\"https:\/\/render.tips\/#logo\",\"inLanguage\":\"es\",\"url\":\"https:\/\/static.render.tips\/wp-content\/uploads\/2019\/08\/logo_1024.png\",\"width\":1024,\"height\":1024,\"caption\":\"Render Tips\"},\"image\":{\"@id\":\"https:\/\/render.tips\/#logo\"}},{\"@type\":\"WebSite\",\"@id\":\"https:\/\/render.tips\/#website\",\"url\":\"https:\/\/render.tips\/\",\"name\":\"Online Courses from Basic to Advanced | RenderTips\",\"description\":\"Technology Online Courses - Solidworks, Autocad, Inventor, 3ds Max and More\",\"publisher\":{\"@id\":\"https:\/\/render.tips\/#organization\"},\"potentialAction\":[{\"@type\":\"SearchAction\",\"target\":\"https:\/\/render.tips\/?s={search_term_string}\",\"query-input\":\"required name=search_term_string\"}],\"inLanguage\":\"es\"},{\"@type\":\"ImageObject\",\"@id\":\"https:\/\/render.tips\/es\/asuntos\/personajes\/personajes-3d-para-juegos-anatomia#primaryimage\",\"inLanguage\":\"es\",\"url\":\"https:\/\/static.render.tips\/wp-content\/uploads\/2020\/04\/Curso-personajes-3d-para-juegos-anatomia-P3D-GAMES-A-ES_destaque-20200420232421.jpg\",\"width\":229,\"height\":162},{\"@type\":\"WebPage\",\"@id\":\"https:\/\/render.tips\/es\/asuntos\/personajes\/personajes-3d-para-juegos-anatomia#webpage\",\"url\":\"https:\/\/render.tips\/es\/asuntos\/personajes\/personajes-3d-para-juegos-anatomia\",\"name\":\"Curso Personajes 3D para juegos - Anatom\\u00eda | Online Courses from Basic to Advanced | RenderTips\",\"isPartOf\":{\"@id\":\"https:\/\/render.tips\/#website\"},\"primaryImageOfPage\":{\"@id\":\"https:\/\/render.tips\/es\/asuntos\/personajes\/personajes-3d-para-juegos-anatomia#primaryimage\"},\"datePublished\":\"2015-05-23T02:25:43+00:00\",\"dateModified\":\"2020-04-21T02:34:14+00:00\",\"description\":\"Aprende a crear el cuerpo, bloquear los m\\u00fasculos, modelar la anatom\\u00e0\\u00ada y hacer ajustes finos\",\"breadcrumb\":{\"@id\":\"https:\/\/render.tips\/es\/asuntos\/personajes\/personajes-3d-para-juegos-anatomia#breadcrumb\"},\"inLanguage\":\"es\",\"potentialAction\":[{\"@type\":\"ReadAction\",\"target\":[\"https:\/\/render.tips\/es\/asuntos\/personajes\/personajes-3d-para-juegos-anatomia\"]}]},{\"@type\":\"BreadcrumbList\",\"@id\":\"https:\/\/render.tips\/es\/asuntos\/personajes\/personajes-3d-para-juegos-anatomia#breadcrumb\",\"itemListElement\":[{\"@type\":\"ListItem\",\"position\":1,\"item\":{\"@type\":\"WebPage\",\"@id\":\"https:\/\/render.tips\/es\",\"url\":\"https:\/\/render.tips\/es\",\"name\":\"Home\"}},{\"@type\":\"ListItem\",\"position\":2,\"item\":{\"@type\":\"WebPage\",\"@id\":\"https:\/\/render.tips\/es\/shop\",\"url\":\"https:\/\/render.tips\/es\/shop\",\"name\":\"Shop\"}},{\"@type\":\"ListItem\",\"position\":3,\"item\":{\"@type\":\"WebPage\",\"@id\":\"https:\/\/render.tips\/es\/asuntos\/personajes\/personajes-3d-para-juegos-anatomia\",\"url\":\"https:\/\/render.tips\/es\/asuntos\/personajes\/personajes-3d-para-juegos-anatomia\",\"name\":\"Curso Personajes 3D para juegos &#8211; Anatom\\u00eda\"}}]}]}<\/script>\n<!-- \/ Yoast SEO plugin. -->","_links":{"self":[{"href":"https:\/\/render.tips\/es\/wp-json\/wp\/v2\/product\/231320"}],"collection":[{"href":"https:\/\/render.tips\/es\/wp-json\/wp\/v2\/product"}],"about":[{"href":"https:\/\/render.tips\/es\/wp-json\/wp\/v2\/types\/product"}],"replies":[{"embeddable":true,"href":"https:\/\/render.tips\/es\/wp-json\/wp\/v2\/comments?post=231320"}],"wp:featuredmedia":[{"embeddable":true,"href":"https:\/\/render.tips\/es\/wp-json\/wp\/v2\/media\/231308"}],"wp:attachment":[{"href":"https:\/\/render.tips\/es\/wp-json\/wp\/v2\/media?parent=231320"}],"wp:term":[{"taxonomy":"product_cat","embeddable":true,"href":"https:\/\/render.tips\/es\/wp-json\/wp\/v2\/product_cat?post=231320"},{"taxonomy":"product_tag","embeddable":true,"href":"https:\/\/render.tips\/es\/wp-json\/wp\/v2\/product_tag?post=231320"}],"curies":[{"name":"wp","href":"https:\/\/api.w.org\/{rel}","templated":true}]}}