{"id":231289,"date":"2019-09-27T17:52:30","date_gmt":"2019-09-27T20:52:30","guid":{"rendered":"https:\/\/render.tips\/uncategorized\/solidworks-2020-tecnicas-para-modelar-piezas-de-plastico"},"modified":"2020-04-20T23:33:18","modified_gmt":"2020-04-21T02:33:18","slug":"solidworks-2020-tecnicas-para-modelar-piezas-de-plastico","status":"publish","type":"product","link":"https:\/\/render.tips\/es\/cursos\/solidworks-es\/solidworks-2020-tecnicas-para-modelar-piezas-de-plastico","title":{"rendered":"Curso SolidWorks 2020 T\u00e9cnicas para Modelar Piezas de Pl\u00e1stico"},"content":{"rendered":"<p>Este curso ense\u00f1a las capacidades de SolidWorks para facilitar la creaci\u00f3n de varios detalles 3D para piezas de pl\u00e1stico. Con clases din\u00e1micas, ejemplos pr\u00e1cticos y ejercicios para entrenar, obtenga un aprendizaje completo de los comandos Snap Gancho, Snap Gancho Groove, Montaje Jefe, Ventilaci\u00f3n, Labi\/Groove, Rib, Borrador y An\u00e1lisis de Borrador. Cree piezas s\u00f3lidas con \u00e1ngulo de extracci\u00f3n adecuado, ganchos a presi\u00f3n, golpes de apoyo, ranuras, voladizos, rejillas de ventilaci\u00f3n, costillas y mucho m\u00e1s. Aprenda a crear f\u00e1cilmente piezas de pl\u00e1stico en SolidWorks y formar parte de un mercado en crecimiento.<\/p>\n","protected":false},"excerpt":{"rendered":"<p><span style=\"color: #ff6600;\">Desarrolle f\u00e1cilmente piezas de pl\u00e1stico mediante operaciones espec\u00e0\u00adficas de SolidWorks<\/span><\/p>\n","protected":false},"featured_media":231275,"comment_status":"open","ping_status":"closed","template":"","meta":[],"product_cat":[504,945,820],"product_tag":[],"acf":[],"yoast_head":"<!-- This site is optimized with the Yoast SEO plugin v15.9 - https:\/\/yoast.com\/wordpress\/plugins\/seo\/ -->\n<title>Curso SolidWorks 2020 T\u00e9cnicas para Modelar Piezas de Pl\u00e1stico | Online Courses from Basic to Advanced | RenderTips<\/title>\n<meta name=\"description\" content=\"Desarrolle f\u00e1cilmente piezas de pl\u00e1stico mediante operaciones espec\u00e0\u00adficas de SolidWorks\" \/>\n<meta name=\"robots\" content=\"index, follow, max-snippet:-1, max-image-preview:large, max-video-preview:-1\" \/>\n<link rel=\"canonical\" href=\"https:\/\/render.tips\/es\/cursos\/solidworks-es\/solidworks-2020-tecnicas-para-modelar-piezas-de-plastico\" \/>\n<meta property=\"og:locale\" content=\"es_ES\" \/>\n<meta property=\"og:type\" content=\"article\" \/>\n<meta property=\"og:title\" content=\"Curso SolidWorks 2020 T\u00e9cnicas para Modelar Piezas de Pl\u00e1stico | Online Courses from Basic to Advanced | RenderTips\" \/>\n<meta property=\"og:description\" content=\"Desarrolle f\u00e1cilmente piezas de pl\u00e1stico mediante operaciones espec\u00e0\u00adficas de SolidWorks\" \/>\n<meta property=\"og:url\" content=\"https:\/\/render.tips\/es\/cursos\/solidworks-es\/solidworks-2020-tecnicas-para-modelar-piezas-de-plastico\" \/>\n<meta property=\"og:site_name\" content=\"Online Courses from Basic to Advanced | RenderTips\" \/>\n<meta property=\"article:publisher\" content=\"https:\/\/www.facebook.com\/rendertipscourses\/\" \/>\n<meta property=\"article:modified_time\" content=\"2020-04-21T02:33:18+00:00\" \/>\n<meta property=\"og:image\" content=\"https:\/\/static.render.tips\/wp-content\/uploads\/2020\/04\/SW20-TMPP-ES_facebook.png\" \/>\n\t<meta property=\"og:image:width\" content=\"1200\" \/>\n\t<meta property=\"og:image:height\" content=\"627\" \/>\n<meta name=\"twitter:card\" content=\"summary_large_image\" \/>\n<meta name=\"twitter:image\" content=\"https:\/\/static.render.tips\/wp-content\/uploads\/2020\/04\/SW20-TMPP-ES_facebook.png\" \/>\n<meta name=\"twitter:site\" content=\"@rendertips\" \/>\n<meta name=\"twitter:label1\" content=\"Tiempo de lectura\">\n\t<meta name=\"twitter:data1\" content=\"1 minuto\">\n<script type=\"application\/ld+json\" class=\"yoast-schema-graph\">{\"@context\":\"https:\/\/schema.org\",\"@graph\":[{\"@type\":\"Organization\",\"@id\":\"https:\/\/render.tips\/#organization\",\"name\":\"Render Tips\",\"url\":\"https:\/\/render.tips\/\",\"sameAs\":[\"https:\/\/www.facebook.com\/rendertipscourses\/\",\"https:\/\/www.instagram.com\/rendertips\/\",\"https:\/\/www.youtube.com\/channel\/UCx_9bcvh0_AQFGXxJ0StKSQ\",\"https:\/\/twitter.com\/rendertips\"],\"logo\":{\"@type\":\"ImageObject\",\"@id\":\"https:\/\/render.tips\/#logo\",\"inLanguage\":\"es\",\"url\":\"https:\/\/static.render.tips\/wp-content\/uploads\/2019\/08\/logo_1024.png\",\"width\":1024,\"height\":1024,\"caption\":\"Render Tips\"},\"image\":{\"@id\":\"https:\/\/render.tips\/#logo\"}},{\"@type\":\"WebSite\",\"@id\":\"https:\/\/render.tips\/#website\",\"url\":\"https:\/\/render.tips\/\",\"name\":\"Online Courses from Basic to Advanced | RenderTips\",\"description\":\"Technology Online Courses - Solidworks, Autocad, Inventor, 3ds Max and More\",\"publisher\":{\"@id\":\"https:\/\/render.tips\/#organization\"},\"potentialAction\":[{\"@type\":\"SearchAction\",\"target\":\"https:\/\/render.tips\/?s={search_term_string}\",\"query-input\":\"required name=search_term_string\"}],\"inLanguage\":\"es\"},{\"@type\":\"ImageObject\",\"@id\":\"https:\/\/render.tips\/es\/cursos\/solidworks-es\/solidworks-2020-tecnicas-para-modelar-piezas-de-plastico#primaryimage\",\"inLanguage\":\"es\",\"url\":\"https:\/\/static.render.tips\/wp-content\/uploads\/2020\/04\/Curso-solidworks-2020-tecnicas-para-modelar-piezas-de-plastico-SW20-TMPP-ES_destaque-20200420225102.jpg\",\"width\":229,\"height\":162},{\"@type\":\"WebPage\",\"@id\":\"https:\/\/render.tips\/es\/cursos\/solidworks-es\/solidworks-2020-tecnicas-para-modelar-piezas-de-plastico#webpage\",\"url\":\"https:\/\/render.tips\/es\/cursos\/solidworks-es\/solidworks-2020-tecnicas-para-modelar-piezas-de-plastico\",\"name\":\"Curso SolidWorks 2020 T\\u00e9cnicas para Modelar Piezas de Pl\\u00e1stico | Online Courses from Basic to Advanced | RenderTips\",\"isPartOf\":{\"@id\":\"https:\/\/render.tips\/#website\"},\"primaryImageOfPage\":{\"@id\":\"https:\/\/render.tips\/es\/cursos\/solidworks-es\/solidworks-2020-tecnicas-para-modelar-piezas-de-plastico#primaryimage\"},\"datePublished\":\"2019-09-27T20:52:30+00:00\",\"dateModified\":\"2020-04-21T02:33:18+00:00\",\"description\":\"Desarrolle f\\u00e1cilmente piezas de pl\\u00e1stico mediante operaciones espec\\u00e0\\u00adficas de SolidWorks\",\"breadcrumb\":{\"@id\":\"https:\/\/render.tips\/es\/cursos\/solidworks-es\/solidworks-2020-tecnicas-para-modelar-piezas-de-plastico#breadcrumb\"},\"inLanguage\":\"es\",\"potentialAction\":[{\"@type\":\"ReadAction\",\"target\":[\"https:\/\/render.tips\/es\/cursos\/solidworks-es\/solidworks-2020-tecnicas-para-modelar-piezas-de-plastico\"]}]},{\"@type\":\"BreadcrumbList\",\"@id\":\"https:\/\/render.tips\/es\/cursos\/solidworks-es\/solidworks-2020-tecnicas-para-modelar-piezas-de-plastico#breadcrumb\",\"itemListElement\":[{\"@type\":\"ListItem\",\"position\":1,\"item\":{\"@type\":\"WebPage\",\"@id\":\"https:\/\/render.tips\/es\",\"url\":\"https:\/\/render.tips\/es\",\"name\":\"Home\"}},{\"@type\":\"ListItem\",\"position\":2,\"item\":{\"@type\":\"WebPage\",\"@id\":\"https:\/\/render.tips\/es\/shop\",\"url\":\"https:\/\/render.tips\/es\/shop\",\"name\":\"Shop\"}},{\"@type\":\"ListItem\",\"position\":3,\"item\":{\"@type\":\"WebPage\",\"@id\":\"https:\/\/render.tips\/es\/cursos\/solidworks-es\/solidworks-2020-tecnicas-para-modelar-piezas-de-plastico\",\"url\":\"https:\/\/render.tips\/es\/cursos\/solidworks-es\/solidworks-2020-tecnicas-para-modelar-piezas-de-plastico\",\"name\":\"Curso SolidWorks 2020 T\\u00e9cnicas para Modelar Piezas de Pl\\u00e1stico\"}}]}]}<\/script>\n<!-- \/ Yoast SEO plugin. -->","_links":{"self":[{"href":"https:\/\/render.tips\/es\/wp-json\/wp\/v2\/product\/231289"}],"collection":[{"href":"https:\/\/render.tips\/es\/wp-json\/wp\/v2\/product"}],"about":[{"href":"https:\/\/render.tips\/es\/wp-json\/wp\/v2\/types\/product"}],"replies":[{"embeddable":true,"href":"https:\/\/render.tips\/es\/wp-json\/wp\/v2\/comments?post=231289"}],"wp:featuredmedia":[{"embeddable":true,"href":"https:\/\/render.tips\/es\/wp-json\/wp\/v2\/media\/231275"}],"wp:attachment":[{"href":"https:\/\/render.tips\/es\/wp-json\/wp\/v2\/media?parent=231289"}],"wp:term":[{"taxonomy":"product_cat","embeddable":true,"href":"https:\/\/render.tips\/es\/wp-json\/wp\/v2\/product_cat?post=231289"},{"taxonomy":"product_tag","embeddable":true,"href":"https:\/\/render.tips\/es\/wp-json\/wp\/v2\/product_tag?post=231289"}],"curies":[{"name":"wp","href":"https:\/\/api.w.org\/{rel}","templated":true}]}}