{"id":231253,"date":"2011-10-28T10:56:39","date_gmt":"2011-10-28T12:56:39","guid":{"rendered":"https:\/\/render.tips\/uncategorized\/blender-fundamentos"},"modified":"2020-04-20T22:03:00","modified_gmt":"2020-04-21T01:03:00","slug":"blender-fundamentos","status":"publish","type":"product","link":"https:\/\/render.tips\/es\/cursos\/blender-es\/blender-fundamentos","title":{"rendered":"Curso Blender &#8211; Fundamentos"},"content":{"rendered":"<p>Utilizado por miles de personas en todo el mundo, Blender es un software vers\u00e1til y gratuito de modelado 3D y animaci\u00f3n. Entusiastas 3D, Arquitectos, Dise\u00f1adores y Artistas lo han utilizado para mostrar sus ideas y proyectos, a trav\u00e9s de im\u00e1genes, animaciones 3D, o efectos especiales en pel\u00e0\u00adculas. En este curso aprender\u00e1s: el entorno de Blender, modelado de geometr\u00e0\u00adas 3D, los principios de modelado org\u00e1nico e iluminaci\u00f3n con calidad fotorrealista, aplicaci\u00f3n de texturas, jerarqu\u00e0\u00ada para definir articulaciones, generaci\u00f3n de animaci\u00f3n y video. Con estos fundamentos usted ser\u00e1 capaz de desarrollar peque\u00f1os trabajos de principio a fin. El curso fue desarrollado en la versi\u00f3n 2.5 del programa, pero tambi\u00e9n puede ser utilizado en otras versiones, ya que es un curso b\u00e1sico. Usa Blender para mostrar de forma creativa tus proyectos art\u00e0\u00adsticos, desde productos hasta arquitectura.<\/p>\n","protected":false},"excerpt":{"rendered":"<p><span style=\"color: #ff6600;\">\u00a1Aprende 3D con Blender, el software de modelado de c\u00f3digo abierto m\u00e1s popular del mercado! Desde el modelado 3D hasta la animaci\u00f3n.<\/span><\/p>\n","protected":false},"featured_media":231242,"comment_status":"open","ping_status":"closed","template":"","meta":[],"product_cat":[995,1004],"product_tag":[],"acf":[],"yoast_head":"<!-- This site is optimized with the Yoast SEO plugin v15.9 - https:\/\/yoast.com\/wordpress\/plugins\/seo\/ -->\n<title>Curso Blender - Fundamentos | Online Courses from Basic to Advanced | RenderTips<\/title>\n<meta name=\"description\" content=\"\u00a1Aprende 3D con Blender, el software de modelado de c\u00f3digo abierto m\u00e1s popular del mercado! Desde el modelado 3D hasta la animaci\u00f3n.\" \/>\n<meta name=\"robots\" content=\"index, follow, max-snippet:-1, max-image-preview:large, max-video-preview:-1\" \/>\n<link rel=\"canonical\" href=\"https:\/\/render.tips\/es\/cursos\/blender-es\/blender-fundamentos\" \/>\n<meta property=\"og:locale\" content=\"es_ES\" \/>\n<meta property=\"og:type\" content=\"article\" \/>\n<meta property=\"og:title\" content=\"Curso Blender - Fundamentos | Online Courses from Basic to Advanced | RenderTips\" \/>\n<meta property=\"og:description\" content=\"\u00a1Aprende 3D con Blender, el software de modelado de c\u00f3digo abierto m\u00e1s popular del mercado! Desde el modelado 3D hasta la animaci\u00f3n.\" \/>\n<meta property=\"og:url\" content=\"https:\/\/render.tips\/es\/cursos\/blender-es\/blender-fundamentos\" \/>\n<meta property=\"og:site_name\" content=\"Online Courses from Basic to Advanced | RenderTips\" \/>\n<meta property=\"article:publisher\" content=\"https:\/\/www.facebook.com\/rendertipscourses\/\" \/>\n<meta property=\"article:modified_time\" content=\"2020-04-21T01:03:00+00:00\" \/>\n<meta property=\"og:image\" content=\"https:\/\/static.render.tips\/wp-content\/uploads\/2020\/04\/BLEN2.5-F-ES_facebook.png\" \/>\n\t<meta property=\"og:image:width\" content=\"262\" \/>\n\t<meta property=\"og:image:height\" content=\"238\" \/>\n<meta name=\"twitter:card\" content=\"summary_large_image\" \/>\n<meta name=\"twitter:image\" content=\"https:\/\/static.render.tips\/wp-content\/uploads\/2020\/04\/BLEN2.5-F-ES_facebook.png\" \/>\n<meta name=\"twitter:site\" content=\"@rendertips\" \/>\n<meta name=\"twitter:label1\" content=\"Tiempo de lectura\">\n\t<meta name=\"twitter:data1\" content=\"1 minuto\">\n<script type=\"application\/ld+json\" class=\"yoast-schema-graph\">{\"@context\":\"https:\/\/schema.org\",\"@graph\":[{\"@type\":\"Organization\",\"@id\":\"https:\/\/render.tips\/#organization\",\"name\":\"Render Tips\",\"url\":\"https:\/\/render.tips\/\",\"sameAs\":[\"https:\/\/www.facebook.com\/rendertipscourses\/\",\"https:\/\/www.instagram.com\/rendertips\/\",\"https:\/\/www.youtube.com\/channel\/UCx_9bcvh0_AQFGXxJ0StKSQ\",\"https:\/\/twitter.com\/rendertips\"],\"logo\":{\"@type\":\"ImageObject\",\"@id\":\"https:\/\/render.tips\/#logo\",\"inLanguage\":\"es\",\"url\":\"https:\/\/static.render.tips\/wp-content\/uploads\/2019\/08\/logo_1024.png\",\"width\":1024,\"height\":1024,\"caption\":\"Render Tips\"},\"image\":{\"@id\":\"https:\/\/render.tips\/#logo\"}},{\"@type\":\"WebSite\",\"@id\":\"https:\/\/render.tips\/#website\",\"url\":\"https:\/\/render.tips\/\",\"name\":\"Online Courses from Basic to Advanced | RenderTips\",\"description\":\"Technology Online Courses - Solidworks, Autocad, Inventor, 3ds Max and More\",\"publisher\":{\"@id\":\"https:\/\/render.tips\/#organization\"},\"potentialAction\":[{\"@type\":\"SearchAction\",\"target\":\"https:\/\/render.tips\/?s={search_term_string}\",\"query-input\":\"required name=search_term_string\"}],\"inLanguage\":\"es\"},{\"@type\":\"ImageObject\",\"@id\":\"https:\/\/render.tips\/es\/cursos\/blender-es\/blender-fundamentos#primaryimage\",\"inLanguage\":\"es\",\"url\":\"https:\/\/static.render.tips\/wp-content\/uploads\/2020\/04\/Curso-blender-fundamentos-BLEN2.5-F-ES_destaque-20200420215517.jpg\",\"width\":229,\"height\":162},{\"@type\":\"WebPage\",\"@id\":\"https:\/\/render.tips\/es\/cursos\/blender-es\/blender-fundamentos#webpage\",\"url\":\"https:\/\/render.tips\/es\/cursos\/blender-es\/blender-fundamentos\",\"name\":\"Curso Blender - Fundamentos | Online Courses from Basic to Advanced | RenderTips\",\"isPartOf\":{\"@id\":\"https:\/\/render.tips\/#website\"},\"primaryImageOfPage\":{\"@id\":\"https:\/\/render.tips\/es\/cursos\/blender-es\/blender-fundamentos#primaryimage\"},\"datePublished\":\"2011-10-28T12:56:39+00:00\",\"dateModified\":\"2020-04-21T01:03:00+00:00\",\"description\":\"\\u00a1Aprende 3D con Blender, el software de modelado de c\\u00f3digo abierto m\\u00e1s popular del mercado! Desde el modelado 3D hasta la animaci\\u00f3n.\",\"breadcrumb\":{\"@id\":\"https:\/\/render.tips\/es\/cursos\/blender-es\/blender-fundamentos#breadcrumb\"},\"inLanguage\":\"es\",\"potentialAction\":[{\"@type\":\"ReadAction\",\"target\":[\"https:\/\/render.tips\/es\/cursos\/blender-es\/blender-fundamentos\"]}]},{\"@type\":\"BreadcrumbList\",\"@id\":\"https:\/\/render.tips\/es\/cursos\/blender-es\/blender-fundamentos#breadcrumb\",\"itemListElement\":[{\"@type\":\"ListItem\",\"position\":1,\"item\":{\"@type\":\"WebPage\",\"@id\":\"https:\/\/render.tips\/es\",\"url\":\"https:\/\/render.tips\/es\",\"name\":\"Home\"}},{\"@type\":\"ListItem\",\"position\":2,\"item\":{\"@type\":\"WebPage\",\"@id\":\"https:\/\/render.tips\/es\/shop\",\"url\":\"https:\/\/render.tips\/es\/shop\",\"name\":\"Shop\"}},{\"@type\":\"ListItem\",\"position\":3,\"item\":{\"@type\":\"WebPage\",\"@id\":\"https:\/\/render.tips\/es\/cursos\/blender-es\/blender-fundamentos\",\"url\":\"https:\/\/render.tips\/es\/cursos\/blender-es\/blender-fundamentos\",\"name\":\"Curso Blender &#8211; Fundamentos\"}}]}]}<\/script>\n<!-- \/ Yoast SEO plugin. -->","_links":{"self":[{"href":"https:\/\/render.tips\/es\/wp-json\/wp\/v2\/product\/231253"}],"collection":[{"href":"https:\/\/render.tips\/es\/wp-json\/wp\/v2\/product"}],"about":[{"href":"https:\/\/render.tips\/es\/wp-json\/wp\/v2\/types\/product"}],"replies":[{"embeddable":true,"href":"https:\/\/render.tips\/es\/wp-json\/wp\/v2\/comments?post=231253"}],"wp:featuredmedia":[{"embeddable":true,"href":"https:\/\/render.tips\/es\/wp-json\/wp\/v2\/media\/231242"}],"wp:attachment":[{"href":"https:\/\/render.tips\/es\/wp-json\/wp\/v2\/media?parent=231253"}],"wp:term":[{"taxonomy":"product_cat","embeddable":true,"href":"https:\/\/render.tips\/es\/wp-json\/wp\/v2\/product_cat?post=231253"},{"taxonomy":"product_tag","embeddable":true,"href":"https:\/\/render.tips\/es\/wp-json\/wp\/v2\/product_tag?post=231253"}],"curies":[{"name":"wp","href":"https:\/\/api.w.org\/{rel}","templated":true}]}}