{"id":231238,"date":"2012-12-20T16:40:18","date_gmt":"2012-12-20T18:40:18","guid":{"rendered":"https:\/\/render.tips\/uncategorized\/blender-modelado-facial"},"modified":"2020-04-20T22:02:14","modified_gmt":"2020-04-21T01:02:14","slug":"blender-modelado-facial","status":"publish","type":"product","link":"https:\/\/render.tips\/es\/cursos\/blender-es\/blender-modelado-facial","title":{"rendered":"Curso Blender &#8211; Modelado Facial"},"content":{"rendered":"<p>El modelado facial se define como uno de los m\u00e1s complejos dentro del universo 3D, y en este curso aprender\u00e1s en detalle las t\u00e9cnicas para crear modelado 3D del rostro humano a partir de fotograf\u00e0\u00adas reales en el software de animaci\u00f3n libre m\u00e1s famoso del mundo, Blender. Incluso aquellos que no tienen mucho conocimiento de esta \u00e1rea podr\u00e1n aprender, de forma pr\u00e1ctica, a modelar todas las partes del rostro humano con calidad, como Cabeza, Cuello, Ojos, Labios, Nariz y Orejas, adem\u00e1s de realizar el mapeo de la cara insertando las respectivas texturas, as\u00e0\u00ad como insertando las pesta\u00f1as y el cabello, aprendiendo las t\u00e9cnicas para peinar y pintar. Con los materiales de soporte disponibles, siga paso a paso el modelado facial en su m\u00e1s m\u00e0\u00adnimo detalle hasta su finalizaci\u00f3n. Con clases motivadoras y objetivas, aprende m\u00e1s sobre esta habilidad a trav\u00e9s de este gran curso de Render.<\/p>\n","protected":false},"excerpt":{"rendered":"<p><span style=\"color: #ff6600;\">Aprende de forma pr\u00e1ctica, sencilla y objetiva el modelado facial 3D con Blender<\/span><\/p>\n","protected":false},"featured_media":231226,"comment_status":"open","ping_status":"closed","template":"","meta":[],"product_cat":[995,1004,1009],"product_tag":[],"acf":[],"yoast_head":"<!-- This site is optimized with the Yoast SEO plugin v15.9 - https:\/\/yoast.com\/wordpress\/plugins\/seo\/ -->\n<title>Curso Blender - Modelado Facial | Online Courses from Basic to Advanced | RenderTips<\/title>\n<meta name=\"description\" content=\"Aprende de forma pr\u00e1ctica, sencilla y objetiva el modelado facial 3D con Blender\" \/>\n<meta name=\"robots\" content=\"index, follow, max-snippet:-1, max-image-preview:large, max-video-preview:-1\" \/>\n<link rel=\"canonical\" href=\"https:\/\/render.tips\/es\/cursos\/blender-es\/blender-modelado-facial\" \/>\n<meta property=\"og:locale\" content=\"es_ES\" \/>\n<meta property=\"og:type\" content=\"article\" \/>\n<meta property=\"og:title\" content=\"Curso Blender - Modelado Facial | Online Courses from Basic to Advanced | RenderTips\" \/>\n<meta property=\"og:description\" content=\"Aprende de forma pr\u00e1ctica, sencilla y objetiva el modelado facial 3D con Blender\" \/>\n<meta property=\"og:url\" content=\"https:\/\/render.tips\/es\/cursos\/blender-es\/blender-modelado-facial\" \/>\n<meta property=\"og:site_name\" content=\"Online Courses from Basic to Advanced | RenderTips\" \/>\n<meta property=\"article:publisher\" content=\"https:\/\/www.facebook.com\/rendertipscourses\/\" \/>\n<meta property=\"article:modified_time\" content=\"2020-04-21T01:02:14+00:00\" \/>\n<meta property=\"og:image\" content=\"https:\/\/static.render.tips\/wp-content\/uploads\/2020\/04\/BLEN2.6-MF-ES_facebook.png\" \/>\n\t<meta property=\"og:image:width\" content=\"262\" \/>\n\t<meta property=\"og:image:height\" content=\"238\" \/>\n<meta name=\"twitter:card\" content=\"summary_large_image\" \/>\n<meta name=\"twitter:image\" content=\"https:\/\/static.render.tips\/wp-content\/uploads\/2020\/04\/BLEN2.6-MF-ES_facebook.png\" \/>\n<meta name=\"twitter:site\" content=\"@rendertips\" \/>\n<meta name=\"twitter:label1\" content=\"Tiempo de lectura\">\n\t<meta name=\"twitter:data1\" content=\"1 minuto\">\n<script type=\"application\/ld+json\" class=\"yoast-schema-graph\">{\"@context\":\"https:\/\/schema.org\",\"@graph\":[{\"@type\":\"Organization\",\"@id\":\"https:\/\/render.tips\/#organization\",\"name\":\"Render Tips\",\"url\":\"https:\/\/render.tips\/\",\"sameAs\":[\"https:\/\/www.facebook.com\/rendertipscourses\/\",\"https:\/\/www.instagram.com\/rendertips\/\",\"https:\/\/www.youtube.com\/channel\/UCx_9bcvh0_AQFGXxJ0StKSQ\",\"https:\/\/twitter.com\/rendertips\"],\"logo\":{\"@type\":\"ImageObject\",\"@id\":\"https:\/\/render.tips\/#logo\",\"inLanguage\":\"es\",\"url\":\"https:\/\/static.render.tips\/wp-content\/uploads\/2019\/08\/logo_1024.png\",\"width\":1024,\"height\":1024,\"caption\":\"Render Tips\"},\"image\":{\"@id\":\"https:\/\/render.tips\/#logo\"}},{\"@type\":\"WebSite\",\"@id\":\"https:\/\/render.tips\/#website\",\"url\":\"https:\/\/render.tips\/\",\"name\":\"Online Courses from Basic to Advanced | RenderTips\",\"description\":\"Technology Online Courses - Solidworks, Autocad, Inventor, 3ds Max and More\",\"publisher\":{\"@id\":\"https:\/\/render.tips\/#organization\"},\"potentialAction\":[{\"@type\":\"SearchAction\",\"target\":\"https:\/\/render.tips\/?s={search_term_string}\",\"query-input\":\"required name=search_term_string\"}],\"inLanguage\":\"es\"},{\"@type\":\"ImageObject\",\"@id\":\"https:\/\/render.tips\/es\/cursos\/blender-es\/blender-modelado-facial#primaryimage\",\"inLanguage\":\"es\",\"url\":\"https:\/\/static.render.tips\/wp-content\/uploads\/2020\/04\/Curso-blender-modelado-facial-BLEN2.6-MF-ES_destaque-20200420213845.jpg\",\"width\":229,\"height\":162},{\"@type\":\"WebPage\",\"@id\":\"https:\/\/render.tips\/es\/cursos\/blender-es\/blender-modelado-facial#webpage\",\"url\":\"https:\/\/render.tips\/es\/cursos\/blender-es\/blender-modelado-facial\",\"name\":\"Curso Blender - Modelado Facial | Online Courses from Basic to Advanced | RenderTips\",\"isPartOf\":{\"@id\":\"https:\/\/render.tips\/#website\"},\"primaryImageOfPage\":{\"@id\":\"https:\/\/render.tips\/es\/cursos\/blender-es\/blender-modelado-facial#primaryimage\"},\"datePublished\":\"2012-12-20T18:40:18+00:00\",\"dateModified\":\"2020-04-21T01:02:14+00:00\",\"description\":\"Aprende de forma pr\\u00e1ctica, sencilla y objetiva el modelado facial 3D con Blender\",\"breadcrumb\":{\"@id\":\"https:\/\/render.tips\/es\/cursos\/blender-es\/blender-modelado-facial#breadcrumb\"},\"inLanguage\":\"es\",\"potentialAction\":[{\"@type\":\"ReadAction\",\"target\":[\"https:\/\/render.tips\/es\/cursos\/blender-es\/blender-modelado-facial\"]}]},{\"@type\":\"BreadcrumbList\",\"@id\":\"https:\/\/render.tips\/es\/cursos\/blender-es\/blender-modelado-facial#breadcrumb\",\"itemListElement\":[{\"@type\":\"ListItem\",\"position\":1,\"item\":{\"@type\":\"WebPage\",\"@id\":\"https:\/\/render.tips\/es\",\"url\":\"https:\/\/render.tips\/es\",\"name\":\"Home\"}},{\"@type\":\"ListItem\",\"position\":2,\"item\":{\"@type\":\"WebPage\",\"@id\":\"https:\/\/render.tips\/es\/shop\",\"url\":\"https:\/\/render.tips\/es\/shop\",\"name\":\"Shop\"}},{\"@type\":\"ListItem\",\"position\":3,\"item\":{\"@type\":\"WebPage\",\"@id\":\"https:\/\/render.tips\/es\/cursos\/blender-es\/blender-modelado-facial\",\"url\":\"https:\/\/render.tips\/es\/cursos\/blender-es\/blender-modelado-facial\",\"name\":\"Curso Blender &#8211; Modelado Facial\"}}]}]}<\/script>\n<!-- \/ Yoast SEO plugin. -->","_links":{"self":[{"href":"https:\/\/render.tips\/es\/wp-json\/wp\/v2\/product\/231238"}],"collection":[{"href":"https:\/\/render.tips\/es\/wp-json\/wp\/v2\/product"}],"about":[{"href":"https:\/\/render.tips\/es\/wp-json\/wp\/v2\/types\/product"}],"replies":[{"embeddable":true,"href":"https:\/\/render.tips\/es\/wp-json\/wp\/v2\/comments?post=231238"}],"wp:featuredmedia":[{"embeddable":true,"href":"https:\/\/render.tips\/es\/wp-json\/wp\/v2\/media\/231226"}],"wp:attachment":[{"href":"https:\/\/render.tips\/es\/wp-json\/wp\/v2\/media?parent=231238"}],"wp:term":[{"taxonomy":"product_cat","embeddable":true,"href":"https:\/\/render.tips\/es\/wp-json\/wp\/v2\/product_cat?post=231238"},{"taxonomy":"product_tag","embeddable":true,"href":"https:\/\/render.tips\/es\/wp-json\/wp\/v2\/product_tag?post=231238"}],"curies":[{"name":"wp","href":"https:\/\/api.w.org\/{rel}","templated":true}]}}