{"id":231222,"date":"2014-05-29T16:18:55","date_gmt":"2014-05-29T19:18:55","guid":{"rendered":"https:\/\/render.tips\/uncategorized\/3ds-max-2014-modelado-de-escenarios-para-animacion"},"modified":"2020-04-21T13:00:17","modified_gmt":"2020-04-21T16:00:17","slug":"3ds-max-2014-modelado-de-escenarios-para-animacion","status":"publish","type":"product","link":"https:\/\/render.tips\/es\/cursos\/3ds-max-es\/3ds-max-2014-modelado-de-escenarios-para-animacion","title":{"rendered":"Curso 3ds Max 2014 &#8211; Modelado de Escenarios para Animaci\u00f3n"},"content":{"rendered":"<p>Aprende en este curso las t\u00e9cnicas de modelado de escenarios 3D para juegos y animaciones, utilizando las caracter\u00e0\u00adsticas de 3ds Max. Vea paso a paso c\u00f3mo construir el paisaje al aire libre, su vegetaci\u00f3n y el paisaje interior, incluyendo simulaci\u00f3n simple de telas. Tambi\u00e9n aprenda a animar y renderizar el proyecto, consiguiendo ajustes divertidos y detallados de forma r\u00e1pida y conveniente. Aprende esta nueva habilidad y ofrece un servicio diferenciado al mercado.<\/p>\n","protected":false},"excerpt":{"rendered":"<p><span style=\"color: #ff6600;\">Domina las t\u00e9cnicas para crear escenarios especiales para animaciones y juegos 3D<\/span><\/p>\n","protected":false},"featured_media":231210,"comment_status":"open","ping_status":"closed","template":"","meta":[],"product_cat":[994,995,989],"product_tag":[],"acf":[],"yoast_head":"<!-- This site is optimized with the Yoast SEO plugin v15.9 - https:\/\/yoast.com\/wordpress\/plugins\/seo\/ -->\n<title>Curso 3ds Max 2014 - Modelado de Escenarios para Animaci\u00f3n | Online Courses from Basic to Advanced | RenderTips<\/title>\n<meta name=\"description\" content=\"Domina las t\u00e9cnicas para crear escenarios especiales para animaciones y juegos 3D\" \/>\n<meta name=\"robots\" content=\"index, follow, max-snippet:-1, max-image-preview:large, max-video-preview:-1\" \/>\n<link rel=\"canonical\" href=\"https:\/\/render.tips\/es\/cursos\/3ds-max-es\/3ds-max-2014-modelado-de-escenarios-para-animacion\" \/>\n<meta property=\"og:locale\" content=\"es_ES\" \/>\n<meta property=\"og:type\" content=\"article\" \/>\n<meta property=\"og:title\" content=\"Curso 3ds Max 2014 - Modelado de Escenarios para Animaci\u00f3n | Online Courses from Basic to Advanced | RenderTips\" \/>\n<meta property=\"og:description\" content=\"Domina las t\u00e9cnicas para crear escenarios especiales para animaciones y juegos 3D\" \/>\n<meta property=\"og:url\" content=\"https:\/\/render.tips\/es\/cursos\/3ds-max-es\/3ds-max-2014-modelado-de-escenarios-para-animacion\" \/>\n<meta property=\"og:site_name\" content=\"Online Courses from Basic to Advanced | RenderTips\" \/>\n<meta property=\"article:publisher\" content=\"https:\/\/www.facebook.com\/rendertipscourses\/\" \/>\n<meta property=\"article:modified_time\" content=\"2020-04-21T16:00:17+00:00\" \/>\n<meta property=\"og:image\" content=\"https:\/\/static.render.tips\/wp-content\/uploads\/2020\/04\/3DS14-MCA-ES_facebook.png\" \/>\n\t<meta property=\"og:image:width\" content=\"262\" \/>\n\t<meta property=\"og:image:height\" content=\"238\" \/>\n<meta name=\"twitter:card\" content=\"summary_large_image\" \/>\n<meta name=\"twitter:image\" content=\"https:\/\/static.render.tips\/wp-content\/uploads\/2020\/04\/3DS14-MCA-ES_facebook.png\" \/>\n<meta name=\"twitter:site\" content=\"@rendertips\" \/>\n<script type=\"application\/ld+json\" class=\"yoast-schema-graph\">{\"@context\":\"https:\/\/schema.org\",\"@graph\":[{\"@type\":\"Organization\",\"@id\":\"https:\/\/render.tips\/#organization\",\"name\":\"Render Tips\",\"url\":\"https:\/\/render.tips\/\",\"sameAs\":[\"https:\/\/www.facebook.com\/rendertipscourses\/\",\"https:\/\/www.instagram.com\/rendertips\/\",\"https:\/\/www.youtube.com\/channel\/UCx_9bcvh0_AQFGXxJ0StKSQ\",\"https:\/\/twitter.com\/rendertips\"],\"logo\":{\"@type\":\"ImageObject\",\"@id\":\"https:\/\/render.tips\/#logo\",\"inLanguage\":\"es\",\"url\":\"https:\/\/static.render.tips\/wp-content\/uploads\/2019\/08\/logo_1024.png\",\"width\":1024,\"height\":1024,\"caption\":\"Render Tips\"},\"image\":{\"@id\":\"https:\/\/render.tips\/#logo\"}},{\"@type\":\"WebSite\",\"@id\":\"https:\/\/render.tips\/#website\",\"url\":\"https:\/\/render.tips\/\",\"name\":\"Online Courses from Basic to Advanced | RenderTips\",\"description\":\"Technology Online Courses - Solidworks, Autocad, Inventor, 3ds Max and More\",\"publisher\":{\"@id\":\"https:\/\/render.tips\/#organization\"},\"potentialAction\":[{\"@type\":\"SearchAction\",\"target\":\"https:\/\/render.tips\/?s={search_term_string}\",\"query-input\":\"required name=search_term_string\"}],\"inLanguage\":\"es\"},{\"@type\":\"ImageObject\",\"@id\":\"https:\/\/render.tips\/es\/cursos\/3ds-max-es\/3ds-max-2014-modelado-de-escenarios-para-animacion#primaryimage\",\"inLanguage\":\"es\",\"url\":\"https:\/\/static.render.tips\/wp-content\/uploads\/2020\/04\/Curso-3ds-max-2014-modelado-de-escenarios-para-animacion-3DS14-MCA-ES_destaque-20200420211732.jpg\",\"width\":229,\"height\":162},{\"@type\":\"WebPage\",\"@id\":\"https:\/\/render.tips\/es\/cursos\/3ds-max-es\/3ds-max-2014-modelado-de-escenarios-para-animacion#webpage\",\"url\":\"https:\/\/render.tips\/es\/cursos\/3ds-max-es\/3ds-max-2014-modelado-de-escenarios-para-animacion\",\"name\":\"Curso 3ds Max 2014 - Modelado de Escenarios para Animaci\\u00f3n | Online Courses from Basic to Advanced | RenderTips\",\"isPartOf\":{\"@id\":\"https:\/\/render.tips\/#website\"},\"primaryImageOfPage\":{\"@id\":\"https:\/\/render.tips\/es\/cursos\/3ds-max-es\/3ds-max-2014-modelado-de-escenarios-para-animacion#primaryimage\"},\"datePublished\":\"2014-05-29T19:18:55+00:00\",\"dateModified\":\"2020-04-21T16:00:17+00:00\",\"description\":\"Domina las t\\u00e9cnicas para crear escenarios especiales para animaciones y juegos 3D\",\"breadcrumb\":{\"@id\":\"https:\/\/render.tips\/es\/cursos\/3ds-max-es\/3ds-max-2014-modelado-de-escenarios-para-animacion#breadcrumb\"},\"inLanguage\":\"es\",\"potentialAction\":[{\"@type\":\"ReadAction\",\"target\":[\"https:\/\/render.tips\/es\/cursos\/3ds-max-es\/3ds-max-2014-modelado-de-escenarios-para-animacion\"]}]},{\"@type\":\"BreadcrumbList\",\"@id\":\"https:\/\/render.tips\/es\/cursos\/3ds-max-es\/3ds-max-2014-modelado-de-escenarios-para-animacion#breadcrumb\",\"itemListElement\":[{\"@type\":\"ListItem\",\"position\":1,\"item\":{\"@type\":\"WebPage\",\"@id\":\"https:\/\/render.tips\/es\",\"url\":\"https:\/\/render.tips\/es\",\"name\":\"Home\"}},{\"@type\":\"ListItem\",\"position\":2,\"item\":{\"@type\":\"WebPage\",\"@id\":\"https:\/\/render.tips\/es\/shop\",\"url\":\"https:\/\/render.tips\/es\/shop\",\"name\":\"Shop\"}},{\"@type\":\"ListItem\",\"position\":3,\"item\":{\"@type\":\"WebPage\",\"@id\":\"https:\/\/render.tips\/es\/cursos\/3ds-max-es\/3ds-max-2014-modelado-de-escenarios-para-animacion\",\"url\":\"https:\/\/render.tips\/es\/cursos\/3ds-max-es\/3ds-max-2014-modelado-de-escenarios-para-animacion\",\"name\":\"Curso 3ds Max 2014 &#8211; Modelado de Escenarios para Animaci\\u00f3n\"}}]}]}<\/script>\n<!-- \/ Yoast SEO plugin. -->","_links":{"self":[{"href":"https:\/\/render.tips\/es\/wp-json\/wp\/v2\/product\/231222"}],"collection":[{"href":"https:\/\/render.tips\/es\/wp-json\/wp\/v2\/product"}],"about":[{"href":"https:\/\/render.tips\/es\/wp-json\/wp\/v2\/types\/product"}],"replies":[{"embeddable":true,"href":"https:\/\/render.tips\/es\/wp-json\/wp\/v2\/comments?post=231222"}],"wp:featuredmedia":[{"embeddable":true,"href":"https:\/\/render.tips\/es\/wp-json\/wp\/v2\/media\/231210"}],"wp:attachment":[{"href":"https:\/\/render.tips\/es\/wp-json\/wp\/v2\/media?parent=231222"}],"wp:term":[{"taxonomy":"product_cat","embeddable":true,"href":"https:\/\/render.tips\/es\/wp-json\/wp\/v2\/product_cat?post=231222"},{"taxonomy":"product_tag","embeddable":true,"href":"https:\/\/render.tips\/es\/wp-json\/wp\/v2\/product_tag?post=231222"}],"curies":[{"name":"wp","href":"https:\/\/api.w.org\/{rel}","templated":true}]}}