{"id":231206,"date":"2013-01-23T08:05:07","date_gmt":"2013-01-23T10:05:07","guid":{"rendered":"https:\/\/render.tips\/uncategorized\/illustrador-ejemplos-practicos"},"modified":"2020-04-20T22:00:31","modified_gmt":"2020-04-21T01:00:31","slug":"illustrador-ejemplos-practicos","status":"publish","type":"product","link":"https:\/\/render.tips\/es\/cursos\/illustrator-es\/illustrador-ejemplos-practicos","title":{"rendered":"Curso Illustrador &#8211; Ejemplos Pr\u00e1cticos"},"content":{"rendered":"<p>Con el curso Illustrator &#8211; Ejemplos pr\u00e1cticos, aprender\u00e1 diferentes m\u00e9todos para crear vectores a trav\u00e9s de diversas herramientas y recursos contenidos en este software. Ver\u00e1s, paso a paso, c\u00f3mo crear personajes, composiciones, texto y objetos en tres dimensiones, patrones repetitivos, imagen de estilo Pop Art y mucho m\u00e1s! Los ejemplos le ayudar\u00e1n a fijar las herramientas y los recursos aprendidos de CS5 y CS6, optimizando y mejorando sus actividades en Illustrator. No pierdas el tiempo y mantente por delante del mercado, dominando este incre\u00e0\u00adble software de edici\u00f3n de im\u00e1genes vectoriales.<\/p>\n","protected":false},"excerpt":{"rendered":"<p><span style=\"color: #ff6600;\">Aprenda a utilizar una variedad de herramientas y recursos de vectorizaci\u00f3n con Illustrator.<\/span><\/p>\n","protected":false},"featured_media":231195,"comment_status":"open","ping_status":"closed","template":"","meta":[],"product_cat":[974,977,1001,989],"product_tag":[],"acf":[],"yoast_head":"<!-- This site is optimized with the Yoast SEO plugin v15.9 - https:\/\/yoast.com\/wordpress\/plugins\/seo\/ -->\n<title>Curso Illustrador - Ejemplos Pr\u00e1cticos | Online Courses from Basic to Advanced | RenderTips<\/title>\n<meta name=\"description\" content=\"Aprenda a utilizar una variedad de herramientas y recursos de vectorizaci\u00f3n con Illustrator.\" \/>\n<meta name=\"robots\" content=\"index, follow, max-snippet:-1, max-image-preview:large, max-video-preview:-1\" \/>\n<link rel=\"canonical\" href=\"https:\/\/render.tips\/es\/cursos\/illustrator-es\/illustrador-ejemplos-practicos\" \/>\n<meta property=\"og:locale\" content=\"es_ES\" \/>\n<meta property=\"og:type\" content=\"article\" \/>\n<meta property=\"og:title\" content=\"Curso Illustrador - Ejemplos Pr\u00e1cticos | Online Courses from Basic to Advanced | RenderTips\" \/>\n<meta property=\"og:description\" content=\"Aprenda a utilizar una variedad de herramientas y recursos de vectorizaci\u00f3n con Illustrator.\" \/>\n<meta property=\"og:url\" content=\"https:\/\/render.tips\/es\/cursos\/illustrator-es\/illustrador-ejemplos-practicos\" \/>\n<meta property=\"og:site_name\" content=\"Online Courses from Basic to Advanced | RenderTips\" \/>\n<meta property=\"article:publisher\" content=\"https:\/\/www.facebook.com\/rendertipscourses\/\" \/>\n<meta property=\"article:modified_time\" content=\"2020-04-21T01:00:31+00:00\" \/>\n<meta property=\"og:image\" content=\"https:\/\/static.render.tips\/wp-content\/uploads\/2020\/04\/ILL-CS5-X-ES_facebook.png\" \/>\n\t<meta property=\"og:image:width\" content=\"262\" \/>\n\t<meta property=\"og:image:height\" content=\"238\" \/>\n<meta name=\"twitter:card\" content=\"summary_large_image\" \/>\n<meta name=\"twitter:image\" content=\"https:\/\/static.render.tips\/wp-content\/uploads\/2020\/04\/ILL-CS5-X-ES_facebook.png\" \/>\n<meta name=\"twitter:site\" content=\"@rendertips\" \/>\n<meta name=\"twitter:label1\" content=\"Tiempo de lectura\">\n\t<meta name=\"twitter:data1\" content=\"1 minuto\">\n<script type=\"application\/ld+json\" class=\"yoast-schema-graph\">{\"@context\":\"https:\/\/schema.org\",\"@graph\":[{\"@type\":\"Organization\",\"@id\":\"https:\/\/render.tips\/#organization\",\"name\":\"Render Tips\",\"url\":\"https:\/\/render.tips\/\",\"sameAs\":[\"https:\/\/www.facebook.com\/rendertipscourses\/\",\"https:\/\/www.instagram.com\/rendertips\/\",\"https:\/\/www.youtube.com\/channel\/UCx_9bcvh0_AQFGXxJ0StKSQ\",\"https:\/\/twitter.com\/rendertips\"],\"logo\":{\"@type\":\"ImageObject\",\"@id\":\"https:\/\/render.tips\/#logo\",\"inLanguage\":\"es\",\"url\":\"https:\/\/static.render.tips\/wp-content\/uploads\/2019\/08\/logo_1024.png\",\"width\":1024,\"height\":1024,\"caption\":\"Render Tips\"},\"image\":{\"@id\":\"https:\/\/render.tips\/#logo\"}},{\"@type\":\"WebSite\",\"@id\":\"https:\/\/render.tips\/#website\",\"url\":\"https:\/\/render.tips\/\",\"name\":\"Online Courses from Basic to Advanced | RenderTips\",\"description\":\"Technology Online Courses - Solidworks, Autocad, Inventor, 3ds Max and More\",\"publisher\":{\"@id\":\"https:\/\/render.tips\/#organization\"},\"potentialAction\":[{\"@type\":\"SearchAction\",\"target\":\"https:\/\/render.tips\/?s={search_term_string}\",\"query-input\":\"required name=search_term_string\"}],\"inLanguage\":\"es\"},{\"@type\":\"ImageObject\",\"@id\":\"https:\/\/render.tips\/es\/cursos\/illustrator-es\/illustrador-ejemplos-practicos#primaryimage\",\"inLanguage\":\"es\",\"url\":\"https:\/\/static.render.tips\/wp-content\/uploads\/2020\/04\/Curso-illustrador-ejemplos-practicos-ILL-CS5-X-ES_destaque-20200420210344.jpg\",\"width\":229,\"height\":162},{\"@type\":\"WebPage\",\"@id\":\"https:\/\/render.tips\/es\/cursos\/illustrator-es\/illustrador-ejemplos-practicos#webpage\",\"url\":\"https:\/\/render.tips\/es\/cursos\/illustrator-es\/illustrador-ejemplos-practicos\",\"name\":\"Curso Illustrador - Ejemplos Pr\\u00e1cticos | Online Courses from Basic to Advanced | RenderTips\",\"isPartOf\":{\"@id\":\"https:\/\/render.tips\/#website\"},\"primaryImageOfPage\":{\"@id\":\"https:\/\/render.tips\/es\/cursos\/illustrator-es\/illustrador-ejemplos-practicos#primaryimage\"},\"datePublished\":\"2013-01-23T10:05:07+00:00\",\"dateModified\":\"2020-04-21T01:00:31+00:00\",\"description\":\"Aprenda a utilizar una variedad de herramientas y recursos de vectorizaci\\u00f3n con Illustrator.\",\"breadcrumb\":{\"@id\":\"https:\/\/render.tips\/es\/cursos\/illustrator-es\/illustrador-ejemplos-practicos#breadcrumb\"},\"inLanguage\":\"es\",\"potentialAction\":[{\"@type\":\"ReadAction\",\"target\":[\"https:\/\/render.tips\/es\/cursos\/illustrator-es\/illustrador-ejemplos-practicos\"]}]},{\"@type\":\"BreadcrumbList\",\"@id\":\"https:\/\/render.tips\/es\/cursos\/illustrator-es\/illustrador-ejemplos-practicos#breadcrumb\",\"itemListElement\":[{\"@type\":\"ListItem\",\"position\":1,\"item\":{\"@type\":\"WebPage\",\"@id\":\"https:\/\/render.tips\/es\",\"url\":\"https:\/\/render.tips\/es\",\"name\":\"Home\"}},{\"@type\":\"ListItem\",\"position\":2,\"item\":{\"@type\":\"WebPage\",\"@id\":\"https:\/\/render.tips\/es\/shop\",\"url\":\"https:\/\/render.tips\/es\/shop\",\"name\":\"Shop\"}},{\"@type\":\"ListItem\",\"position\":3,\"item\":{\"@type\":\"WebPage\",\"@id\":\"https:\/\/render.tips\/es\/cursos\/illustrator-es\/illustrador-ejemplos-practicos\",\"url\":\"https:\/\/render.tips\/es\/cursos\/illustrator-es\/illustrador-ejemplos-practicos\",\"name\":\"Curso Illustrador &#8211; Ejemplos Pr\\u00e1cticos\"}}]}]}<\/script>\n<!-- \/ Yoast SEO plugin. -->","_links":{"self":[{"href":"https:\/\/render.tips\/es\/wp-json\/wp\/v2\/product\/231206"}],"collection":[{"href":"https:\/\/render.tips\/es\/wp-json\/wp\/v2\/product"}],"about":[{"href":"https:\/\/render.tips\/es\/wp-json\/wp\/v2\/types\/product"}],"replies":[{"embeddable":true,"href":"https:\/\/render.tips\/es\/wp-json\/wp\/v2\/comments?post=231206"}],"wp:featuredmedia":[{"embeddable":true,"href":"https:\/\/render.tips\/es\/wp-json\/wp\/v2\/media\/231195"}],"wp:attachment":[{"href":"https:\/\/render.tips\/es\/wp-json\/wp\/v2\/media?parent=231206"}],"wp:term":[{"taxonomy":"product_cat","embeddable":true,"href":"https:\/\/render.tips\/es\/wp-json\/wp\/v2\/product_cat?post=231206"},{"taxonomy":"product_tag","embeddable":true,"href":"https:\/\/render.tips\/es\/wp-json\/wp\/v2\/product_tag?post=231206"}],"curies":[{"name":"wp","href":"https:\/\/api.w.org\/{rel}","templated":true}]}}