{"id":231191,"date":"2014-05-22T14:26:28","date_gmt":"2014-05-22T17:26:28","guid":{"rendered":"https:\/\/render.tips\/uncategorized\/3ds-max-design-2014-maqueta-electronica"},"modified":"2020-04-21T13:00:32","modified_gmt":"2020-04-21T16:00:32","slug":"3ds-max-design-2014-maqueta-electronica","status":"publish","type":"product","link":"https:\/\/render.tips\/es\/cursos\/3ds-max-es\/3ds-max-design-2014-maqueta-electronica","title":{"rendered":"Curso 3ds Max Design 2014 &#8211; Maqueta Electr\u00f3nica"},"content":{"rendered":"<p>Este curso ense\u00f1a en la pr\u00e1ctica c\u00f3mo modelar en 3D una residencia completa desde planta baja, utilizando el dise\u00f1o real de alto nivel desarrollado por un arquitecto. Obtenga m\u00e1s informaci\u00f3n sobre las t\u00e9cnicas para transformar el dise\u00f1o arquitect\u00f3nico 2D de AutoCAD en un modelo 3D de 3ds Max Design. Aprenda a crear pavimentos a diferentes niveles; terreno a partir de curvas niveladas; rampas, escaleras, marcos y otros. Aprende a aplicar iluminaci\u00f3n, animar y modelizar de forma b\u00e1sica, mejorando la presentaci\u00f3n del proyecto. Aprende a crear maquetas y destacar en el mercado!<\/p>\n","protected":false},"excerpt":{"rendered":"<p><span style=\"color: #ff6600;\">Aprende a modelar f\u00e1cilmente un modelo electr\u00f3nico desde la planta baja<\/span><\/p>\n","protected":false},"featured_media":231179,"comment_status":"open","ping_status":"closed","template":"","meta":[],"product_cat":[994,995,515,989],"product_tag":[],"acf":[],"yoast_head":"<!-- This site is optimized with the Yoast SEO plugin v15.9 - https:\/\/yoast.com\/wordpress\/plugins\/seo\/ -->\n<title>Curso 3ds Max Design 2014 - Maqueta Electr\u00f3nica | Online Courses from Basic to Advanced | RenderTips<\/title>\n<meta name=\"description\" content=\"Aprende a modelar f\u00e1cilmente un modelo electr\u00f3nico desde la planta baja\" \/>\n<meta name=\"robots\" content=\"index, follow, max-snippet:-1, max-image-preview:large, max-video-preview:-1\" \/>\n<link rel=\"canonical\" href=\"https:\/\/render.tips\/es\/cursos\/3ds-max-es\/3ds-max-design-2014-maqueta-electronica\" \/>\n<meta property=\"og:locale\" content=\"es_ES\" \/>\n<meta property=\"og:type\" content=\"article\" \/>\n<meta property=\"og:title\" content=\"Curso 3ds Max Design 2014 - Maqueta Electr\u00f3nica | Online Courses from Basic to Advanced | RenderTips\" \/>\n<meta property=\"og:description\" content=\"Aprende a modelar f\u00e1cilmente un modelo electr\u00f3nico desde la planta baja\" \/>\n<meta property=\"og:url\" content=\"https:\/\/render.tips\/es\/cursos\/3ds-max-es\/3ds-max-design-2014-maqueta-electronica\" \/>\n<meta property=\"og:site_name\" content=\"Online Courses from Basic to Advanced | RenderTips\" \/>\n<meta property=\"article:publisher\" content=\"https:\/\/www.facebook.com\/rendertipscourses\/\" \/>\n<meta property=\"article:modified_time\" content=\"2020-04-21T16:00:32+00:00\" \/>\n<meta property=\"og:image\" content=\"https:\/\/static.render.tips\/wp-content\/uploads\/2020\/04\/3DSDES-14-MQE-ES_facebook.png\" \/>\n\t<meta property=\"og:image:width\" content=\"262\" \/>\n\t<meta property=\"og:image:height\" content=\"238\" \/>\n<meta name=\"twitter:card\" content=\"summary_large_image\" \/>\n<meta name=\"twitter:image\" content=\"https:\/\/static.render.tips\/wp-content\/uploads\/2020\/04\/3DSDES-14-MQE-ES_facebook.png\" \/>\n<meta name=\"twitter:site\" content=\"@rendertips\" \/>\n<meta name=\"twitter:label1\" content=\"Tiempo de lectura\">\n\t<meta name=\"twitter:data1\" content=\"1 minuto\">\n<script type=\"application\/ld+json\" class=\"yoast-schema-graph\">{\"@context\":\"https:\/\/schema.org\",\"@graph\":[{\"@type\":\"Organization\",\"@id\":\"https:\/\/render.tips\/#organization\",\"name\":\"Render Tips\",\"url\":\"https:\/\/render.tips\/\",\"sameAs\":[\"https:\/\/www.facebook.com\/rendertipscourses\/\",\"https:\/\/www.instagram.com\/rendertips\/\",\"https:\/\/www.youtube.com\/channel\/UCx_9bcvh0_AQFGXxJ0StKSQ\",\"https:\/\/twitter.com\/rendertips\"],\"logo\":{\"@type\":\"ImageObject\",\"@id\":\"https:\/\/render.tips\/#logo\",\"inLanguage\":\"es\",\"url\":\"https:\/\/static.render.tips\/wp-content\/uploads\/2019\/08\/logo_1024.png\",\"width\":1024,\"height\":1024,\"caption\":\"Render Tips\"},\"image\":{\"@id\":\"https:\/\/render.tips\/#logo\"}},{\"@type\":\"WebSite\",\"@id\":\"https:\/\/render.tips\/#website\",\"url\":\"https:\/\/render.tips\/\",\"name\":\"Online Courses from Basic to Advanced | RenderTips\",\"description\":\"Technology Online Courses - Solidworks, Autocad, Inventor, 3ds Max and More\",\"publisher\":{\"@id\":\"https:\/\/render.tips\/#organization\"},\"potentialAction\":[{\"@type\":\"SearchAction\",\"target\":\"https:\/\/render.tips\/?s={search_term_string}\",\"query-input\":\"required name=search_term_string\"}],\"inLanguage\":\"es\"},{\"@type\":\"ImageObject\",\"@id\":\"https:\/\/render.tips\/es\/cursos\/3ds-max-es\/3ds-max-design-2014-maqueta-electronica#primaryimage\",\"inLanguage\":\"es\",\"url\":\"https:\/\/static.render.tips\/wp-content\/uploads\/2020\/04\/Curso-3ds-max-design-2014-maqueta-electronica-3DSDES-14-MQE-ES_destaque-20200420202505.jpg\",\"width\":229,\"height\":162},{\"@type\":\"WebPage\",\"@id\":\"https:\/\/render.tips\/es\/cursos\/3ds-max-es\/3ds-max-design-2014-maqueta-electronica#webpage\",\"url\":\"https:\/\/render.tips\/es\/cursos\/3ds-max-es\/3ds-max-design-2014-maqueta-electronica\",\"name\":\"Curso 3ds Max Design 2014 - Maqueta Electr\\u00f3nica | Online Courses from Basic to Advanced | RenderTips\",\"isPartOf\":{\"@id\":\"https:\/\/render.tips\/#website\"},\"primaryImageOfPage\":{\"@id\":\"https:\/\/render.tips\/es\/cursos\/3ds-max-es\/3ds-max-design-2014-maqueta-electronica#primaryimage\"},\"datePublished\":\"2014-05-22T17:26:28+00:00\",\"dateModified\":\"2020-04-21T16:00:32+00:00\",\"description\":\"Aprende a modelar f\\u00e1cilmente un modelo electr\\u00f3nico desde la planta baja\",\"breadcrumb\":{\"@id\":\"https:\/\/render.tips\/es\/cursos\/3ds-max-es\/3ds-max-design-2014-maqueta-electronica#breadcrumb\"},\"inLanguage\":\"es\",\"potentialAction\":[{\"@type\":\"ReadAction\",\"target\":[\"https:\/\/render.tips\/es\/cursos\/3ds-max-es\/3ds-max-design-2014-maqueta-electronica\"]}]},{\"@type\":\"BreadcrumbList\",\"@id\":\"https:\/\/render.tips\/es\/cursos\/3ds-max-es\/3ds-max-design-2014-maqueta-electronica#breadcrumb\",\"itemListElement\":[{\"@type\":\"ListItem\",\"position\":1,\"item\":{\"@type\":\"WebPage\",\"@id\":\"https:\/\/render.tips\/es\",\"url\":\"https:\/\/render.tips\/es\",\"name\":\"Home\"}},{\"@type\":\"ListItem\",\"position\":2,\"item\":{\"@type\":\"WebPage\",\"@id\":\"https:\/\/render.tips\/es\/shop\",\"url\":\"https:\/\/render.tips\/es\/shop\",\"name\":\"Shop\"}},{\"@type\":\"ListItem\",\"position\":3,\"item\":{\"@type\":\"WebPage\",\"@id\":\"https:\/\/render.tips\/es\/cursos\/3ds-max-es\/3ds-max-design-2014-maqueta-electronica\",\"url\":\"https:\/\/render.tips\/es\/cursos\/3ds-max-es\/3ds-max-design-2014-maqueta-electronica\",\"name\":\"Curso 3ds Max Design 2014 &#8211; Maqueta Electr\\u00f3nica\"}}]}]}<\/script>\n<!-- \/ Yoast SEO plugin. -->","_links":{"self":[{"href":"https:\/\/render.tips\/es\/wp-json\/wp\/v2\/product\/231191"}],"collection":[{"href":"https:\/\/render.tips\/es\/wp-json\/wp\/v2\/product"}],"about":[{"href":"https:\/\/render.tips\/es\/wp-json\/wp\/v2\/types\/product"}],"replies":[{"embeddable":true,"href":"https:\/\/render.tips\/es\/wp-json\/wp\/v2\/comments?post=231191"}],"wp:featuredmedia":[{"embeddable":true,"href":"https:\/\/render.tips\/es\/wp-json\/wp\/v2\/media\/231179"}],"wp:attachment":[{"href":"https:\/\/render.tips\/es\/wp-json\/wp\/v2\/media?parent=231191"}],"wp:term":[{"taxonomy":"product_cat","embeddable":true,"href":"https:\/\/render.tips\/es\/wp-json\/wp\/v2\/product_cat?post=231191"},{"taxonomy":"product_tag","embeddable":true,"href":"https:\/\/render.tips\/es\/wp-json\/wp\/v2\/product_tag?post=231191"}],"curies":[{"name":"wp","href":"https:\/\/api.w.org\/{rel}","templated":true}]}}