{"id":231174,"date":"2015-09-29T15:05:23","date_gmt":"2015-09-29T18:05:23","guid":{"rendered":"https:\/\/render.tips\/uncategorized\/autocad-2016-2d-ejemplos-practicos-para-principiantes"},"modified":"2020-04-20T20:11:16","modified_gmt":"2020-04-20T23:11:16","slug":"autocad-2016-2d-ejemplos-practicos-para-principiantes","status":"publish","type":"product","link":"https:\/\/render.tips\/es\/cursos\/autocad-es\/autocad-2016-2d-ejemplos-practicos-para-principiantes","title":{"rendered":"Curso AutoCAD 2016 2D &#8211; Ejemplos Pr\u00e1cticos para Principiantes"},"content":{"rendered":"<p>Con lecciones en v\u00e0\u00addeo narradas y ejemplos pr\u00e1cticos, esta es la forma m\u00e1s f\u00e1cil, r\u00e1pida y rentable de aprender AutoCAD 2016. Aprenda a introducir puntos a trav\u00e9s de coordenadas, aplicar herramientas de precisi\u00f3n y utilizar comandos y herramientas clave para crear y editar dibujos 2D. Desde el m\u00f3dulo 2, crear en la pr\u00e1ctica varios dibujos arquitect\u00f3nicos, mec\u00e1nicos y algunos muebles. Comience este curso ahora y est\u00e9 m\u00e1s preparado para las oportunidades de mercado.<\/p>\n","protected":false},"excerpt":{"rendered":"<p><span style=\"color: #ff6600;\">M\u00e1s informaci\u00f3n sobre c\u00f3mo crear dibujos bidimensionales en AutoCAD<\/span><\/p>\n","protected":false},"featured_media":231162,"comment_status":"open","ping_status":"closed","template":"","meta":[],"product_cat":[515,472,504],"product_tag":[],"acf":[],"yoast_head":"<!-- This site is optimized with the Yoast SEO plugin v15.9 - https:\/\/yoast.com\/wordpress\/plugins\/seo\/ -->\n<title>Curso AutoCAD 2016 2D - Ejemplos Pr\u00e1cticos para Principiantes | Online Courses from Basic to Advanced | RenderTips<\/title>\n<meta name=\"description\" content=\"M\u00e1s informaci\u00f3n sobre c\u00f3mo crear dibujos bidimensionales en AutoCAD\" \/>\n<meta name=\"robots\" content=\"index, follow, max-snippet:-1, max-image-preview:large, max-video-preview:-1\" \/>\n<link rel=\"canonical\" href=\"https:\/\/render.tips\/es\/cursos\/autocad-es\/autocad-2016-2d-ejemplos-practicos-para-principiantes\" \/>\n<meta property=\"og:locale\" content=\"es_ES\" \/>\n<meta property=\"og:type\" content=\"article\" \/>\n<meta property=\"og:title\" content=\"Curso AutoCAD 2016 2D - Ejemplos Pr\u00e1cticos para Principiantes | Online Courses from Basic to Advanced | RenderTips\" \/>\n<meta property=\"og:description\" content=\"M\u00e1s informaci\u00f3n sobre c\u00f3mo crear dibujos bidimensionales en AutoCAD\" \/>\n<meta property=\"og:url\" content=\"https:\/\/render.tips\/es\/cursos\/autocad-es\/autocad-2016-2d-ejemplos-practicos-para-principiantes\" \/>\n<meta property=\"og:site_name\" content=\"Online Courses from Basic to Advanced | RenderTips\" \/>\n<meta property=\"article:publisher\" content=\"https:\/\/www.facebook.com\/rendertipscourses\/\" \/>\n<meta property=\"article:modified_time\" content=\"2020-04-20T23:11:16+00:00\" \/>\n<meta property=\"og:image\" content=\"https:\/\/static.render.tips\/wp-content\/uploads\/2020\/04\/ACAD16-2DX-ES_facebook.png\" \/>\n\t<meta property=\"og:image:width\" content=\"262\" \/>\n\t<meta property=\"og:image:height\" content=\"238\" \/>\n<meta name=\"twitter:card\" content=\"summary_large_image\" \/>\n<meta name=\"twitter:image\" content=\"https:\/\/static.render.tips\/wp-content\/uploads\/2020\/04\/ACAD16-2DX-ES_facebook.png\" \/>\n<meta name=\"twitter:site\" content=\"@rendertips\" \/>\n<script type=\"application\/ld+json\" class=\"yoast-schema-graph\">{\"@context\":\"https:\/\/schema.org\",\"@graph\":[{\"@type\":\"Organization\",\"@id\":\"https:\/\/render.tips\/#organization\",\"name\":\"Render Tips\",\"url\":\"https:\/\/render.tips\/\",\"sameAs\":[\"https:\/\/www.facebook.com\/rendertipscourses\/\",\"https:\/\/www.instagram.com\/rendertips\/\",\"https:\/\/www.youtube.com\/channel\/UCx_9bcvh0_AQFGXxJ0StKSQ\",\"https:\/\/twitter.com\/rendertips\"],\"logo\":{\"@type\":\"ImageObject\",\"@id\":\"https:\/\/render.tips\/#logo\",\"inLanguage\":\"es\",\"url\":\"https:\/\/static.render.tips\/wp-content\/uploads\/2019\/08\/logo_1024.png\",\"width\":1024,\"height\":1024,\"caption\":\"Render Tips\"},\"image\":{\"@id\":\"https:\/\/render.tips\/#logo\"}},{\"@type\":\"WebSite\",\"@id\":\"https:\/\/render.tips\/#website\",\"url\":\"https:\/\/render.tips\/\",\"name\":\"Online Courses from Basic to Advanced | RenderTips\",\"description\":\"Technology Online Courses - Solidworks, Autocad, Inventor, 3ds Max and More\",\"publisher\":{\"@id\":\"https:\/\/render.tips\/#organization\"},\"potentialAction\":[{\"@type\":\"SearchAction\",\"target\":\"https:\/\/render.tips\/?s={search_term_string}\",\"query-input\":\"required name=search_term_string\"}],\"inLanguage\":\"es\"},{\"@type\":\"ImageObject\",\"@id\":\"https:\/\/render.tips\/es\/cursos\/autocad-es\/autocad-2016-2d-ejemplos-practicos-para-principiantes#primaryimage\",\"inLanguage\":\"es\",\"url\":\"https:\/\/static.render.tips\/wp-content\/uploads\/2020\/04\/Curso-autocad-2016-2d-ejemplos-practicos-para-principiantes-ACAD16-2DX-ES_destaque-20200420200401.jpg\",\"width\":229,\"height\":162},{\"@type\":\"WebPage\",\"@id\":\"https:\/\/render.tips\/es\/cursos\/autocad-es\/autocad-2016-2d-ejemplos-practicos-para-principiantes#webpage\",\"url\":\"https:\/\/render.tips\/es\/cursos\/autocad-es\/autocad-2016-2d-ejemplos-practicos-para-principiantes\",\"name\":\"Curso AutoCAD 2016 2D - Ejemplos Pr\\u00e1cticos para Principiantes | Online Courses from Basic to Advanced | RenderTips\",\"isPartOf\":{\"@id\":\"https:\/\/render.tips\/#website\"},\"primaryImageOfPage\":{\"@id\":\"https:\/\/render.tips\/es\/cursos\/autocad-es\/autocad-2016-2d-ejemplos-practicos-para-principiantes#primaryimage\"},\"datePublished\":\"2015-09-29T18:05:23+00:00\",\"dateModified\":\"2020-04-20T23:11:16+00:00\",\"description\":\"M\\u00e1s informaci\\u00f3n sobre c\\u00f3mo crear dibujos bidimensionales en AutoCAD\",\"breadcrumb\":{\"@id\":\"https:\/\/render.tips\/es\/cursos\/autocad-es\/autocad-2016-2d-ejemplos-practicos-para-principiantes#breadcrumb\"},\"inLanguage\":\"es\",\"potentialAction\":[{\"@type\":\"ReadAction\",\"target\":[\"https:\/\/render.tips\/es\/cursos\/autocad-es\/autocad-2016-2d-ejemplos-practicos-para-principiantes\"]}]},{\"@type\":\"BreadcrumbList\",\"@id\":\"https:\/\/render.tips\/es\/cursos\/autocad-es\/autocad-2016-2d-ejemplos-practicos-para-principiantes#breadcrumb\",\"itemListElement\":[{\"@type\":\"ListItem\",\"position\":1,\"item\":{\"@type\":\"WebPage\",\"@id\":\"https:\/\/render.tips\/es\",\"url\":\"https:\/\/render.tips\/es\",\"name\":\"Home\"}},{\"@type\":\"ListItem\",\"position\":2,\"item\":{\"@type\":\"WebPage\",\"@id\":\"https:\/\/render.tips\/es\/shop\",\"url\":\"https:\/\/render.tips\/es\/shop\",\"name\":\"Shop\"}},{\"@type\":\"ListItem\",\"position\":3,\"item\":{\"@type\":\"WebPage\",\"@id\":\"https:\/\/render.tips\/es\/cursos\/autocad-es\/autocad-2016-2d-ejemplos-practicos-para-principiantes\",\"url\":\"https:\/\/render.tips\/es\/cursos\/autocad-es\/autocad-2016-2d-ejemplos-practicos-para-principiantes\",\"name\":\"Curso AutoCAD 2016 2D &#8211; Ejemplos Pr\\u00e1cticos para Principiantes\"}}]}]}<\/script>\n<!-- \/ Yoast SEO plugin. -->","_links":{"self":[{"href":"https:\/\/render.tips\/es\/wp-json\/wp\/v2\/product\/231174"}],"collection":[{"href":"https:\/\/render.tips\/es\/wp-json\/wp\/v2\/product"}],"about":[{"href":"https:\/\/render.tips\/es\/wp-json\/wp\/v2\/types\/product"}],"replies":[{"embeddable":true,"href":"https:\/\/render.tips\/es\/wp-json\/wp\/v2\/comments?post=231174"}],"wp:featuredmedia":[{"embeddable":true,"href":"https:\/\/render.tips\/es\/wp-json\/wp\/v2\/media\/231162"}],"wp:attachment":[{"href":"https:\/\/render.tips\/es\/wp-json\/wp\/v2\/media?parent=231174"}],"wp:term":[{"taxonomy":"product_cat","embeddable":true,"href":"https:\/\/render.tips\/es\/wp-json\/wp\/v2\/product_cat?post=231174"},{"taxonomy":"product_tag","embeddable":true,"href":"https:\/\/render.tips\/es\/wp-json\/wp\/v2\/product_tag?post=231174"}],"curies":[{"name":"wp","href":"https:\/\/api.w.org\/{rel}","templated":true}]}}