{"id":231158,"date":"2011-07-13T16:52:11","date_gmt":"2011-07-13T19:52:11","guid":{"rendered":"https:\/\/render.tips\/uncategorized\/autocad-2012-2d-tecnicas-para-diseno-de-interior"},"modified":"2020-04-20T20:10:42","modified_gmt":"2020-04-20T23:10:42","slug":"autocad-2012-2d-tecnicas-para-diseno-de-interior","status":"publish","type":"product","link":"https:\/\/render.tips\/es\/cursos\/autocad-es\/autocad-2012-2d-tecnicas-para-diseno-de-interior","title":{"rendered":"Curso AutoCAD 2012 2D &#8211; T\u00e9cnicas para Dise\u00f1o de Interior"},"content":{"rendered":"<p>Aprenda a aprovechar las funciones de productividad de AutoCAD 2012 2D for Interior Projects. Este curso tiene como objetivo ense\u00f1ar m\u00e9todos m\u00e1s pr\u00e1cticos de dise\u00f1o adecuados para el dise\u00f1o de interiores y c\u00f3mo utilizar comandos avanzados para facilitar el ahorro de tiempo en el dise\u00f1o. El curso tambi\u00e9n le ense\u00f1a c\u00f3mo crear iconos din\u00e1micos, utilizar referencias externas, configurar texto, cuotas y sombreados, crear vistas y desgloses, y utilizar escalas automatizadas. Todo esto a trav\u00e9s de ejemplos alineados con un plano base, que servir\u00e1 como modelo, para que al final del curso se pueda visualizar un proyecto completo.<\/p>\n","protected":false},"excerpt":{"rendered":"<p><span style=\"color: #ff6600;\">Aprenda a utilizar las funciones avanzadas de AutoCAD 2012 para optimizar sus proyectos de interior<\/span><\/p>\n","protected":false},"featured_media":231143,"comment_status":"open","ping_status":"closed","template":"","meta":[],"product_cat":[515,472,504,989],"product_tag":[],"acf":[],"yoast_head":"<!-- This site is optimized with the Yoast SEO plugin v15.9 - https:\/\/yoast.com\/wordpress\/plugins\/seo\/ -->\n<title>Curso AutoCAD 2012 2D - T\u00e9cnicas para Dise\u00f1o de Interior | Online Courses from Basic to Advanced | RenderTips<\/title>\n<meta name=\"description\" content=\"Aprenda a utilizar las funciones avanzadas de AutoCAD 2012 para optimizar sus proyectos de interior\" \/>\n<meta name=\"robots\" content=\"index, follow, max-snippet:-1, max-image-preview:large, max-video-preview:-1\" \/>\n<link rel=\"canonical\" href=\"https:\/\/render.tips\/es\/cursos\/autocad-es\/autocad-2012-2d-tecnicas-para-diseno-de-interior\" \/>\n<meta property=\"og:locale\" content=\"es_ES\" \/>\n<meta property=\"og:type\" content=\"article\" \/>\n<meta property=\"og:title\" content=\"Curso AutoCAD 2012 2D - T\u00e9cnicas para Dise\u00f1o de Interior | Online Courses from Basic to Advanced | RenderTips\" \/>\n<meta property=\"og:description\" content=\"Aprenda a utilizar las funciones avanzadas de AutoCAD 2012 para optimizar sus proyectos de interior\" \/>\n<meta property=\"og:url\" content=\"https:\/\/render.tips\/es\/cursos\/autocad-es\/autocad-2012-2d-tecnicas-para-diseno-de-interior\" \/>\n<meta property=\"og:site_name\" content=\"Online Courses from Basic to Advanced | RenderTips\" \/>\n<meta property=\"article:publisher\" content=\"https:\/\/www.facebook.com\/rendertipscourses\/\" \/>\n<meta property=\"article:modified_time\" content=\"2020-04-20T23:10:42+00:00\" \/>\n<meta property=\"og:image\" content=\"https:\/\/static.render.tips\/wp-content\/uploads\/2020\/04\/ACAD12-2DTPI-ES_facebook.png\" \/>\n\t<meta property=\"og:image:width\" content=\"262\" \/>\n\t<meta property=\"og:image:height\" content=\"238\" \/>\n<meta name=\"twitter:card\" content=\"summary_large_image\" \/>\n<meta name=\"twitter:image\" content=\"https:\/\/static.render.tips\/wp-content\/uploads\/2020\/04\/ACAD12-2DTPI-ES_facebook.png\" \/>\n<meta name=\"twitter:site\" content=\"@rendertips\" \/>\n<meta name=\"twitter:label1\" content=\"Tiempo de lectura\">\n\t<meta name=\"twitter:data1\" content=\"1 minuto\">\n<script type=\"application\/ld+json\" class=\"yoast-schema-graph\">{\"@context\":\"https:\/\/schema.org\",\"@graph\":[{\"@type\":\"Organization\",\"@id\":\"https:\/\/render.tips\/#organization\",\"name\":\"Render Tips\",\"url\":\"https:\/\/render.tips\/\",\"sameAs\":[\"https:\/\/www.facebook.com\/rendertipscourses\/\",\"https:\/\/www.instagram.com\/rendertips\/\",\"https:\/\/www.youtube.com\/channel\/UCx_9bcvh0_AQFGXxJ0StKSQ\",\"https:\/\/twitter.com\/rendertips\"],\"logo\":{\"@type\":\"ImageObject\",\"@id\":\"https:\/\/render.tips\/#logo\",\"inLanguage\":\"es\",\"url\":\"https:\/\/static.render.tips\/wp-content\/uploads\/2019\/08\/logo_1024.png\",\"width\":1024,\"height\":1024,\"caption\":\"Render Tips\"},\"image\":{\"@id\":\"https:\/\/render.tips\/#logo\"}},{\"@type\":\"WebSite\",\"@id\":\"https:\/\/render.tips\/#website\",\"url\":\"https:\/\/render.tips\/\",\"name\":\"Online Courses from Basic to Advanced | RenderTips\",\"description\":\"Technology Online Courses - Solidworks, Autocad, Inventor, 3ds Max and More\",\"publisher\":{\"@id\":\"https:\/\/render.tips\/#organization\"},\"potentialAction\":[{\"@type\":\"SearchAction\",\"target\":\"https:\/\/render.tips\/?s={search_term_string}\",\"query-input\":\"required name=search_term_string\"}],\"inLanguage\":\"es\"},{\"@type\":\"ImageObject\",\"@id\":\"https:\/\/render.tips\/es\/cursos\/autocad-es\/autocad-2012-2d-tecnicas-para-diseno-de-interior#primaryimage\",\"inLanguage\":\"es\",\"url\":\"https:\/\/static.render.tips\/wp-content\/uploads\/2020\/04\/Curso-autocad-2012-2d-tecnicas-para-diseno-de-interior-ACAD12-2DTPI-ES_destaque-20200420195047.jpg\",\"width\":229,\"height\":162},{\"@type\":\"WebPage\",\"@id\":\"https:\/\/render.tips\/es\/cursos\/autocad-es\/autocad-2012-2d-tecnicas-para-diseno-de-interior#webpage\",\"url\":\"https:\/\/render.tips\/es\/cursos\/autocad-es\/autocad-2012-2d-tecnicas-para-diseno-de-interior\",\"name\":\"Curso AutoCAD 2012 2D - T\\u00e9cnicas para Dise\\u00f1o de Interior | Online Courses from Basic to Advanced | RenderTips\",\"isPartOf\":{\"@id\":\"https:\/\/render.tips\/#website\"},\"primaryImageOfPage\":{\"@id\":\"https:\/\/render.tips\/es\/cursos\/autocad-es\/autocad-2012-2d-tecnicas-para-diseno-de-interior#primaryimage\"},\"datePublished\":\"2011-07-13T19:52:11+00:00\",\"dateModified\":\"2020-04-20T23:10:42+00:00\",\"description\":\"Aprenda a utilizar las funciones avanzadas de AutoCAD 2012 para optimizar sus proyectos de interior\",\"breadcrumb\":{\"@id\":\"https:\/\/render.tips\/es\/cursos\/autocad-es\/autocad-2012-2d-tecnicas-para-diseno-de-interior#breadcrumb\"},\"inLanguage\":\"es\",\"potentialAction\":[{\"@type\":\"ReadAction\",\"target\":[\"https:\/\/render.tips\/es\/cursos\/autocad-es\/autocad-2012-2d-tecnicas-para-diseno-de-interior\"]}]},{\"@type\":\"BreadcrumbList\",\"@id\":\"https:\/\/render.tips\/es\/cursos\/autocad-es\/autocad-2012-2d-tecnicas-para-diseno-de-interior#breadcrumb\",\"itemListElement\":[{\"@type\":\"ListItem\",\"position\":1,\"item\":{\"@type\":\"WebPage\",\"@id\":\"https:\/\/render.tips\/es\",\"url\":\"https:\/\/render.tips\/es\",\"name\":\"Home\"}},{\"@type\":\"ListItem\",\"position\":2,\"item\":{\"@type\":\"WebPage\",\"@id\":\"https:\/\/render.tips\/es\/shop\",\"url\":\"https:\/\/render.tips\/es\/shop\",\"name\":\"Shop\"}},{\"@type\":\"ListItem\",\"position\":3,\"item\":{\"@type\":\"WebPage\",\"@id\":\"https:\/\/render.tips\/es\/cursos\/autocad-es\/autocad-2012-2d-tecnicas-para-diseno-de-interior\",\"url\":\"https:\/\/render.tips\/es\/cursos\/autocad-es\/autocad-2012-2d-tecnicas-para-diseno-de-interior\",\"name\":\"Curso AutoCAD 2012 2D &#8211; T\\u00e9cnicas para Dise\\u00f1o de Interior\"}}]}]}<\/script>\n<!-- \/ Yoast SEO plugin. -->","_links":{"self":[{"href":"https:\/\/render.tips\/es\/wp-json\/wp\/v2\/product\/231158"}],"collection":[{"href":"https:\/\/render.tips\/es\/wp-json\/wp\/v2\/product"}],"about":[{"href":"https:\/\/render.tips\/es\/wp-json\/wp\/v2\/types\/product"}],"replies":[{"embeddable":true,"href":"https:\/\/render.tips\/es\/wp-json\/wp\/v2\/comments?post=231158"}],"wp:featuredmedia":[{"embeddable":true,"href":"https:\/\/render.tips\/es\/wp-json\/wp\/v2\/media\/231143"}],"wp:attachment":[{"href":"https:\/\/render.tips\/es\/wp-json\/wp\/v2\/media?parent=231158"}],"wp:term":[{"taxonomy":"product_cat","embeddable":true,"href":"https:\/\/render.tips\/es\/wp-json\/wp\/v2\/product_cat?post=231158"},{"taxonomy":"product_tag","embeddable":true,"href":"https:\/\/render.tips\/es\/wp-json\/wp\/v2\/product_tag?post=231158"}],"curies":[{"name":"wp","href":"https:\/\/api.w.org\/{rel}","templated":true}]}}