{"id":231128,"date":"2013-07-10T14:16:06","date_gmt":"2013-07-10T17:16:06","guid":{"rendered":"https:\/\/render.tips\/uncategorized\/autocad-2014-diseno-arquitectonico"},"modified":"2020-04-20T20:10:08","modified_gmt":"2020-04-20T23:10:08","slug":"autocad-2014-diseno-arquitectonico","status":"publish","type":"product","link":"https:\/\/render.tips\/es\/cursos\/autocad-es\/autocad-2014-diseno-arquitectonico","title":{"rendered":"Curso AutoCAD 2014 &#8211; Dise\u00f1o Arquitect\u00f3nico"},"content":{"rendered":"<p>El curso AutoCAD 2014 Architectural Design pretende ense\u00f1ar de forma innovadora, pr\u00e1ctica y profesional las t\u00e9cnicas para desarrollar proyectos arquitect\u00f3nicos con AutoCAD 2014. En \u00e9l, aprender\u00e1 a configurar archivos prototipo y varios patrones de texto y estilos de cota, ejecutar y presentar proyectos de planta baja y sus cortes, humanizaci\u00f3n, inserci\u00f3n de sombreados, texto y escala. Este curso fue desarrollado a partir de un proyecto real de un arquitecto y se divide en seis m\u00f3dulos, que se subdividen en clases, ejercicios complementarios y ejemplos pr\u00e1cticos, para que el alumno pueda aplicar lo que se ense\u00f1a. Esta es la oportunidad para que usted ingrese al mercado de la construcci\u00f3n que est\u00e1 creciendo. Conozca las nuevas funciones de AutoCAD con Render y sea el profesional que necesita el mercado.<\/p>\n","protected":false},"excerpt":{"rendered":"<p><span style=\"color: #ff6600;\">M\u00e1s informaci\u00f3n sobre c\u00f3mo crear planos de suelo profesionales en AutoCAD 2014<\/span><\/p>\n","protected":false},"featured_media":231132,"comment_status":"open","ping_status":"closed","template":"","meta":[],"product_cat":[515,472,504],"product_tag":[],"acf":[],"yoast_head":"<!-- This site is optimized with the Yoast SEO plugin v15.9 - https:\/\/yoast.com\/wordpress\/plugins\/seo\/ -->\n<title>Curso AutoCAD 2014 - Dise\u00f1o Arquitect\u00f3nico | Online Courses from Basic to Advanced | RenderTips<\/title>\n<meta name=\"description\" content=\"M\u00e1s informaci\u00f3n sobre c\u00f3mo crear planos de suelo profesionales en AutoCAD 2014\" \/>\n<meta name=\"robots\" content=\"index, follow, max-snippet:-1, max-image-preview:large, max-video-preview:-1\" \/>\n<link rel=\"canonical\" href=\"https:\/\/render.tips\/es\/cursos\/autocad-es\/autocad-2014-diseno-arquitectonico\" \/>\n<meta property=\"og:locale\" content=\"es_ES\" \/>\n<meta property=\"og:type\" content=\"article\" \/>\n<meta property=\"og:title\" content=\"Curso AutoCAD 2014 - Dise\u00f1o Arquitect\u00f3nico | Online Courses from Basic to Advanced | RenderTips\" \/>\n<meta property=\"og:description\" content=\"M\u00e1s informaci\u00f3n sobre c\u00f3mo crear planos de suelo profesionales en AutoCAD 2014\" \/>\n<meta property=\"og:url\" content=\"https:\/\/render.tips\/es\/cursos\/autocad-es\/autocad-2014-diseno-arquitectonico\" \/>\n<meta property=\"og:site_name\" content=\"Online Courses from Basic to Advanced | RenderTips\" \/>\n<meta property=\"article:publisher\" content=\"https:\/\/www.facebook.com\/rendertipscourses\/\" \/>\n<meta property=\"article:modified_time\" content=\"2020-04-20T23:10:08+00:00\" \/>\n<meta property=\"og:image\" content=\"https:\/\/static.render.tips\/wp-content\/uploads\/2020\/04\/ACAD14-PARQ-ES_facebook.png\" \/>\n\t<meta property=\"og:image:width\" content=\"262\" \/>\n\t<meta property=\"og:image:height\" content=\"238\" \/>\n<meta name=\"twitter:card\" content=\"summary_large_image\" \/>\n<meta name=\"twitter:image\" content=\"https:\/\/static.render.tips\/wp-content\/uploads\/2020\/04\/ACAD14-PARQ-ES_facebook.png\" \/>\n<meta name=\"twitter:site\" content=\"@rendertips\" \/>\n<meta name=\"twitter:label1\" content=\"Tiempo de lectura\">\n\t<meta name=\"twitter:data1\" content=\"1 minuto\">\n<script type=\"application\/ld+json\" class=\"yoast-schema-graph\">{\"@context\":\"https:\/\/schema.org\",\"@graph\":[{\"@type\":\"Organization\",\"@id\":\"https:\/\/render.tips\/#organization\",\"name\":\"Render Tips\",\"url\":\"https:\/\/render.tips\/\",\"sameAs\":[\"https:\/\/www.facebook.com\/rendertipscourses\/\",\"https:\/\/www.instagram.com\/rendertips\/\",\"https:\/\/www.youtube.com\/channel\/UCx_9bcvh0_AQFGXxJ0StKSQ\",\"https:\/\/twitter.com\/rendertips\"],\"logo\":{\"@type\":\"ImageObject\",\"@id\":\"https:\/\/render.tips\/#logo\",\"inLanguage\":\"es\",\"url\":\"https:\/\/static.render.tips\/wp-content\/uploads\/2019\/08\/logo_1024.png\",\"width\":1024,\"height\":1024,\"caption\":\"Render Tips\"},\"image\":{\"@id\":\"https:\/\/render.tips\/#logo\"}},{\"@type\":\"WebSite\",\"@id\":\"https:\/\/render.tips\/#website\",\"url\":\"https:\/\/render.tips\/\",\"name\":\"Online Courses from Basic to Advanced | RenderTips\",\"description\":\"Technology Online Courses - Solidworks, Autocad, Inventor, 3ds Max and More\",\"publisher\":{\"@id\":\"https:\/\/render.tips\/#organization\"},\"potentialAction\":[{\"@type\":\"SearchAction\",\"target\":\"https:\/\/render.tips\/?s={search_term_string}\",\"query-input\":\"required name=search_term_string\"}],\"inLanguage\":\"es\"},{\"@type\":\"ImageObject\",\"@id\":\"https:\/\/render.tips\/es\/cursos\/autocad-es\/autocad-2014-diseno-arquitectonico#primaryimage\",\"inLanguage\":\"es\",\"url\":\"https:\/\/static.render.tips\/wp-content\/uploads\/2020\/04\/Curso-autocad-2014-diseno-arquitectonico-ACAD14-PARQ-ES_destaque-20200420191610.jpg\",\"width\":229,\"height\":162},{\"@type\":\"WebPage\",\"@id\":\"https:\/\/render.tips\/es\/cursos\/autocad-es\/autocad-2014-diseno-arquitectonico#webpage\",\"url\":\"https:\/\/render.tips\/es\/cursos\/autocad-es\/autocad-2014-diseno-arquitectonico\",\"name\":\"Curso AutoCAD 2014 - Dise\\u00f1o Arquitect\\u00f3nico | Online Courses from Basic to Advanced | RenderTips\",\"isPartOf\":{\"@id\":\"https:\/\/render.tips\/#website\"},\"primaryImageOfPage\":{\"@id\":\"https:\/\/render.tips\/es\/cursos\/autocad-es\/autocad-2014-diseno-arquitectonico#primaryimage\"},\"datePublished\":\"2013-07-10T17:16:06+00:00\",\"dateModified\":\"2020-04-20T23:10:08+00:00\",\"description\":\"M\\u00e1s informaci\\u00f3n sobre c\\u00f3mo crear planos de suelo profesionales en AutoCAD 2014\",\"breadcrumb\":{\"@id\":\"https:\/\/render.tips\/es\/cursos\/autocad-es\/autocad-2014-diseno-arquitectonico#breadcrumb\"},\"inLanguage\":\"es\",\"potentialAction\":[{\"@type\":\"ReadAction\",\"target\":[\"https:\/\/render.tips\/es\/cursos\/autocad-es\/autocad-2014-diseno-arquitectonico\"]}]},{\"@type\":\"BreadcrumbList\",\"@id\":\"https:\/\/render.tips\/es\/cursos\/autocad-es\/autocad-2014-diseno-arquitectonico#breadcrumb\",\"itemListElement\":[{\"@type\":\"ListItem\",\"position\":1,\"item\":{\"@type\":\"WebPage\",\"@id\":\"https:\/\/render.tips\/es\",\"url\":\"https:\/\/render.tips\/es\",\"name\":\"Home\"}},{\"@type\":\"ListItem\",\"position\":2,\"item\":{\"@type\":\"WebPage\",\"@id\":\"https:\/\/render.tips\/es\/shop\",\"url\":\"https:\/\/render.tips\/es\/shop\",\"name\":\"Shop\"}},{\"@type\":\"ListItem\",\"position\":3,\"item\":{\"@type\":\"WebPage\",\"@id\":\"https:\/\/render.tips\/es\/cursos\/autocad-es\/autocad-2014-diseno-arquitectonico\",\"url\":\"https:\/\/render.tips\/es\/cursos\/autocad-es\/autocad-2014-diseno-arquitectonico\",\"name\":\"Curso AutoCAD 2014 &#8211; Dise\\u00f1o Arquitect\\u00f3nico\"}}]}]}<\/script>\n<!-- \/ Yoast SEO plugin. -->","_links":{"self":[{"href":"https:\/\/render.tips\/es\/wp-json\/wp\/v2\/product\/231128"}],"collection":[{"href":"https:\/\/render.tips\/es\/wp-json\/wp\/v2\/product"}],"about":[{"href":"https:\/\/render.tips\/es\/wp-json\/wp\/v2\/types\/product"}],"replies":[{"embeddable":true,"href":"https:\/\/render.tips\/es\/wp-json\/wp\/v2\/comments?post=231128"}],"wp:featuredmedia":[{"embeddable":true,"href":"https:\/\/render.tips\/es\/wp-json\/wp\/v2\/media\/231132"}],"wp:attachment":[{"href":"https:\/\/render.tips\/es\/wp-json\/wp\/v2\/media?parent=231128"}],"wp:term":[{"taxonomy":"product_cat","embeddable":true,"href":"https:\/\/render.tips\/es\/wp-json\/wp\/v2\/product_cat?post=231128"},{"taxonomy":"product_tag","embeddable":true,"href":"https:\/\/render.tips\/es\/wp-json\/wp\/v2\/product_tag?post=231128"}],"curies":[{"name":"wp","href":"https:\/\/api.w.org\/{rel}","templated":true}]}}