{"id":231113,"date":"2013-09-17T15:04:05","date_gmt":"2013-09-17T18:04:05","guid":{"rendered":"https:\/\/render.tips\/uncategorized\/sketchup-2013-modelado-basico-de-residencia"},"modified":"2020-04-20T20:09:33","modified_gmt":"2020-04-20T23:09:33","slug":"sketchup-2013-modelado-basico-de-residencia","status":"publish","type":"product","link":"https:\/\/render.tips\/es\/cursos\/sketchup-es\/sketchup-2013-modelado-basico-de-residencia","title":{"rendered":"Curso SketchUp 2013 &#8211; Modelado B\u00e1sico de Residencia"},"content":{"rendered":"<p>\u00bfQu\u00e9 tal si inicias tus proyectos residenciales 3D en SketchUp 2013? \u00a1Con Render, puedes! Este curso te ense\u00f1ar\u00e1 c\u00f3mo modelar una residencia b\u00e1sica en 3D, trayendo conceptos esenciales para aquellos que quieran empezar. Paso a paso, aprender\u00e1 las herramientas, la importaci\u00f3n de objetos y archivos CAD, la configuraci\u00f3n del proyecto, los pasos para el modelado de residencia, la texturizaci\u00f3n y la creaci\u00f3n de im\u00e1genes para la presentaci\u00f3n final del cliente. Esta es la forma m\u00e1s f\u00e1cil y r\u00e1pida de crear el modelo 3D para su modelo electr\u00f3nico. As\u00e0\u00ad que no pierda el tiempo, \u00fanase a los estudiantes de Render y destaque como profesional.<\/p>\n","protected":false},"excerpt":{"rendered":"<p><span style=\"color: #ff6600;\">Aprende a crear tus proyectos en SketchUp en 3D y modelar la casa de tus sue\u00f1os<\/span><\/p>\n","protected":false},"featured_media":231101,"comment_status":"open","ping_status":"closed","template":"","meta":[],"product_cat":[515,504,989,986],"product_tag":[],"acf":[],"yoast_head":"<!-- This site is optimized with the Yoast SEO plugin v15.9 - https:\/\/yoast.com\/wordpress\/plugins\/seo\/ -->\n<title>Curso SketchUp 2013 - Modelado B\u00e1sico de Residencia | Online Courses from Basic to Advanced | RenderTips<\/title>\n<meta name=\"description\" content=\"Aprende a crear tus proyectos en SketchUp en 3D y modelar la casa de tus sue\u00f1os\" \/>\n<meta name=\"robots\" content=\"index, follow, max-snippet:-1, max-image-preview:large, max-video-preview:-1\" \/>\n<link rel=\"canonical\" href=\"https:\/\/render.tips\/es\/cursos\/sketchup-es\/sketchup-2013-modelado-basico-de-residencia\" \/>\n<meta property=\"og:locale\" content=\"es_ES\" \/>\n<meta property=\"og:type\" content=\"article\" \/>\n<meta property=\"og:title\" content=\"Curso SketchUp 2013 - Modelado B\u00e1sico de Residencia | Online Courses from Basic to Advanced | RenderTips\" \/>\n<meta property=\"og:description\" content=\"Aprende a crear tus proyectos en SketchUp en 3D y modelar la casa de tus sue\u00f1os\" \/>\n<meta property=\"og:url\" content=\"https:\/\/render.tips\/es\/cursos\/sketchup-es\/sketchup-2013-modelado-basico-de-residencia\" \/>\n<meta property=\"og:site_name\" content=\"Online Courses from Basic to Advanced | RenderTips\" \/>\n<meta property=\"article:publisher\" content=\"https:\/\/www.facebook.com\/rendertipscourses\/\" \/>\n<meta property=\"article:modified_time\" content=\"2020-04-20T23:09:33+00:00\" \/>\n<meta property=\"og:image\" content=\"https:\/\/static.render.tips\/wp-content\/uploads\/2020\/04\/SKP13-MR-ES_facebook.png\" \/>\n\t<meta property=\"og:image:width\" content=\"262\" \/>\n\t<meta property=\"og:image:height\" content=\"238\" \/>\n<meta name=\"twitter:card\" content=\"summary_large_image\" \/>\n<meta name=\"twitter:image\" content=\"https:\/\/static.render.tips\/wp-content\/uploads\/2020\/04\/SKP13-MR-ES_facebook.png\" \/>\n<meta name=\"twitter:site\" content=\"@rendertips\" \/>\n<meta name=\"twitter:label1\" content=\"Tiempo de lectura\">\n\t<meta name=\"twitter:data1\" content=\"1 minuto\">\n<script type=\"application\/ld+json\" class=\"yoast-schema-graph\">{\"@context\":\"https:\/\/schema.org\",\"@graph\":[{\"@type\":\"Organization\",\"@id\":\"https:\/\/render.tips\/#organization\",\"name\":\"Render Tips\",\"url\":\"https:\/\/render.tips\/\",\"sameAs\":[\"https:\/\/www.facebook.com\/rendertipscourses\/\",\"https:\/\/www.instagram.com\/rendertips\/\",\"https:\/\/www.youtube.com\/channel\/UCx_9bcvh0_AQFGXxJ0StKSQ\",\"https:\/\/twitter.com\/rendertips\"],\"logo\":{\"@type\":\"ImageObject\",\"@id\":\"https:\/\/render.tips\/#logo\",\"inLanguage\":\"es\",\"url\":\"https:\/\/static.render.tips\/wp-content\/uploads\/2019\/08\/logo_1024.png\",\"width\":1024,\"height\":1024,\"caption\":\"Render Tips\"},\"image\":{\"@id\":\"https:\/\/render.tips\/#logo\"}},{\"@type\":\"WebSite\",\"@id\":\"https:\/\/render.tips\/#website\",\"url\":\"https:\/\/render.tips\/\",\"name\":\"Online Courses from Basic to Advanced | RenderTips\",\"description\":\"Technology Online Courses - Solidworks, Autocad, Inventor, 3ds Max and More\",\"publisher\":{\"@id\":\"https:\/\/render.tips\/#organization\"},\"potentialAction\":[{\"@type\":\"SearchAction\",\"target\":\"https:\/\/render.tips\/?s={search_term_string}\",\"query-input\":\"required name=search_term_string\"}],\"inLanguage\":\"es\"},{\"@type\":\"ImageObject\",\"@id\":\"https:\/\/render.tips\/es\/cursos\/sketchup-es\/sketchup-2013-modelado-basico-de-residencia#primaryimage\",\"inLanguage\":\"es\",\"url\":\"https:\/\/static.render.tips\/wp-content\/uploads\/2020\/04\/Curso-sketchup-2013-modelado-basico-de-residencia-SKP13-MR-ES_destaque-20200420190243.jpg\",\"width\":229,\"height\":162},{\"@type\":\"WebPage\",\"@id\":\"https:\/\/render.tips\/es\/cursos\/sketchup-es\/sketchup-2013-modelado-basico-de-residencia#webpage\",\"url\":\"https:\/\/render.tips\/es\/cursos\/sketchup-es\/sketchup-2013-modelado-basico-de-residencia\",\"name\":\"Curso SketchUp 2013 - Modelado B\\u00e1sico de Residencia | Online Courses from Basic to Advanced | RenderTips\",\"isPartOf\":{\"@id\":\"https:\/\/render.tips\/#website\"},\"primaryImageOfPage\":{\"@id\":\"https:\/\/render.tips\/es\/cursos\/sketchup-es\/sketchup-2013-modelado-basico-de-residencia#primaryimage\"},\"datePublished\":\"2013-09-17T18:04:05+00:00\",\"dateModified\":\"2020-04-20T23:09:33+00:00\",\"description\":\"Aprende a crear tus proyectos en SketchUp en 3D y modelar la casa de tus sue\\u00f1os\",\"breadcrumb\":{\"@id\":\"https:\/\/render.tips\/es\/cursos\/sketchup-es\/sketchup-2013-modelado-basico-de-residencia#breadcrumb\"},\"inLanguage\":\"es\",\"potentialAction\":[{\"@type\":\"ReadAction\",\"target\":[\"https:\/\/render.tips\/es\/cursos\/sketchup-es\/sketchup-2013-modelado-basico-de-residencia\"]}]},{\"@type\":\"BreadcrumbList\",\"@id\":\"https:\/\/render.tips\/es\/cursos\/sketchup-es\/sketchup-2013-modelado-basico-de-residencia#breadcrumb\",\"itemListElement\":[{\"@type\":\"ListItem\",\"position\":1,\"item\":{\"@type\":\"WebPage\",\"@id\":\"https:\/\/render.tips\/es\",\"url\":\"https:\/\/render.tips\/es\",\"name\":\"Home\"}},{\"@type\":\"ListItem\",\"position\":2,\"item\":{\"@type\":\"WebPage\",\"@id\":\"https:\/\/render.tips\/es\/shop\",\"url\":\"https:\/\/render.tips\/es\/shop\",\"name\":\"Shop\"}},{\"@type\":\"ListItem\",\"position\":3,\"item\":{\"@type\":\"WebPage\",\"@id\":\"https:\/\/render.tips\/es\/cursos\/sketchup-es\/sketchup-2013-modelado-basico-de-residencia\",\"url\":\"https:\/\/render.tips\/es\/cursos\/sketchup-es\/sketchup-2013-modelado-basico-de-residencia\",\"name\":\"Curso SketchUp 2013 &#8211; Modelado B\\u00e1sico de Residencia\"}}]}]}<\/script>\n<!-- \/ Yoast SEO plugin. -->","_links":{"self":[{"href":"https:\/\/render.tips\/es\/wp-json\/wp\/v2\/product\/231113"}],"collection":[{"href":"https:\/\/render.tips\/es\/wp-json\/wp\/v2\/product"}],"about":[{"href":"https:\/\/render.tips\/es\/wp-json\/wp\/v2\/types\/product"}],"replies":[{"embeddable":true,"href":"https:\/\/render.tips\/es\/wp-json\/wp\/v2\/comments?post=231113"}],"wp:featuredmedia":[{"embeddable":true,"href":"https:\/\/render.tips\/es\/wp-json\/wp\/v2\/media\/231101"}],"wp:attachment":[{"href":"https:\/\/render.tips\/es\/wp-json\/wp\/v2\/media?parent=231113"}],"wp:term":[{"taxonomy":"product_cat","embeddable":true,"href":"https:\/\/render.tips\/es\/wp-json\/wp\/v2\/product_cat?post=231113"},{"taxonomy":"product_tag","embeddable":true,"href":"https:\/\/render.tips\/es\/wp-json\/wp\/v2\/product_tag?post=231113"}],"curies":[{"name":"wp","href":"https:\/\/api.w.org\/{rel}","templated":true}]}}