{"id":231087,"date":"2016-07-20T22:28:44","date_gmt":"2016-07-21T01:28:44","guid":{"rendered":"https:\/\/render.tips\/uncategorized\/revit-architecture-2017-fundamentos"},"modified":"2020-04-20T20:08:41","modified_gmt":"2020-04-20T23:08:41","slug":"revit-architecture-2017-fundamentos","status":"publish","type":"product","link":"https:\/\/render.tips\/es\/cursos\/revit-es\/revit-architecture-2017-fundamentos","title":{"rendered":"Curso Revit Architecture 2017 &#8211; Fundamentos"},"content":{"rendered":"<p>Nunca hab\u00e0\u00ada sido tan f\u00e1cil aprender a modelar un modelo 3D, creando vistas, cortes y plano de planta a la vez! Con una did\u00e1ctica sencilla y objetiva, aprenda en este curso c\u00f3mo crear un modelo completo, de una casa de dos plantas y un edicto, a partir del plan CAD. Aprenda a importar el proyecto a Revit; crear muros, escaleras, suelos y cubiertas; insertar puertas, ventanas y otros elementos; preparar el plano del proyecto con el plano 2D y mucho m\u00e1s. Comience este curso ahora y aprenda a dise\u00f1ar en Revit.<\/p>\n","protected":false},"excerpt":{"rendered":"<p><span style=\"color: #ff6600;\">Crea f\u00e1cilmente proyectos arquitect\u00f3nicos completos en Revit Architecture 2017 en portugu\u00e9s.<\/span><\/p>\n","protected":false},"featured_media":231075,"comment_status":"open","ping_status":"closed","template":"","meta":[],"product_cat":[515,504,981],"product_tag":[],"acf":[],"yoast_head":"<!-- This site is optimized with the Yoast SEO plugin v15.9 - https:\/\/yoast.com\/wordpress\/plugins\/seo\/ -->\n<title>Curso Revit Architecture 2017 - Fundamentos | Online Courses from Basic to Advanced | RenderTips<\/title>\n<meta name=\"description\" content=\"Crea f\u00e1cilmente proyectos arquitect\u00f3nicos completos en Revit Architecture 2017 en portugu\u00e9s.\" \/>\n<meta name=\"robots\" content=\"index, follow, max-snippet:-1, max-image-preview:large, max-video-preview:-1\" \/>\n<link rel=\"canonical\" href=\"https:\/\/render.tips\/es\/cursos\/revit-es\/revit-architecture-2017-fundamentos\" \/>\n<meta property=\"og:locale\" content=\"es_ES\" \/>\n<meta property=\"og:type\" content=\"article\" \/>\n<meta property=\"og:title\" content=\"Curso Revit Architecture 2017 - Fundamentos | Online Courses from Basic to Advanced | RenderTips\" \/>\n<meta property=\"og:description\" content=\"Crea f\u00e1cilmente proyectos arquitect\u00f3nicos completos en Revit Architecture 2017 en portugu\u00e9s.\" \/>\n<meta property=\"og:url\" content=\"https:\/\/render.tips\/es\/cursos\/revit-es\/revit-architecture-2017-fundamentos\" \/>\n<meta property=\"og:site_name\" content=\"Online Courses from Basic to Advanced | RenderTips\" \/>\n<meta property=\"article:publisher\" content=\"https:\/\/www.facebook.com\/rendertipscourses\/\" \/>\n<meta property=\"article:modified_time\" content=\"2020-04-20T23:08:41+00:00\" \/>\n<meta property=\"og:image\" content=\"https:\/\/static.render.tips\/wp-content\/uploads\/2020\/04\/REVARC17-F-ES_facebook.png\" \/>\n\t<meta property=\"og:image:width\" content=\"262\" \/>\n\t<meta property=\"og:image:height\" content=\"238\" \/>\n<meta name=\"twitter:card\" content=\"summary_large_image\" \/>\n<meta name=\"twitter:image\" content=\"https:\/\/static.render.tips\/wp-content\/uploads\/2020\/04\/REVARC17-F-ES_facebook.png\" \/>\n<meta name=\"twitter:site\" content=\"@rendertips\" \/>\n<script type=\"application\/ld+json\" class=\"yoast-schema-graph\">{\"@context\":\"https:\/\/schema.org\",\"@graph\":[{\"@type\":\"Organization\",\"@id\":\"https:\/\/render.tips\/#organization\",\"name\":\"Render Tips\",\"url\":\"https:\/\/render.tips\/\",\"sameAs\":[\"https:\/\/www.facebook.com\/rendertipscourses\/\",\"https:\/\/www.instagram.com\/rendertips\/\",\"https:\/\/www.youtube.com\/channel\/UCx_9bcvh0_AQFGXxJ0StKSQ\",\"https:\/\/twitter.com\/rendertips\"],\"logo\":{\"@type\":\"ImageObject\",\"@id\":\"https:\/\/render.tips\/#logo\",\"inLanguage\":\"es\",\"url\":\"https:\/\/static.render.tips\/wp-content\/uploads\/2019\/08\/logo_1024.png\",\"width\":1024,\"height\":1024,\"caption\":\"Render Tips\"},\"image\":{\"@id\":\"https:\/\/render.tips\/#logo\"}},{\"@type\":\"WebSite\",\"@id\":\"https:\/\/render.tips\/#website\",\"url\":\"https:\/\/render.tips\/\",\"name\":\"Online Courses from Basic to Advanced | RenderTips\",\"description\":\"Technology Online Courses - Solidworks, Autocad, Inventor, 3ds Max and More\",\"publisher\":{\"@id\":\"https:\/\/render.tips\/#organization\"},\"potentialAction\":[{\"@type\":\"SearchAction\",\"target\":\"https:\/\/render.tips\/?s={search_term_string}\",\"query-input\":\"required name=search_term_string\"}],\"inLanguage\":\"es\"},{\"@type\":\"ImageObject\",\"@id\":\"https:\/\/render.tips\/es\/cursos\/revit-es\/revit-architecture-2017-fundamentos#primaryimage\",\"inLanguage\":\"es\",\"url\":\"https:\/\/static.render.tips\/wp-content\/uploads\/2020\/04\/Curso-revit-architecture-2017-fundamentos-REVARC17-F-ES_destaque-20200420172719.jpg\",\"width\":229,\"height\":162},{\"@type\":\"WebPage\",\"@id\":\"https:\/\/render.tips\/es\/cursos\/revit-es\/revit-architecture-2017-fundamentos#webpage\",\"url\":\"https:\/\/render.tips\/es\/cursos\/revit-es\/revit-architecture-2017-fundamentos\",\"name\":\"Curso Revit Architecture 2017 - Fundamentos | Online Courses from Basic to Advanced | RenderTips\",\"isPartOf\":{\"@id\":\"https:\/\/render.tips\/#website\"},\"primaryImageOfPage\":{\"@id\":\"https:\/\/render.tips\/es\/cursos\/revit-es\/revit-architecture-2017-fundamentos#primaryimage\"},\"datePublished\":\"2016-07-21T01:28:44+00:00\",\"dateModified\":\"2020-04-20T23:08:41+00:00\",\"description\":\"Crea f\\u00e1cilmente proyectos arquitect\\u00f3nicos completos en Revit Architecture 2017 en portugu\\u00e9s.\",\"breadcrumb\":{\"@id\":\"https:\/\/render.tips\/es\/cursos\/revit-es\/revit-architecture-2017-fundamentos#breadcrumb\"},\"inLanguage\":\"es\",\"potentialAction\":[{\"@type\":\"ReadAction\",\"target\":[\"https:\/\/render.tips\/es\/cursos\/revit-es\/revit-architecture-2017-fundamentos\"]}]},{\"@type\":\"BreadcrumbList\",\"@id\":\"https:\/\/render.tips\/es\/cursos\/revit-es\/revit-architecture-2017-fundamentos#breadcrumb\",\"itemListElement\":[{\"@type\":\"ListItem\",\"position\":1,\"item\":{\"@type\":\"WebPage\",\"@id\":\"https:\/\/render.tips\/es\",\"url\":\"https:\/\/render.tips\/es\",\"name\":\"Home\"}},{\"@type\":\"ListItem\",\"position\":2,\"item\":{\"@type\":\"WebPage\",\"@id\":\"https:\/\/render.tips\/es\/shop\",\"url\":\"https:\/\/render.tips\/es\/shop\",\"name\":\"Shop\"}},{\"@type\":\"ListItem\",\"position\":3,\"item\":{\"@type\":\"WebPage\",\"@id\":\"https:\/\/render.tips\/es\/cursos\/revit-es\/revit-architecture-2017-fundamentos\",\"url\":\"https:\/\/render.tips\/es\/cursos\/revit-es\/revit-architecture-2017-fundamentos\",\"name\":\"Curso Revit Architecture 2017 &#8211; Fundamentos\"}}]}]}<\/script>\n<!-- \/ Yoast SEO plugin. -->","_links":{"self":[{"href":"https:\/\/render.tips\/es\/wp-json\/wp\/v2\/product\/231087"}],"collection":[{"href":"https:\/\/render.tips\/es\/wp-json\/wp\/v2\/product"}],"about":[{"href":"https:\/\/render.tips\/es\/wp-json\/wp\/v2\/types\/product"}],"replies":[{"embeddable":true,"href":"https:\/\/render.tips\/es\/wp-json\/wp\/v2\/comments?post=231087"}],"wp:featuredmedia":[{"embeddable":true,"href":"https:\/\/render.tips\/es\/wp-json\/wp\/v2\/media\/231075"}],"wp:attachment":[{"href":"https:\/\/render.tips\/es\/wp-json\/wp\/v2\/media?parent=231087"}],"wp:term":[{"taxonomy":"product_cat","embeddable":true,"href":"https:\/\/render.tips\/es\/wp-json\/wp\/v2\/product_cat?post=231087"},{"taxonomy":"product_tag","embeddable":true,"href":"https:\/\/render.tips\/es\/wp-json\/wp\/v2\/product_tag?post=231087"}],"curies":[{"name":"wp","href":"https:\/\/api.w.org\/{rel}","templated":true}]}}