{"id":231061,"date":"2015-01-13T12:50:10","date_gmt":"2015-01-13T14:50:10","guid":{"rendered":"https:\/\/render.tips\/uncategorized\/photoshop-cc-basico"},"modified":"2020-04-20T17:13:47","modified_gmt":"2020-04-20T20:13:47","slug":"photoshop-cc-basico","status":"publish","type":"product","link":"https:\/\/render.tips\/es\/cursos\/photoshop-es\/photoshop-cc-basico","title":{"rendered":"Curso Photoshop CC &#8211; B\u00e1sico"},"content":{"rendered":"<p>Con lecciones narradas e interactivas en video, aprenda a usar la \u00faltima versi\u00f3n de Photoshop. En este curso b\u00e1sico, orientado a los principiantes, comprender paso a paso el uso de herramientas y caracter\u00e0\u00adsticas esenciales como: selecci\u00f3n, cortes, efectos, pinturas y mucho m\u00e1s. Con este conocimiento podr\u00e1s crear y editar carpetas, banners, im\u00e1genes, textos, entre otros. Comience este curso ahora y desarrolle su carrera de dise\u00f1o con Photoshop CC.<\/p>\n","protected":false},"excerpt":{"rendered":"<p><span style=\"color: #ff6600\">Aprenda recursos b\u00e1sicos para crear y editar en Photoshop CC<\/span><\/p>\n","protected":false},"featured_media":231049,"comment_status":"open","ping_status":"closed","template":"","meta":[],"product_cat":[974,965,977,966,971],"product_tag":[],"acf":[],"yoast_head":"<!-- This site is optimized with the Yoast SEO plugin v15.9 - https:\/\/yoast.com\/wordpress\/plugins\/seo\/ -->\n<title>Curso Photoshop CC - B\u00e1sico | Online Courses from Basic to Advanced | RenderTips<\/title>\n<meta name=\"description\" content=\"Aprenda recursos b\u00e1sicos para crear y editar en Photoshop CC\" \/>\n<meta name=\"robots\" content=\"index, follow, max-snippet:-1, max-image-preview:large, max-video-preview:-1\" \/>\n<link rel=\"canonical\" href=\"https:\/\/render.tips\/es\/cursos\/photoshop-es\/photoshop-cc-basico\" \/>\n<meta property=\"og:locale\" content=\"es_ES\" \/>\n<meta property=\"og:type\" content=\"article\" \/>\n<meta property=\"og:title\" content=\"Curso Photoshop CC - B\u00e1sico | Online Courses from Basic to Advanced | RenderTips\" \/>\n<meta property=\"og:description\" content=\"Aprenda recursos b\u00e1sicos para crear y editar en Photoshop CC\" \/>\n<meta property=\"og:url\" content=\"https:\/\/render.tips\/es\/cursos\/photoshop-es\/photoshop-cc-basico\" \/>\n<meta property=\"og:site_name\" content=\"Online Courses from Basic to Advanced | RenderTips\" \/>\n<meta property=\"article:publisher\" content=\"https:\/\/www.facebook.com\/rendertipscourses\/\" \/>\n<meta property=\"article:modified_time\" content=\"2020-04-20T20:13:47+00:00\" \/>\n<meta property=\"og:image\" content=\"https:\/\/static.render.tips\/wp-content\/uploads\/2020\/04\/PSHOP-CC-BAS-ES_facebook.png\" \/>\n\t<meta property=\"og:image:width\" content=\"262\" \/>\n\t<meta property=\"og:image:height\" content=\"238\" \/>\n<meta name=\"twitter:card\" content=\"summary_large_image\" \/>\n<meta name=\"twitter:image\" content=\"https:\/\/static.render.tips\/wp-content\/uploads\/2020\/04\/PSHOP-CC-BAS-ES_facebook.png\" \/>\n<meta name=\"twitter:site\" content=\"@rendertips\" \/>\n<script type=\"application\/ld+json\" class=\"yoast-schema-graph\">{\"@context\":\"https:\/\/schema.org\",\"@graph\":[{\"@type\":\"Organization\",\"@id\":\"https:\/\/render.tips\/#organization\",\"name\":\"Render Tips\",\"url\":\"https:\/\/render.tips\/\",\"sameAs\":[\"https:\/\/www.facebook.com\/rendertipscourses\/\",\"https:\/\/www.instagram.com\/rendertips\/\",\"https:\/\/www.youtube.com\/channel\/UCx_9bcvh0_AQFGXxJ0StKSQ\",\"https:\/\/twitter.com\/rendertips\"],\"logo\":{\"@type\":\"ImageObject\",\"@id\":\"https:\/\/render.tips\/#logo\",\"inLanguage\":\"es\",\"url\":\"https:\/\/static.render.tips\/wp-content\/uploads\/2019\/08\/logo_1024.png\",\"width\":1024,\"height\":1024,\"caption\":\"Render Tips\"},\"image\":{\"@id\":\"https:\/\/render.tips\/#logo\"}},{\"@type\":\"WebSite\",\"@id\":\"https:\/\/render.tips\/#website\",\"url\":\"https:\/\/render.tips\/\",\"name\":\"Online Courses from Basic to Advanced | RenderTips\",\"description\":\"Technology Online Courses - Solidworks, Autocad, Inventor, 3ds Max and More\",\"publisher\":{\"@id\":\"https:\/\/render.tips\/#organization\"},\"potentialAction\":[{\"@type\":\"SearchAction\",\"target\":\"https:\/\/render.tips\/?s={search_term_string}\",\"query-input\":\"required name=search_term_string\"}],\"inLanguage\":\"es\"},{\"@type\":\"ImageObject\",\"@id\":\"https:\/\/render.tips\/es\/cursos\/photoshop-es\/photoshop-cc-basico#primaryimage\",\"inLanguage\":\"es\",\"url\":\"https:\/\/static.render.tips\/wp-content\/uploads\/2020\/04\/Curso-photoshop-cc-basico-PSHOP-CC-BAS-ES_destaque-20200420164846.jpg\",\"width\":229,\"height\":162},{\"@type\":\"WebPage\",\"@id\":\"https:\/\/render.tips\/es\/cursos\/photoshop-es\/photoshop-cc-basico#webpage\",\"url\":\"https:\/\/render.tips\/es\/cursos\/photoshop-es\/photoshop-cc-basico\",\"name\":\"Curso Photoshop CC - B\\u00e1sico | Online Courses from Basic to Advanced | RenderTips\",\"isPartOf\":{\"@id\":\"https:\/\/render.tips\/#website\"},\"primaryImageOfPage\":{\"@id\":\"https:\/\/render.tips\/es\/cursos\/photoshop-es\/photoshop-cc-basico#primaryimage\"},\"datePublished\":\"2015-01-13T14:50:10+00:00\",\"dateModified\":\"2020-04-20T20:13:47+00:00\",\"description\":\"Aprenda recursos b\\u00e1sicos para crear y editar en Photoshop CC\",\"breadcrumb\":{\"@id\":\"https:\/\/render.tips\/es\/cursos\/photoshop-es\/photoshop-cc-basico#breadcrumb\"},\"inLanguage\":\"es\",\"potentialAction\":[{\"@type\":\"ReadAction\",\"target\":[\"https:\/\/render.tips\/es\/cursos\/photoshop-es\/photoshop-cc-basico\"]}]},{\"@type\":\"BreadcrumbList\",\"@id\":\"https:\/\/render.tips\/es\/cursos\/photoshop-es\/photoshop-cc-basico#breadcrumb\",\"itemListElement\":[{\"@type\":\"ListItem\",\"position\":1,\"item\":{\"@type\":\"WebPage\",\"@id\":\"https:\/\/render.tips\/es\",\"url\":\"https:\/\/render.tips\/es\",\"name\":\"Home\"}},{\"@type\":\"ListItem\",\"position\":2,\"item\":{\"@type\":\"WebPage\",\"@id\":\"https:\/\/render.tips\/es\/shop\",\"url\":\"https:\/\/render.tips\/es\/shop\",\"name\":\"Shop\"}},{\"@type\":\"ListItem\",\"position\":3,\"item\":{\"@type\":\"WebPage\",\"@id\":\"https:\/\/render.tips\/es\/cursos\/photoshop-es\/photoshop-cc-basico\",\"url\":\"https:\/\/render.tips\/es\/cursos\/photoshop-es\/photoshop-cc-basico\",\"name\":\"Curso Photoshop CC &#8211; B\\u00e1sico\"}}]}]}<\/script>\n<!-- \/ Yoast SEO plugin. -->","_links":{"self":[{"href":"https:\/\/render.tips\/es\/wp-json\/wp\/v2\/product\/231061"}],"collection":[{"href":"https:\/\/render.tips\/es\/wp-json\/wp\/v2\/product"}],"about":[{"href":"https:\/\/render.tips\/es\/wp-json\/wp\/v2\/types\/product"}],"replies":[{"embeddable":true,"href":"https:\/\/render.tips\/es\/wp-json\/wp\/v2\/comments?post=231061"}],"wp:featuredmedia":[{"embeddable":true,"href":"https:\/\/render.tips\/es\/wp-json\/wp\/v2\/media\/231049"}],"wp:attachment":[{"href":"https:\/\/render.tips\/es\/wp-json\/wp\/v2\/media?parent=231061"}],"wp:term":[{"taxonomy":"product_cat","embeddable":true,"href":"https:\/\/render.tips\/es\/wp-json\/wp\/v2\/product_cat?post=231061"},{"taxonomy":"product_tag","embeddable":true,"href":"https:\/\/render.tips\/es\/wp-json\/wp\/v2\/product_tag?post=231061"}],"curies":[{"name":"wp","href":"https:\/\/api.w.org\/{rel}","templated":true}]}}