{"id":230987,"date":"2016-12-02T10:41:31","date_gmt":"2016-12-02T12:41:31","guid":{"rendered":"https:\/\/render.tips\/uncategorized\/autocad-2017-plano-de-planta"},"modified":"2020-04-06T23:44:16","modified_gmt":"2020-04-07T02:44:16","slug":"autocad-2017-plano-de-planta","status":"publish","type":"product","link":"https:\/\/render.tips\/es\/cursos\/autocad-es\/autocad-2017-plano-de-planta","title":{"rendered":"Curso AutoCAD 2017 Plano de Planta"},"content":{"rendered":"<p>Con lecciones pr\u00e1cticas en video, aprenda a crear plantas bajas de una manera profesional. Aprenda conceptos, normas, simbolog\u00e0\u00adas y t\u00e9cnicas para crear plantas en AutoCAD. Aprenda a definir un archivo por defecto y crear paso a paso el plano de planta, definiendo muros y huecos, insertando puertas y ventanas, humanizando, escalando y parametrizando el proyecto. Tambi\u00e9n crea fachadas y cortes. Aprende las mejores t\u00e9cnicas para crear plano de planta en AutoCAD y s\u00e9 un profesional en demanda en el mercado!<\/p>\n","protected":false},"excerpt":{"rendered":"<p><span style=\"color: #ff6600;\">Aprenda paso a paso c\u00f3mo crear plantas bajas r\u00e1pidamente, siguiendo conceptos profesionales, est\u00e1ndares y t\u00e9cnicas<\/span><\/p>\n","protected":false},"featured_media":230975,"comment_status":"open","ping_status":"closed","template":"","meta":[],"product_cat":[515,472,504,945],"product_tag":[],"acf":[],"yoast_head":"<!-- This site is optimized with the Yoast SEO plugin v15.9 - https:\/\/yoast.com\/wordpress\/plugins\/seo\/ -->\n<title>Curso AutoCAD 2017 Plano de Planta | Online Courses from Basic to Advanced | RenderTips<\/title>\n<meta name=\"description\" content=\"Aprenda paso a paso c\u00f3mo crear plantas bajas r\u00e1pidamente, siguiendo conceptos profesionales, est\u00e1ndares y t\u00e9cnicas\" \/>\n<meta name=\"robots\" content=\"index, follow, max-snippet:-1, max-image-preview:large, max-video-preview:-1\" \/>\n<link rel=\"canonical\" href=\"https:\/\/render.tips\/es\/cursos\/autocad-es\/autocad-2017-plano-de-planta\" \/>\n<meta property=\"og:locale\" content=\"es_ES\" \/>\n<meta property=\"og:type\" content=\"article\" \/>\n<meta property=\"og:title\" content=\"Curso AutoCAD 2017 Plano de Planta | Online Courses from Basic to Advanced | RenderTips\" \/>\n<meta property=\"og:description\" content=\"Aprenda paso a paso c\u00f3mo crear plantas bajas r\u00e1pidamente, siguiendo conceptos profesionales, est\u00e1ndares y t\u00e9cnicas\" \/>\n<meta property=\"og:url\" content=\"https:\/\/render.tips\/es\/cursos\/autocad-es\/autocad-2017-plano-de-planta\" \/>\n<meta property=\"og:site_name\" content=\"Online Courses from Basic to Advanced | RenderTips\" \/>\n<meta property=\"article:publisher\" content=\"https:\/\/www.facebook.com\/rendertipscourses\/\" \/>\n<meta property=\"article:modified_time\" content=\"2020-04-07T02:44:16+00:00\" \/>\n<meta property=\"og:image\" content=\"https:\/\/static.render.tips\/wp-content\/uploads\/2020\/04\/ACAD17-PB-ES_facebook.png\" \/>\n\t<meta property=\"og:image:width\" content=\"282\" \/>\n\t<meta property=\"og:image:height\" content=\"256\" \/>\n<meta name=\"twitter:card\" content=\"summary_large_image\" \/>\n<meta name=\"twitter:image\" content=\"https:\/\/static.render.tips\/wp-content\/uploads\/2020\/04\/ACAD17-PB-ES_facebook.png\" \/>\n<meta name=\"twitter:site\" content=\"@rendertips\" \/>\n<script type=\"application\/ld+json\" class=\"yoast-schema-graph\">{\"@context\":\"https:\/\/schema.org\",\"@graph\":[{\"@type\":\"Organization\",\"@id\":\"https:\/\/render.tips\/#organization\",\"name\":\"Render Tips\",\"url\":\"https:\/\/render.tips\/\",\"sameAs\":[\"https:\/\/www.facebook.com\/rendertipscourses\/\",\"https:\/\/www.instagram.com\/rendertips\/\",\"https:\/\/www.youtube.com\/channel\/UCx_9bcvh0_AQFGXxJ0StKSQ\",\"https:\/\/twitter.com\/rendertips\"],\"logo\":{\"@type\":\"ImageObject\",\"@id\":\"https:\/\/render.tips\/#logo\",\"inLanguage\":\"es\",\"url\":\"https:\/\/static.render.tips\/wp-content\/uploads\/2019\/08\/logo_1024.png\",\"width\":1024,\"height\":1024,\"caption\":\"Render Tips\"},\"image\":{\"@id\":\"https:\/\/render.tips\/#logo\"}},{\"@type\":\"WebSite\",\"@id\":\"https:\/\/render.tips\/#website\",\"url\":\"https:\/\/render.tips\/\",\"name\":\"Online Courses from Basic to Advanced | RenderTips\",\"description\":\"Technology Online Courses - Solidworks, Autocad, Inventor, 3ds Max and More\",\"publisher\":{\"@id\":\"https:\/\/render.tips\/#organization\"},\"potentialAction\":[{\"@type\":\"SearchAction\",\"target\":\"https:\/\/render.tips\/?s={search_term_string}\",\"query-input\":\"required name=search_term_string\"}],\"inLanguage\":\"es\"},{\"@type\":\"ImageObject\",\"@id\":\"https:\/\/render.tips\/es\/cursos\/autocad-es\/autocad-2017-plano-de-planta#primaryimage\",\"inLanguage\":\"es\",\"url\":\"https:\/\/static.render.tips\/wp-content\/uploads\/2020\/04\/Curso-autocad-2017-plano-de-planta-ACAD17-PB-ES_destaque-20200406234025.jpg\",\"width\":229,\"height\":162},{\"@type\":\"WebPage\",\"@id\":\"https:\/\/render.tips\/es\/cursos\/autocad-es\/autocad-2017-plano-de-planta#webpage\",\"url\":\"https:\/\/render.tips\/es\/cursos\/autocad-es\/autocad-2017-plano-de-planta\",\"name\":\"Curso AutoCAD 2017 Plano de Planta | Online Courses from Basic to Advanced | RenderTips\",\"isPartOf\":{\"@id\":\"https:\/\/render.tips\/#website\"},\"primaryImageOfPage\":{\"@id\":\"https:\/\/render.tips\/es\/cursos\/autocad-es\/autocad-2017-plano-de-planta#primaryimage\"},\"datePublished\":\"2016-12-02T12:41:31+00:00\",\"dateModified\":\"2020-04-07T02:44:16+00:00\",\"description\":\"Aprenda paso a paso c\\u00f3mo crear plantas bajas r\\u00e1pidamente, siguiendo conceptos profesionales, est\\u00e1ndares y t\\u00e9cnicas\",\"breadcrumb\":{\"@id\":\"https:\/\/render.tips\/es\/cursos\/autocad-es\/autocad-2017-plano-de-planta#breadcrumb\"},\"inLanguage\":\"es\",\"potentialAction\":[{\"@type\":\"ReadAction\",\"target\":[\"https:\/\/render.tips\/es\/cursos\/autocad-es\/autocad-2017-plano-de-planta\"]}]},{\"@type\":\"BreadcrumbList\",\"@id\":\"https:\/\/render.tips\/es\/cursos\/autocad-es\/autocad-2017-plano-de-planta#breadcrumb\",\"itemListElement\":[{\"@type\":\"ListItem\",\"position\":1,\"item\":{\"@type\":\"WebPage\",\"@id\":\"https:\/\/render.tips\/es\",\"url\":\"https:\/\/render.tips\/es\",\"name\":\"Home\"}},{\"@type\":\"ListItem\",\"position\":2,\"item\":{\"@type\":\"WebPage\",\"@id\":\"https:\/\/render.tips\/es\/shop\",\"url\":\"https:\/\/render.tips\/es\/shop\",\"name\":\"Shop\"}},{\"@type\":\"ListItem\",\"position\":3,\"item\":{\"@type\":\"WebPage\",\"@id\":\"https:\/\/render.tips\/es\/cursos\/autocad-es\/autocad-2017-plano-de-planta\",\"url\":\"https:\/\/render.tips\/es\/cursos\/autocad-es\/autocad-2017-plano-de-planta\",\"name\":\"Curso AutoCAD 2017 Plano de Planta\"}}]}]}<\/script>\n<!-- \/ Yoast SEO plugin. -->","_links":{"self":[{"href":"https:\/\/render.tips\/es\/wp-json\/wp\/v2\/product\/230987"}],"collection":[{"href":"https:\/\/render.tips\/es\/wp-json\/wp\/v2\/product"}],"about":[{"href":"https:\/\/render.tips\/es\/wp-json\/wp\/v2\/types\/product"}],"replies":[{"embeddable":true,"href":"https:\/\/render.tips\/es\/wp-json\/wp\/v2\/comments?post=230987"}],"wp:featuredmedia":[{"embeddable":true,"href":"https:\/\/render.tips\/es\/wp-json\/wp\/v2\/media\/230975"}],"wp:attachment":[{"href":"https:\/\/render.tips\/es\/wp-json\/wp\/v2\/media?parent=230987"}],"wp:term":[{"taxonomy":"product_cat","embeddable":true,"href":"https:\/\/render.tips\/es\/wp-json\/wp\/v2\/product_cat?post=230987"},{"taxonomy":"product_tag","embeddable":true,"href":"https:\/\/render.tips\/es\/wp-json\/wp\/v2\/product_tag?post=230987"}],"curies":[{"name":"wp","href":"https:\/\/api.w.org\/{rel}","templated":true}]}}