{"id":230923,"date":"2017-02-10T09:47:12","date_gmt":"2017-02-10T11:47:12","guid":{"rendered":"https:\/\/render.tips\/uncategorized\/autocad-2017-dibujos-electricos-residenciales"},"modified":"2020-04-06T22:52:20","modified_gmt":"2020-04-07T01:52:20","slug":"autocad-2017-dibujos-electricos-residenciales","status":"publish","type":"product","link":"https:\/\/render.tips\/es\/cursos\/autocad-es\/autocad-2017-dibujos-electricos-residenciales","title":{"rendered":"Curso AutoCAD 2017 Dibujos El\u00e9ctricos Residenciales"},"content":{"rendered":"<p>Con lecciones de v\u00e0\u00addeo din\u00e1micas, aprenda f\u00e1cilmente a crear proyectos el\u00e9ctricos residenciales en AutoCAD, siguiendo los est\u00e1ndares t\u00e9cnicos actuales. Aprenda todos los pasos necesarios para definir completamente un proyecto el\u00e9ctrico, desde la preparaci\u00f3n del plano de planta hasta recibir las simbolog\u00e0\u00adas hasta el dise\u00f1o del dise\u00f1o. \u00a1Toma este curso y a\u00f1ade una competencia clave a tu carrera!<\/p>\n","protected":false},"excerpt":{"rendered":"<p><span style=\"color: #ff6600;\">Aprenda de forma pr\u00e1ctica y sencilla a crear proyectos el\u00e9ctricos en AutoCAD<\/span><\/p>\n","protected":false},"featured_media":230911,"comment_status":"open","ping_status":"closed","template":"","meta":[],"product_cat":[472,940],"product_tag":[],"acf":[],"yoast_head":"<!-- This site is optimized with the Yoast SEO plugin v15.9 - https:\/\/yoast.com\/wordpress\/plugins\/seo\/ -->\n<title>Curso AutoCAD 2017 Dibujos El\u00e9ctricos Residenciales | Online Courses from Basic to Advanced | RenderTips<\/title>\n<meta name=\"description\" content=\"Aprenda de forma pr\u00e1ctica y sencilla a crear proyectos el\u00e9ctricos en AutoCAD\" \/>\n<meta name=\"robots\" content=\"index, follow, max-snippet:-1, max-image-preview:large, max-video-preview:-1\" \/>\n<link rel=\"canonical\" href=\"https:\/\/render.tips\/es\/cursos\/autocad-es\/autocad-2017-dibujos-electricos-residenciales\" \/>\n<meta property=\"og:locale\" content=\"es_ES\" \/>\n<meta property=\"og:type\" content=\"article\" \/>\n<meta property=\"og:title\" content=\"Curso AutoCAD 2017 Dibujos El\u00e9ctricos Residenciales | Online Courses from Basic to Advanced | RenderTips\" \/>\n<meta property=\"og:description\" content=\"Aprenda de forma pr\u00e1ctica y sencilla a crear proyectos el\u00e9ctricos en AutoCAD\" \/>\n<meta property=\"og:url\" content=\"https:\/\/render.tips\/es\/cursos\/autocad-es\/autocad-2017-dibujos-electricos-residenciales\" \/>\n<meta property=\"og:site_name\" content=\"Online Courses from Basic to Advanced | RenderTips\" \/>\n<meta property=\"article:publisher\" content=\"https:\/\/www.facebook.com\/rendertipscourses\/\" \/>\n<meta property=\"article:modified_time\" content=\"2020-04-07T01:52:20+00:00\" \/>\n<meta property=\"og:image\" content=\"https:\/\/static.render.tips\/wp-content\/uploads\/2020\/04\/ACAD17-PER-ES_facebook.png\" \/>\n\t<meta property=\"og:image:width\" content=\"282\" \/>\n\t<meta property=\"og:image:height\" content=\"256\" \/>\n<meta name=\"twitter:card\" content=\"summary_large_image\" \/>\n<meta name=\"twitter:image\" content=\"https:\/\/static.render.tips\/wp-content\/uploads\/2020\/04\/ACAD17-PER-ES_facebook.png\" \/>\n<meta name=\"twitter:site\" content=\"@rendertips\" \/>\n<script type=\"application\/ld+json\" class=\"yoast-schema-graph\">{\"@context\":\"https:\/\/schema.org\",\"@graph\":[{\"@type\":\"Organization\",\"@id\":\"https:\/\/render.tips\/#organization\",\"name\":\"Render Tips\",\"url\":\"https:\/\/render.tips\/\",\"sameAs\":[\"https:\/\/www.facebook.com\/rendertipscourses\/\",\"https:\/\/www.instagram.com\/rendertips\/\",\"https:\/\/www.youtube.com\/channel\/UCx_9bcvh0_AQFGXxJ0StKSQ\",\"https:\/\/twitter.com\/rendertips\"],\"logo\":{\"@type\":\"ImageObject\",\"@id\":\"https:\/\/render.tips\/#logo\",\"inLanguage\":\"es\",\"url\":\"https:\/\/static.render.tips\/wp-content\/uploads\/2019\/08\/logo_1024.png\",\"width\":1024,\"height\":1024,\"caption\":\"Render Tips\"},\"image\":{\"@id\":\"https:\/\/render.tips\/#logo\"}},{\"@type\":\"WebSite\",\"@id\":\"https:\/\/render.tips\/#website\",\"url\":\"https:\/\/render.tips\/\",\"name\":\"Online Courses from Basic to Advanced | RenderTips\",\"description\":\"Technology Online Courses - Solidworks, Autocad, Inventor, 3ds Max and More\",\"publisher\":{\"@id\":\"https:\/\/render.tips\/#organization\"},\"potentialAction\":[{\"@type\":\"SearchAction\",\"target\":\"https:\/\/render.tips\/?s={search_term_string}\",\"query-input\":\"required name=search_term_string\"}],\"inLanguage\":\"es\"},{\"@type\":\"ImageObject\",\"@id\":\"https:\/\/render.tips\/es\/cursos\/autocad-es\/autocad-2017-dibujos-electricos-residenciales#primaryimage\",\"inLanguage\":\"es\",\"url\":\"https:\/\/static.render.tips\/wp-content\/uploads\/2020\/04\/Curso-autocad-2017-dibujos-electricos-residenciales-ACAD17-PER-ES_destaque-20200406224606.jpg\",\"width\":229,\"height\":162},{\"@type\":\"WebPage\",\"@id\":\"https:\/\/render.tips\/es\/cursos\/autocad-es\/autocad-2017-dibujos-electricos-residenciales#webpage\",\"url\":\"https:\/\/render.tips\/es\/cursos\/autocad-es\/autocad-2017-dibujos-electricos-residenciales\",\"name\":\"Curso AutoCAD 2017 Dibujos El\\u00e9ctricos Residenciales | Online Courses from Basic to Advanced | RenderTips\",\"isPartOf\":{\"@id\":\"https:\/\/render.tips\/#website\"},\"primaryImageOfPage\":{\"@id\":\"https:\/\/render.tips\/es\/cursos\/autocad-es\/autocad-2017-dibujos-electricos-residenciales#primaryimage\"},\"datePublished\":\"2017-02-10T11:47:12+00:00\",\"dateModified\":\"2020-04-07T01:52:20+00:00\",\"description\":\"Aprenda de forma pr\\u00e1ctica y sencilla a crear proyectos el\\u00e9ctricos en AutoCAD\",\"breadcrumb\":{\"@id\":\"https:\/\/render.tips\/es\/cursos\/autocad-es\/autocad-2017-dibujos-electricos-residenciales#breadcrumb\"},\"inLanguage\":\"es\",\"potentialAction\":[{\"@type\":\"ReadAction\",\"target\":[\"https:\/\/render.tips\/es\/cursos\/autocad-es\/autocad-2017-dibujos-electricos-residenciales\"]}]},{\"@type\":\"BreadcrumbList\",\"@id\":\"https:\/\/render.tips\/es\/cursos\/autocad-es\/autocad-2017-dibujos-electricos-residenciales#breadcrumb\",\"itemListElement\":[{\"@type\":\"ListItem\",\"position\":1,\"item\":{\"@type\":\"WebPage\",\"@id\":\"https:\/\/render.tips\/es\",\"url\":\"https:\/\/render.tips\/es\",\"name\":\"Home\"}},{\"@type\":\"ListItem\",\"position\":2,\"item\":{\"@type\":\"WebPage\",\"@id\":\"https:\/\/render.tips\/es\/shop\",\"url\":\"https:\/\/render.tips\/es\/shop\",\"name\":\"Shop\"}},{\"@type\":\"ListItem\",\"position\":3,\"item\":{\"@type\":\"WebPage\",\"@id\":\"https:\/\/render.tips\/es\/cursos\/autocad-es\/autocad-2017-dibujos-electricos-residenciales\",\"url\":\"https:\/\/render.tips\/es\/cursos\/autocad-es\/autocad-2017-dibujos-electricos-residenciales\",\"name\":\"Curso AutoCAD 2017 Dibujos El\\u00e9ctricos Residenciales\"}}]}]}<\/script>\n<!-- \/ Yoast SEO plugin. -->","_links":{"self":[{"href":"https:\/\/render.tips\/es\/wp-json\/wp\/v2\/product\/230923"}],"collection":[{"href":"https:\/\/render.tips\/es\/wp-json\/wp\/v2\/product"}],"about":[{"href":"https:\/\/render.tips\/es\/wp-json\/wp\/v2\/types\/product"}],"replies":[{"embeddable":true,"href":"https:\/\/render.tips\/es\/wp-json\/wp\/v2\/comments?post=230923"}],"wp:featuredmedia":[{"embeddable":true,"href":"https:\/\/render.tips\/es\/wp-json\/wp\/v2\/media\/230911"}],"wp:attachment":[{"href":"https:\/\/render.tips\/es\/wp-json\/wp\/v2\/media?parent=230923"}],"wp:term":[{"taxonomy":"product_cat","embeddable":true,"href":"https:\/\/render.tips\/es\/wp-json\/wp\/v2\/product_cat?post=230923"},{"taxonomy":"product_tag","embeddable":true,"href":"https:\/\/render.tips\/es\/wp-json\/wp\/v2\/product_tag?post=230923"}],"curies":[{"name":"wp","href":"https:\/\/api.w.org\/{rel}","templated":true}]}}