{"id":228136,"date":"2010-07-21T10:04:05","date_gmt":"2010-07-21T13:04:05","guid":{"rendered":"https:\/\/render.tips\/uncategorized\/aprendiendo-3ds-max-2010"},"modified":"2020-01-28T19:12:24","modified_gmt":"2020-01-28T22:12:24","slug":"aprendiendo-3ds-max-2010","status":"publish","type":"product","link":"https:\/\/render.tips\/es\/cursos\/gratuitos\/aprendiendo-3ds-max-2010","title":{"rendered":"Curso Aprendiendo 3ds Max 2010"},"content":{"rendered":"<p>Aprenda a crear modelos 3D y c\u00f3mo animarlos en el software de animaci\u00f3n m\u00e1s utilizado en el mundo, 3DS MAX. El curso \u00abAprendiendo 3DS MAX 2010\u00bb ense\u00f1a la creaci\u00f3n b\u00e1sica de figuras 2D y modelos 3D hasta su animaci\u00f3n. Vea paso a paso c\u00f3mo animar un logotipo. Aprenda c\u00f3mo modelar un objeto a partir de una foto. Conozca el principio de iluminaci\u00f3n y aplicaci\u00f3n de materiales. Este curso abre un abanico de posibilidades para usted profundice y est\u00e9 listo para entrar en un mercado de trabajo importante.<\/p>\n","protected":false},"excerpt":{"rendered":"<p><span style=\"color: #ff6600\">Aprenda a utilizar el software de animaci\u00f3n m\u00e1s usado en el mundo<\/span><\/p>\n","protected":false},"featured_media":228130,"comment_status":"open","ping_status":"closed","template":"","meta":[],"product_cat":[478],"product_tag":[],"acf":[],"yoast_head":"<!-- This site is optimized with the Yoast SEO plugin v15.9 - https:\/\/yoast.com\/wordpress\/plugins\/seo\/ -->\n<title>Curso Aprendiendo 3ds Max 2010 | Online Courses from Basic to Advanced | RenderTips<\/title>\n<meta name=\"description\" content=\"Aprenda a utilizar el software de animaci\u00f3n m\u00e1s usado en el mundo\" \/>\n<meta name=\"robots\" content=\"index, follow, max-snippet:-1, max-image-preview:large, max-video-preview:-1\" \/>\n<link rel=\"canonical\" href=\"https:\/\/render.tips\/es\/cursos\/gratuitos\/aprendiendo-3ds-max-2010\" \/>\n<meta property=\"og:locale\" content=\"es_ES\" \/>\n<meta property=\"og:type\" content=\"article\" \/>\n<meta property=\"og:title\" content=\"Curso Aprendiendo 3ds Max 2010 | Online Courses from Basic to Advanced | RenderTips\" \/>\n<meta property=\"og:description\" content=\"Aprenda a utilizar el software de animaci\u00f3n m\u00e1s usado en el mundo\" \/>\n<meta property=\"og:url\" content=\"https:\/\/render.tips\/es\/cursos\/gratuitos\/aprendiendo-3ds-max-2010\" \/>\n<meta property=\"og:site_name\" content=\"Online Courses from Basic to Advanced | RenderTips\" \/>\n<meta property=\"article:publisher\" content=\"https:\/\/www.facebook.com\/rendertipscourses\/\" \/>\n<meta property=\"article:modified_time\" content=\"2020-01-28T22:12:24+00:00\" \/>\n<meta property=\"og:image\" content=\"https:\/\/static.render.tips\/wp-content\/uploads\/2020\/01\/3DS10-AP-S_facebook.png\" \/>\n\t<meta property=\"og:image:width\" content=\"262\" \/>\n\t<meta property=\"og:image:height\" content=\"238\" \/>\n<meta name=\"twitter:card\" content=\"summary_large_image\" \/>\n<meta name=\"twitter:image\" content=\"https:\/\/static.render.tips\/wp-content\/uploads\/2020\/01\/3DS10-AP-S_facebook.png\" \/>\n<meta name=\"twitter:site\" content=\"@rendertips\" \/>\n<script type=\"application\/ld+json\" class=\"yoast-schema-graph\">{\"@context\":\"https:\/\/schema.org\",\"@graph\":[{\"@type\":\"Organization\",\"@id\":\"https:\/\/render.tips\/#organization\",\"name\":\"Render Tips\",\"url\":\"https:\/\/render.tips\/\",\"sameAs\":[\"https:\/\/www.facebook.com\/rendertipscourses\/\",\"https:\/\/www.instagram.com\/rendertips\/\",\"https:\/\/www.youtube.com\/channel\/UCx_9bcvh0_AQFGXxJ0StKSQ\",\"https:\/\/twitter.com\/rendertips\"],\"logo\":{\"@type\":\"ImageObject\",\"@id\":\"https:\/\/render.tips\/#logo\",\"inLanguage\":\"es\",\"url\":\"https:\/\/static.render.tips\/wp-content\/uploads\/2019\/08\/logo_1024.png\",\"width\":1024,\"height\":1024,\"caption\":\"Render Tips\"},\"image\":{\"@id\":\"https:\/\/render.tips\/#logo\"}},{\"@type\":\"WebSite\",\"@id\":\"https:\/\/render.tips\/#website\",\"url\":\"https:\/\/render.tips\/\",\"name\":\"Online Courses from Basic to Advanced | RenderTips\",\"description\":\"Technology Online Courses - Solidworks, Autocad, Inventor, 3ds Max and More\",\"publisher\":{\"@id\":\"https:\/\/render.tips\/#organization\"},\"potentialAction\":[{\"@type\":\"SearchAction\",\"target\":\"https:\/\/render.tips\/?s={search_term_string}\",\"query-input\":\"required name=search_term_string\"}],\"inLanguage\":\"es\"},{\"@type\":\"ImageObject\",\"@id\":\"https:\/\/render.tips\/es\/cursos\/gratuitos\/aprendiendo-3ds-max-2010#primaryimage\",\"inLanguage\":\"es\",\"url\":\"https:\/\/static.render.tips\/wp-content\/uploads\/2020\/01\/Curso-aprendiendo-3ds-max-2010-3DS10-AP-S_destaque-20200127145846.jpg\",\"width\":262,\"height\":238},{\"@type\":\"WebPage\",\"@id\":\"https:\/\/render.tips\/es\/cursos\/gratuitos\/aprendiendo-3ds-max-2010#webpage\",\"url\":\"https:\/\/render.tips\/es\/cursos\/gratuitos\/aprendiendo-3ds-max-2010\",\"name\":\"Curso Aprendiendo 3ds Max 2010 | Online Courses from Basic to Advanced | RenderTips\",\"isPartOf\":{\"@id\":\"https:\/\/render.tips\/#website\"},\"primaryImageOfPage\":{\"@id\":\"https:\/\/render.tips\/es\/cursos\/gratuitos\/aprendiendo-3ds-max-2010#primaryimage\"},\"datePublished\":\"2010-07-21T13:04:05+00:00\",\"dateModified\":\"2020-01-28T22:12:24+00:00\",\"description\":\"Aprenda a utilizar el software de animaci\\u00f3n m\\u00e1s usado en el mundo\",\"breadcrumb\":{\"@id\":\"https:\/\/render.tips\/es\/cursos\/gratuitos\/aprendiendo-3ds-max-2010#breadcrumb\"},\"inLanguage\":\"es\",\"potentialAction\":[{\"@type\":\"ReadAction\",\"target\":[\"https:\/\/render.tips\/es\/cursos\/gratuitos\/aprendiendo-3ds-max-2010\"]}]},{\"@type\":\"BreadcrumbList\",\"@id\":\"https:\/\/render.tips\/es\/cursos\/gratuitos\/aprendiendo-3ds-max-2010#breadcrumb\",\"itemListElement\":[{\"@type\":\"ListItem\",\"position\":1,\"item\":{\"@type\":\"WebPage\",\"@id\":\"https:\/\/render.tips\/es\",\"url\":\"https:\/\/render.tips\/es\",\"name\":\"Home\"}},{\"@type\":\"ListItem\",\"position\":2,\"item\":{\"@type\":\"WebPage\",\"@id\":\"https:\/\/render.tips\/es\/shop\",\"url\":\"https:\/\/render.tips\/es\/shop\",\"name\":\"Shop\"}},{\"@type\":\"ListItem\",\"position\":3,\"item\":{\"@type\":\"WebPage\",\"@id\":\"https:\/\/render.tips\/es\/cursos\/gratuitos\/aprendiendo-3ds-max-2010\",\"url\":\"https:\/\/render.tips\/es\/cursos\/gratuitos\/aprendiendo-3ds-max-2010\",\"name\":\"Curso Aprendiendo 3ds Max 2010\"}}]}]}<\/script>\n<!-- \/ Yoast SEO plugin. -->","_links":{"self":[{"href":"https:\/\/render.tips\/es\/wp-json\/wp\/v2\/product\/228136"}],"collection":[{"href":"https:\/\/render.tips\/es\/wp-json\/wp\/v2\/product"}],"about":[{"href":"https:\/\/render.tips\/es\/wp-json\/wp\/v2\/types\/product"}],"replies":[{"embeddable":true,"href":"https:\/\/render.tips\/es\/wp-json\/wp\/v2\/comments?post=228136"}],"wp:featuredmedia":[{"embeddable":true,"href":"https:\/\/render.tips\/es\/wp-json\/wp\/v2\/media\/228130"}],"wp:attachment":[{"href":"https:\/\/render.tips\/es\/wp-json\/wp\/v2\/media?parent=228136"}],"wp:term":[{"taxonomy":"product_cat","embeddable":true,"href":"https:\/\/render.tips\/es\/wp-json\/wp\/v2\/product_cat?post=228136"},{"taxonomy":"product_tag","embeddable":true,"href":"https:\/\/render.tips\/es\/wp-json\/wp\/v2\/product_tag?post=228136"}],"curies":[{"name":"wp","href":"https:\/\/api.w.org\/{rel}","templated":true}]}}