{"id":228117,"date":"2010-07-01T10:51:39","date_gmt":"2010-07-01T13:51:39","guid":{"rendered":"https:\/\/render.tips\/uncategorized\/aprendiendo-solidworks-2009"},"modified":"2020-01-28T19:11:48","modified_gmt":"2020-01-28T22:11:48","slug":"aprendiendo-solidworks-2009","status":"publish","type":"product","link":"https:\/\/render.tips\/es\/cursos\/gratuitos\/aprendiendo-solidworks-2009","title":{"rendered":"Curso Aprendiendo SolidWorks 2009"},"content":{"rendered":"<p>El curso presenta los conceptos y comandos b\u00e1sicos para crear geometr\u00eda 3D, montajes y detallados. Aprenda con este curso gratuito, a navegar en los ambientes de SolidWorks, crear y editar piezas en 3D, crear montajes sencillos y simular sus movimientos. Acompa\u00f1e los ejemplos pr\u00e1cticos del curso para crear un eje escalonado con ranura y realizar el montaje de un cojinete en 3D.<\/p>\n","protected":false},"excerpt":{"rendered":"<p><span style=\"color: #ff6600\">La forma m\u00e1s r\u00e1pida y f\u00e1cil de aprender a criar modelos 3D con SolidWorks<\/span><\/p>\n","protected":false},"featured_media":228105,"comment_status":"open","ping_status":"closed","template":"","meta":[],"product_cat":[478],"product_tag":[],"acf":[],"yoast_head":"<!-- This site is optimized with the Yoast SEO plugin v15.9 - https:\/\/yoast.com\/wordpress\/plugins\/seo\/ -->\n<title>Curso Aprendiendo SolidWorks 2009 | Online Courses from Basic to Advanced | RenderTips<\/title>\n<meta name=\"description\" content=\"La forma m\u00e1s r\u00e1pida y f\u00e1cil de aprender a criar modelos 3D con SolidWorks\" \/>\n<meta name=\"robots\" content=\"index, follow, max-snippet:-1, max-image-preview:large, max-video-preview:-1\" \/>\n<link rel=\"canonical\" href=\"https:\/\/render.tips\/es\/cursos\/gratuitos\/aprendiendo-solidworks-2009\" \/>\n<meta property=\"og:locale\" content=\"es_ES\" \/>\n<meta property=\"og:type\" content=\"article\" \/>\n<meta property=\"og:title\" content=\"Curso Aprendiendo SolidWorks 2009 | Online Courses from Basic to Advanced | RenderTips\" \/>\n<meta property=\"og:description\" content=\"La forma m\u00e1s r\u00e1pida y f\u00e1cil de aprender a criar modelos 3D con SolidWorks\" \/>\n<meta property=\"og:url\" content=\"https:\/\/render.tips\/es\/cursos\/gratuitos\/aprendiendo-solidworks-2009\" \/>\n<meta property=\"og:site_name\" content=\"Online Courses from Basic to Advanced | RenderTips\" \/>\n<meta property=\"article:publisher\" content=\"https:\/\/www.facebook.com\/rendertipscourses\/\" \/>\n<meta property=\"article:modified_time\" content=\"2020-01-28T22:11:48+00:00\" \/>\n<meta property=\"og:image\" content=\"https:\/\/static.render.tips\/wp-content\/uploads\/2020\/01\/SW09-AP-S_facebook.png\" \/>\n\t<meta property=\"og:image:width\" content=\"262\" \/>\n\t<meta property=\"og:image:height\" content=\"238\" \/>\n<meta name=\"twitter:card\" content=\"summary_large_image\" \/>\n<meta name=\"twitter:image\" content=\"https:\/\/static.render.tips\/wp-content\/uploads\/2020\/01\/SW09-AP-S_facebook.png\" \/>\n<meta name=\"twitter:site\" content=\"@rendertips\" \/>\n<script type=\"application\/ld+json\" class=\"yoast-schema-graph\">{\"@context\":\"https:\/\/schema.org\",\"@graph\":[{\"@type\":\"Organization\",\"@id\":\"https:\/\/render.tips\/#organization\",\"name\":\"Render Tips\",\"url\":\"https:\/\/render.tips\/\",\"sameAs\":[\"https:\/\/www.facebook.com\/rendertipscourses\/\",\"https:\/\/www.instagram.com\/rendertips\/\",\"https:\/\/www.youtube.com\/channel\/UCx_9bcvh0_AQFGXxJ0StKSQ\",\"https:\/\/twitter.com\/rendertips\"],\"logo\":{\"@type\":\"ImageObject\",\"@id\":\"https:\/\/render.tips\/#logo\",\"inLanguage\":\"es\",\"url\":\"https:\/\/static.render.tips\/wp-content\/uploads\/2019\/08\/logo_1024.png\",\"width\":1024,\"height\":1024,\"caption\":\"Render Tips\"},\"image\":{\"@id\":\"https:\/\/render.tips\/#logo\"}},{\"@type\":\"WebSite\",\"@id\":\"https:\/\/render.tips\/#website\",\"url\":\"https:\/\/render.tips\/\",\"name\":\"Online Courses from Basic to Advanced | RenderTips\",\"description\":\"Technology Online Courses - Solidworks, Autocad, Inventor, 3ds Max and More\",\"publisher\":{\"@id\":\"https:\/\/render.tips\/#organization\"},\"potentialAction\":[{\"@type\":\"SearchAction\",\"target\":\"https:\/\/render.tips\/?s={search_term_string}\",\"query-input\":\"required name=search_term_string\"}],\"inLanguage\":\"es\"},{\"@type\":\"ImageObject\",\"@id\":\"https:\/\/render.tips\/es\/cursos\/gratuitos\/aprendiendo-solidworks-2009#primaryimage\",\"inLanguage\":\"es\",\"url\":\"https:\/\/static.render.tips\/wp-content\/uploads\/2020\/01\/Curso-aprendiendo-solidworks-2009-SW09-AP-S_destaque-20200127144619.jpg\",\"width\":262,\"height\":238},{\"@type\":\"WebPage\",\"@id\":\"https:\/\/render.tips\/es\/cursos\/gratuitos\/aprendiendo-solidworks-2009#webpage\",\"url\":\"https:\/\/render.tips\/es\/cursos\/gratuitos\/aprendiendo-solidworks-2009\",\"name\":\"Curso Aprendiendo SolidWorks 2009 | Online Courses from Basic to Advanced | RenderTips\",\"isPartOf\":{\"@id\":\"https:\/\/render.tips\/#website\"},\"primaryImageOfPage\":{\"@id\":\"https:\/\/render.tips\/es\/cursos\/gratuitos\/aprendiendo-solidworks-2009#primaryimage\"},\"datePublished\":\"2010-07-01T13:51:39+00:00\",\"dateModified\":\"2020-01-28T22:11:48+00:00\",\"description\":\"La forma m\\u00e1s r\\u00e1pida y f\\u00e1cil de aprender a criar modelos 3D con SolidWorks\",\"breadcrumb\":{\"@id\":\"https:\/\/render.tips\/es\/cursos\/gratuitos\/aprendiendo-solidworks-2009#breadcrumb\"},\"inLanguage\":\"es\",\"potentialAction\":[{\"@type\":\"ReadAction\",\"target\":[\"https:\/\/render.tips\/es\/cursos\/gratuitos\/aprendiendo-solidworks-2009\"]}]},{\"@type\":\"BreadcrumbList\",\"@id\":\"https:\/\/render.tips\/es\/cursos\/gratuitos\/aprendiendo-solidworks-2009#breadcrumb\",\"itemListElement\":[{\"@type\":\"ListItem\",\"position\":1,\"item\":{\"@type\":\"WebPage\",\"@id\":\"https:\/\/render.tips\/es\",\"url\":\"https:\/\/render.tips\/es\",\"name\":\"Home\"}},{\"@type\":\"ListItem\",\"position\":2,\"item\":{\"@type\":\"WebPage\",\"@id\":\"https:\/\/render.tips\/es\/shop\",\"url\":\"https:\/\/render.tips\/es\/shop\",\"name\":\"Shop\"}},{\"@type\":\"ListItem\",\"position\":3,\"item\":{\"@type\":\"WebPage\",\"@id\":\"https:\/\/render.tips\/es\/cursos\/gratuitos\/aprendiendo-solidworks-2009\",\"url\":\"https:\/\/render.tips\/es\/cursos\/gratuitos\/aprendiendo-solidworks-2009\",\"name\":\"Curso Aprendiendo SolidWorks 2009\"}}]}]}<\/script>\n<!-- \/ Yoast SEO plugin. -->","_links":{"self":[{"href":"https:\/\/render.tips\/es\/wp-json\/wp\/v2\/product\/228117"}],"collection":[{"href":"https:\/\/render.tips\/es\/wp-json\/wp\/v2\/product"}],"about":[{"href":"https:\/\/render.tips\/es\/wp-json\/wp\/v2\/types\/product"}],"replies":[{"embeddable":true,"href":"https:\/\/render.tips\/es\/wp-json\/wp\/v2\/comments?post=228117"}],"wp:featuredmedia":[{"embeddable":true,"href":"https:\/\/render.tips\/es\/wp-json\/wp\/v2\/media\/228105"}],"wp:attachment":[{"href":"https:\/\/render.tips\/es\/wp-json\/wp\/v2\/media?parent=228117"}],"wp:term":[{"taxonomy":"product_cat","embeddable":true,"href":"https:\/\/render.tips\/es\/wp-json\/wp\/v2\/product_cat?post=228117"},{"taxonomy":"product_tag","embeddable":true,"href":"https:\/\/render.tips\/es\/wp-json\/wp\/v2\/product_tag?post=228117"}],"curies":[{"name":"wp","href":"https:\/\/api.w.org\/{rel}","templated":true}]}}