{"id":228087,"date":"2011-08-30T16:33:04","date_gmt":"2011-08-30T19:33:04","guid":{"rendered":"https:\/\/render.tips\/uncategorized\/solidworks-2010-ejemplos-practicos"},"modified":"2020-01-28T23:28:37","modified_gmt":"2020-01-29T02:28:37","slug":"solidworks-2010-ejemplos-practicos","status":"publish","type":"product","link":"https:\/\/render.tips\/es\/cursos\/gratuitos\/solidworks-2010-ejemplos-practicos","title":{"rendered":"Curso SolidWorks 2010 Ejemplos Pr\u00e1cticos"},"content":{"rendered":"<p>Aprenda paso a paso con diversos ejemplos pr\u00e1cticos a desarrollar piezas, montajes y detallados en SolidWorks 2010. El curso ense\u00f1a desde la l\u00f3gica de trabajo de SolidWorks hasta operaciones m\u00e1s complejas como simulaciones de movimiento de mecanismos. Aprenda a compartir y presentar su proyecto con los recursos de vistas explotadas, eDrawings y Renderizaci\u00f3n. En la pr\u00e1ctica vea c\u00f3mo desarrollar piezas y conjuntos como un Skate, una Garra mec\u00e1nica y un Secador de Cabellos a trav\u00e9s de ejemplos pr\u00e1cticos que facilitan su aprendizaje. Aprenda SolidWorks 2010 con Render!<\/p>\n","protected":false},"excerpt":{"rendered":"<p><span style=\"color: #ff6600\">Cree, comparte y presente sus proyectos con los recursos de SolidWorks 2010<\/span><\/p>\n","protected":false},"featured_media":228078,"comment_status":"open","ping_status":"closed","template":"","meta":[],"product_cat":[478],"product_tag":[],"acf":[],"yoast_head":"<!-- This site is optimized with the Yoast SEO plugin v15.9 - https:\/\/yoast.com\/wordpress\/plugins\/seo\/ -->\n<title>Curso SolidWorks 2010 Ejemplos Pr\u00e1cticos | Online Courses from Basic to Advanced | RenderTips<\/title>\n<meta name=\"description\" content=\"Cree, comparte y presente sus proyectos con los recursos de SolidWorks 2010\" \/>\n<meta name=\"robots\" content=\"index, follow, max-snippet:-1, max-image-preview:large, max-video-preview:-1\" \/>\n<link rel=\"canonical\" href=\"https:\/\/render.tips\/es\/cursos\/gratuitos\/solidworks-2010-ejemplos-practicos\" \/>\n<meta property=\"og:locale\" content=\"es_ES\" \/>\n<meta property=\"og:type\" content=\"article\" \/>\n<meta property=\"og:title\" content=\"Curso SolidWorks 2010 Ejemplos Pr\u00e1cticos | Online Courses from Basic to Advanced | RenderTips\" \/>\n<meta property=\"og:description\" content=\"Cree, comparte y presente sus proyectos con los recursos de SolidWorks 2010\" \/>\n<meta property=\"og:url\" content=\"https:\/\/render.tips\/es\/cursos\/gratuitos\/solidworks-2010-ejemplos-practicos\" \/>\n<meta property=\"og:site_name\" content=\"Online Courses from Basic to Advanced | RenderTips\" \/>\n<meta property=\"article:publisher\" content=\"https:\/\/www.facebook.com\/rendertipscourses\/\" \/>\n<meta property=\"article:modified_time\" content=\"2020-01-29T02:28:37+00:00\" \/>\n<meta property=\"og:image\" content=\"https:\/\/static.render.tips\/wp-content\/uploads\/2020\/01\/SW10-X-S_facebook.png\" \/>\n\t<meta property=\"og:image:width\" content=\"262\" \/>\n\t<meta property=\"og:image:height\" content=\"238\" \/>\n<meta name=\"twitter:card\" content=\"summary_large_image\" \/>\n<meta name=\"twitter:image\" content=\"https:\/\/static.render.tips\/wp-content\/uploads\/2020\/01\/SW10-X-S_facebook.png\" \/>\n<meta name=\"twitter:site\" content=\"@rendertips\" \/>\n<script type=\"application\/ld+json\" class=\"yoast-schema-graph\">{\"@context\":\"https:\/\/schema.org\",\"@graph\":[{\"@type\":\"Organization\",\"@id\":\"https:\/\/render.tips\/#organization\",\"name\":\"Render Tips\",\"url\":\"https:\/\/render.tips\/\",\"sameAs\":[\"https:\/\/www.facebook.com\/rendertipscourses\/\",\"https:\/\/www.instagram.com\/rendertips\/\",\"https:\/\/www.youtube.com\/channel\/UCx_9bcvh0_AQFGXxJ0StKSQ\",\"https:\/\/twitter.com\/rendertips\"],\"logo\":{\"@type\":\"ImageObject\",\"@id\":\"https:\/\/render.tips\/#logo\",\"inLanguage\":\"es\",\"url\":\"https:\/\/static.render.tips\/wp-content\/uploads\/2019\/08\/logo_1024.png\",\"width\":1024,\"height\":1024,\"caption\":\"Render Tips\"},\"image\":{\"@id\":\"https:\/\/render.tips\/#logo\"}},{\"@type\":\"WebSite\",\"@id\":\"https:\/\/render.tips\/#website\",\"url\":\"https:\/\/render.tips\/\",\"name\":\"Online Courses from Basic to Advanced | RenderTips\",\"description\":\"Technology Online Courses - Solidworks, Autocad, Inventor, 3ds Max and More\",\"publisher\":{\"@id\":\"https:\/\/render.tips\/#organization\"},\"potentialAction\":[{\"@type\":\"SearchAction\",\"target\":\"https:\/\/render.tips\/?s={search_term_string}\",\"query-input\":\"required name=search_term_string\"}],\"inLanguage\":\"es\"},{\"@type\":\"ImageObject\",\"@id\":\"https:\/\/render.tips\/es\/cursos\/gratuitos\/solidworks-2010-ejemplos-practicos#primaryimage\",\"inLanguage\":\"es\",\"url\":\"https:\/\/static.render.tips\/wp-content\/uploads\/2020\/01\/Curso-solidworks-2010-ejemplos-practicos-SW10-X-S_destaque-20200127142741.jpg\",\"width\":262,\"height\":238},{\"@type\":\"WebPage\",\"@id\":\"https:\/\/render.tips\/es\/cursos\/gratuitos\/solidworks-2010-ejemplos-practicos#webpage\",\"url\":\"https:\/\/render.tips\/es\/cursos\/gratuitos\/solidworks-2010-ejemplos-practicos\",\"name\":\"Curso SolidWorks 2010 Ejemplos Pr\\u00e1cticos | Online Courses from Basic to Advanced | RenderTips\",\"isPartOf\":{\"@id\":\"https:\/\/render.tips\/#website\"},\"primaryImageOfPage\":{\"@id\":\"https:\/\/render.tips\/es\/cursos\/gratuitos\/solidworks-2010-ejemplos-practicos#primaryimage\"},\"datePublished\":\"2011-08-30T19:33:04+00:00\",\"dateModified\":\"2020-01-29T02:28:37+00:00\",\"description\":\"Cree, comparte y presente sus proyectos con los recursos de SolidWorks 2010\",\"breadcrumb\":{\"@id\":\"https:\/\/render.tips\/es\/cursos\/gratuitos\/solidworks-2010-ejemplos-practicos#breadcrumb\"},\"inLanguage\":\"es\",\"potentialAction\":[{\"@type\":\"ReadAction\",\"target\":[\"https:\/\/render.tips\/es\/cursos\/gratuitos\/solidworks-2010-ejemplos-practicos\"]}]},{\"@type\":\"BreadcrumbList\",\"@id\":\"https:\/\/render.tips\/es\/cursos\/gratuitos\/solidworks-2010-ejemplos-practicos#breadcrumb\",\"itemListElement\":[{\"@type\":\"ListItem\",\"position\":1,\"item\":{\"@type\":\"WebPage\",\"@id\":\"https:\/\/render.tips\/es\",\"url\":\"https:\/\/render.tips\/es\",\"name\":\"Home\"}},{\"@type\":\"ListItem\",\"position\":2,\"item\":{\"@type\":\"WebPage\",\"@id\":\"https:\/\/render.tips\/es\/shop\",\"url\":\"https:\/\/render.tips\/es\/shop\",\"name\":\"Shop\"}},{\"@type\":\"ListItem\",\"position\":3,\"item\":{\"@type\":\"WebPage\",\"@id\":\"https:\/\/render.tips\/es\/cursos\/gratuitos\/solidworks-2010-ejemplos-practicos\",\"url\":\"https:\/\/render.tips\/es\/cursos\/gratuitos\/solidworks-2010-ejemplos-practicos\",\"name\":\"Curso SolidWorks 2010 Ejemplos Pr\\u00e1cticos\"}}]}]}<\/script>\n<!-- \/ Yoast SEO plugin. -->","_links":{"self":[{"href":"https:\/\/render.tips\/es\/wp-json\/wp\/v2\/product\/228087"}],"collection":[{"href":"https:\/\/render.tips\/es\/wp-json\/wp\/v2\/product"}],"about":[{"href":"https:\/\/render.tips\/es\/wp-json\/wp\/v2\/types\/product"}],"replies":[{"embeddable":true,"href":"https:\/\/render.tips\/es\/wp-json\/wp\/v2\/comments?post=228087"}],"wp:featuredmedia":[{"embeddable":true,"href":"https:\/\/render.tips\/es\/wp-json\/wp\/v2\/media\/228078"}],"wp:attachment":[{"href":"https:\/\/render.tips\/es\/wp-json\/wp\/v2\/media?parent=228087"}],"wp:term":[{"taxonomy":"product_cat","embeddable":true,"href":"https:\/\/render.tips\/es\/wp-json\/wp\/v2\/product_cat?post=228087"},{"taxonomy":"product_tag","embeddable":true,"href":"https:\/\/render.tips\/es\/wp-json\/wp\/v2\/product_tag?post=228087"}],"curies":[{"name":"wp","href":"https:\/\/api.w.org\/{rel}","templated":true}]}}