{"id":228044,"date":"2011-08-30T16:49:25","date_gmt":"2011-08-30T19:49:25","guid":{"rendered":"https:\/\/render.tips\/uncategorized\/solidworks-2010-chapas-metalicas-en-espanol"},"modified":"2020-01-28T23:35:41","modified_gmt":"2020-01-29T02:35:41","slug":"solidworks-2010-chapas-metalicas-en-espanol","status":"publish","type":"product","link":"https:\/\/render.tips\/es\/cursos\/gratuitos\/solidworks-2010-chapas-metalicas-en-espanol","title":{"rendered":"Curso SolidWorks 2010 Chapas Met\u00e1licas en Espa\u00f1ol"},"content":{"rendered":"<p>Domine la creaci\u00f3n de piezas, montajes y el aplanado de chapas met\u00e1licas en Solidworks 2010. El curso ense\u00f1a desde los conceptos iniciales de modelado de chapas hasta los recursos avanzados para trabajar con montajes y detallado. Aprenda con SolidWorks 2010 a usar recursos como biblioteca de conformaci\u00f3n, conversi\u00f3n de piezas en chapas, instant3D, transici\u00f3n de chapas, tabla de pliegues, exportaci\u00f3n en DXF y detallado de aplanado. Aproveche esta oportunidad y aprenda f\u00e1cilmente los mejores recursos para proyectos de chapas met\u00e1licas con SolidWorks 2010.<\/p>\n","protected":false},"excerpt":{"rendered":"<p><span style=\"color: #ff6600\">Aprenda a crear proyectos de Chapas Met\u00e1licas en SolidWorks 2010<\/span><\/p>\n","protected":false},"featured_media":228033,"comment_status":"open","ping_status":"closed","template":"","meta":[],"product_cat":[478],"product_tag":[],"acf":[],"yoast_head":"<!-- This site is optimized with the Yoast SEO plugin v15.9 - https:\/\/yoast.com\/wordpress\/plugins\/seo\/ -->\n<title>Curso SolidWorks 2010 Chapas Met\u00e1licas en Espa\u00f1ol | Online Courses from Basic to Advanced | RenderTips<\/title>\n<meta name=\"description\" content=\"Aprenda a crear proyectos de Chapas Met\u00e1licas en SolidWorks 2010\" \/>\n<meta name=\"robots\" content=\"index, follow, max-snippet:-1, max-image-preview:large, max-video-preview:-1\" \/>\n<link rel=\"canonical\" href=\"https:\/\/render.tips\/es\/cursos\/gratuitos\/solidworks-2010-chapas-metalicas-en-espanol\" \/>\n<meta property=\"og:locale\" content=\"es_ES\" \/>\n<meta property=\"og:type\" content=\"article\" \/>\n<meta property=\"og:title\" content=\"Curso SolidWorks 2010 Chapas Met\u00e1licas en Espa\u00f1ol | Online Courses from Basic to Advanced | RenderTips\" \/>\n<meta property=\"og:description\" content=\"Aprenda a crear proyectos de Chapas Met\u00e1licas en SolidWorks 2010\" \/>\n<meta property=\"og:url\" content=\"https:\/\/render.tips\/es\/cursos\/gratuitos\/solidworks-2010-chapas-metalicas-en-espanol\" \/>\n<meta property=\"og:site_name\" content=\"Online Courses from Basic to Advanced | RenderTips\" \/>\n<meta property=\"article:publisher\" content=\"https:\/\/www.facebook.com\/rendertipscourses\/\" \/>\n<meta property=\"article:modified_time\" content=\"2020-01-29T02:35:41+00:00\" \/>\n<meta property=\"og:image\" content=\"https:\/\/static.render.tips\/wp-content\/uploads\/2020\/01\/SW10-CHP-S_facebook.png\" \/>\n\t<meta property=\"og:image:width\" content=\"262\" \/>\n\t<meta property=\"og:image:height\" content=\"238\" \/>\n<meta name=\"twitter:card\" content=\"summary_large_image\" \/>\n<meta name=\"twitter:image\" content=\"https:\/\/static.render.tips\/wp-content\/uploads\/2020\/01\/SW10-CHP-S_facebook.png\" \/>\n<meta name=\"twitter:site\" content=\"@rendertips\" \/>\n<script type=\"application\/ld+json\" class=\"yoast-schema-graph\">{\"@context\":\"https:\/\/schema.org\",\"@graph\":[{\"@type\":\"Organization\",\"@id\":\"https:\/\/render.tips\/#organization\",\"name\":\"Render Tips\",\"url\":\"https:\/\/render.tips\/\",\"sameAs\":[\"https:\/\/www.facebook.com\/rendertipscourses\/\",\"https:\/\/www.instagram.com\/rendertips\/\",\"https:\/\/www.youtube.com\/channel\/UCx_9bcvh0_AQFGXxJ0StKSQ\",\"https:\/\/twitter.com\/rendertips\"],\"logo\":{\"@type\":\"ImageObject\",\"@id\":\"https:\/\/render.tips\/#logo\",\"inLanguage\":\"es\",\"url\":\"https:\/\/static.render.tips\/wp-content\/uploads\/2019\/08\/logo_1024.png\",\"width\":1024,\"height\":1024,\"caption\":\"Render Tips\"},\"image\":{\"@id\":\"https:\/\/render.tips\/#logo\"}},{\"@type\":\"WebSite\",\"@id\":\"https:\/\/render.tips\/#website\",\"url\":\"https:\/\/render.tips\/\",\"name\":\"Online Courses from Basic to Advanced | RenderTips\",\"description\":\"Technology Online Courses - Solidworks, Autocad, Inventor, 3ds Max and More\",\"publisher\":{\"@id\":\"https:\/\/render.tips\/#organization\"},\"potentialAction\":[{\"@type\":\"SearchAction\",\"target\":\"https:\/\/render.tips\/?s={search_term_string}\",\"query-input\":\"required name=search_term_string\"}],\"inLanguage\":\"es\"},{\"@type\":\"ImageObject\",\"@id\":\"https:\/\/render.tips\/es\/cursos\/gratuitos\/solidworks-2010-chapas-metalicas-en-espanol#primaryimage\",\"inLanguage\":\"es\",\"url\":\"https:\/\/static.render.tips\/wp-content\/uploads\/2020\/01\/Curso-solidworks-2010-chapas-metalicas-en-espanol-SW10-CHP-S_destaque-20200127124407.jpg\",\"width\":262,\"height\":238},{\"@type\":\"WebPage\",\"@id\":\"https:\/\/render.tips\/es\/cursos\/gratuitos\/solidworks-2010-chapas-metalicas-en-espanol#webpage\",\"url\":\"https:\/\/render.tips\/es\/cursos\/gratuitos\/solidworks-2010-chapas-metalicas-en-espanol\",\"name\":\"Curso SolidWorks 2010 Chapas Met\\u00e1licas en Espa\\u00f1ol | Online Courses from Basic to Advanced | RenderTips\",\"isPartOf\":{\"@id\":\"https:\/\/render.tips\/#website\"},\"primaryImageOfPage\":{\"@id\":\"https:\/\/render.tips\/es\/cursos\/gratuitos\/solidworks-2010-chapas-metalicas-en-espanol#primaryimage\"},\"datePublished\":\"2011-08-30T19:49:25+00:00\",\"dateModified\":\"2020-01-29T02:35:41+00:00\",\"description\":\"Aprenda a crear proyectos de Chapas Met\\u00e1licas en SolidWorks 2010\",\"breadcrumb\":{\"@id\":\"https:\/\/render.tips\/es\/cursos\/gratuitos\/solidworks-2010-chapas-metalicas-en-espanol#breadcrumb\"},\"inLanguage\":\"es\",\"potentialAction\":[{\"@type\":\"ReadAction\",\"target\":[\"https:\/\/render.tips\/es\/cursos\/gratuitos\/solidworks-2010-chapas-metalicas-en-espanol\"]}]},{\"@type\":\"BreadcrumbList\",\"@id\":\"https:\/\/render.tips\/es\/cursos\/gratuitos\/solidworks-2010-chapas-metalicas-en-espanol#breadcrumb\",\"itemListElement\":[{\"@type\":\"ListItem\",\"position\":1,\"item\":{\"@type\":\"WebPage\",\"@id\":\"https:\/\/render.tips\/es\",\"url\":\"https:\/\/render.tips\/es\",\"name\":\"Home\"}},{\"@type\":\"ListItem\",\"position\":2,\"item\":{\"@type\":\"WebPage\",\"@id\":\"https:\/\/render.tips\/es\/shop\",\"url\":\"https:\/\/render.tips\/es\/shop\",\"name\":\"Shop\"}},{\"@type\":\"ListItem\",\"position\":3,\"item\":{\"@type\":\"WebPage\",\"@id\":\"https:\/\/render.tips\/es\/cursos\/gratuitos\/solidworks-2010-chapas-metalicas-en-espanol\",\"url\":\"https:\/\/render.tips\/es\/cursos\/gratuitos\/solidworks-2010-chapas-metalicas-en-espanol\",\"name\":\"Curso SolidWorks 2010 Chapas Met\\u00e1licas en Espa\\u00f1ol\"}}]}]}<\/script>\n<!-- \/ Yoast SEO plugin. -->","_links":{"self":[{"href":"https:\/\/render.tips\/es\/wp-json\/wp\/v2\/product\/228044"}],"collection":[{"href":"https:\/\/render.tips\/es\/wp-json\/wp\/v2\/product"}],"about":[{"href":"https:\/\/render.tips\/es\/wp-json\/wp\/v2\/types\/product"}],"replies":[{"embeddable":true,"href":"https:\/\/render.tips\/es\/wp-json\/wp\/v2\/comments?post=228044"}],"wp:featuredmedia":[{"embeddable":true,"href":"https:\/\/render.tips\/es\/wp-json\/wp\/v2\/media\/228033"}],"wp:attachment":[{"href":"https:\/\/render.tips\/es\/wp-json\/wp\/v2\/media?parent=228044"}],"wp:term":[{"taxonomy":"product_cat","embeddable":true,"href":"https:\/\/render.tips\/es\/wp-json\/wp\/v2\/product_cat?post=228044"},{"taxonomy":"product_tag","embeddable":true,"href":"https:\/\/render.tips\/es\/wp-json\/wp\/v2\/product_tag?post=228044"}],"curies":[{"name":"wp","href":"https:\/\/api.w.org\/{rel}","templated":true}]}}