{"id":228005,"date":"2011-08-08T17:07:18","date_gmt":"2011-08-08T20:07:18","guid":{"rendered":"https:\/\/render.tips\/uncategorized\/autocad-2010-2d-ejemplos-practicos"},"modified":"2020-01-28T22:33:15","modified_gmt":"2020-01-29T01:33:15","slug":"autocad-2010-2d-ejemplos-practicos","status":"publish","type":"product","link":"https:\/\/render.tips\/es\/cursos\/gratuitos\/autocad-2010-2d-ejemplos-practicos","title":{"rendered":"Curso AutoCAD 2010 2D Ejemplos Pr\u00e1cticos"},"content":{"rendered":"<p>El curso AutoCAD 2010 2D Ejemplos Pr\u00e1cticos ense\u00f1a desde los primeros pasos en AutoCAD hasta la realizaci\u00f3n de un dise\u00f1o 2D completo y su impresi\u00f3n. Repleto de ejemplos pr\u00e1cticos el curso posee did\u00e1ctica simple y eficaz para quien desea aprender AutoCAD r\u00e1pidamente. Con este curso usted aprender\u00e1 a crear piezas mec\u00e1nicas, plantas bajas, usando los principales recursos de AutoCAD y estar\u00e1 listo para iniciar sus primeros proyectos. Dest\u00e1quese en el mercado, aprenda AutoCAD 2010 con RENDER.<\/p>\n","protected":false},"excerpt":{"rendered":"<p><span style=\"color: #ff6600\">Aprenda en la pr\u00e1ctica a utilizar AutoCAD 2010<\/span><\/p>\n","protected":false},"featured_media":227990,"comment_status":"open","ping_status":"closed","template":"","meta":[],"product_cat":[478],"product_tag":[],"acf":[],"yoast_head":"<!-- This site is optimized with the Yoast SEO plugin v15.9 - https:\/\/yoast.com\/wordpress\/plugins\/seo\/ -->\n<title>Curso AutoCAD 2010 2D Ejemplos Pr\u00e1cticos | Online Courses from Basic to Advanced | RenderTips<\/title>\n<meta name=\"description\" content=\"Aprenda en la pr\u00e1ctica a utilizar AutoCAD 2010\" \/>\n<meta name=\"robots\" content=\"index, follow, max-snippet:-1, max-image-preview:large, max-video-preview:-1\" \/>\n<link rel=\"canonical\" href=\"https:\/\/render.tips\/es\/cursos\/gratuitos\/autocad-2010-2d-ejemplos-practicos\" \/>\n<meta property=\"og:locale\" content=\"es_ES\" \/>\n<meta property=\"og:type\" content=\"article\" \/>\n<meta property=\"og:title\" content=\"Curso AutoCAD 2010 2D Ejemplos Pr\u00e1cticos | Online Courses from Basic to Advanced | RenderTips\" \/>\n<meta property=\"og:description\" content=\"Aprenda en la pr\u00e1ctica a utilizar AutoCAD 2010\" \/>\n<meta property=\"og:url\" content=\"https:\/\/render.tips\/es\/cursos\/gratuitos\/autocad-2010-2d-ejemplos-practicos\" \/>\n<meta property=\"og:site_name\" content=\"Online Courses from Basic to Advanced | RenderTips\" \/>\n<meta property=\"article:publisher\" content=\"https:\/\/www.facebook.com\/rendertipscourses\/\" \/>\n<meta property=\"article:modified_time\" content=\"2020-01-29T01:33:15+00:00\" \/>\n<meta property=\"og:image\" content=\"https:\/\/static.render.tips\/wp-content\/uploads\/2020\/01\/ACAD10-2DX-S_facebook.png\" \/>\n\t<meta property=\"og:image:width\" content=\"262\" \/>\n\t<meta property=\"og:image:height\" content=\"238\" \/>\n<meta name=\"twitter:card\" content=\"summary_large_image\" \/>\n<meta name=\"twitter:image\" content=\"https:\/\/static.render.tips\/wp-content\/uploads\/2020\/01\/ACAD10-2DX-S_facebook.png\" \/>\n<meta name=\"twitter:site\" content=\"@rendertips\" \/>\n<script type=\"application\/ld+json\" class=\"yoast-schema-graph\">{\"@context\":\"https:\/\/schema.org\",\"@graph\":[{\"@type\":\"Organization\",\"@id\":\"https:\/\/render.tips\/#organization\",\"name\":\"Render Tips\",\"url\":\"https:\/\/render.tips\/\",\"sameAs\":[\"https:\/\/www.facebook.com\/rendertipscourses\/\",\"https:\/\/www.instagram.com\/rendertips\/\",\"https:\/\/www.youtube.com\/channel\/UCx_9bcvh0_AQFGXxJ0StKSQ\",\"https:\/\/twitter.com\/rendertips\"],\"logo\":{\"@type\":\"ImageObject\",\"@id\":\"https:\/\/render.tips\/#logo\",\"inLanguage\":\"es\",\"url\":\"https:\/\/static.render.tips\/wp-content\/uploads\/2019\/08\/logo_1024.png\",\"width\":1024,\"height\":1024,\"caption\":\"Render Tips\"},\"image\":{\"@id\":\"https:\/\/render.tips\/#logo\"}},{\"@type\":\"WebSite\",\"@id\":\"https:\/\/render.tips\/#website\",\"url\":\"https:\/\/render.tips\/\",\"name\":\"Online Courses from Basic to Advanced | RenderTips\",\"description\":\"Technology Online Courses - Solidworks, Autocad, Inventor, 3ds Max and More\",\"publisher\":{\"@id\":\"https:\/\/render.tips\/#organization\"},\"potentialAction\":[{\"@type\":\"SearchAction\",\"target\":\"https:\/\/render.tips\/?s={search_term_string}\",\"query-input\":\"required name=search_term_string\"}],\"inLanguage\":\"es\"},{\"@type\":\"ImageObject\",\"@id\":\"https:\/\/render.tips\/es\/cursos\/gratuitos\/autocad-2010-2d-ejemplos-practicos#primaryimage\",\"inLanguage\":\"es\",\"url\":\"https:\/\/static.render.tips\/wp-content\/uploads\/2020\/01\/Curso-autocad-2010-2d-ejemplos-practicos-ACAD10-2DX-S_destaque-20200127120156.jpg\",\"width\":262,\"height\":238},{\"@type\":\"WebPage\",\"@id\":\"https:\/\/render.tips\/es\/cursos\/gratuitos\/autocad-2010-2d-ejemplos-practicos#webpage\",\"url\":\"https:\/\/render.tips\/es\/cursos\/gratuitos\/autocad-2010-2d-ejemplos-practicos\",\"name\":\"Curso AutoCAD 2010 2D Ejemplos Pr\\u00e1cticos | Online Courses from Basic to Advanced | RenderTips\",\"isPartOf\":{\"@id\":\"https:\/\/render.tips\/#website\"},\"primaryImageOfPage\":{\"@id\":\"https:\/\/render.tips\/es\/cursos\/gratuitos\/autocad-2010-2d-ejemplos-practicos#primaryimage\"},\"datePublished\":\"2011-08-08T20:07:18+00:00\",\"dateModified\":\"2020-01-29T01:33:15+00:00\",\"description\":\"Aprenda en la pr\\u00e1ctica a utilizar AutoCAD 2010\",\"breadcrumb\":{\"@id\":\"https:\/\/render.tips\/es\/cursos\/gratuitos\/autocad-2010-2d-ejemplos-practicos#breadcrumb\"},\"inLanguage\":\"es\",\"potentialAction\":[{\"@type\":\"ReadAction\",\"target\":[\"https:\/\/render.tips\/es\/cursos\/gratuitos\/autocad-2010-2d-ejemplos-practicos\"]}]},{\"@type\":\"BreadcrumbList\",\"@id\":\"https:\/\/render.tips\/es\/cursos\/gratuitos\/autocad-2010-2d-ejemplos-practicos#breadcrumb\",\"itemListElement\":[{\"@type\":\"ListItem\",\"position\":1,\"item\":{\"@type\":\"WebPage\",\"@id\":\"https:\/\/render.tips\/es\",\"url\":\"https:\/\/render.tips\/es\",\"name\":\"Home\"}},{\"@type\":\"ListItem\",\"position\":2,\"item\":{\"@type\":\"WebPage\",\"@id\":\"https:\/\/render.tips\/es\/shop\",\"url\":\"https:\/\/render.tips\/es\/shop\",\"name\":\"Shop\"}},{\"@type\":\"ListItem\",\"position\":3,\"item\":{\"@type\":\"WebPage\",\"@id\":\"https:\/\/render.tips\/es\/cursos\/gratuitos\/autocad-2010-2d-ejemplos-practicos\",\"url\":\"https:\/\/render.tips\/es\/cursos\/gratuitos\/autocad-2010-2d-ejemplos-practicos\",\"name\":\"Curso AutoCAD 2010 2D Ejemplos Pr\\u00e1cticos\"}}]}]}<\/script>\n<!-- \/ Yoast SEO plugin. -->","_links":{"self":[{"href":"https:\/\/render.tips\/es\/wp-json\/wp\/v2\/product\/228005"}],"collection":[{"href":"https:\/\/render.tips\/es\/wp-json\/wp\/v2\/product"}],"about":[{"href":"https:\/\/render.tips\/es\/wp-json\/wp\/v2\/types\/product"}],"replies":[{"embeddable":true,"href":"https:\/\/render.tips\/es\/wp-json\/wp\/v2\/comments?post=228005"}],"wp:featuredmedia":[{"embeddable":true,"href":"https:\/\/render.tips\/es\/wp-json\/wp\/v2\/media\/227990"}],"wp:attachment":[{"href":"https:\/\/render.tips\/es\/wp-json\/wp\/v2\/media?parent=228005"}],"wp:term":[{"taxonomy":"product_cat","embeddable":true,"href":"https:\/\/render.tips\/es\/wp-json\/wp\/v2\/product_cat?post=228005"},{"taxonomy":"product_tag","embeddable":true,"href":"https:\/\/render.tips\/es\/wp-json\/wp\/v2\/product_tag?post=228005"}],"curies":[{"name":"wp","href":"https:\/\/api.w.org\/{rel}","templated":true}]}}