{"id":226865,"date":"2011-08-08T17:24:28","date_gmt":"2011-08-08T20:24:28","guid":{"rendered":"https:\/\/render.tips\/uncategorized\/3ds-max-2010-maqueta-electronica"},"modified":"2020-01-28T22:36:07","modified_gmt":"2020-01-29T01:36:07","slug":"3ds-max-2010-maqueta-electronica","status":"publish","type":"product","link":"https:\/\/render.tips\/es\/cursos\/gratuitos\/3ds-max-2010-maqueta-electronica","title":{"rendered":"Curso 3ds Max 2010 Maqueta Electr\u00f3nica"},"content":{"rendered":"<p>El Curso Maqueta Electr\u00f3nica con 3DS MAX 2010, ense\u00f1a con un ejemplo real las t\u00e9cnicas para transformar un proyecto arquitect\u00f3nico 2D elaborado en AutoCAD en un Modelo 3D a trav\u00e9s de los recursos de 3DS MAX 2010. El proyecto de casa de alto padr\u00f3n, permiti\u00f3 ense\u00f1arnos varias t\u00e9cnicas y trucos de modelado 3D como: Pavimentos en diferentes niveles, t\u00e9cnicas para crear terreno a partir de \u00abcurvas de nivel\u00bb, recortes en el terreno, rampas, escaleras, escuadr\u00edas y mobiliarios decorativos. Incluye Introducci\u00f3n a iluminaci\u00f3n y animaci\u00f3n exterior. Invierta en la imagen de su Obra! Produzca Maquetas Electr\u00f3nicas de forma f\u00e1cil y r\u00e1pida con 3DS MAX 2010.<\/p>\n","protected":false},"excerpt":{"rendered":"<p><span style=\"color: #ff6600\">F\u00e1cilmente aprenda a modelar una Maqueta Electr\u00f3nica a partir de un proyecto arquitect\u00f3nico 2D<\/span><\/p>\n","protected":false},"featured_media":226855,"comment_status":"open","ping_status":"closed","template":"","meta":[],"product_cat":[478],"product_tag":[],"acf":[],"yoast_head":"<!-- This site is optimized with the Yoast SEO plugin v15.9 - https:\/\/yoast.com\/wordpress\/plugins\/seo\/ -->\n<title>Curso 3ds Max 2010 Maqueta Electr\u00f3nica | Online Courses from Basic to Advanced | RenderTips<\/title>\n<meta name=\"description\" content=\"F\u00e1cilmente aprenda a modelar una Maqueta Electr\u00f3nica a partir de un proyecto arquitect\u00f3nico 2D\" \/>\n<meta name=\"robots\" content=\"index, follow, max-snippet:-1, max-image-preview:large, max-video-preview:-1\" \/>\n<link rel=\"canonical\" href=\"https:\/\/render.tips\/es\/cursos\/gratuitos\/3ds-max-2010-maqueta-electronica\" \/>\n<meta property=\"og:locale\" content=\"es_ES\" \/>\n<meta property=\"og:type\" content=\"article\" \/>\n<meta property=\"og:title\" content=\"Curso 3ds Max 2010 Maqueta Electr\u00f3nica | Online Courses from Basic to Advanced | RenderTips\" \/>\n<meta property=\"og:description\" content=\"F\u00e1cilmente aprenda a modelar una Maqueta Electr\u00f3nica a partir de un proyecto arquitect\u00f3nico 2D\" \/>\n<meta property=\"og:url\" content=\"https:\/\/render.tips\/es\/cursos\/gratuitos\/3ds-max-2010-maqueta-electronica\" \/>\n<meta property=\"og:site_name\" content=\"Online Courses from Basic to Advanced | RenderTips\" \/>\n<meta property=\"article:publisher\" content=\"https:\/\/www.facebook.com\/rendertipscourses\/\" \/>\n<meta property=\"article:modified_time\" content=\"2020-01-29T01:36:07+00:00\" \/>\n<meta property=\"og:image\" content=\"https:\/\/static.render.tips\/wp-content\/uploads\/2020\/01\/3DS10-MQE-S_facebook.png\" \/>\n\t<meta property=\"og:image:width\" content=\"262\" \/>\n\t<meta property=\"og:image:height\" content=\"238\" \/>\n<meta name=\"twitter:card\" content=\"summary_large_image\" \/>\n<meta name=\"twitter:image\" content=\"https:\/\/static.render.tips\/wp-content\/uploads\/2020\/01\/3DS10-MQE-S_facebook.png\" \/>\n<meta name=\"twitter:site\" content=\"@rendertips\" \/>\n<meta name=\"twitter:label1\" content=\"Tiempo de lectura\">\n\t<meta name=\"twitter:data1\" content=\"1 minuto\">\n<script type=\"application\/ld+json\" class=\"yoast-schema-graph\">{\"@context\":\"https:\/\/schema.org\",\"@graph\":[{\"@type\":\"Organization\",\"@id\":\"https:\/\/render.tips\/#organization\",\"name\":\"Render Tips\",\"url\":\"https:\/\/render.tips\/\",\"sameAs\":[\"https:\/\/www.facebook.com\/rendertipscourses\/\",\"https:\/\/www.instagram.com\/rendertips\/\",\"https:\/\/www.youtube.com\/channel\/UCx_9bcvh0_AQFGXxJ0StKSQ\",\"https:\/\/twitter.com\/rendertips\"],\"logo\":{\"@type\":\"ImageObject\",\"@id\":\"https:\/\/render.tips\/#logo\",\"inLanguage\":\"es\",\"url\":\"https:\/\/static.render.tips\/wp-content\/uploads\/2019\/08\/logo_1024.png\",\"width\":1024,\"height\":1024,\"caption\":\"Render Tips\"},\"image\":{\"@id\":\"https:\/\/render.tips\/#logo\"}},{\"@type\":\"WebSite\",\"@id\":\"https:\/\/render.tips\/#website\",\"url\":\"https:\/\/render.tips\/\",\"name\":\"Online Courses from Basic to Advanced | RenderTips\",\"description\":\"Technology Online Courses - Solidworks, Autocad, Inventor, 3ds Max and More\",\"publisher\":{\"@id\":\"https:\/\/render.tips\/#organization\"},\"potentialAction\":[{\"@type\":\"SearchAction\",\"target\":\"https:\/\/render.tips\/?s={search_term_string}\",\"query-input\":\"required name=search_term_string\"}],\"inLanguage\":\"es\"},{\"@type\":\"ImageObject\",\"@id\":\"https:\/\/render.tips\/es\/cursos\/gratuitos\/3ds-max-2010-maqueta-electronica#primaryimage\",\"inLanguage\":\"es\",\"url\":\"https:\/\/static.render.tips\/wp-content\/uploads\/2020\/01\/Curso-3ds-max-2010-maqueta-electronica-3DS10-MQE-S_destaque-20200125021906.jpg\",\"width\":262,\"height\":238},{\"@type\":\"WebPage\",\"@id\":\"https:\/\/render.tips\/es\/cursos\/gratuitos\/3ds-max-2010-maqueta-electronica#webpage\",\"url\":\"https:\/\/render.tips\/es\/cursos\/gratuitos\/3ds-max-2010-maqueta-electronica\",\"name\":\"Curso 3ds Max 2010 Maqueta Electr\\u00f3nica | Online Courses from Basic to Advanced | RenderTips\",\"isPartOf\":{\"@id\":\"https:\/\/render.tips\/#website\"},\"primaryImageOfPage\":{\"@id\":\"https:\/\/render.tips\/es\/cursos\/gratuitos\/3ds-max-2010-maqueta-electronica#primaryimage\"},\"datePublished\":\"2011-08-08T20:24:28+00:00\",\"dateModified\":\"2020-01-29T01:36:07+00:00\",\"description\":\"F\\u00e1cilmente aprenda a modelar una Maqueta Electr\\u00f3nica a partir de un proyecto arquitect\\u00f3nico 2D\",\"breadcrumb\":{\"@id\":\"https:\/\/render.tips\/es\/cursos\/gratuitos\/3ds-max-2010-maqueta-electronica#breadcrumb\"},\"inLanguage\":\"es\",\"potentialAction\":[{\"@type\":\"ReadAction\",\"target\":[\"https:\/\/render.tips\/es\/cursos\/gratuitos\/3ds-max-2010-maqueta-electronica\"]}]},{\"@type\":\"BreadcrumbList\",\"@id\":\"https:\/\/render.tips\/es\/cursos\/gratuitos\/3ds-max-2010-maqueta-electronica#breadcrumb\",\"itemListElement\":[{\"@type\":\"ListItem\",\"position\":1,\"item\":{\"@type\":\"WebPage\",\"@id\":\"https:\/\/render.tips\/es\",\"url\":\"https:\/\/render.tips\/es\",\"name\":\"Home\"}},{\"@type\":\"ListItem\",\"position\":2,\"item\":{\"@type\":\"WebPage\",\"@id\":\"https:\/\/render.tips\/es\/shop\",\"url\":\"https:\/\/render.tips\/es\/shop\",\"name\":\"Shop\"}},{\"@type\":\"ListItem\",\"position\":3,\"item\":{\"@type\":\"WebPage\",\"@id\":\"https:\/\/render.tips\/es\/cursos\/gratuitos\/3ds-max-2010-maqueta-electronica\",\"url\":\"https:\/\/render.tips\/es\/cursos\/gratuitos\/3ds-max-2010-maqueta-electronica\",\"name\":\"Curso 3ds Max 2010 Maqueta Electr\\u00f3nica\"}}]}]}<\/script>\n<!-- \/ Yoast SEO plugin. -->","_links":{"self":[{"href":"https:\/\/render.tips\/es\/wp-json\/wp\/v2\/product\/226865"}],"collection":[{"href":"https:\/\/render.tips\/es\/wp-json\/wp\/v2\/product"}],"about":[{"href":"https:\/\/render.tips\/es\/wp-json\/wp\/v2\/types\/product"}],"replies":[{"embeddable":true,"href":"https:\/\/render.tips\/es\/wp-json\/wp\/v2\/comments?post=226865"}],"wp:featuredmedia":[{"embeddable":true,"href":"https:\/\/render.tips\/es\/wp-json\/wp\/v2\/media\/226855"}],"wp:attachment":[{"href":"https:\/\/render.tips\/es\/wp-json\/wp\/v2\/media?parent=226865"}],"wp:term":[{"taxonomy":"product_cat","embeddable":true,"href":"https:\/\/render.tips\/es\/wp-json\/wp\/v2\/product_cat?post=226865"},{"taxonomy":"product_tag","embeddable":true,"href":"https:\/\/render.tips\/es\/wp-json\/wp\/v2\/product_tag?post=226865"}],"curies":[{"name":"wp","href":"https:\/\/api.w.org\/{rel}","templated":true}]}}