{"id":226266,"date":"2011-08-05T15:59:20","date_gmt":"2011-08-05T18:59:20","guid":{"rendered":"https:\/\/render.tips\/uncategorized\/3ds-max-2010-maqueta-electronica-renderizacion"},"modified":"2020-01-28T22:30:42","modified_gmt":"2020-01-29T01:30:42","slug":"3ds-max-2010-maqueta-electronica-renderizacion","status":"publish","type":"product","link":"https:\/\/render.tips\/es\/cursos\/gratuitos\/3ds-max-2010-maqueta-electronica-renderizacion","title":{"rendered":"Curso 3ds Max 2010 Maqueta Electr\u00f3nica Renderizaci\u00f3n"},"content":{"rendered":"<p>Este curso ense\u00f1a t\u00e9cnicas para crear im\u00e1genes y animaci\u00f3n fotorrealista con 3ds Max 2010 y Mental Ray. Aprenda con un proyecto arquitect\u00f3nico 3D c\u00f3mo crear animaciones e im\u00e1genes muy pr\u00f3ximas a la realidad. Muestre a sus clientes ambientes externos e internos con detalles de materiales, texturas, iluminaci\u00f3n, sombras y reflejos.<br \/>\nAprenda a crear diversos materiales como: reflexivos, texturizados y mapas de ambiente. Domine las t\u00e9cnicas de iluminaci\u00f3n usando las luces fotom\u00e9tricas, efectos de iluminaci\u00f3n como luz volum\u00e9trica y brillos, iluminaci\u00f3n nocturna y diurna e iluminaci\u00f3n indirecta usando Mental Ray. Aprenda las t\u00e9cnicas para juntar los elementos y dar vida a sus proyectos en 3D.<\/p>\n","protected":false},"excerpt":{"rendered":"<p><span style=\"color: #ff6600\">Aprenda a crear bellas im\u00e1genes usando los recursos de materiales, iluminaci\u00f3n y renderizaci\u00f3n de 3ds<\/span><\/p>\n","protected":false},"featured_media":226249,"comment_status":"open","ping_status":"closed","template":"","meta":[],"product_cat":[478],"product_tag":[],"acf":[],"yoast_head":"<!-- This site is optimized with the Yoast SEO plugin v15.9 - https:\/\/yoast.com\/wordpress\/plugins\/seo\/ -->\n<title>Curso 3ds Max 2010 Maqueta Electr\u00f3nica Renderizaci\u00f3n | Online Courses from Basic to Advanced | RenderTips<\/title>\n<meta name=\"description\" content=\"Aprenda a crear bellas im\u00e1genes usando los recursos de materiales, iluminaci\u00f3n y renderizaci\u00f3n de 3ds\" \/>\n<meta name=\"robots\" content=\"index, follow, max-snippet:-1, max-image-preview:large, max-video-preview:-1\" \/>\n<link rel=\"canonical\" href=\"https:\/\/render.tips\/es\/cursos\/gratuitos\/3ds-max-2010-maqueta-electronica-renderizacion\" \/>\n<meta property=\"og:locale\" content=\"es_ES\" \/>\n<meta property=\"og:type\" content=\"article\" \/>\n<meta property=\"og:title\" content=\"Curso 3ds Max 2010 Maqueta Electr\u00f3nica Renderizaci\u00f3n | Online Courses from Basic to Advanced | RenderTips\" \/>\n<meta property=\"og:description\" content=\"Aprenda a crear bellas im\u00e1genes usando los recursos de materiales, iluminaci\u00f3n y renderizaci\u00f3n de 3ds\" \/>\n<meta property=\"og:url\" content=\"https:\/\/render.tips\/es\/cursos\/gratuitos\/3ds-max-2010-maqueta-electronica-renderizacion\" \/>\n<meta property=\"og:site_name\" content=\"Online Courses from Basic to Advanced | RenderTips\" \/>\n<meta property=\"article:publisher\" content=\"https:\/\/www.facebook.com\/rendertipscourses\/\" \/>\n<meta property=\"article:modified_time\" content=\"2020-01-29T01:30:42+00:00\" \/>\n<meta property=\"og:image\" content=\"https:\/\/static.render.tips\/wp-content\/uploads\/2020\/01\/3DS10-MQE-R-S_facebook.png\" \/>\n\t<meta property=\"og:image:width\" content=\"262\" \/>\n\t<meta property=\"og:image:height\" content=\"238\" \/>\n<meta name=\"twitter:card\" content=\"summary_large_image\" \/>\n<meta name=\"twitter:image\" content=\"https:\/\/static.render.tips\/wp-content\/uploads\/2020\/01\/3DS10-MQE-R-S_facebook.png\" \/>\n<meta name=\"twitter:site\" content=\"@rendertips\" \/>\n<meta name=\"twitter:label1\" content=\"Tiempo de lectura\">\n\t<meta name=\"twitter:data1\" content=\"1 minuto\">\n<script type=\"application\/ld+json\" class=\"yoast-schema-graph\">{\"@context\":\"https:\/\/schema.org\",\"@graph\":[{\"@type\":\"Organization\",\"@id\":\"https:\/\/render.tips\/#organization\",\"name\":\"Render Tips\",\"url\":\"https:\/\/render.tips\/\",\"sameAs\":[\"https:\/\/www.facebook.com\/rendertipscourses\/\",\"https:\/\/www.instagram.com\/rendertips\/\",\"https:\/\/www.youtube.com\/channel\/UCx_9bcvh0_AQFGXxJ0StKSQ\",\"https:\/\/twitter.com\/rendertips\"],\"logo\":{\"@type\":\"ImageObject\",\"@id\":\"https:\/\/render.tips\/#logo\",\"inLanguage\":\"es\",\"url\":\"https:\/\/static.render.tips\/wp-content\/uploads\/2019\/08\/logo_1024.png\",\"width\":1024,\"height\":1024,\"caption\":\"Render Tips\"},\"image\":{\"@id\":\"https:\/\/render.tips\/#logo\"}},{\"@type\":\"WebSite\",\"@id\":\"https:\/\/render.tips\/#website\",\"url\":\"https:\/\/render.tips\/\",\"name\":\"Online Courses from Basic to Advanced | RenderTips\",\"description\":\"Technology Online Courses - Solidworks, Autocad, Inventor, 3ds Max and More\",\"publisher\":{\"@id\":\"https:\/\/render.tips\/#organization\"},\"potentialAction\":[{\"@type\":\"SearchAction\",\"target\":\"https:\/\/render.tips\/?s={search_term_string}\",\"query-input\":\"required name=search_term_string\"}],\"inLanguage\":\"es\"},{\"@type\":\"ImageObject\",\"@id\":\"https:\/\/render.tips\/es\/cursos\/gratuitos\/3ds-max-2010-maqueta-electronica-renderizacion#primaryimage\",\"inLanguage\":\"es\",\"url\":\"https:\/\/static.render.tips\/wp-content\/uploads\/2020\/01\/Curso-3ds-max-2010-maqueta-electronica-renderizacion-3DS10-MQE-R-S_destaque-20200124205321.jpg\",\"width\":262,\"height\":238},{\"@type\":\"WebPage\",\"@id\":\"https:\/\/render.tips\/es\/cursos\/gratuitos\/3ds-max-2010-maqueta-electronica-renderizacion#webpage\",\"url\":\"https:\/\/render.tips\/es\/cursos\/gratuitos\/3ds-max-2010-maqueta-electronica-renderizacion\",\"name\":\"Curso 3ds Max 2010 Maqueta Electr\\u00f3nica Renderizaci\\u00f3n | Online Courses from Basic to Advanced | RenderTips\",\"isPartOf\":{\"@id\":\"https:\/\/render.tips\/#website\"},\"primaryImageOfPage\":{\"@id\":\"https:\/\/render.tips\/es\/cursos\/gratuitos\/3ds-max-2010-maqueta-electronica-renderizacion#primaryimage\"},\"datePublished\":\"2011-08-05T18:59:20+00:00\",\"dateModified\":\"2020-01-29T01:30:42+00:00\",\"description\":\"Aprenda a crear bellas im\\u00e1genes usando los recursos de materiales, iluminaci\\u00f3n y renderizaci\\u00f3n de 3ds\",\"breadcrumb\":{\"@id\":\"https:\/\/render.tips\/es\/cursos\/gratuitos\/3ds-max-2010-maqueta-electronica-renderizacion#breadcrumb\"},\"inLanguage\":\"es\",\"potentialAction\":[{\"@type\":\"ReadAction\",\"target\":[\"https:\/\/render.tips\/es\/cursos\/gratuitos\/3ds-max-2010-maqueta-electronica-renderizacion\"]}]},{\"@type\":\"BreadcrumbList\",\"@id\":\"https:\/\/render.tips\/es\/cursos\/gratuitos\/3ds-max-2010-maqueta-electronica-renderizacion#breadcrumb\",\"itemListElement\":[{\"@type\":\"ListItem\",\"position\":1,\"item\":{\"@type\":\"WebPage\",\"@id\":\"https:\/\/render.tips\/es\",\"url\":\"https:\/\/render.tips\/es\",\"name\":\"Home\"}},{\"@type\":\"ListItem\",\"position\":2,\"item\":{\"@type\":\"WebPage\",\"@id\":\"https:\/\/render.tips\/es\/shop\",\"url\":\"https:\/\/render.tips\/es\/shop\",\"name\":\"Shop\"}},{\"@type\":\"ListItem\",\"position\":3,\"item\":{\"@type\":\"WebPage\",\"@id\":\"https:\/\/render.tips\/es\/cursos\/gratuitos\/3ds-max-2010-maqueta-electronica-renderizacion\",\"url\":\"https:\/\/render.tips\/es\/cursos\/gratuitos\/3ds-max-2010-maqueta-electronica-renderizacion\",\"name\":\"Curso 3ds Max 2010 Maqueta Electr\\u00f3nica Renderizaci\\u00f3n\"}}]}]}<\/script>\n<!-- \/ Yoast SEO plugin. -->","_links":{"self":[{"href":"https:\/\/render.tips\/es\/wp-json\/wp\/v2\/product\/226266"}],"collection":[{"href":"https:\/\/render.tips\/es\/wp-json\/wp\/v2\/product"}],"about":[{"href":"https:\/\/render.tips\/es\/wp-json\/wp\/v2\/types\/product"}],"replies":[{"embeddable":true,"href":"https:\/\/render.tips\/es\/wp-json\/wp\/v2\/comments?post=226266"}],"wp:featuredmedia":[{"embeddable":true,"href":"https:\/\/render.tips\/es\/wp-json\/wp\/v2\/media\/226249"}],"wp:attachment":[{"href":"https:\/\/render.tips\/es\/wp-json\/wp\/v2\/media?parent=226266"}],"wp:term":[{"taxonomy":"product_cat","embeddable":true,"href":"https:\/\/render.tips\/es\/wp-json\/wp\/v2\/product_cat?post=226266"},{"taxonomy":"product_tag","embeddable":true,"href":"https:\/\/render.tips\/es\/wp-json\/wp\/v2\/product_tag?post=226266"}],"curies":[{"name":"wp","href":"https:\/\/api.w.org\/{rel}","templated":true}]}}