{"id":216640,"date":"2015-11-25T09:16:36","date_gmt":"2015-11-25T11:16:36","guid":{"rendered":"https:\/\/render.tips\/uncategorized\/inventor-2016-simulacion-dinamica"},"modified":"2020-02-06T14:13:22","modified_gmt":"2020-02-06T17:13:22","slug":"inventor-2016-simulacion-dinamica","status":"publish","type":"product","link":"https:\/\/render.tips\/es\/cursos\/inventor-es\/inventor-2016-simulacion-dinamica","title":{"rendered":"Curso Inventor 2016 Simulaci\u00f3n din\u00e1mica"},"content":{"rendered":"<p>Con lecciones pr\u00e1cticas en v\u00e0\u00addeo, realice simulaciones din\u00e1micas en Inventor 2016 y optimice los ensamblajes. Aprenda qu\u00e9 es y c\u00f3mo realizar correctamente estas simulaciones. Aprenda a agregar uniones y convertir restricciones de ensamblaje, comprobar el estado del motor, insertar fuerzas y pares de torsi\u00f3n, aplicar movimiento din\u00e1mico, analizar la sucesi\u00f3n de posiciones, crear presentaciones de v\u00e0\u00addeo e interpretar los resultados. Haga los ejemplos y ejercicios propuestos y ser capaz de trabajar en proyectos altamente solicitados!<\/p>\n","protected":false},"excerpt":{"rendered":"<p><span style=\"color: #ff6600\">Aprende t\u00e9cnicas para optimizar proyectos simulando din\u00e1micamente sus mecanismos<\/span><\/p>\n","protected":false},"featured_media":230099,"comment_status":"open","ping_status":"closed","template":"","meta":[],"product_cat":[504,935,482,945],"product_tag":[],"acf":[],"yoast_head":"<!-- This site is optimized with the Yoast SEO plugin v15.9 - https:\/\/yoast.com\/wordpress\/plugins\/seo\/ -->\n<title>Curso Inventor 2016 Simulaci\u00f3n din\u00e1mica | Online Courses from Basic to Advanced | RenderTips<\/title>\n<meta name=\"description\" content=\"Aprende t\u00e9cnicas para optimizar proyectos simulando din\u00e1micamente sus mecanismos\" \/>\n<meta name=\"robots\" content=\"index, follow, max-snippet:-1, max-image-preview:large, max-video-preview:-1\" \/>\n<link rel=\"canonical\" href=\"https:\/\/render.tips\/es\/cursos\/inventor-es\/inventor-2016-simulacion-dinamica\" \/>\n<meta property=\"og:locale\" content=\"es_ES\" \/>\n<meta property=\"og:type\" content=\"article\" \/>\n<meta property=\"og:title\" content=\"Curso Inventor 2016 Simulaci\u00f3n din\u00e1mica | Online Courses from Basic to Advanced | RenderTips\" \/>\n<meta property=\"og:description\" content=\"Aprende t\u00e9cnicas para optimizar proyectos simulando din\u00e1micamente sus mecanismos\" \/>\n<meta property=\"og:url\" content=\"https:\/\/render.tips\/es\/cursos\/inventor-es\/inventor-2016-simulacion-dinamica\" \/>\n<meta property=\"og:site_name\" content=\"Online Courses from Basic to Advanced | RenderTips\" \/>\n<meta property=\"article:publisher\" content=\"https:\/\/www.facebook.com\/rendertipscourses\/\" \/>\n<meta property=\"article:modified_time\" content=\"2020-02-06T17:13:22+00:00\" \/>\n<meta property=\"og:image\" content=\"https:\/\/static.render.tips\/wp-content\/uploads\/2020\/01\/IV16-SD-ES_facebook.png\" \/>\n\t<meta property=\"og:image:width\" content=\"262\" \/>\n\t<meta property=\"og:image:height\" content=\"238\" \/>\n<meta name=\"twitter:card\" content=\"summary_large_image\" \/>\n<meta name=\"twitter:image\" content=\"https:\/\/static.render.tips\/wp-content\/uploads\/2020\/02\/IV16-SD-ES_facebook.png\" \/>\n<meta name=\"twitter:site\" content=\"@rendertips\" \/>\n<script type=\"application\/ld+json\" class=\"yoast-schema-graph\">{\"@context\":\"https:\/\/schema.org\",\"@graph\":[{\"@type\":\"Organization\",\"@id\":\"https:\/\/render.tips\/#organization\",\"name\":\"Render Tips\",\"url\":\"https:\/\/render.tips\/\",\"sameAs\":[\"https:\/\/www.facebook.com\/rendertipscourses\/\",\"https:\/\/www.instagram.com\/rendertips\/\",\"https:\/\/www.youtube.com\/channel\/UCx_9bcvh0_AQFGXxJ0StKSQ\",\"https:\/\/twitter.com\/rendertips\"],\"logo\":{\"@type\":\"ImageObject\",\"@id\":\"https:\/\/render.tips\/#logo\",\"inLanguage\":\"es\",\"url\":\"https:\/\/static.render.tips\/wp-content\/uploads\/2019\/08\/logo_1024.png\",\"width\":1024,\"height\":1024,\"caption\":\"Render Tips\"},\"image\":{\"@id\":\"https:\/\/render.tips\/#logo\"}},{\"@type\":\"WebSite\",\"@id\":\"https:\/\/render.tips\/#website\",\"url\":\"https:\/\/render.tips\/\",\"name\":\"Online Courses from Basic to Advanced | RenderTips\",\"description\":\"Technology Online Courses - Solidworks, Autocad, Inventor, 3ds Max and More\",\"publisher\":{\"@id\":\"https:\/\/render.tips\/#organization\"},\"potentialAction\":[{\"@type\":\"SearchAction\",\"target\":\"https:\/\/render.tips\/?s={search_term_string}\",\"query-input\":\"required name=search_term_string\"}],\"inLanguage\":\"es\"},{\"@type\":\"ImageObject\",\"@id\":\"https:\/\/render.tips\/es\/cursos\/inventor-es\/inventor-2016-simulacion-dinamica#primaryimage\",\"inLanguage\":\"es\",\"url\":\"https:\/\/static.render.tips\/wp-content\/uploads\/2020\/02\/Curso-inventor-2016-simulacion-dinamica-IV16-SD-ES_destaque-20200206150746.jpg\",\"width\":229,\"height\":162},{\"@type\":\"WebPage\",\"@id\":\"https:\/\/render.tips\/es\/cursos\/inventor-es\/inventor-2016-simulacion-dinamica#webpage\",\"url\":\"https:\/\/render.tips\/es\/cursos\/inventor-es\/inventor-2016-simulacion-dinamica\",\"name\":\"Curso Inventor 2016 Simulaci\\u00f3n din\\u00e1mica | Online Courses from Basic to Advanced | RenderTips\",\"isPartOf\":{\"@id\":\"https:\/\/render.tips\/#website\"},\"primaryImageOfPage\":{\"@id\":\"https:\/\/render.tips\/es\/cursos\/inventor-es\/inventor-2016-simulacion-dinamica#primaryimage\"},\"datePublished\":\"2015-11-25T11:16:36+00:00\",\"dateModified\":\"2020-02-06T17:13:22+00:00\",\"description\":\"Aprende t\\u00e9cnicas para optimizar proyectos simulando din\\u00e1micamente sus mecanismos\",\"breadcrumb\":{\"@id\":\"https:\/\/render.tips\/es\/cursos\/inventor-es\/inventor-2016-simulacion-dinamica#breadcrumb\"},\"inLanguage\":\"es\",\"potentialAction\":[{\"@type\":\"ReadAction\",\"target\":[\"https:\/\/render.tips\/es\/cursos\/inventor-es\/inventor-2016-simulacion-dinamica\"]}]},{\"@type\":\"BreadcrumbList\",\"@id\":\"https:\/\/render.tips\/es\/cursos\/inventor-es\/inventor-2016-simulacion-dinamica#breadcrumb\",\"itemListElement\":[{\"@type\":\"ListItem\",\"position\":1,\"item\":{\"@type\":\"WebPage\",\"@id\":\"https:\/\/render.tips\/es\",\"url\":\"https:\/\/render.tips\/es\",\"name\":\"Home\"}},{\"@type\":\"ListItem\",\"position\":2,\"item\":{\"@type\":\"WebPage\",\"@id\":\"https:\/\/render.tips\/es\/shop\",\"url\":\"https:\/\/render.tips\/es\/shop\",\"name\":\"Shop\"}},{\"@type\":\"ListItem\",\"position\":3,\"item\":{\"@type\":\"WebPage\",\"@id\":\"https:\/\/render.tips\/es\/cursos\/inventor-es\/inventor-2016-simulacion-dinamica\",\"url\":\"https:\/\/render.tips\/es\/cursos\/inventor-es\/inventor-2016-simulacion-dinamica\",\"name\":\"Curso Inventor 2016 Simulaci\\u00f3n din\\u00e1mica\"}}]}]}<\/script>\n<!-- \/ Yoast SEO plugin. -->","_links":{"self":[{"href":"https:\/\/render.tips\/es\/wp-json\/wp\/v2\/product\/216640"}],"collection":[{"href":"https:\/\/render.tips\/es\/wp-json\/wp\/v2\/product"}],"about":[{"href":"https:\/\/render.tips\/es\/wp-json\/wp\/v2\/types\/product"}],"replies":[{"embeddable":true,"href":"https:\/\/render.tips\/es\/wp-json\/wp\/v2\/comments?post=216640"}],"wp:featuredmedia":[{"embeddable":true,"href":"https:\/\/render.tips\/es\/wp-json\/wp\/v2\/media\/230099"}],"wp:attachment":[{"href":"https:\/\/render.tips\/es\/wp-json\/wp\/v2\/media?parent=216640"}],"wp:term":[{"taxonomy":"product_cat","embeddable":true,"href":"https:\/\/render.tips\/es\/wp-json\/wp\/v2\/product_cat?post=216640"},{"taxonomy":"product_tag","embeddable":true,"href":"https:\/\/render.tips\/es\/wp-json\/wp\/v2\/product_tag?post=216640"}],"curies":[{"name":"wp","href":"https:\/\/api.w.org\/{rel}","templated":true}]}}