{"id":216553,"date":"2015-04-02T12:40:26","date_gmt":"2015-04-02T15:40:26","guid":{"rendered":"https:\/\/render.tips\/uncategorized\/solidworks-2015-tecnicas-para-profesionales"},"modified":"2020-02-04T17:40:59","modified_gmt":"2020-02-04T20:40:59","slug":"solidworks-2015-tecnicas-para-profesionales","status":"publish","type":"product","link":"https:\/\/render.tips\/es\/cursos\/solidworks-es\/solidworks-2015-tecnicas-para-profesionales","title":{"rendered":"Curso SolidWorks 2015  T\u00e9cnicas para profesionales"},"content":{"rendered":"<p>Con lecciones pr\u00e1cticas en v\u00e0\u00addeo, gane f\u00e1cilmente habilidades profesionales y desarrolle modelos m\u00e1s complejos en SolidWorks. Optimice la creaci\u00f3n de bocetos; cree y edite plantillas con Freeform, Loft, Swept, Lip Groove, Snap Hook, Curve Driven Pattern, entre otros; conozca las \u00faltimas funciones para interfaz de usuario, posiciones de montaje, vistas explosionadas y detalles. Capacidad para desarrollar proyectos optimizados en SolidWorks y destacar en el mercado!<\/p>\n","protected":false},"excerpt":{"rendered":"<p><span style=\"color: #ff6600\">Optimice sus proyectos aplicando recursos y t\u00e9cnicas profesionales en SolidWorks<\/span><\/p>\n","protected":false},"featured_media":229735,"comment_status":"open","ping_status":"closed","template":"","meta":[],"product_cat":[504,945,820],"product_tag":[],"acf":[],"yoast_head":"<!-- This site is optimized with the Yoast SEO plugin v15.9 - https:\/\/yoast.com\/wordpress\/plugins\/seo\/ -->\n<title>Curso SolidWorks 2015 T\u00e9cnicas para profesionales | Online Courses from Basic to Advanced | RenderTips<\/title>\n<meta name=\"description\" content=\"Optimice sus proyectos aplicando recursos y t\u00e9cnicas profesionales en SolidWorks\" \/>\n<meta name=\"robots\" content=\"index, follow, max-snippet:-1, max-image-preview:large, max-video-preview:-1\" \/>\n<link rel=\"canonical\" href=\"https:\/\/render.tips\/es\/cursos\/solidworks-es\/solidworks-2015-tecnicas-para-profesionales\" \/>\n<meta property=\"og:locale\" content=\"es_ES\" \/>\n<meta property=\"og:type\" content=\"article\" \/>\n<meta property=\"og:title\" content=\"Curso SolidWorks 2015 T\u00e9cnicas para profesionales | Online Courses from Basic to Advanced | RenderTips\" \/>\n<meta property=\"og:description\" content=\"Optimice sus proyectos aplicando recursos y t\u00e9cnicas profesionales en SolidWorks\" \/>\n<meta property=\"og:url\" content=\"https:\/\/render.tips\/es\/cursos\/solidworks-es\/solidworks-2015-tecnicas-para-profesionales\" \/>\n<meta property=\"og:site_name\" content=\"Online Courses from Basic to Advanced | RenderTips\" \/>\n<meta property=\"article:publisher\" content=\"https:\/\/www.facebook.com\/rendertipscourses\/\" \/>\n<meta property=\"article:modified_time\" content=\"2020-02-04T20:40:59+00:00\" \/>\n<meta property=\"og:image\" content=\"https:\/\/static.render.tips\/wp-content\/uploads\/2020\/01\/SW15-TP-ES_facebook.png\" \/>\n\t<meta property=\"og:image:width\" content=\"262\" \/>\n\t<meta property=\"og:image:height\" content=\"238\" \/>\n<meta name=\"twitter:card\" content=\"summary_large_image\" \/>\n<meta name=\"twitter:image\" content=\"https:\/\/static.render.tips\/wp-content\/uploads\/2020\/02\/SW15-TP-ES_facebook.png\" \/>\n<meta name=\"twitter:site\" content=\"@rendertips\" \/>\n<script type=\"application\/ld+json\" class=\"yoast-schema-graph\">{\"@context\":\"https:\/\/schema.org\",\"@graph\":[{\"@type\":\"Organization\",\"@id\":\"https:\/\/render.tips\/#organization\",\"name\":\"Render Tips\",\"url\":\"https:\/\/render.tips\/\",\"sameAs\":[\"https:\/\/www.facebook.com\/rendertipscourses\/\",\"https:\/\/www.instagram.com\/rendertips\/\",\"https:\/\/www.youtube.com\/channel\/UCx_9bcvh0_AQFGXxJ0StKSQ\",\"https:\/\/twitter.com\/rendertips\"],\"logo\":{\"@type\":\"ImageObject\",\"@id\":\"https:\/\/render.tips\/#logo\",\"inLanguage\":\"es\",\"url\":\"https:\/\/static.render.tips\/wp-content\/uploads\/2019\/08\/logo_1024.png\",\"width\":1024,\"height\":1024,\"caption\":\"Render Tips\"},\"image\":{\"@id\":\"https:\/\/render.tips\/#logo\"}},{\"@type\":\"WebSite\",\"@id\":\"https:\/\/render.tips\/#website\",\"url\":\"https:\/\/render.tips\/\",\"name\":\"Online Courses from Basic to Advanced | RenderTips\",\"description\":\"Technology Online Courses - Solidworks, Autocad, Inventor, 3ds Max and More\",\"publisher\":{\"@id\":\"https:\/\/render.tips\/#organization\"},\"potentialAction\":[{\"@type\":\"SearchAction\",\"target\":\"https:\/\/render.tips\/?s={search_term_string}\",\"query-input\":\"required name=search_term_string\"}],\"inLanguage\":\"es\"},{\"@type\":\"ImageObject\",\"@id\":\"https:\/\/render.tips\/es\/cursos\/solidworks-es\/solidworks-2015-tecnicas-para-profesionales#primaryimage\",\"inLanguage\":\"es\",\"url\":\"https:\/\/static.render.tips\/wp-content\/uploads\/2020\/02\/Curso-solidworks-2015-tecnicas-para-profesionales-SW15-TP-ES_destaque-20200204183524.jpg\",\"width\":229,\"height\":162},{\"@type\":\"WebPage\",\"@id\":\"https:\/\/render.tips\/es\/cursos\/solidworks-es\/solidworks-2015-tecnicas-para-profesionales#webpage\",\"url\":\"https:\/\/render.tips\/es\/cursos\/solidworks-es\/solidworks-2015-tecnicas-para-profesionales\",\"name\":\"Curso SolidWorks 2015 T\\u00e9cnicas para profesionales | Online Courses from Basic to Advanced | RenderTips\",\"isPartOf\":{\"@id\":\"https:\/\/render.tips\/#website\"},\"primaryImageOfPage\":{\"@id\":\"https:\/\/render.tips\/es\/cursos\/solidworks-es\/solidworks-2015-tecnicas-para-profesionales#primaryimage\"},\"datePublished\":\"2015-04-02T15:40:26+00:00\",\"dateModified\":\"2020-02-04T20:40:59+00:00\",\"description\":\"Optimice sus proyectos aplicando recursos y t\\u00e9cnicas profesionales en SolidWorks\",\"breadcrumb\":{\"@id\":\"https:\/\/render.tips\/es\/cursos\/solidworks-es\/solidworks-2015-tecnicas-para-profesionales#breadcrumb\"},\"inLanguage\":\"es\",\"potentialAction\":[{\"@type\":\"ReadAction\",\"target\":[\"https:\/\/render.tips\/es\/cursos\/solidworks-es\/solidworks-2015-tecnicas-para-profesionales\"]}]},{\"@type\":\"BreadcrumbList\",\"@id\":\"https:\/\/render.tips\/es\/cursos\/solidworks-es\/solidworks-2015-tecnicas-para-profesionales#breadcrumb\",\"itemListElement\":[{\"@type\":\"ListItem\",\"position\":1,\"item\":{\"@type\":\"WebPage\",\"@id\":\"https:\/\/render.tips\/es\",\"url\":\"https:\/\/render.tips\/es\",\"name\":\"Home\"}},{\"@type\":\"ListItem\",\"position\":2,\"item\":{\"@type\":\"WebPage\",\"@id\":\"https:\/\/render.tips\/es\/shop\",\"url\":\"https:\/\/render.tips\/es\/shop\",\"name\":\"Shop\"}},{\"@type\":\"ListItem\",\"position\":3,\"item\":{\"@type\":\"WebPage\",\"@id\":\"https:\/\/render.tips\/es\/cursos\/solidworks-es\/solidworks-2015-tecnicas-para-profesionales\",\"url\":\"https:\/\/render.tips\/es\/cursos\/solidworks-es\/solidworks-2015-tecnicas-para-profesionales\",\"name\":\"Curso SolidWorks 2015 T\\u00e9cnicas para profesionales\"}}]}]}<\/script>\n<!-- \/ Yoast SEO plugin. -->","_links":{"self":[{"href":"https:\/\/render.tips\/es\/wp-json\/wp\/v2\/product\/216553"}],"collection":[{"href":"https:\/\/render.tips\/es\/wp-json\/wp\/v2\/product"}],"about":[{"href":"https:\/\/render.tips\/es\/wp-json\/wp\/v2\/types\/product"}],"replies":[{"embeddable":true,"href":"https:\/\/render.tips\/es\/wp-json\/wp\/v2\/comments?post=216553"}],"wp:featuredmedia":[{"embeddable":true,"href":"https:\/\/render.tips\/es\/wp-json\/wp\/v2\/media\/229735"}],"wp:attachment":[{"href":"https:\/\/render.tips\/es\/wp-json\/wp\/v2\/media?parent=216553"}],"wp:term":[{"taxonomy":"product_cat","embeddable":true,"href":"https:\/\/render.tips\/es\/wp-json\/wp\/v2\/product_cat?post=216553"},{"taxonomy":"product_tag","embeddable":true,"href":"https:\/\/render.tips\/es\/wp-json\/wp\/v2\/product_tag?post=216553"}],"curies":[{"name":"wp","href":"https:\/\/api.w.org\/{rel}","templated":true}]}}