{"id":212431,"date":"2016-09-01T08:40:42","date_gmt":"2016-09-01T11:40:42","guid":{"rendered":"https:\/\/render.tips\/uncategorized\/inventor-2017-disenos-parametricos"},"modified":"2020-02-06T13:25:39","modified_gmt":"2020-02-06T16:25:39","slug":"inventor-2017-disenos-parametricos","status":"publish","type":"product","link":"https:\/\/render.tips\/es\/cursos\/inventor-es\/inventor-2017-disenos-parametricos","title":{"rendered":"Curso Inventor 2017 Dise\u00f1os Param\u00e9tricos"},"content":{"rendered":"<p>Con lecciones pr\u00e1cticas y din\u00e1micas en v\u00e0\u00addeo, este curso ense\u00f1a t\u00e9cnicas para optimizar proyectos en Inventor y aumentar la productividad a trav\u00e9s de la parametrizaci\u00f3n. Aprenda a parametrizar y relacionar cotas en piezas, restricciones de ensamblaje y cotas de componentes dentro de ensamblajes. Cree par\u00e1metros en Excel e importe en Inventor, agregue reglas y estandarizaciones de ensamblajes con IATes, entre otras cosas. Haga los ejemplos y ejercicios propuestos y ser capaz de trabajar en proyectos altamente solicitados!<\/p>\n","protected":false},"excerpt":{"rendered":"<p><span style=\"color: #ff6600\">Cree dise\u00f1os de piezas y conjuntos optimizados mediante la introducci\u00f3n de reglas y par\u00e1metros<\/span><\/p>\n","protected":false},"featured_media":229995,"comment_status":"open","ping_status":"closed","template":"","meta":[],"product_cat":[504,482,945],"product_tag":[],"acf":[],"yoast_head":"<!-- This site is optimized with the Yoast SEO plugin v15.9 - https:\/\/yoast.com\/wordpress\/plugins\/seo\/ -->\n<title>Curso Inventor 2017 Dise\u00f1os Param\u00e9tricos | Online Courses from Basic to Advanced | RenderTips<\/title>\n<meta name=\"description\" content=\"Cree dise\u00f1os de piezas y conjuntos optimizados mediante la introducci\u00f3n de reglas y par\u00e1metros\" \/>\n<meta name=\"robots\" content=\"index, follow, max-snippet:-1, max-image-preview:large, max-video-preview:-1\" \/>\n<link rel=\"canonical\" href=\"https:\/\/render.tips\/es\/cursos\/inventor-es\/inventor-2017-disenos-parametricos\" \/>\n<meta property=\"og:locale\" content=\"es_ES\" \/>\n<meta property=\"og:type\" content=\"article\" \/>\n<meta property=\"og:title\" content=\"Curso Inventor 2017 Dise\u00f1os Param\u00e9tricos | Online Courses from Basic to Advanced | RenderTips\" \/>\n<meta property=\"og:description\" content=\"Cree dise\u00f1os de piezas y conjuntos optimizados mediante la introducci\u00f3n de reglas y par\u00e1metros\" \/>\n<meta property=\"og:url\" content=\"https:\/\/render.tips\/es\/cursos\/inventor-es\/inventor-2017-disenos-parametricos\" \/>\n<meta property=\"og:site_name\" content=\"Online Courses from Basic to Advanced | RenderTips\" \/>\n<meta property=\"article:publisher\" content=\"https:\/\/www.facebook.com\/rendertipscourses\/\" \/>\n<meta property=\"article:modified_time\" content=\"2020-02-06T16:25:39+00:00\" \/>\n<meta property=\"og:image\" content=\"https:\/\/static.render.tips\/wp-content\/uploads\/2019\/12\/IV17-PRO-PAR-ES_facebook.png\" \/>\n\t<meta property=\"og:image:width\" content=\"282\" \/>\n\t<meta property=\"og:image:height\" content=\"256\" \/>\n<meta name=\"twitter:card\" content=\"summary_large_image\" \/>\n<meta name=\"twitter:image\" content=\"https:\/\/static.render.tips\/wp-content\/uploads\/2020\/02\/IV17-PRO-PAR-ES_facebook.png\" \/>\n<meta name=\"twitter:site\" content=\"@rendertips\" \/>\n<script type=\"application\/ld+json\" class=\"yoast-schema-graph\">{\"@context\":\"https:\/\/schema.org\",\"@graph\":[{\"@type\":\"Organization\",\"@id\":\"https:\/\/render.tips\/#organization\",\"name\":\"Render Tips\",\"url\":\"https:\/\/render.tips\/\",\"sameAs\":[\"https:\/\/www.facebook.com\/rendertipscourses\/\",\"https:\/\/www.instagram.com\/rendertips\/\",\"https:\/\/www.youtube.com\/channel\/UCx_9bcvh0_AQFGXxJ0StKSQ\",\"https:\/\/twitter.com\/rendertips\"],\"logo\":{\"@type\":\"ImageObject\",\"@id\":\"https:\/\/render.tips\/#logo\",\"inLanguage\":\"es\",\"url\":\"https:\/\/static.render.tips\/wp-content\/uploads\/2019\/08\/logo_1024.png\",\"width\":1024,\"height\":1024,\"caption\":\"Render Tips\"},\"image\":{\"@id\":\"https:\/\/render.tips\/#logo\"}},{\"@type\":\"WebSite\",\"@id\":\"https:\/\/render.tips\/#website\",\"url\":\"https:\/\/render.tips\/\",\"name\":\"Online Courses from Basic to Advanced | RenderTips\",\"description\":\"Technology Online Courses - Solidworks, Autocad, Inventor, 3ds Max and More\",\"publisher\":{\"@id\":\"https:\/\/render.tips\/#organization\"},\"potentialAction\":[{\"@type\":\"SearchAction\",\"target\":\"https:\/\/render.tips\/?s={search_term_string}\",\"query-input\":\"required name=search_term_string\"}],\"inLanguage\":\"es\"},{\"@type\":\"ImageObject\",\"@id\":\"https:\/\/render.tips\/es\/cursos\/inventor-es\/inventor-2017-disenos-parametricos#primaryimage\",\"inLanguage\":\"es\",\"url\":\"https:\/\/static.render.tips\/wp-content\/uploads\/2020\/02\/Curso-inventor-2017-disenos-parametricos-IV17-PRO-PAR-ES_destaque-20200206142002.jpg\",\"width\":229,\"height\":162},{\"@type\":\"WebPage\",\"@id\":\"https:\/\/render.tips\/es\/cursos\/inventor-es\/inventor-2017-disenos-parametricos#webpage\",\"url\":\"https:\/\/render.tips\/es\/cursos\/inventor-es\/inventor-2017-disenos-parametricos\",\"name\":\"Curso Inventor 2017 Dise\\u00f1os Param\\u00e9tricos | Online Courses from Basic to Advanced | RenderTips\",\"isPartOf\":{\"@id\":\"https:\/\/render.tips\/#website\"},\"primaryImageOfPage\":{\"@id\":\"https:\/\/render.tips\/es\/cursos\/inventor-es\/inventor-2017-disenos-parametricos#primaryimage\"},\"datePublished\":\"2016-09-01T11:40:42+00:00\",\"dateModified\":\"2020-02-06T16:25:39+00:00\",\"description\":\"Cree dise\\u00f1os de piezas y conjuntos optimizados mediante la introducci\\u00f3n de reglas y par\\u00e1metros\",\"breadcrumb\":{\"@id\":\"https:\/\/render.tips\/es\/cursos\/inventor-es\/inventor-2017-disenos-parametricos#breadcrumb\"},\"inLanguage\":\"es\",\"potentialAction\":[{\"@type\":\"ReadAction\",\"target\":[\"https:\/\/render.tips\/es\/cursos\/inventor-es\/inventor-2017-disenos-parametricos\"]}]},{\"@type\":\"BreadcrumbList\",\"@id\":\"https:\/\/render.tips\/es\/cursos\/inventor-es\/inventor-2017-disenos-parametricos#breadcrumb\",\"itemListElement\":[{\"@type\":\"ListItem\",\"position\":1,\"item\":{\"@type\":\"WebPage\",\"@id\":\"https:\/\/render.tips\/es\",\"url\":\"https:\/\/render.tips\/es\",\"name\":\"Home\"}},{\"@type\":\"ListItem\",\"position\":2,\"item\":{\"@type\":\"WebPage\",\"@id\":\"https:\/\/render.tips\/es\/shop\",\"url\":\"https:\/\/render.tips\/es\/shop\",\"name\":\"Shop\"}},{\"@type\":\"ListItem\",\"position\":3,\"item\":{\"@type\":\"WebPage\",\"@id\":\"https:\/\/render.tips\/es\/cursos\/inventor-es\/inventor-2017-disenos-parametricos\",\"url\":\"https:\/\/render.tips\/es\/cursos\/inventor-es\/inventor-2017-disenos-parametricos\",\"name\":\"Curso Inventor 2017 Dise\\u00f1os Param\\u00e9tricos\"}}]}]}<\/script>\n<!-- \/ Yoast SEO plugin. -->","_links":{"self":[{"href":"https:\/\/render.tips\/es\/wp-json\/wp\/v2\/product\/212431"}],"collection":[{"href":"https:\/\/render.tips\/es\/wp-json\/wp\/v2\/product"}],"about":[{"href":"https:\/\/render.tips\/es\/wp-json\/wp\/v2\/types\/product"}],"replies":[{"embeddable":true,"href":"https:\/\/render.tips\/es\/wp-json\/wp\/v2\/comments?post=212431"}],"wp:featuredmedia":[{"embeddable":true,"href":"https:\/\/render.tips\/es\/wp-json\/wp\/v2\/media\/229995"}],"wp:attachment":[{"href":"https:\/\/render.tips\/es\/wp-json\/wp\/v2\/media?parent=212431"}],"wp:term":[{"taxonomy":"product_cat","embeddable":true,"href":"https:\/\/render.tips\/es\/wp-json\/wp\/v2\/product_cat?post=212431"},{"taxonomy":"product_tag","embeddable":true,"href":"https:\/\/render.tips\/es\/wp-json\/wp\/v2\/product_tag?post=212431"}],"curies":[{"name":"wp","href":"https:\/\/api.w.org\/{rel}","templated":true}]}}