{"id":212372,"date":"2017-10-20T11:53:26","date_gmt":"2017-10-20T13:53:26","guid":{"rendered":"https:\/\/render.tips\/uncategorized\/inventor-2018-detalle-basico"},"modified":"2020-02-05T23:47:56","modified_gmt":"2020-02-06T02:47:56","slug":"inventor-2018-detalle-basico","status":"publish","type":"product","link":"https:\/\/render.tips\/es\/cursos\/inventor-es\/inventor-2018-detalle-basico","title":{"rendered":"Curso Inventor 2018 Detalle B\u00e1sico"},"content":{"rendered":"<p>Aprenda a trav\u00e9s de lecciones en v\u00e0\u00addeo c\u00f3mo crear detalles en Inventor. Personalice el t\u00e0\u00adtulo y gu\u00e1rdelo como plantilla, por defecto en detalle. Aprenda a configurar el plano, la escala y el estilo de las vistas, generar autom\u00e1ticamente vistas de piezas y ensamblajes, a\u00f1adir vistas auxiliares, secciones, detalles, cortes de vistas, cotas, s\u00e0\u00admbolos, globos, listas de materiales, entre otros. Aprendizaje seguro con ejemplos y ejercicios complementarios. \u00a1Comience este curso ahora y convi\u00e9rtase en un dise\u00f1ador exitoso!<\/p>\n","protected":false},"excerpt":{"rendered":"<p><span style=\"color: #ff6600\">\u00a1Dise\u00f1e f\u00e1cilmente el dise\u00f1o t\u00e9cnico de su proyecto con las caracter\u00e0\u00adsticas de detalle de Inventor!<\/span><\/p>\n","protected":false},"featured_media":229943,"comment_status":"open","ping_status":"closed","template":"","meta":[],"product_cat":[504,482,945],"product_tag":[],"acf":[],"yoast_head":"<!-- This site is optimized with the Yoast SEO plugin v15.9 - https:\/\/yoast.com\/wordpress\/plugins\/seo\/ -->\n<title>Curso Inventor 2018 Detalle B\u00e1sico | Online Courses from Basic to Advanced | RenderTips<\/title>\n<meta name=\"description\" content=\"\u00a1Dise\u00f1e f\u00e1cilmente el dise\u00f1o t\u00e9cnico de su proyecto con las caracter\u00e0\u00adsticas de detalle de Inventor!\" \/>\n<meta name=\"robots\" content=\"index, follow, max-snippet:-1, max-image-preview:large, max-video-preview:-1\" \/>\n<link rel=\"canonical\" href=\"https:\/\/render.tips\/es\/cursos\/inventor-es\/inventor-2018-detalle-basico\" \/>\n<meta property=\"og:locale\" content=\"es_ES\" \/>\n<meta property=\"og:type\" content=\"article\" \/>\n<meta property=\"og:title\" content=\"Curso Inventor 2018 Detalle B\u00e1sico | Online Courses from Basic to Advanced | RenderTips\" \/>\n<meta property=\"og:description\" content=\"\u00a1Dise\u00f1e f\u00e1cilmente el dise\u00f1o t\u00e9cnico de su proyecto con las caracter\u00e0\u00adsticas de detalle de Inventor!\" \/>\n<meta property=\"og:url\" content=\"https:\/\/render.tips\/es\/cursos\/inventor-es\/inventor-2018-detalle-basico\" \/>\n<meta property=\"og:site_name\" content=\"Online Courses from Basic to Advanced | RenderTips\" \/>\n<meta property=\"article:publisher\" content=\"https:\/\/www.facebook.com\/rendertipscourses\/\" \/>\n<meta property=\"article:modified_time\" content=\"2020-02-06T02:47:56+00:00\" \/>\n<meta property=\"og:image\" content=\"https:\/\/static.render.tips\/wp-content\/uploads\/2019\/12\/IV18-DETB-ES_facebook.png\" \/>\n\t<meta property=\"og:image:width\" content=\"1200\" \/>\n\t<meta property=\"og:image:height\" content=\"627\" \/>\n<meta name=\"twitter:card\" content=\"summary_large_image\" \/>\n<meta name=\"twitter:image\" content=\"https:\/\/static.render.tips\/wp-content\/uploads\/2020\/02\/IV18-DETB-ES_facebook.png\" \/>\n<meta name=\"twitter:site\" content=\"@rendertips\" \/>\n<script type=\"application\/ld+json\" class=\"yoast-schema-graph\">{\"@context\":\"https:\/\/schema.org\",\"@graph\":[{\"@type\":\"Organization\",\"@id\":\"https:\/\/render.tips\/#organization\",\"name\":\"Render Tips\",\"url\":\"https:\/\/render.tips\/\",\"sameAs\":[\"https:\/\/www.facebook.com\/rendertipscourses\/\",\"https:\/\/www.instagram.com\/rendertips\/\",\"https:\/\/www.youtube.com\/channel\/UCx_9bcvh0_AQFGXxJ0StKSQ\",\"https:\/\/twitter.com\/rendertips\"],\"logo\":{\"@type\":\"ImageObject\",\"@id\":\"https:\/\/render.tips\/#logo\",\"inLanguage\":\"es\",\"url\":\"https:\/\/static.render.tips\/wp-content\/uploads\/2019\/08\/logo_1024.png\",\"width\":1024,\"height\":1024,\"caption\":\"Render Tips\"},\"image\":{\"@id\":\"https:\/\/render.tips\/#logo\"}},{\"@type\":\"WebSite\",\"@id\":\"https:\/\/render.tips\/#website\",\"url\":\"https:\/\/render.tips\/\",\"name\":\"Online Courses from Basic to Advanced | RenderTips\",\"description\":\"Technology Online Courses - Solidworks, Autocad, Inventor, 3ds Max and More\",\"publisher\":{\"@id\":\"https:\/\/render.tips\/#organization\"},\"potentialAction\":[{\"@type\":\"SearchAction\",\"target\":\"https:\/\/render.tips\/?s={search_term_string}\",\"query-input\":\"required name=search_term_string\"}],\"inLanguage\":\"es\"},{\"@type\":\"ImageObject\",\"@id\":\"https:\/\/render.tips\/es\/cursos\/inventor-es\/inventor-2018-detalle-basico#primaryimage\",\"inLanguage\":\"es\",\"url\":\"https:\/\/static.render.tips\/wp-content\/uploads\/2020\/02\/Curso-inventor-2018-detalle-basico-IV18-DETB-ES_destaque-20200206004218.jpg\",\"width\":229,\"height\":162},{\"@type\":\"WebPage\",\"@id\":\"https:\/\/render.tips\/es\/cursos\/inventor-es\/inventor-2018-detalle-basico#webpage\",\"url\":\"https:\/\/render.tips\/es\/cursos\/inventor-es\/inventor-2018-detalle-basico\",\"name\":\"Curso Inventor 2018 Detalle B\\u00e1sico | Online Courses from Basic to Advanced | RenderTips\",\"isPartOf\":{\"@id\":\"https:\/\/render.tips\/#website\"},\"primaryImageOfPage\":{\"@id\":\"https:\/\/render.tips\/es\/cursos\/inventor-es\/inventor-2018-detalle-basico#primaryimage\"},\"datePublished\":\"2017-10-20T13:53:26+00:00\",\"dateModified\":\"2020-02-06T02:47:56+00:00\",\"description\":\"\\u00a1Dise\\u00f1e f\\u00e1cilmente el dise\\u00f1o t\\u00e9cnico de su proyecto con las caracter\\u00e0\\u00adsticas de detalle de Inventor!\",\"breadcrumb\":{\"@id\":\"https:\/\/render.tips\/es\/cursos\/inventor-es\/inventor-2018-detalle-basico#breadcrumb\"},\"inLanguage\":\"es\",\"potentialAction\":[{\"@type\":\"ReadAction\",\"target\":[\"https:\/\/render.tips\/es\/cursos\/inventor-es\/inventor-2018-detalle-basico\"]}]},{\"@type\":\"BreadcrumbList\",\"@id\":\"https:\/\/render.tips\/es\/cursos\/inventor-es\/inventor-2018-detalle-basico#breadcrumb\",\"itemListElement\":[{\"@type\":\"ListItem\",\"position\":1,\"item\":{\"@type\":\"WebPage\",\"@id\":\"https:\/\/render.tips\/es\",\"url\":\"https:\/\/render.tips\/es\",\"name\":\"Home\"}},{\"@type\":\"ListItem\",\"position\":2,\"item\":{\"@type\":\"WebPage\",\"@id\":\"https:\/\/render.tips\/es\/shop\",\"url\":\"https:\/\/render.tips\/es\/shop\",\"name\":\"Shop\"}},{\"@type\":\"ListItem\",\"position\":3,\"item\":{\"@type\":\"WebPage\",\"@id\":\"https:\/\/render.tips\/es\/cursos\/inventor-es\/inventor-2018-detalle-basico\",\"url\":\"https:\/\/render.tips\/es\/cursos\/inventor-es\/inventor-2018-detalle-basico\",\"name\":\"Curso Inventor 2018 Detalle B\\u00e1sico\"}}]}]}<\/script>\n<!-- \/ Yoast SEO plugin. -->","_links":{"self":[{"href":"https:\/\/render.tips\/es\/wp-json\/wp\/v2\/product\/212372"}],"collection":[{"href":"https:\/\/render.tips\/es\/wp-json\/wp\/v2\/product"}],"about":[{"href":"https:\/\/render.tips\/es\/wp-json\/wp\/v2\/types\/product"}],"replies":[{"embeddable":true,"href":"https:\/\/render.tips\/es\/wp-json\/wp\/v2\/comments?post=212372"}],"wp:featuredmedia":[{"embeddable":true,"href":"https:\/\/render.tips\/es\/wp-json\/wp\/v2\/media\/229943"}],"wp:attachment":[{"href":"https:\/\/render.tips\/es\/wp-json\/wp\/v2\/media?parent=212372"}],"wp:term":[{"taxonomy":"product_cat","embeddable":true,"href":"https:\/\/render.tips\/es\/wp-json\/wp\/v2\/product_cat?post=212372"},{"taxonomy":"product_tag","embeddable":true,"href":"https:\/\/render.tips\/es\/wp-json\/wp\/v2\/product_tag?post=212372"}],"curies":[{"name":"wp","href":"https:\/\/api.w.org\/{rel}","templated":true}]}}