{"id":212060,"date":"2017-10-11T11:48:04","date_gmt":"2017-10-11T14:48:04","guid":{"rendered":"https:\/\/render.tips\/uncategorized\/inventor-2018-montajen-basico"},"modified":"2020-02-05T22:19:42","modified_gmt":"2020-02-06T01:19:42","slug":"inventor-2018-montajen-basico","status":"publish","type":"product","link":"https:\/\/render.tips\/es\/cursos\/inventor-es\/inventor-2018-montajen-basico","title":{"rendered":"Curso Inventor 2018 Montajen B\u00e1sico"},"content":{"rendered":"<p>Con lecciones pr\u00e1cticas y din\u00e1micas en v\u00e0\u00addeo, en este curso aprenderemos a trabajar con ensamblajes en Inventor. Veremos c\u00f3mo insertar piezas, agregar restricciones, insertar componentes de biblioteca, insertar archivos importados, reflejar, mover y rotar componentes. Haremos ejemplos pr\u00e1cticos y ejercicios para entrenar el aprendizaje creando el juego de una espada, un punto de anclaje, una llave de trinquete y una llave de grifo. Comience este curso ahora y destaque en el mercado de trabajo!<\/p>\n","protected":false},"excerpt":{"rendered":"<p><span style=\"color: #ff6600\">Pr\u00e1cticamente y din\u00e1micamente, aprenda a crear ensamblajes de piezas en Inventor 2018<\/span><\/p>\n","protected":false},"featured_media":229891,"comment_status":"open","ping_status":"closed","template":"","meta":[],"product_cat":[504,482,945],"product_tag":[],"acf":[],"yoast_head":"<!-- This site is optimized with the Yoast SEO plugin v15.9 - https:\/\/yoast.com\/wordpress\/plugins\/seo\/ -->\n<title>Curso Inventor 2018 Montajen B\u00e1sico | Online Courses from Basic to Advanced | RenderTips<\/title>\n<meta name=\"description\" content=\"Pr\u00e1cticamente y din\u00e1micamente, aprenda a crear ensamblajes de piezas en Inventor 2018\" \/>\n<meta name=\"robots\" content=\"index, follow, max-snippet:-1, max-image-preview:large, max-video-preview:-1\" \/>\n<link rel=\"canonical\" href=\"https:\/\/render.tips\/es\/cursos\/inventor-es\/inventor-2018-montajen-basico\" \/>\n<meta property=\"og:locale\" content=\"es_ES\" \/>\n<meta property=\"og:type\" content=\"article\" \/>\n<meta property=\"og:title\" content=\"Curso Inventor 2018 Montajen B\u00e1sico | Online Courses from Basic to Advanced | RenderTips\" \/>\n<meta property=\"og:description\" content=\"Pr\u00e1cticamente y din\u00e1micamente, aprenda a crear ensamblajes de piezas en Inventor 2018\" \/>\n<meta property=\"og:url\" content=\"https:\/\/render.tips\/es\/cursos\/inventor-es\/inventor-2018-montajen-basico\" \/>\n<meta property=\"og:site_name\" content=\"Online Courses from Basic to Advanced | RenderTips\" \/>\n<meta property=\"article:publisher\" content=\"https:\/\/www.facebook.com\/rendertipscourses\/\" \/>\n<meta property=\"article:modified_time\" content=\"2020-02-06T01:19:42+00:00\" \/>\n<meta property=\"og:image\" content=\"https:\/\/static.render.tips\/wp-content\/uploads\/2019\/11\/IV18-MONT-ES_facebook.png\" \/>\n\t<meta property=\"og:image:width\" content=\"1200\" \/>\n\t<meta property=\"og:image:height\" content=\"627\" \/>\n<meta name=\"twitter:card\" content=\"summary_large_image\" \/>\n<meta name=\"twitter:image\" content=\"https:\/\/static.render.tips\/wp-content\/uploads\/2020\/02\/IV18-MONT-ES_facebook.png\" \/>\n<meta name=\"twitter:site\" content=\"@rendertips\" \/>\n<script type=\"application\/ld+json\" class=\"yoast-schema-graph\">{\"@context\":\"https:\/\/schema.org\",\"@graph\":[{\"@type\":\"Organization\",\"@id\":\"https:\/\/render.tips\/#organization\",\"name\":\"Render Tips\",\"url\":\"https:\/\/render.tips\/\",\"sameAs\":[\"https:\/\/www.facebook.com\/rendertipscourses\/\",\"https:\/\/www.instagram.com\/rendertips\/\",\"https:\/\/www.youtube.com\/channel\/UCx_9bcvh0_AQFGXxJ0StKSQ\",\"https:\/\/twitter.com\/rendertips\"],\"logo\":{\"@type\":\"ImageObject\",\"@id\":\"https:\/\/render.tips\/#logo\",\"inLanguage\":\"es\",\"url\":\"https:\/\/static.render.tips\/wp-content\/uploads\/2019\/08\/logo_1024.png\",\"width\":1024,\"height\":1024,\"caption\":\"Render Tips\"},\"image\":{\"@id\":\"https:\/\/render.tips\/#logo\"}},{\"@type\":\"WebSite\",\"@id\":\"https:\/\/render.tips\/#website\",\"url\":\"https:\/\/render.tips\/\",\"name\":\"Online Courses from Basic to Advanced | RenderTips\",\"description\":\"Technology Online Courses - Solidworks, Autocad, Inventor, 3ds Max and More\",\"publisher\":{\"@id\":\"https:\/\/render.tips\/#organization\"},\"potentialAction\":[{\"@type\":\"SearchAction\",\"target\":\"https:\/\/render.tips\/?s={search_term_string}\",\"query-input\":\"required name=search_term_string\"}],\"inLanguage\":\"es\"},{\"@type\":\"ImageObject\",\"@id\":\"https:\/\/render.tips\/es\/cursos\/inventor-es\/inventor-2018-montajen-basico#primaryimage\",\"inLanguage\":\"es\",\"url\":\"https:\/\/static.render.tips\/wp-content\/uploads\/2020\/02\/Curso-inventor-2018-montajen-basico-IV18-MONT-ES_destaque-20200205231404.jpg\",\"width\":229,\"height\":162},{\"@type\":\"WebPage\",\"@id\":\"https:\/\/render.tips\/es\/cursos\/inventor-es\/inventor-2018-montajen-basico#webpage\",\"url\":\"https:\/\/render.tips\/es\/cursos\/inventor-es\/inventor-2018-montajen-basico\",\"name\":\"Curso Inventor 2018 Montajen B\\u00e1sico | Online Courses from Basic to Advanced | RenderTips\",\"isPartOf\":{\"@id\":\"https:\/\/render.tips\/#website\"},\"primaryImageOfPage\":{\"@id\":\"https:\/\/render.tips\/es\/cursos\/inventor-es\/inventor-2018-montajen-basico#primaryimage\"},\"datePublished\":\"2017-10-11T14:48:04+00:00\",\"dateModified\":\"2020-02-06T01:19:42+00:00\",\"description\":\"Pr\\u00e1cticamente y din\\u00e1micamente, aprenda a crear ensamblajes de piezas en Inventor 2018\",\"breadcrumb\":{\"@id\":\"https:\/\/render.tips\/es\/cursos\/inventor-es\/inventor-2018-montajen-basico#breadcrumb\"},\"inLanguage\":\"es\",\"potentialAction\":[{\"@type\":\"ReadAction\",\"target\":[\"https:\/\/render.tips\/es\/cursos\/inventor-es\/inventor-2018-montajen-basico\"]}]},{\"@type\":\"BreadcrumbList\",\"@id\":\"https:\/\/render.tips\/es\/cursos\/inventor-es\/inventor-2018-montajen-basico#breadcrumb\",\"itemListElement\":[{\"@type\":\"ListItem\",\"position\":1,\"item\":{\"@type\":\"WebPage\",\"@id\":\"https:\/\/render.tips\/es\",\"url\":\"https:\/\/render.tips\/es\",\"name\":\"Home\"}},{\"@type\":\"ListItem\",\"position\":2,\"item\":{\"@type\":\"WebPage\",\"@id\":\"https:\/\/render.tips\/es\/shop\",\"url\":\"https:\/\/render.tips\/es\/shop\",\"name\":\"Shop\"}},{\"@type\":\"ListItem\",\"position\":3,\"item\":{\"@type\":\"WebPage\",\"@id\":\"https:\/\/render.tips\/es\/cursos\/inventor-es\/inventor-2018-montajen-basico\",\"url\":\"https:\/\/render.tips\/es\/cursos\/inventor-es\/inventor-2018-montajen-basico\",\"name\":\"Curso Inventor 2018 Montajen B\\u00e1sico\"}}]}]}<\/script>\n<!-- \/ Yoast SEO plugin. -->","_links":{"self":[{"href":"https:\/\/render.tips\/es\/wp-json\/wp\/v2\/product\/212060"}],"collection":[{"href":"https:\/\/render.tips\/es\/wp-json\/wp\/v2\/product"}],"about":[{"href":"https:\/\/render.tips\/es\/wp-json\/wp\/v2\/types\/product"}],"replies":[{"embeddable":true,"href":"https:\/\/render.tips\/es\/wp-json\/wp\/v2\/comments?post=212060"}],"wp:featuredmedia":[{"embeddable":true,"href":"https:\/\/render.tips\/es\/wp-json\/wp\/v2\/media\/229891"}],"wp:attachment":[{"href":"https:\/\/render.tips\/es\/wp-json\/wp\/v2\/media?parent=212060"}],"wp:term":[{"taxonomy":"product_cat","embeddable":true,"href":"https:\/\/render.tips\/es\/wp-json\/wp\/v2\/product_cat?post=212060"},{"taxonomy":"product_tag","embeddable":true,"href":"https:\/\/render.tips\/es\/wp-json\/wp\/v2\/product_tag?post=212060"}],"curies":[{"name":"wp","href":"https:\/\/api.w.org\/{rel}","templated":true}]}}