{"id":211525,"date":"2016-10-05T10:18:48","date_gmt":"2016-10-05T13:18:48","guid":{"rendered":"https:\/\/render.tips\/uncategorized\/solidworks-2016-tablas-de-parametrizacion-y-diseno"},"modified":"2020-02-04T12:39:01","modified_gmt":"2020-02-04T15:39:01","slug":"solidworks-2016-tablas-de-parametrizacion-y-diseno","status":"publish","type":"product","link":"https:\/\/render.tips\/es\/cursos\/solidworks-es\/solidworks-2016-tablas-de-parametrizacion-y-diseno","title":{"rendered":"Curso SolidWorks 2016 &#8211; Tablas de Parametrizaci\u00f3n y Dise\u00f1o"},"content":{"rendered":"<p>Con lecciones en v\u00e0\u00addeo pr\u00e1cticas y sencillas, aprenda a crear proyectos optimizados en SolidWorks, aplicando funciones de parametrizaci\u00f3n junto con pr\u00e1cticas recomendadas de modelado. Aprenda a hacer referencia a entidades de croquis y trabajar con ecuaciones simples y ecuaciones basadas en reglas para piezas y ensamblajes. Aprenda a automatizar proyectos mediante tablas y propiedades. Mejore su aprendizaje haciendo los ejemplos y ejercicios propuestos, parametrizando una conexi\u00f3n hidr\u00e1ulica y creando ajustes para una rueda dentada. Domina este segmento m\u00e1s y destaca en el mercado!<\/p>\n","protected":false},"excerpt":{"rendered":"<p><span style=\"color: #ff6600\">Optimice sus proyectos en SolidWorks mediante parametrizaci\u00f3n, ecuaciones y tablas<\/span><\/p>\n","protected":false},"featured_media":229537,"comment_status":"open","ping_status":"closed","template":"","meta":[],"product_cat":[504,820],"product_tag":[],"acf":[],"yoast_head":"<!-- This site is optimized with the Yoast SEO plugin v15.9 - https:\/\/yoast.com\/wordpress\/plugins\/seo\/ -->\n<title>Curso SolidWorks 2016 - Tablas de Parametrizaci\u00f3n y Dise\u00f1o | Online Courses from Basic to Advanced | RenderTips<\/title>\n<meta name=\"description\" content=\"Optimice sus proyectos en SolidWorks mediante parametrizaci\u00f3n, ecuaciones y tablas\" \/>\n<meta name=\"robots\" content=\"index, follow, max-snippet:-1, max-image-preview:large, max-video-preview:-1\" \/>\n<link rel=\"canonical\" href=\"https:\/\/render.tips\/es\/cursos\/solidworks-es\/solidworks-2016-tablas-de-parametrizacion-y-diseno\" \/>\n<meta property=\"og:locale\" content=\"es_ES\" \/>\n<meta property=\"og:type\" content=\"article\" \/>\n<meta property=\"og:title\" content=\"Curso SolidWorks 2016 - Tablas de Parametrizaci\u00f3n y Dise\u00f1o | Online Courses from Basic to Advanced | RenderTips\" \/>\n<meta property=\"og:description\" content=\"Optimice sus proyectos en SolidWorks mediante parametrizaci\u00f3n, ecuaciones y tablas\" \/>\n<meta property=\"og:url\" content=\"https:\/\/render.tips\/es\/cursos\/solidworks-es\/solidworks-2016-tablas-de-parametrizacion-y-diseno\" \/>\n<meta property=\"og:site_name\" content=\"Online Courses from Basic to Advanced | RenderTips\" \/>\n<meta property=\"article:publisher\" content=\"https:\/\/www.facebook.com\/rendertipscourses\/\" \/>\n<meta property=\"article:modified_time\" content=\"2020-02-04T15:39:01+00:00\" \/>\n<meta property=\"og:image\" content=\"https:\/\/static.render.tips\/wp-content\/uploads\/2019\/10\/SW16-PAR-TABP-ES_facebook.png\" \/>\n\t<meta property=\"og:image:width\" content=\"1200\" \/>\n\t<meta property=\"og:image:height\" content=\"627\" \/>\n<meta name=\"twitter:card\" content=\"summary_large_image\" \/>\n<meta name=\"twitter:image\" content=\"https:\/\/static.render.tips\/wp-content\/uploads\/2020\/02\/SW16-PAR-TABP-ES_facebook.png\" \/>\n<meta name=\"twitter:site\" content=\"@rendertips\" \/>\n<script type=\"application\/ld+json\" class=\"yoast-schema-graph\">{\"@context\":\"https:\/\/schema.org\",\"@graph\":[{\"@type\":\"Organization\",\"@id\":\"https:\/\/render.tips\/#organization\",\"name\":\"Render Tips\",\"url\":\"https:\/\/render.tips\/\",\"sameAs\":[\"https:\/\/www.facebook.com\/rendertipscourses\/\",\"https:\/\/www.instagram.com\/rendertips\/\",\"https:\/\/www.youtube.com\/channel\/UCx_9bcvh0_AQFGXxJ0StKSQ\",\"https:\/\/twitter.com\/rendertips\"],\"logo\":{\"@type\":\"ImageObject\",\"@id\":\"https:\/\/render.tips\/#logo\",\"inLanguage\":\"es\",\"url\":\"https:\/\/static.render.tips\/wp-content\/uploads\/2019\/08\/logo_1024.png\",\"width\":1024,\"height\":1024,\"caption\":\"Render Tips\"},\"image\":{\"@id\":\"https:\/\/render.tips\/#logo\"}},{\"@type\":\"WebSite\",\"@id\":\"https:\/\/render.tips\/#website\",\"url\":\"https:\/\/render.tips\/\",\"name\":\"Online Courses from Basic to Advanced | RenderTips\",\"description\":\"Technology Online Courses - Solidworks, Autocad, Inventor, 3ds Max and More\",\"publisher\":{\"@id\":\"https:\/\/render.tips\/#organization\"},\"potentialAction\":[{\"@type\":\"SearchAction\",\"target\":\"https:\/\/render.tips\/?s={search_term_string}\",\"query-input\":\"required name=search_term_string\"}],\"inLanguage\":\"es\"},{\"@type\":\"ImageObject\",\"@id\":\"https:\/\/render.tips\/es\/cursos\/solidworks-es\/solidworks-2016-tablas-de-parametrizacion-y-diseno#primaryimage\",\"inLanguage\":\"es\",\"url\":\"https:\/\/static.render.tips\/wp-content\/uploads\/2020\/02\/Curso-solidworks-2016-tablas-de-parametrizacion-y-diseno-SW16-PAR-TABP-ES_destaque-20200204133326.jpg\",\"width\":229,\"height\":162},{\"@type\":\"WebPage\",\"@id\":\"https:\/\/render.tips\/es\/cursos\/solidworks-es\/solidworks-2016-tablas-de-parametrizacion-y-diseno#webpage\",\"url\":\"https:\/\/render.tips\/es\/cursos\/solidworks-es\/solidworks-2016-tablas-de-parametrizacion-y-diseno\",\"name\":\"Curso SolidWorks 2016 - Tablas de Parametrizaci\\u00f3n y Dise\\u00f1o | Online Courses from Basic to Advanced | RenderTips\",\"isPartOf\":{\"@id\":\"https:\/\/render.tips\/#website\"},\"primaryImageOfPage\":{\"@id\":\"https:\/\/render.tips\/es\/cursos\/solidworks-es\/solidworks-2016-tablas-de-parametrizacion-y-diseno#primaryimage\"},\"datePublished\":\"2016-10-05T13:18:48+00:00\",\"dateModified\":\"2020-02-04T15:39:01+00:00\",\"description\":\"Optimice sus proyectos en SolidWorks mediante parametrizaci\\u00f3n, ecuaciones y tablas\",\"breadcrumb\":{\"@id\":\"https:\/\/render.tips\/es\/cursos\/solidworks-es\/solidworks-2016-tablas-de-parametrizacion-y-diseno#breadcrumb\"},\"inLanguage\":\"es\",\"potentialAction\":[{\"@type\":\"ReadAction\",\"target\":[\"https:\/\/render.tips\/es\/cursos\/solidworks-es\/solidworks-2016-tablas-de-parametrizacion-y-diseno\"]}]},{\"@type\":\"BreadcrumbList\",\"@id\":\"https:\/\/render.tips\/es\/cursos\/solidworks-es\/solidworks-2016-tablas-de-parametrizacion-y-diseno#breadcrumb\",\"itemListElement\":[{\"@type\":\"ListItem\",\"position\":1,\"item\":{\"@type\":\"WebPage\",\"@id\":\"https:\/\/render.tips\/es\",\"url\":\"https:\/\/render.tips\/es\",\"name\":\"Home\"}},{\"@type\":\"ListItem\",\"position\":2,\"item\":{\"@type\":\"WebPage\",\"@id\":\"https:\/\/render.tips\/es\/shop\",\"url\":\"https:\/\/render.tips\/es\/shop\",\"name\":\"Shop\"}},{\"@type\":\"ListItem\",\"position\":3,\"item\":{\"@type\":\"WebPage\",\"@id\":\"https:\/\/render.tips\/es\/cursos\/solidworks-es\/solidworks-2016-tablas-de-parametrizacion-y-diseno\",\"url\":\"https:\/\/render.tips\/es\/cursos\/solidworks-es\/solidworks-2016-tablas-de-parametrizacion-y-diseno\",\"name\":\"Curso SolidWorks 2016 &#8211; Tablas de Parametrizaci\\u00f3n y Dise\\u00f1o\"}}]}]}<\/script>\n<!-- \/ Yoast SEO plugin. -->","_links":{"self":[{"href":"https:\/\/render.tips\/es\/wp-json\/wp\/v2\/product\/211525"}],"collection":[{"href":"https:\/\/render.tips\/es\/wp-json\/wp\/v2\/product"}],"about":[{"href":"https:\/\/render.tips\/es\/wp-json\/wp\/v2\/types\/product"}],"replies":[{"embeddable":true,"href":"https:\/\/render.tips\/es\/wp-json\/wp\/v2\/comments?post=211525"}],"wp:featuredmedia":[{"embeddable":true,"href":"https:\/\/render.tips\/es\/wp-json\/wp\/v2\/media\/229537"}],"wp:attachment":[{"href":"https:\/\/render.tips\/es\/wp-json\/wp\/v2\/media?parent=211525"}],"wp:term":[{"taxonomy":"product_cat","embeddable":true,"href":"https:\/\/render.tips\/es\/wp-json\/wp\/v2\/product_cat?post=211525"},{"taxonomy":"product_tag","embeddable":true,"href":"https:\/\/render.tips\/es\/wp-json\/wp\/v2\/product_tag?post=211525"}],"curies":[{"name":"wp","href":"https:\/\/api.w.org\/{rel}","templated":true}]}}