{"id":211412,"date":"2017-07-11T12:43:21","date_gmt":"2017-07-11T15:43:21","guid":{"rendered":"https:\/\/render.tips\/uncategorized\/solidworks-2017-floxpress-2"},"modified":"2020-02-03T22:55:15","modified_gmt":"2020-02-04T01:55:15","slug":"solidworks-2017-floxpress","status":"publish","type":"product","link":"https:\/\/render.tips\/es\/cursos\/solidworks-es\/solidworks-2017-floxpress","title":{"rendered":"Curso SolidWorks 2017 FloXpress"},"content":{"rendered":"<p>Con lecciones de video pr\u00e1cticas y din\u00e1micas, aprenda a usar todas las funciones de FloXpress, aplicaci\u00f3n de simulaci\u00f3n de fluidos de SolidWorks. A trav\u00e9s de clases, ejemplos pr\u00e1cticos y ejercicios, aprender a definir las condiciones de control del proyecto informando datos de temperatura, flujo volum\u00e9trico, flujo m\u00e1sico o presi\u00f3n, simulando y analizando los resultados obtenidos. Aprenda a utilizar una tecnolog\u00e0\u00ada de r\u00e1pido crecimiento en el mercado: la din\u00e1mica de los fluidos computacionales y dar un paso m\u00e1s hacia su \u00e9xito profesional!<\/p>\n","protected":false},"excerpt":{"rendered":"<p><span style=\"color: #ff6600\">Optimice sus proyectos en SolidWorks simulando el flujo de fluido en piezas y ensamblajes<\/span><\/p>\n","protected":false},"featured_media":229485,"comment_status":"open","ping_status":"closed","template":"","meta":[],"product_cat":[504,945,820],"product_tag":[],"acf":[],"yoast_head":"<!-- This site is optimized with the Yoast SEO plugin v15.9 - https:\/\/yoast.com\/wordpress\/plugins\/seo\/ -->\n<title>Curso SolidWorks 2017 FloXpress | Online Courses from Basic to Advanced | RenderTips<\/title>\n<meta name=\"description\" content=\"Optimice sus proyectos en SolidWorks simulando el flujo de fluido en piezas y ensamblajes\" \/>\n<meta name=\"robots\" content=\"index, follow, max-snippet:-1, max-image-preview:large, max-video-preview:-1\" \/>\n<link rel=\"canonical\" href=\"https:\/\/render.tips\/es\/cursos\/solidworks-es\/solidworks-2017-floxpress\" \/>\n<meta property=\"og:locale\" content=\"es_ES\" \/>\n<meta property=\"og:type\" content=\"article\" \/>\n<meta property=\"og:title\" content=\"Curso SolidWorks 2017 FloXpress | Online Courses from Basic to Advanced | RenderTips\" \/>\n<meta property=\"og:description\" content=\"Optimice sus proyectos en SolidWorks simulando el flujo de fluido en piezas y ensamblajes\" \/>\n<meta property=\"og:url\" content=\"https:\/\/render.tips\/es\/cursos\/solidworks-es\/solidworks-2017-floxpress\" \/>\n<meta property=\"og:site_name\" content=\"Online Courses from Basic to Advanced | RenderTips\" \/>\n<meta property=\"article:publisher\" content=\"https:\/\/www.facebook.com\/rendertipscourses\/\" \/>\n<meta property=\"article:modified_time\" content=\"2020-02-04T01:55:15+00:00\" \/>\n<meta property=\"og:image\" content=\"https:\/\/static.render.tips\/wp-content\/uploads\/2019\/10\/SW17-FLOX-ES_facebook.png\" \/>\n\t<meta property=\"og:image:width\" content=\"1200\" \/>\n\t<meta property=\"og:image:height\" content=\"627\" \/>\n<meta name=\"twitter:card\" content=\"summary_large_image\" \/>\n<meta name=\"twitter:image\" content=\"https:\/\/static.render.tips\/wp-content\/uploads\/2020\/02\/SW17-FLOX-ES_facebook.png\" \/>\n<meta name=\"twitter:site\" content=\"@rendertips\" \/>\n<script type=\"application\/ld+json\" class=\"yoast-schema-graph\">{\"@context\":\"https:\/\/schema.org\",\"@graph\":[{\"@type\":\"Organization\",\"@id\":\"https:\/\/render.tips\/#organization\",\"name\":\"Render Tips\",\"url\":\"https:\/\/render.tips\/\",\"sameAs\":[\"https:\/\/www.facebook.com\/rendertipscourses\/\",\"https:\/\/www.instagram.com\/rendertips\/\",\"https:\/\/www.youtube.com\/channel\/UCx_9bcvh0_AQFGXxJ0StKSQ\",\"https:\/\/twitter.com\/rendertips\"],\"logo\":{\"@type\":\"ImageObject\",\"@id\":\"https:\/\/render.tips\/#logo\",\"inLanguage\":\"es\",\"url\":\"https:\/\/static.render.tips\/wp-content\/uploads\/2019\/08\/logo_1024.png\",\"width\":1024,\"height\":1024,\"caption\":\"Render Tips\"},\"image\":{\"@id\":\"https:\/\/render.tips\/#logo\"}},{\"@type\":\"WebSite\",\"@id\":\"https:\/\/render.tips\/#website\",\"url\":\"https:\/\/render.tips\/\",\"name\":\"Online Courses from Basic to Advanced | RenderTips\",\"description\":\"Technology Online Courses - Solidworks, Autocad, Inventor, 3ds Max and More\",\"publisher\":{\"@id\":\"https:\/\/render.tips\/#organization\"},\"potentialAction\":[{\"@type\":\"SearchAction\",\"target\":\"https:\/\/render.tips\/?s={search_term_string}\",\"query-input\":\"required name=search_term_string\"}],\"inLanguage\":\"es\"},{\"@type\":\"ImageObject\",\"@id\":\"https:\/\/render.tips\/es\/cursos\/solidworks-es\/solidworks-2017-floxpress#primaryimage\",\"inLanguage\":\"es\",\"url\":\"https:\/\/static.render.tips\/wp-content\/uploads\/2020\/02\/Curso-solidworks-2017-floxpress-SW17-FLOX-ES_destaque-20200203234940.jpg\",\"width\":229,\"height\":162},{\"@type\":\"WebPage\",\"@id\":\"https:\/\/render.tips\/es\/cursos\/solidworks-es\/solidworks-2017-floxpress#webpage\",\"url\":\"https:\/\/render.tips\/es\/cursos\/solidworks-es\/solidworks-2017-floxpress\",\"name\":\"Curso SolidWorks 2017 FloXpress | Online Courses from Basic to Advanced | RenderTips\",\"isPartOf\":{\"@id\":\"https:\/\/render.tips\/#website\"},\"primaryImageOfPage\":{\"@id\":\"https:\/\/render.tips\/es\/cursos\/solidworks-es\/solidworks-2017-floxpress#primaryimage\"},\"datePublished\":\"2017-07-11T15:43:21+00:00\",\"dateModified\":\"2020-02-04T01:55:15+00:00\",\"description\":\"Optimice sus proyectos en SolidWorks simulando el flujo de fluido en piezas y ensamblajes\",\"breadcrumb\":{\"@id\":\"https:\/\/render.tips\/es\/cursos\/solidworks-es\/solidworks-2017-floxpress#breadcrumb\"},\"inLanguage\":\"es\",\"potentialAction\":[{\"@type\":\"ReadAction\",\"target\":[\"https:\/\/render.tips\/es\/cursos\/solidworks-es\/solidworks-2017-floxpress\"]}]},{\"@type\":\"BreadcrumbList\",\"@id\":\"https:\/\/render.tips\/es\/cursos\/solidworks-es\/solidworks-2017-floxpress#breadcrumb\",\"itemListElement\":[{\"@type\":\"ListItem\",\"position\":1,\"item\":{\"@type\":\"WebPage\",\"@id\":\"https:\/\/render.tips\/es\",\"url\":\"https:\/\/render.tips\/es\",\"name\":\"Home\"}},{\"@type\":\"ListItem\",\"position\":2,\"item\":{\"@type\":\"WebPage\",\"@id\":\"https:\/\/render.tips\/es\/shop\",\"url\":\"https:\/\/render.tips\/es\/shop\",\"name\":\"Shop\"}},{\"@type\":\"ListItem\",\"position\":3,\"item\":{\"@type\":\"WebPage\",\"@id\":\"https:\/\/render.tips\/es\/cursos\/solidworks-es\/solidworks-2017-floxpress\",\"url\":\"https:\/\/render.tips\/es\/cursos\/solidworks-es\/solidworks-2017-floxpress\",\"name\":\"Curso SolidWorks 2017 FloXpress\"}}]}]}<\/script>\n<!-- \/ Yoast SEO plugin. -->","_links":{"self":[{"href":"https:\/\/render.tips\/es\/wp-json\/wp\/v2\/product\/211412"}],"collection":[{"href":"https:\/\/render.tips\/es\/wp-json\/wp\/v2\/product"}],"about":[{"href":"https:\/\/render.tips\/es\/wp-json\/wp\/v2\/types\/product"}],"replies":[{"embeddable":true,"href":"https:\/\/render.tips\/es\/wp-json\/wp\/v2\/comments?post=211412"}],"wp:featuredmedia":[{"embeddable":true,"href":"https:\/\/render.tips\/es\/wp-json\/wp\/v2\/media\/229485"}],"wp:attachment":[{"href":"https:\/\/render.tips\/es\/wp-json\/wp\/v2\/media?parent=211412"}],"wp:term":[{"taxonomy":"product_cat","embeddable":true,"href":"https:\/\/render.tips\/es\/wp-json\/wp\/v2\/product_cat?post=211412"},{"taxonomy":"product_tag","embeddable":true,"href":"https:\/\/render.tips\/es\/wp-json\/wp\/v2\/product_tag?post=211412"}],"curies":[{"name":"wp","href":"https:\/\/api.w.org\/{rel}","templated":true}]}}