{"id":211031,"date":"2018-06-12T01:00:32","date_gmt":"2018-06-12T04:00:32","guid":{"rendered":"https:\/\/render.tips\/uncategorized\/solidworks-simulation-analisis-estatico-avanzado"},"modified":"2020-02-03T16:02:07","modified_gmt":"2020-02-03T19:02:07","slug":"solidworks-simulation-analisis-estatico-avanzado","status":"publish","type":"product","link":"https:\/\/render.tips\/es\/cursos\/solidworks-es\/solidworks-simulation-analisis-estatico-avanzado","title":{"rendered":"Curso SolidWorks Simulation &#8211; An\u00e1lisis est\u00e1tico avanzado"},"content":{"rendered":"<p>Con lecciones pr\u00e1cticas en v\u00e0\u00addeo, aprenda a usar funciones y opciones avanzadas de Simulation probando sus proyectos en el entorno virtual de SolidWorks. Obtenga conocimientos y convi\u00e9rtase en un dise\u00f1ador de simulaci\u00f3n especializado en SolidWorks, dise\u00f1ando con m\u00e1s confianza y facilidad. Aprenda sobre Solvers y sus opciones, simule piezas de malla mezcladas, aplique varios conectores como muelles, soldaduras y cojinetes; use carga remota, aplique m\u00e9todos de soluci\u00f3n adaptativa y mucho m\u00e1s. Sea un dise\u00f1ador exitoso con funciones CAE de SolidWorks.<\/p>\n","protected":false},"excerpt":{"rendered":"<p><span style=\"color: #ff6600\">Aprenda opciones y caracter\u00e0\u00adsticas avanzadas de Simulaci\u00f3n, y valide proyectos complejos con mayor facilidad y confianza.<\/span><\/p>\n","protected":false},"featured_media":229096,"comment_status":"open","ping_status":"closed","template":"","meta":[],"product_cat":[504,935,945,820],"product_tag":[],"acf":[],"yoast_head":"<!-- This site is optimized with the Yoast SEO plugin v15.9 - https:\/\/yoast.com\/wordpress\/plugins\/seo\/ -->\n<title>Curso SolidWorks Simulation - An\u00e1lisis est\u00e1tico avanzado | Online Courses from Basic to Advanced | RenderTips<\/title>\n<meta name=\"description\" content=\"Aprenda opciones y caracter\u00e0\u00adsticas avanzadas de Simulaci\u00f3n, y valide proyectos complejos con mayor facilidad y confianza.\" \/>\n<meta name=\"robots\" content=\"index, follow, max-snippet:-1, max-image-preview:large, max-video-preview:-1\" \/>\n<link rel=\"canonical\" href=\"https:\/\/render.tips\/es\/cursos\/solidworks-es\/solidworks-simulation-analisis-estatico-avanzado\" \/>\n<meta property=\"og:locale\" content=\"es_ES\" \/>\n<meta property=\"og:type\" content=\"article\" \/>\n<meta property=\"og:title\" content=\"Curso SolidWorks Simulation - An\u00e1lisis est\u00e1tico avanzado | Online Courses from Basic to Advanced | RenderTips\" \/>\n<meta property=\"og:description\" content=\"Aprenda opciones y caracter\u00e0\u00adsticas avanzadas de Simulaci\u00f3n, y valide proyectos complejos con mayor facilidad y confianza.\" \/>\n<meta property=\"og:url\" content=\"https:\/\/render.tips\/es\/cursos\/solidworks-es\/solidworks-simulation-analisis-estatico-avanzado\" \/>\n<meta property=\"og:site_name\" content=\"Online Courses from Basic to Advanced | RenderTips\" \/>\n<meta property=\"article:publisher\" content=\"https:\/\/www.facebook.com\/rendertipscourses\/\" \/>\n<meta property=\"article:modified_time\" content=\"2020-02-03T19:02:07+00:00\" \/>\n<meta property=\"og:image\" content=\"https:\/\/static.render.tips\/wp-content\/uploads\/2019\/09\/SW18-SIM-ASA-ES_facebook.png\" \/>\n\t<meta property=\"og:image:width\" content=\"1200\" \/>\n\t<meta property=\"og:image:height\" content=\"627\" \/>\n<meta name=\"twitter:card\" content=\"summary_large_image\" \/>\n<meta name=\"twitter:image\" content=\"https:\/\/static.render.tips\/wp-content\/uploads\/2020\/02\/SW18-SIM-ASA-ES_facebook.png\" \/>\n<meta name=\"twitter:site\" content=\"@rendertips\" \/>\n<script type=\"application\/ld+json\" class=\"yoast-schema-graph\">{\"@context\":\"https:\/\/schema.org\",\"@graph\":[{\"@type\":\"Organization\",\"@id\":\"https:\/\/render.tips\/#organization\",\"name\":\"Render Tips\",\"url\":\"https:\/\/render.tips\/\",\"sameAs\":[\"https:\/\/www.facebook.com\/rendertipscourses\/\",\"https:\/\/www.instagram.com\/rendertips\/\",\"https:\/\/www.youtube.com\/channel\/UCx_9bcvh0_AQFGXxJ0StKSQ\",\"https:\/\/twitter.com\/rendertips\"],\"logo\":{\"@type\":\"ImageObject\",\"@id\":\"https:\/\/render.tips\/#logo\",\"inLanguage\":\"es\",\"url\":\"https:\/\/static.render.tips\/wp-content\/uploads\/2019\/08\/logo_1024.png\",\"width\":1024,\"height\":1024,\"caption\":\"Render Tips\"},\"image\":{\"@id\":\"https:\/\/render.tips\/#logo\"}},{\"@type\":\"WebSite\",\"@id\":\"https:\/\/render.tips\/#website\",\"url\":\"https:\/\/render.tips\/\",\"name\":\"Online Courses from Basic to Advanced | RenderTips\",\"description\":\"Technology Online Courses - Solidworks, Autocad, Inventor, 3ds Max and More\",\"publisher\":{\"@id\":\"https:\/\/render.tips\/#organization\"},\"potentialAction\":[{\"@type\":\"SearchAction\",\"target\":\"https:\/\/render.tips\/?s={search_term_string}\",\"query-input\":\"required name=search_term_string\"}],\"inLanguage\":\"es\"},{\"@type\":\"ImageObject\",\"@id\":\"https:\/\/render.tips\/es\/cursos\/solidworks-es\/solidworks-simulation-analisis-estatico-avanzado#primaryimage\",\"inLanguage\":\"es\",\"url\":\"https:\/\/static.render.tips\/wp-content\/uploads\/2020\/02\/Curso-solidworks-simulation-analisis-estatico-avanzado-SW18-SIM-ASA-ES_destaque-20200203165614.jpg\",\"width\":229,\"height\":162},{\"@type\":\"WebPage\",\"@id\":\"https:\/\/render.tips\/es\/cursos\/solidworks-es\/solidworks-simulation-analisis-estatico-avanzado#webpage\",\"url\":\"https:\/\/render.tips\/es\/cursos\/solidworks-es\/solidworks-simulation-analisis-estatico-avanzado\",\"name\":\"Curso SolidWorks Simulation - An\\u00e1lisis est\\u00e1tico avanzado | Online Courses from Basic to Advanced | RenderTips\",\"isPartOf\":{\"@id\":\"https:\/\/render.tips\/#website\"},\"primaryImageOfPage\":{\"@id\":\"https:\/\/render.tips\/es\/cursos\/solidworks-es\/solidworks-simulation-analisis-estatico-avanzado#primaryimage\"},\"datePublished\":\"2018-06-12T04:00:32+00:00\",\"dateModified\":\"2020-02-03T19:02:07+00:00\",\"description\":\"Aprenda opciones y caracter\\u00e0\\u00adsticas avanzadas de Simulaci\\u00f3n, y valide proyectos complejos con mayor facilidad y confianza.\",\"breadcrumb\":{\"@id\":\"https:\/\/render.tips\/es\/cursos\/solidworks-es\/solidworks-simulation-analisis-estatico-avanzado#breadcrumb\"},\"inLanguage\":\"es\",\"potentialAction\":[{\"@type\":\"ReadAction\",\"target\":[\"https:\/\/render.tips\/es\/cursos\/solidworks-es\/solidworks-simulation-analisis-estatico-avanzado\"]}]},{\"@type\":\"BreadcrumbList\",\"@id\":\"https:\/\/render.tips\/es\/cursos\/solidworks-es\/solidworks-simulation-analisis-estatico-avanzado#breadcrumb\",\"itemListElement\":[{\"@type\":\"ListItem\",\"position\":1,\"item\":{\"@type\":\"WebPage\",\"@id\":\"https:\/\/render.tips\/es\",\"url\":\"https:\/\/render.tips\/es\",\"name\":\"Home\"}},{\"@type\":\"ListItem\",\"position\":2,\"item\":{\"@type\":\"WebPage\",\"@id\":\"https:\/\/render.tips\/es\/shop\",\"url\":\"https:\/\/render.tips\/es\/shop\",\"name\":\"Shop\"}},{\"@type\":\"ListItem\",\"position\":3,\"item\":{\"@type\":\"WebPage\",\"@id\":\"https:\/\/render.tips\/es\/cursos\/solidworks-es\/solidworks-simulation-analisis-estatico-avanzado\",\"url\":\"https:\/\/render.tips\/es\/cursos\/solidworks-es\/solidworks-simulation-analisis-estatico-avanzado\",\"name\":\"Curso SolidWorks Simulation &#8211; An\\u00e1lisis est\\u00e1tico avanzado\"}}]}]}<\/script>\n<!-- \/ Yoast SEO plugin. -->","_links":{"self":[{"href":"https:\/\/render.tips\/es\/wp-json\/wp\/v2\/product\/211031"}],"collection":[{"href":"https:\/\/render.tips\/es\/wp-json\/wp\/v2\/product"}],"about":[{"href":"https:\/\/render.tips\/es\/wp-json\/wp\/v2\/types\/product"}],"replies":[{"embeddable":true,"href":"https:\/\/render.tips\/es\/wp-json\/wp\/v2\/comments?post=211031"}],"wp:featuredmedia":[{"embeddable":true,"href":"https:\/\/render.tips\/es\/wp-json\/wp\/v2\/media\/229096"}],"wp:attachment":[{"href":"https:\/\/render.tips\/es\/wp-json\/wp\/v2\/media?parent=211031"}],"wp:term":[{"taxonomy":"product_cat","embeddable":true,"href":"https:\/\/render.tips\/es\/wp-json\/wp\/v2\/product_cat?post=211031"},{"taxonomy":"product_tag","embeddable":true,"href":"https:\/\/render.tips\/es\/wp-json\/wp\/v2\/product_tag?post=211031"}],"curies":[{"name":"wp","href":"https:\/\/api.w.org\/{rel}","templated":true}]}}