{"id":208290,"date":"2017-01-09T02:06:49","date_gmt":"2017-01-09T04:06:49","guid":{"rendered":"https:\/\/render.tips\/certificacoes\/reprovei"},"modified":"2019-11-15T00:58:19","modified_gmt":"2019-11-15T02:58:19","slug":"nueva-certificacion","status":"publish","type":"page","link":"https:\/\/render.tips\/es\/certificaciones\/nueva-certificacion","title":{"rendered":"Lo desaprob\u00e9, \u00bfy ahora qu\u00e9?"},"content":{"rendered":"<div class=\"wpb-content-wrapper\"><p>[vc_row][vc_column][vc_separator][\/vc_column][vc_column width=\u00bb1\/4&#8243; offset=\u00bbvc_hidden-sm vc_hidden-xs\u00bb][vc_column_text]<div class=\"menu-certif-default menu-left-default\"><ul id=\"menu-sobre-render-spanish\" class=\"menu\"><li id=\"menu-item-208511\" class=\"menu-item menu-item-type-post_type menu-item-object-page menu-item-208511\"><a href=\"https:\/\/render.tips\/es\/acerca-de-render-tips\">Acerca de Render.Tips<\/a><\/li>\n<li id=\"menu-item-208512\" class=\"menu-item menu-item-type-post_type menu-item-object-page menu-item-208512\"><a href=\"https:\/\/render.tips\/es\/acerca-de-render-tips\/metodologia-de-ensenanza\">Metodolog\u00eda de Ense\u00f1anza<\/a><\/li>\n<li id=\"menu-item-208515\" class=\"menu-item menu-item-type-post_type menu-item-object-page menu-item-208515\"><a href=\"https:\/\/render.tips\/es\/acerca-de-render-tips\/seguridad\">Seguran\u00e7a<\/a><\/li>\n<li id=\"menu-item-208513\" class=\"menu-item menu-item-type-post_type menu-item-object-page menu-item-208513\"><a href=\"https:\/\/render.tips\/es\/acerca-de-render-tips\/productos\">Productos<\/a><\/li>\n<\/ul><\/div>[\/vc_column_text][vc_separator][vc_single_image image=\u00bb97404&#8243; img_size=\u00bbfull\u00bb][\/vc_column][vc_column offset=\u00bbvc_col-lg-9 vc_col-md-9&#8243;][vc_row_inner][vc_column_inner][vc_column_text]<\/p>\n<ul>\n<li>Cuando activa la prueba por primera vez, si excede el tiempo de espera de la prueba o no alcanza el promedio requerido, puede volver a realizar la prueba gratis solo una vez. La nueva prueba se lanzar\u00e1 en 2 horas *;<\/li>\n<li>Al fallar, al final de la prueba se mostrar\u00e1n temas que deben revisarse, en funci\u00f3n de los errores cometidos. Las preguntas respondidas incorrectamente no se mostrar\u00e1n;<\/li>\n<li>Si no pasa ambas pruebas, para volver a tomar la prueba, deber\u00e1 adquirir el mismo curso nuevamente, lo que permitir\u00e1 dos intentos m\u00e1s;<\/li>\n<li>Le recomendamos que haga preguntas de seguimiento a lo largo del curso antes de activar su prueba de certificaci\u00f3n, probar sus conocimientos, revisar el contenido y familiarizarse con el sistema en preparaci\u00f3n para la Prueba de certificaci\u00f3n.<\/li>\n<\/ul>\n<p>[\/vc_column_text][\/vc_column_inner][\/vc_row_inner][\/vc_column][\/vc_row][vc_row][vc_column offset=\u00bbvc_hidden-lg vc_hidden-md\u00bb][vc_empty_space height=\u00bb30px\u00bb][vc_cta h2=\u00bbMenu\u00bb txt_align=\u00bbcenter\u00bb]<div class=\"menu-certif-default menu-left-default\"><ul id=\"menu-sobre-render-spanish-1\" class=\"menu\"><li class=\"menu-item menu-item-type-post_type menu-item-object-page menu-item-208511\"><a href=\"https:\/\/render.tips\/es\/acerca-de-render-tips\">Acerca de Render.Tips<\/a><\/li>\n<li class=\"menu-item menu-item-type-post_type menu-item-object-page menu-item-208512\"><a href=\"https:\/\/render.tips\/es\/acerca-de-render-tips\/metodologia-de-ensenanza\">Metodolog\u00eda de Ense\u00f1anza<\/a><\/li>\n<li class=\"menu-item menu-item-type-post_type menu-item-object-page menu-item-208515\"><a href=\"https:\/\/render.tips\/es\/acerca-de-render-tips\/seguridad\">Seguran\u00e7a<\/a><\/li>\n<li class=\"menu-item menu-item-type-post_type menu-item-object-page menu-item-208513\"><a href=\"https:\/\/render.tips\/es\/acerca-de-render-tips\/productos\">Productos<\/a><\/li>\n<\/ul><\/div>[\/vc_cta][\/vc_column][\/vc_row]<\/p>\n<\/div>","protected":false},"excerpt":{"rendered":"<p>[vc_row][vc_column][vc_separator][\/vc_column][vc_column width=\u00bb1\/4&#8243; offset=\u00bbvc_hidden-sm vc_hidden-xs\u00bb][vc_column_text][\/vc_column_text][vc_separator][vc_single_image image=\u00bb97404&#8243; img_size=\u00bbfull\u00bb][\/vc_column][vc_column offset=\u00bbvc_col-lg-9 vc_col-md-9&#8243;][vc_row_inner][vc_column_inner][vc_column_text] Cuando activa la prueba por primera vez, si excede el tiempo de espera de la prueba o no alcanza el promedio requerido,<\/p>\n","protected":false},"author":1,"featured_media":0,"parent":208270,"menu_order":0,"comment_status":"closed","ping_status":"closed","template":"","meta":[],"acf":[],"yoast_head":"<!-- This site is optimized with the Yoast SEO plugin v15.9 - https:\/\/yoast.com\/wordpress\/plugins\/seo\/ -->\n<title>Lo desaprob\u00e9, \u00bfy ahora qu\u00e9? | Online Courses from Basic to Advanced | RenderTips<\/title>\n<meta name=\"description\" content=\"Caso voc\u00ea exceder o tempo limite do teste ou n\u00e3o atingir a m\u00e9dia necess\u00e1ria no Teste de Certifica\u00e7\u00e3o, poder\u00e1 comprar a Certifica\u00e7\u00e3o Individualmente e fazer um Novo Teste.\" \/>\n<meta name=\"robots\" content=\"index, follow, max-snippet:-1, max-image-preview:large, max-video-preview:-1\" \/>\n<link rel=\"canonical\" href=\"https:\/\/render.tips\/es\/certificaciones\/nueva-certificacion\" \/>\n<meta property=\"og:locale\" content=\"es_ES\" \/>\n<meta property=\"og:type\" content=\"article\" \/>\n<meta property=\"og:title\" content=\"Lo desaprob\u00e9, \u00bfy ahora qu\u00e9? | Online Courses from Basic to Advanced | RenderTips\" \/>\n<meta property=\"og:description\" content=\"Caso voc\u00ea exceder o tempo limite do teste ou n\u00e3o atingir a m\u00e9dia necess\u00e1ria no Teste de Certifica\u00e7\u00e3o, poder\u00e1 comprar a Certifica\u00e7\u00e3o Individualmente e fazer um Novo Teste.\" \/>\n<meta property=\"og:url\" content=\"https:\/\/render.tips\/es\/certificaciones\/nueva-certificacion\" \/>\n<meta property=\"og:site_name\" content=\"Online Courses from Basic to Advanced | RenderTips\" \/>\n<meta property=\"article:publisher\" content=\"https:\/\/www.facebook.com\/rendertipscourses\/\" \/>\n<meta property=\"article:modified_time\" content=\"2019-11-15T02:58:19+00:00\" \/>\n<meta property=\"og:image\" content=\"https:\/\/static.render.tips\/wp-content\/uploads\/2019\/08\/logo_1024.png\" \/>\n\t<meta property=\"og:image:width\" content=\"1024\" \/>\n\t<meta property=\"og:image:height\" content=\"1024\" \/>\n<meta name=\"twitter:card\" content=\"summary_large_image\" \/>\n<meta name=\"twitter:site\" content=\"@rendertips\" \/>\n<meta name=\"twitter:label1\" content=\"Tiempo de lectura\">\n\t<meta name=\"twitter:data1\" content=\"1 minuto\">\n<script type=\"application\/ld+json\" class=\"yoast-schema-graph\">{\"@context\":\"https:\/\/schema.org\",\"@graph\":[{\"@type\":\"Organization\",\"@id\":\"https:\/\/render.tips\/#organization\",\"name\":\"Render Tips\",\"url\":\"https:\/\/render.tips\/\",\"sameAs\":[\"https:\/\/www.facebook.com\/rendertipscourses\/\",\"https:\/\/www.instagram.com\/rendertips\/\",\"https:\/\/www.youtube.com\/channel\/UCx_9bcvh0_AQFGXxJ0StKSQ\",\"https:\/\/twitter.com\/rendertips\"],\"logo\":{\"@type\":\"ImageObject\",\"@id\":\"https:\/\/render.tips\/#logo\",\"inLanguage\":\"es\",\"url\":\"https:\/\/static.render.tips\/wp-content\/uploads\/2019\/08\/logo_1024.png\",\"width\":1024,\"height\":1024,\"caption\":\"Render Tips\"},\"image\":{\"@id\":\"https:\/\/render.tips\/#logo\"}},{\"@type\":\"WebSite\",\"@id\":\"https:\/\/render.tips\/#website\",\"url\":\"https:\/\/render.tips\/\",\"name\":\"Online Courses from Basic to Advanced | RenderTips\",\"description\":\"Technology Online Courses - Solidworks, Autocad, Inventor, 3ds Max and More\",\"publisher\":{\"@id\":\"https:\/\/render.tips\/#organization\"},\"potentialAction\":[{\"@type\":\"SearchAction\",\"target\":\"https:\/\/render.tips\/?s={search_term_string}\",\"query-input\":\"required name=search_term_string\"}],\"inLanguage\":\"es\"},{\"@type\":\"WebPage\",\"@id\":\"https:\/\/render.tips\/es\/certificaciones\/nueva-certificacion#webpage\",\"url\":\"https:\/\/render.tips\/es\/certificaciones\/nueva-certificacion\",\"name\":\"Lo desaprob\\u00e9, \\u00bfy ahora qu\\u00e9? | Online Courses from Basic to Advanced | RenderTips\",\"isPartOf\":{\"@id\":\"https:\/\/render.tips\/#website\"},\"datePublished\":\"2017-01-09T04:06:49+00:00\",\"dateModified\":\"2019-11-15T02:58:19+00:00\",\"description\":\"Caso voc\\u00ea exceder o tempo limite do teste ou n\\u00e3o atingir a m\\u00e9dia necess\\u00e1ria no Teste de Certifica\\u00e7\\u00e3o, poder\\u00e1 comprar a Certifica\\u00e7\\u00e3o Individualmente e fazer um Novo Teste.\",\"breadcrumb\":{\"@id\":\"https:\/\/render.tips\/es\/certificaciones\/nueva-certificacion#breadcrumb\"},\"inLanguage\":\"es\",\"potentialAction\":[{\"@type\":\"ReadAction\",\"target\":[\"https:\/\/render.tips\/es\/certificaciones\/nueva-certificacion\"]}]},{\"@type\":\"BreadcrumbList\",\"@id\":\"https:\/\/render.tips\/es\/certificaciones\/nueva-certificacion#breadcrumb\",\"itemListElement\":[{\"@type\":\"ListItem\",\"position\":1,\"item\":{\"@type\":\"WebPage\",\"@id\":\"https:\/\/render.tips\/es\",\"url\":\"https:\/\/render.tips\/es\",\"name\":\"Home\"}},{\"@type\":\"ListItem\",\"position\":2,\"item\":{\"@type\":\"WebPage\",\"@id\":\"https:\/\/render.tips\/es\/certificaciones\",\"url\":\"https:\/\/render.tips\/es\/certificaciones\",\"name\":\"Certificaciones\"}},{\"@type\":\"ListItem\",\"position\":3,\"item\":{\"@type\":\"WebPage\",\"@id\":\"https:\/\/render.tips\/es\/certificaciones\/nueva-certificacion\",\"url\":\"https:\/\/render.tips\/es\/certificaciones\/nueva-certificacion\",\"name\":\"Lo desaprob\\u00e9, \\u00bfy ahora qu\\u00e9?\"}}]}]}<\/script>\n<!-- \/ Yoast SEO plugin. -->","_links":{"self":[{"href":"https:\/\/render.tips\/es\/wp-json\/wp\/v2\/pages\/208290"}],"collection":[{"href":"https:\/\/render.tips\/es\/wp-json\/wp\/v2\/pages"}],"about":[{"href":"https:\/\/render.tips\/es\/wp-json\/wp\/v2\/types\/page"}],"author":[{"embeddable":true,"href":"https:\/\/render.tips\/es\/wp-json\/wp\/v2\/users\/1"}],"replies":[{"embeddable":true,"href":"https:\/\/render.tips\/es\/wp-json\/wp\/v2\/comments?post=208290"}],"version-history":[{"count":2,"href":"https:\/\/render.tips\/es\/wp-json\/wp\/v2\/pages\/208290\/revisions"}],"predecessor-version":[{"id":208780,"href":"https:\/\/render.tips\/es\/wp-json\/wp\/v2\/pages\/208290\/revisions\/208780"}],"up":[{"embeddable":true,"href":"https:\/\/render.tips\/es\/wp-json\/wp\/v2\/pages\/208270"}],"wp:attachment":[{"href":"https:\/\/render.tips\/es\/wp-json\/wp\/v2\/media?parent=208290"}],"curies":[{"name":"wp","href":"https:\/\/api.w.org\/{rel}","templated":true}]}}