{"id":208282,"date":"2017-01-09T02:05:25","date_gmt":"2017-01-09T04:05:25","guid":{"rendered":"https:\/\/render.tips\/certificacoes\/diferenciais"},"modified":"2019-11-15T01:01:21","modified_gmt":"2019-11-15T03:01:21","slug":"caracteristicas-del-certificado","status":"publish","type":"page","link":"https:\/\/render.tips\/es\/certificaciones\/caracteristicas-del-certificado","title":{"rendered":"Caracter\u00edsticas del certificado"},"content":{"rendered":"<div class=\"wpb-content-wrapper\"><p>[vc_row][vc_column][vc_separator][\/vc_column][vc_column width=\u00bb1\/4&#8243; offset=\u00bbvc_hidden-sm vc_hidden-xs\u00bb][vc_column_text]<div class=\"menu-certif-default menu-left-default\"><ul id=\"menu-sobre-render-spanish\" class=\"menu\"><li id=\"menu-item-208511\" class=\"menu-item menu-item-type-post_type menu-item-object-page menu-item-208511\"><a href=\"https:\/\/render.tips\/es\/acerca-de-render-tips\">Acerca de Render.Tips<\/a><\/li>\n<li id=\"menu-item-208512\" class=\"menu-item menu-item-type-post_type menu-item-object-page menu-item-208512\"><a href=\"https:\/\/render.tips\/es\/acerca-de-render-tips\/metodologia-de-ensenanza\">Metodolog\u00eda de Ense\u00f1anza<\/a><\/li>\n<li id=\"menu-item-208515\" class=\"menu-item menu-item-type-post_type menu-item-object-page menu-item-208515\"><a href=\"https:\/\/render.tips\/es\/acerca-de-render-tips\/seguridad\">Seguran\u00e7a<\/a><\/li>\n<li id=\"menu-item-208513\" class=\"menu-item menu-item-type-post_type menu-item-object-page menu-item-208513\"><a href=\"https:\/\/render.tips\/es\/acerca-de-render-tips\/productos\">Productos<\/a><\/li>\n<\/ul><\/div>[\/vc_column_text][vc_separator][vc_single_image image=\u00bb97404&#8243; img_size=\u00bbfull\u00bb][\/vc_column][vc_column offset=\u00bbvc_col-lg-9 vc_col-md-9&#8243;][vc_row_inner][vc_column_inner][vc_single_image image=\u00bb133974&#8243; img_size=\u00bblarge\u00bb][vc_column_text]<strong>1 &#8211; N\u00famero de identificador \u00fanico<\/strong><\/p>\n<p>Es un n\u00famero \u00fanico e intransferible. Puede consultarlo en nuestro sitio web para verificar la autenticidad del Certificado.<\/p>\n<p><strong>2 &#8211; C\u00f3digo de barras bidimensional<\/strong><\/p>\n<p>Tiene informaci\u00f3n \u00fanica y encriptada de la persona que se asegur\u00f3. A trav\u00e9s de la imagen del sello \u00abc\u00f3digo QR\u00bb, puede verificar la autenticidad del Certificado con un lector de c\u00f3digos QR y acceso a Internet.<\/p>\n<p><strong>3 &#8211; Formato del certificado<\/strong><\/p>\n<p>El archivo de imagen de alta calidad del certificado de aprobaci\u00f3n estar\u00e1 disponible en el \u00e1rea de estudiantes para descargar. El alumno puede imprimirlo de la forma que desee, conservando una buena calidad de imagen para el certificado. Originalmente, el tama\u00f1o de impresi\u00f3n del certificado es de 21 cm x 34 cm. Al mantener la relaci\u00f3n de aspecto, puede variar ligeramente el tama\u00f1o de impresi\u00f3n sin perder calidad.<\/p>\n<p><strong>4 &#8211; M\u00f3dulos y lecciones<\/strong><\/p>\n<p>Programa del curso (listado de m\u00f3dulos y clases).<\/p>\n<p><strong>Pie de p\u00e1gina de certificado con<\/strong><\/p>\n<p>Nombre del curso, contenido del curso, nombre e identificaci\u00f3n del estudiante como registrado, identificaci\u00f3n de la empresa, c\u00f3digo de barras bidimensional para identificaci\u00f3n.[\/vc_column_text][\/vc_column_inner][\/vc_row_inner][\/vc_column][\/vc_row][vc_row][vc_column offset=\u00bbvc_hidden-lg vc_hidden-md\u00bb][vc_empty_space height=\u00bb30px\u00bb][vc_cta h2=\u00bbMenu\u00bb txt_align=\u00bbcenter\u00bb]<div class=\"menu-certif-default menu-left-default\"><ul id=\"menu-sobre-render-spanish-1\" class=\"menu\"><li class=\"menu-item menu-item-type-post_type menu-item-object-page menu-item-208511\"><a href=\"https:\/\/render.tips\/es\/acerca-de-render-tips\">Acerca de Render.Tips<\/a><\/li>\n<li class=\"menu-item menu-item-type-post_type menu-item-object-page menu-item-208512\"><a href=\"https:\/\/render.tips\/es\/acerca-de-render-tips\/metodologia-de-ensenanza\">Metodolog\u00eda de Ense\u00f1anza<\/a><\/li>\n<li class=\"menu-item menu-item-type-post_type menu-item-object-page menu-item-208515\"><a href=\"https:\/\/render.tips\/es\/acerca-de-render-tips\/seguridad\">Seguran\u00e7a<\/a><\/li>\n<li class=\"menu-item menu-item-type-post_type menu-item-object-page menu-item-208513\"><a href=\"https:\/\/render.tips\/es\/acerca-de-render-tips\/productos\">Productos<\/a><\/li>\n<\/ul><\/div>[\/vc_cta][\/vc_column][\/vc_row]<\/p>\n<\/div>","protected":false},"excerpt":{"rendered":"<p>[vc_row][vc_column][vc_separator][\/vc_column][vc_column width=\u00bb1\/4&#8243; offset=\u00bbvc_hidden-sm vc_hidden-xs\u00bb][vc_column_text][\/vc_column_text][vc_separator][vc_single_image image=\u00bb97404&#8243; img_size=\u00bbfull\u00bb][\/vc_column][vc_column offset=\u00bbvc_col-lg-9 vc_col-md-9&#8243;][vc_row_inner][vc_column_inner][vc_single_image image=\u00bb133974&#8243; img_size=\u00bblarge\u00bb][vc_column_text]1 &#8211; N\u00famero de identificador \u00fanico Es un n\u00famero \u00fanico e intransferible. Puede consultarlo en nuestro sitio web para verificar la<\/p>\n","protected":false},"author":1,"featured_media":0,"parent":208270,"menu_order":0,"comment_status":"closed","ping_status":"closed","template":"","meta":[],"acf":[],"yoast_head":"<!-- This site is optimized with the Yoast SEO plugin v15.9 - https:\/\/yoast.com\/wordpress\/plugins\/seo\/ -->\n<title>Caracter\u00edsticas del certificado | Online Courses from Basic to Advanced | RenderTips<\/title>\n<meta name=\"description\" content=\"O Certificado RENDER, Certificado de Aprova\u00e7\u00e3o, concedido a alunos e profissionais que realizaram o teste de certifica\u00e7\u00e3o e obtiveram m\u00e9dia m\u00ednima de aprova\u00e7\u00e3o\" \/>\n<meta name=\"robots\" content=\"index, follow, max-snippet:-1, max-image-preview:large, max-video-preview:-1\" \/>\n<link rel=\"canonical\" href=\"https:\/\/render.tips\/es\/certificaciones\/caracteristicas-del-certificado\" \/>\n<meta property=\"og:locale\" content=\"es_ES\" \/>\n<meta property=\"og:type\" content=\"article\" \/>\n<meta property=\"og:title\" content=\"Caracter\u00edsticas del certificado | Online Courses from Basic to Advanced | RenderTips\" \/>\n<meta property=\"og:description\" content=\"O Certificado RENDER, Certificado de Aprova\u00e7\u00e3o, concedido a alunos e profissionais que realizaram o teste de certifica\u00e7\u00e3o e obtiveram m\u00e9dia m\u00ednima de aprova\u00e7\u00e3o\" \/>\n<meta property=\"og:url\" content=\"https:\/\/render.tips\/es\/certificaciones\/caracteristicas-del-certificado\" \/>\n<meta property=\"og:site_name\" content=\"Online Courses from Basic to Advanced | RenderTips\" \/>\n<meta property=\"article:publisher\" content=\"https:\/\/www.facebook.com\/rendertipscourses\/\" \/>\n<meta property=\"article:modified_time\" content=\"2019-11-15T03:01:21+00:00\" \/>\n<meta property=\"og:image\" content=\"https:\/\/static.render.tips\/wp-content\/uploads\/2019\/08\/logo_1024.png\" \/>\n\t<meta property=\"og:image:width\" content=\"1024\" \/>\n\t<meta property=\"og:image:height\" content=\"1024\" \/>\n<meta name=\"twitter:card\" content=\"summary_large_image\" \/>\n<meta name=\"twitter:site\" content=\"@rendertips\" \/>\n<meta name=\"twitter:label1\" content=\"Tiempo de lectura\">\n\t<meta name=\"twitter:data1\" content=\"2 minutos\">\n<script type=\"application\/ld+json\" class=\"yoast-schema-graph\">{\"@context\":\"https:\/\/schema.org\",\"@graph\":[{\"@type\":\"Organization\",\"@id\":\"https:\/\/render.tips\/#organization\",\"name\":\"Render Tips\",\"url\":\"https:\/\/render.tips\/\",\"sameAs\":[\"https:\/\/www.facebook.com\/rendertipscourses\/\",\"https:\/\/www.instagram.com\/rendertips\/\",\"https:\/\/www.youtube.com\/channel\/UCx_9bcvh0_AQFGXxJ0StKSQ\",\"https:\/\/twitter.com\/rendertips\"],\"logo\":{\"@type\":\"ImageObject\",\"@id\":\"https:\/\/render.tips\/#logo\",\"inLanguage\":\"es\",\"url\":\"https:\/\/static.render.tips\/wp-content\/uploads\/2019\/08\/logo_1024.png\",\"width\":1024,\"height\":1024,\"caption\":\"Render Tips\"},\"image\":{\"@id\":\"https:\/\/render.tips\/#logo\"}},{\"@type\":\"WebSite\",\"@id\":\"https:\/\/render.tips\/#website\",\"url\":\"https:\/\/render.tips\/\",\"name\":\"Online Courses from Basic to Advanced | RenderTips\",\"description\":\"Technology Online Courses - Solidworks, Autocad, Inventor, 3ds Max and More\",\"publisher\":{\"@id\":\"https:\/\/render.tips\/#organization\"},\"potentialAction\":[{\"@type\":\"SearchAction\",\"target\":\"https:\/\/render.tips\/?s={search_term_string}\",\"query-input\":\"required name=search_term_string\"}],\"inLanguage\":\"es\"},{\"@type\":\"WebPage\",\"@id\":\"https:\/\/render.tips\/es\/certificaciones\/caracteristicas-del-certificado#webpage\",\"url\":\"https:\/\/render.tips\/es\/certificaciones\/caracteristicas-del-certificado\",\"name\":\"Caracter\\u00edsticas del certificado | Online Courses from Basic to Advanced | RenderTips\",\"isPartOf\":{\"@id\":\"https:\/\/render.tips\/#website\"},\"datePublished\":\"2017-01-09T04:05:25+00:00\",\"dateModified\":\"2019-11-15T03:01:21+00:00\",\"description\":\"O Certificado RENDER, Certificado de Aprova\\u00e7\\u00e3o, concedido a alunos e profissionais que realizaram o teste de certifica\\u00e7\\u00e3o e obtiveram m\\u00e9dia m\\u00ednima de aprova\\u00e7\\u00e3o\",\"breadcrumb\":{\"@id\":\"https:\/\/render.tips\/es\/certificaciones\/caracteristicas-del-certificado#breadcrumb\"},\"inLanguage\":\"es\",\"potentialAction\":[{\"@type\":\"ReadAction\",\"target\":[\"https:\/\/render.tips\/es\/certificaciones\/caracteristicas-del-certificado\"]}]},{\"@type\":\"BreadcrumbList\",\"@id\":\"https:\/\/render.tips\/es\/certificaciones\/caracteristicas-del-certificado#breadcrumb\",\"itemListElement\":[{\"@type\":\"ListItem\",\"position\":1,\"item\":{\"@type\":\"WebPage\",\"@id\":\"https:\/\/render.tips\/es\",\"url\":\"https:\/\/render.tips\/es\",\"name\":\"Home\"}},{\"@type\":\"ListItem\",\"position\":2,\"item\":{\"@type\":\"WebPage\",\"@id\":\"https:\/\/render.tips\/es\/certificaciones\",\"url\":\"https:\/\/render.tips\/es\/certificaciones\",\"name\":\"Certificaciones\"}},{\"@type\":\"ListItem\",\"position\":3,\"item\":{\"@type\":\"WebPage\",\"@id\":\"https:\/\/render.tips\/es\/certificaciones\/caracteristicas-del-certificado\",\"url\":\"https:\/\/render.tips\/es\/certificaciones\/caracteristicas-del-certificado\",\"name\":\"Caracter\\u00edsticas del certificado\"}}]}]}<\/script>\n<!-- \/ Yoast SEO plugin. -->","_links":{"self":[{"href":"https:\/\/render.tips\/es\/wp-json\/wp\/v2\/pages\/208282"}],"collection":[{"href":"https:\/\/render.tips\/es\/wp-json\/wp\/v2\/pages"}],"about":[{"href":"https:\/\/render.tips\/es\/wp-json\/wp\/v2\/types\/page"}],"author":[{"embeddable":true,"href":"https:\/\/render.tips\/es\/wp-json\/wp\/v2\/users\/1"}],"replies":[{"embeddable":true,"href":"https:\/\/render.tips\/es\/wp-json\/wp\/v2\/comments?post=208282"}],"version-history":[{"count":4,"href":"https:\/\/render.tips\/es\/wp-json\/wp\/v2\/pages\/208282\/revisions"}],"predecessor-version":[{"id":208772,"href":"https:\/\/render.tips\/es\/wp-json\/wp\/v2\/pages\/208282\/revisions\/208772"}],"up":[{"embeddable":true,"href":"https:\/\/render.tips\/es\/wp-json\/wp\/v2\/pages\/208270"}],"wp:attachment":[{"href":"https:\/\/render.tips\/es\/wp-json\/wp\/v2\/media?parent=208282"}],"curies":[{"name":"wp","href":"https:\/\/api.w.org\/{rel}","templated":true}]}}