{"id":208270,"date":"2016-06-30T01:49:08","date_gmt":"2016-06-30T04:49:08","guid":{"rendered":"https:\/\/render.tips\/certificacoes"},"modified":"2019-11-15T01:03:02","modified_gmt":"2019-11-15T03:03:02","slug":"certificaciones","status":"publish","type":"page","link":"https:\/\/render.tips\/es\/certificaciones","title":{"rendered":"Certificaciones"},"content":{"rendered":"<div class=\"wpb-content-wrapper\"><p>[vc_row][vc_column][vc_separator][\/vc_column][vc_column width=\u00bb1\/4&#8243; offset=\u00bbvc_hidden-sm vc_hidden-xs\u00bb][vc_column_text]<div class=\"menu-certif-default menu-left-default\"><ul id=\"menu-menu-certificacoes-spanish\" class=\"menu\"><li id=\"menu-item-208490\" class=\"menu-item menu-item-type-post_type menu-item-object-page menu-item-208490\"><a href=\"https:\/\/render.tips\/es\/certificaciones\">Sobre as Certifica\u00e7\u00f5es<\/a><\/li>\n<li id=\"menu-item-208491\" class=\"menu-item menu-item-type-post_type menu-item-object-page menu-item-208491\"><a href=\"https:\/\/render.tips\/es\/certificaciones\/caracteristicas-del-certificado\">Caracter\u00edsticas del certificado<\/a><\/li>\n<li id=\"menu-item-208493\" class=\"menu-item menu-item-type-post_type menu-item-object-page menu-item-208493\"><a href=\"https:\/\/render.tips\/es\/certificaciones\/nueva-certificacion\">Lo desaprob\u00e9, \u00bfy ahora qu\u00e9?<\/a><\/li>\n<li id=\"menu-item-208494\" class=\"menu-item menu-item-type-post_type menu-item-object-page menu-item-208494\"><a href=\"https:\/\/render.tips\/es\/certificaciones\/comprueba-el-certificado\">Comprueba el certificado<\/a><\/li>\n<\/ul><\/div>[\/vc_column_text][vc_separator][vc_single_image image=\u00bb97404&#8243; img_size=\u00bbfull\u00bb alignment=\u00bbcenter\u00bb][\/vc_column][vc_column offset=\u00bbvc_col-lg-9 vc_col-md-9&#8243;][vc_column_text]La certificaci\u00f3n Render.Tips valida el aprendizaje de estudiantes y profesionales a trav\u00e9s de una prueba en l\u00ednea del contenido de cada curso de Render. Lograr el 70% o m\u00e1s de las respuestas correctas tendr\u00e1 su Certificado de aprobaci\u00f3n disponible para descargar en su \u00e1rea de estudiante.[\/vc_column_text][vc_column_text el_class=\u00bbcontent_about_cert\u00bb]<\/p>\n<h2>La certificaci\u00f3n Render.Tips permite:<\/h2>\n<ul>\n<li>Califica tus conocimientos en varias \u00e1reas de estudio;<\/li>\n<li>Proporcionar horas de estudio complementarias en diversas instituciones educativas;<\/li>\n<li>Estar actualizado en su \u00e1rea de especializaci\u00f3n.<\/li>\n<\/ul>\n<p>&nbsp;<\/p>\n<h2>\u00bfQu\u00e9 es la prueba de certificaci\u00f3n?<\/h2>\n<ul>\n<li>Es una evaluaci\u00f3n en l\u00ednea, con preguntas elaboradas sobre los temas cubiertos en el curso respectivo;<\/li>\n<li>Si reprueba, al final de la prueba se mostrar\u00e1n los temas a revisar, en funci\u00f3n de los errores cometidos. Render.Tips no mostrar\u00e1 las preguntas incorrectas. De lo contrario, el estudiante puede volver a tomar la prueba gratis dos veces y esta nueva prueba se lanzar\u00e1 en 2 horas *;<\/li>\n<li>Si fallas en ambos intentos, puedes comprar un nuevo curso si lo deseas.<\/li>\n<\/ul>\n<p>&nbsp;<\/p>\n<h2>\u00bfQui\u00e9n puede tomar el examen de certificaci\u00f3n?<\/h2>\n<p>Cualquier persona interesada en probar \/ calificar sus conocimientos en esa \u00e1rea del curso. La adquisici\u00f3n de la prueba se puede hacer de la siguiente manera:<\/p>\n<ul>\n<li>Cuando compra un curso con el sello &#8216;Este curso tiene certificaci\u00f3n de renderizado disponible&#8217;.<\/li>\n<\/ul>\n<p>[\/vc_column_text][\/vc_column][\/vc_row][vc_row][vc_column offset=\u00bbvc_hidden-lg vc_hidden-md\u00bb][vc_empty_space height=\u00bb30px\u00bb][vc_cta h2=\u00bbMenu\u00bb txt_align=\u00bbcenter\u00bb]<div class=\"menu-certif-default menu-left-default\"><ul id=\"menu-sobre-render-spanish\" class=\"menu\"><li id=\"menu-item-208511\" class=\"menu-item menu-item-type-post_type menu-item-object-page menu-item-208511\"><a href=\"https:\/\/render.tips\/es\/acerca-de-render-tips\">Acerca de Render.Tips<\/a><\/li>\n<li id=\"menu-item-208512\" class=\"menu-item menu-item-type-post_type menu-item-object-page menu-item-208512\"><a href=\"https:\/\/render.tips\/es\/acerca-de-render-tips\/metodologia-de-ensenanza\">Metodolog\u00eda de Ense\u00f1anza<\/a><\/li>\n<li id=\"menu-item-208515\" class=\"menu-item menu-item-type-post_type menu-item-object-page menu-item-208515\"><a href=\"https:\/\/render.tips\/es\/acerca-de-render-tips\/seguridad\">Seguran\u00e7a<\/a><\/li>\n<li id=\"menu-item-208513\" class=\"menu-item menu-item-type-post_type menu-item-object-page menu-item-208513\"><a href=\"https:\/\/render.tips\/es\/acerca-de-render-tips\/productos\">Productos<\/a><\/li>\n<\/ul><\/div>[\/vc_cta][\/vc_column][\/vc_row]<\/p>\n<\/div>","protected":false},"excerpt":{"rendered":"<p>[vc_row][vc_column][vc_separator][\/vc_column][vc_column width=\u00bb1\/4&#8243; offset=\u00bbvc_hidden-sm vc_hidden-xs\u00bb][vc_column_text][\/vc_column_text][vc_separator][vc_single_image image=\u00bb97404&#8243; img_size=\u00bbfull\u00bb alignment=\u00bbcenter\u00bb][\/vc_column][vc_column offset=\u00bbvc_col-lg-9 vc_col-md-9&#8243;][vc_column_text]La certificaci\u00f3n Render.Tips valida el aprendizaje de estudiantes y profesionales a trav\u00e9s de una prueba en l\u00ednea del contenido de cada curso<\/p>\n","protected":false},"author":1,"featured_media":0,"parent":0,"menu_order":0,"comment_status":"closed","ping_status":"closed","template":"","meta":[],"acf":[],"yoast_head":"<!-- This site is optimized with the Yoast SEO plugin v15.9 - https:\/\/yoast.com\/wordpress\/plugins\/seo\/ -->\n<title>Certificaciones | Online Courses from Basic to Advanced | RenderTips<\/title>\n<meta name=\"description\" content=\"A Certifica\u00e7\u00e3o RENDER valida o aprendizado dos alunos e profissionais do mercado atrav\u00e9s de um teste online referente ao conte\u00fado de cada Curso Render.\" \/>\n<meta name=\"robots\" content=\"index, follow, max-snippet:-1, max-image-preview:large, max-video-preview:-1\" \/>\n<link rel=\"canonical\" href=\"https:\/\/render.tips\/es\/certificaciones\" \/>\n<meta property=\"og:locale\" content=\"es_ES\" \/>\n<meta property=\"og:type\" content=\"article\" \/>\n<meta property=\"og:title\" content=\"Certificaciones | Online Courses from Basic to Advanced | RenderTips\" \/>\n<meta property=\"og:description\" content=\"A Certifica\u00e7\u00e3o RENDER valida o aprendizado dos alunos e profissionais do mercado atrav\u00e9s de um teste online referente ao conte\u00fado de cada Curso Render.\" \/>\n<meta property=\"og:url\" content=\"https:\/\/render.tips\/es\/certificaciones\" \/>\n<meta property=\"og:site_name\" content=\"Online Courses from Basic to Advanced | RenderTips\" \/>\n<meta property=\"article:publisher\" content=\"https:\/\/www.facebook.com\/rendertipscourses\/\" \/>\n<meta property=\"article:modified_time\" content=\"2019-11-15T03:03:02+00:00\" \/>\n<meta property=\"og:image\" content=\"https:\/\/static.render.tips\/wp-content\/uploads\/2019\/08\/logo_1024.png\" \/>\n\t<meta property=\"og:image:width\" content=\"1024\" \/>\n\t<meta property=\"og:image:height\" content=\"1024\" \/>\n<meta name=\"twitter:card\" content=\"summary_large_image\" \/>\n<meta name=\"twitter:site\" content=\"@rendertips\" \/>\n<meta name=\"twitter:label1\" content=\"Tiempo de lectura\">\n\t<meta name=\"twitter:data1\" content=\"2 minutos\">\n<script type=\"application\/ld+json\" class=\"yoast-schema-graph\">{\"@context\":\"https:\/\/schema.org\",\"@graph\":[{\"@type\":\"Organization\",\"@id\":\"https:\/\/render.tips\/#organization\",\"name\":\"Render Tips\",\"url\":\"https:\/\/render.tips\/\",\"sameAs\":[\"https:\/\/www.facebook.com\/rendertipscourses\/\",\"https:\/\/www.instagram.com\/rendertips\/\",\"https:\/\/www.youtube.com\/channel\/UCx_9bcvh0_AQFGXxJ0StKSQ\",\"https:\/\/twitter.com\/rendertips\"],\"logo\":{\"@type\":\"ImageObject\",\"@id\":\"https:\/\/render.tips\/#logo\",\"inLanguage\":\"es\",\"url\":\"https:\/\/static.render.tips\/wp-content\/uploads\/2019\/08\/logo_1024.png\",\"width\":1024,\"height\":1024,\"caption\":\"Render Tips\"},\"image\":{\"@id\":\"https:\/\/render.tips\/#logo\"}},{\"@type\":\"WebSite\",\"@id\":\"https:\/\/render.tips\/#website\",\"url\":\"https:\/\/render.tips\/\",\"name\":\"Online Courses from Basic to Advanced | RenderTips\",\"description\":\"Technology Online Courses - Solidworks, Autocad, Inventor, 3ds Max and More\",\"publisher\":{\"@id\":\"https:\/\/render.tips\/#organization\"},\"potentialAction\":[{\"@type\":\"SearchAction\",\"target\":\"https:\/\/render.tips\/?s={search_term_string}\",\"query-input\":\"required name=search_term_string\"}],\"inLanguage\":\"es\"},{\"@type\":\"WebPage\",\"@id\":\"https:\/\/render.tips\/es\/certificaciones#webpage\",\"url\":\"https:\/\/render.tips\/es\/certificaciones\",\"name\":\"Certificaciones | Online Courses from Basic to Advanced | RenderTips\",\"isPartOf\":{\"@id\":\"https:\/\/render.tips\/#website\"},\"datePublished\":\"2016-06-30T04:49:08+00:00\",\"dateModified\":\"2019-11-15T03:03:02+00:00\",\"description\":\"A Certifica\\u00e7\\u00e3o RENDER valida o aprendizado dos alunos e profissionais do mercado atrav\\u00e9s de um teste online referente ao conte\\u00fado de cada Curso Render.\",\"breadcrumb\":{\"@id\":\"https:\/\/render.tips\/es\/certificaciones#breadcrumb\"},\"inLanguage\":\"es\",\"potentialAction\":[{\"@type\":\"ReadAction\",\"target\":[\"https:\/\/render.tips\/es\/certificaciones\"]}]},{\"@type\":\"BreadcrumbList\",\"@id\":\"https:\/\/render.tips\/es\/certificaciones#breadcrumb\",\"itemListElement\":[{\"@type\":\"ListItem\",\"position\":1,\"item\":{\"@type\":\"WebPage\",\"@id\":\"https:\/\/render.tips\/es\",\"url\":\"https:\/\/render.tips\/es\",\"name\":\"Home\"}},{\"@type\":\"ListItem\",\"position\":2,\"item\":{\"@type\":\"WebPage\",\"@id\":\"https:\/\/render.tips\/es\/certificaciones\",\"url\":\"https:\/\/render.tips\/es\/certificaciones\",\"name\":\"Certificaciones\"}}]}]}<\/script>\n<!-- \/ Yoast SEO plugin. -->","_links":{"self":[{"href":"https:\/\/render.tips\/es\/wp-json\/wp\/v2\/pages\/208270"}],"collection":[{"href":"https:\/\/render.tips\/es\/wp-json\/wp\/v2\/pages"}],"about":[{"href":"https:\/\/render.tips\/es\/wp-json\/wp\/v2\/types\/page"}],"author":[{"embeddable":true,"href":"https:\/\/render.tips\/es\/wp-json\/wp\/v2\/users\/1"}],"replies":[{"embeddable":true,"href":"https:\/\/render.tips\/es\/wp-json\/wp\/v2\/comments?post=208270"}],"version-history":[{"count":4,"href":"https:\/\/render.tips\/es\/wp-json\/wp\/v2\/pages\/208270\/revisions"}],"predecessor-version":[{"id":208748,"href":"https:\/\/render.tips\/es\/wp-json\/wp\/v2\/pages\/208270\/revisions\/208748"}],"wp:attachment":[{"href":"https:\/\/render.tips\/es\/wp-json\/wp\/v2\/media?parent=208270"}],"curies":[{"name":"wp","href":"https:\/\/api.w.org\/{rel}","templated":true}]}}