{"id":208262,"date":"2017-02-07T12:56:35","date_gmt":"2017-02-07T14:56:35","guid":{"rendered":"https:\/\/render.tips\/sobre-a-render\/seguranca"},"modified":"2019-08-14T09:46:44","modified_gmt":"2019-08-14T12:46:44","slug":"seguridad","status":"publish","type":"page","link":"https:\/\/render.tips\/es\/acerca-de-render-tips\/seguridad","title":{"rendered":"Seguran\u00e7a"},"content":{"rendered":"<div class=\"wpb-content-wrapper\"><p>[vc_row][vc_column][vc_separator][\/vc_column][\/vc_row][vc_row][vc_column width=\u00bb1\/4&#8243; offset=\u00bbvc_hidden-sm vc_hidden-xs\u00bb][vc_column_text]<div class=\"menu-sobre-default menu-left-default\"><ul id=\"menu-sobre-render-spanish\" class=\"menu\"><li id=\"menu-item-208511\" class=\"menu-item menu-item-type-post_type menu-item-object-page menu-item-208511\"><a href=\"https:\/\/render.tips\/es\/acerca-de-render-tips\">Acerca de Render.Tips<\/a><\/li>\n<li id=\"menu-item-208512\" class=\"menu-item menu-item-type-post_type menu-item-object-page menu-item-208512\"><a href=\"https:\/\/render.tips\/es\/acerca-de-render-tips\/metodologia-de-ensenanza\">Metodolog\u00eda de Ense\u00f1anza<\/a><\/li>\n<li id=\"menu-item-208515\" class=\"menu-item menu-item-type-post_type menu-item-object-page menu-item-208515\"><a href=\"https:\/\/render.tips\/es\/acerca-de-render-tips\/seguridad\">Seguran\u00e7a<\/a><\/li>\n<li id=\"menu-item-208513\" class=\"menu-item menu-item-type-post_type menu-item-object-page menu-item-208513\"><a href=\"https:\/\/render.tips\/es\/acerca-de-render-tips\/productos\">Productos<\/a><\/li>\n<\/ul><\/div>[\/vc_column_text][\/vc_column][vc_column offset=\u00bbvc_col-lg-9 vc_col-md-9&#8243;][vc_column_text]<\/p>\n<h3>Comodidad y seguridad en tus compras<\/h3>\n<p>Render ha estado en el mercado durante m\u00e1s de 20 a\u00f1os comercializando sus cursos a trav\u00e9s del comercio electr\u00f3nico. Trabajamos con las tecnolog\u00edas de protecci\u00f3n de datos m\u00e1s avanzadas para que sus compras sean fluidas.[\/vc_column_text][vc_column_text]<\/p>\n<h3 class=\"F_perspective_sans quem_blue_title line_100\">Tecnolog\u00edas<\/h3>\n<div class=\"division_H_20\">\n<p>Para garantizar su seguridad completa, la direcci\u00f3n de las p\u00e1ginas del sitio web de Render ser\u00e1 https: \/\/ (cifrado de alto nivel AES 128\/256 bits) y tambi\u00e9n notar\u00e1 el icono de \u00abcandado cerrado\u00bb en la parte inferior derecha de su navegador Toda la informaci\u00f3n intercambiada con las direcciones de sitios web que comienzan con https: \/\/ se cifra con SSL antes de la transmisi\u00f3n. <a href=\"http:\/\/comodobr.com\/ssl_o_que_e.php\">Comprender qu\u00e9 es SSL<\/a><\/p>\n<p>Esta es su garant\u00eda de que los datos no pueden ser vistos o manipulados por terceros.<\/p>\n<\/div>\n<p>[\/vc_column_text][vc_column_text]<\/p>\n<h3 class=\"F_perspective_sans quem_blue_title line_100\">\u00bfPor qu\u00e9 es seguro comprar en Render?<\/h3>\n<div class=\"quem_title_txt line_100\">\n<ul>\n<li>Por m\u00e1s de 20 a\u00f1os en el mercado;<\/li>\n<li>Iconos que confirman la seguridad durante el proceso de compra;<\/li>\n<li>Cifrado de alto nivel (AES 128\/256 bits);<\/li>\n<li>Https: \/\/ protocolo tambi\u00e9n durante el proceso de compra;<\/li>\n<li>Datos de tarjetas de cr\u00e9dito enviados directamente a servidores bancarios y compa\u00f1\u00edas de tarjetas de cr\u00e9dito;<\/li>\n<li>No almacenamos su informaci\u00f3n de pago;<\/li>\n<li>Sus datos de registro son confidenciales y se utilizan solo para compras y emisi\u00f3n de facturas. No se proporcionan a terceros;<\/li>\n<li>Toda la informaci\u00f3n que Render env\u00ede por correo electr\u00f3nico solo se realizar\u00e1 con su autorizaci\u00f3n en el momento del registro;<\/li>\n<\/ul>\n<\/div>\n<p>[\/vc_column_text][\/vc_column][\/vc_row][vc_row][vc_column offset=\u00bbvc_hidden-lg vc_hidden-md\u00bb][vc_empty_space height=\u00bb30px\u00bb][vc_cta h2=\u00bbMenu\u00bb txt_align=\u00bbcenter\u00bb]<div class=\"menu-sobre-default menu-left-default\"><ul id=\"menu-sobre-render-spanish-1\" class=\"menu\"><li class=\"menu-item menu-item-type-post_type menu-item-object-page menu-item-208511\"><a href=\"https:\/\/render.tips\/es\/acerca-de-render-tips\">Acerca de Render.Tips<\/a><\/li>\n<li class=\"menu-item menu-item-type-post_type menu-item-object-page menu-item-208512\"><a href=\"https:\/\/render.tips\/es\/acerca-de-render-tips\/metodologia-de-ensenanza\">Metodolog\u00eda de Ense\u00f1anza<\/a><\/li>\n<li class=\"menu-item menu-item-type-post_type menu-item-object-page menu-item-208515\"><a href=\"https:\/\/render.tips\/es\/acerca-de-render-tips\/seguridad\">Seguran\u00e7a<\/a><\/li>\n<li class=\"menu-item menu-item-type-post_type menu-item-object-page menu-item-208513\"><a href=\"https:\/\/render.tips\/es\/acerca-de-render-tips\/productos\">Productos<\/a><\/li>\n<\/ul><\/div>[\/vc_cta][\/vc_column][\/vc_row]<\/p>\n<\/div>","protected":false},"excerpt":{"rendered":"<p>[vc_row][vc_column][vc_separator][\/vc_column][\/vc_row][vc_row][vc_column width=\u00bb1\/4&#8243; offset=\u00bbvc_hidden-sm vc_hidden-xs\u00bb][vc_column_text][\/vc_column_text][\/vc_column][vc_column offset=\u00bbvc_col-lg-9 vc_col-md-9&#8243;][vc_column_text] Comodidad y seguridad en tus compras Render ha estado en el mercado durante m\u00e1s de 20 a\u00f1os comercializando sus cursos a trav\u00e9s del comercio<\/p>\n","protected":false},"author":1,"featured_media":0,"parent":208246,"menu_order":0,"comment_status":"closed","ping_status":"closed","template":"","meta":[],"acf":[],"yoast_head":"<!-- This site is optimized with the Yoast SEO plugin v15.9 - https:\/\/yoast.com\/wordpress\/plugins\/seo\/ -->\n<title>Seguran\u00e7a | Online Courses from Basic to Advanced | RenderTips<\/title>\n<meta name=\"robots\" content=\"index, follow, max-snippet:-1, max-image-preview:large, max-video-preview:-1\" \/>\n<link rel=\"canonical\" href=\"https:\/\/render.tips\/es\/acerca-de-render-tips\/seguridad\" \/>\n<meta property=\"og:locale\" content=\"es_ES\" \/>\n<meta property=\"og:type\" content=\"article\" \/>\n<meta property=\"og:title\" content=\"Seguran\u00e7a | Online Courses from Basic to Advanced | RenderTips\" \/>\n<meta property=\"og:description\" content=\"[vc_row][vc_column][vc_separator][\/vc_column][\/vc_row][vc_row][vc_column width=\u00bb1\/4&#8243; offset=\u00bbvc_hidden-sm vc_hidden-xs\u00bb][vc_column_text][\/vc_column_text][\/vc_column][vc_column offset=\u00bbvc_col-lg-9 vc_col-md-9&#8243;][vc_column_text] Comodidad y seguridad en tus compras Render ha estado en el mercado durante m\u00e1s de 20 a\u00f1os comercializando sus cursos a trav\u00e9s del comercio\" \/>\n<meta property=\"og:url\" content=\"https:\/\/render.tips\/es\/acerca-de-render-tips\/seguridad\" \/>\n<meta property=\"og:site_name\" content=\"Online Courses from Basic to Advanced | RenderTips\" \/>\n<meta property=\"article:publisher\" content=\"https:\/\/www.facebook.com\/rendertipscourses\/\" \/>\n<meta property=\"article:modified_time\" content=\"2019-08-14T12:46:44+00:00\" \/>\n<meta property=\"og:image\" content=\"https:\/\/static.render.tips\/wp-content\/uploads\/2019\/08\/logo_1024.png\" \/>\n\t<meta property=\"og:image:width\" content=\"1024\" \/>\n\t<meta property=\"og:image:height\" content=\"1024\" \/>\n<meta name=\"twitter:card\" content=\"summary_large_image\" \/>\n<meta name=\"twitter:site\" content=\"@rendertips\" \/>\n<meta name=\"twitter:label1\" content=\"Tiempo de lectura\">\n\t<meta name=\"twitter:data1\" content=\"2 minutos\">\n<script type=\"application\/ld+json\" class=\"yoast-schema-graph\">{\"@context\":\"https:\/\/schema.org\",\"@graph\":[{\"@type\":\"Organization\",\"@id\":\"https:\/\/render.tips\/#organization\",\"name\":\"Render Tips\",\"url\":\"https:\/\/render.tips\/\",\"sameAs\":[\"https:\/\/www.facebook.com\/rendertipscourses\/\",\"https:\/\/www.instagram.com\/rendertips\/\",\"https:\/\/www.youtube.com\/channel\/UCx_9bcvh0_AQFGXxJ0StKSQ\",\"https:\/\/twitter.com\/rendertips\"],\"logo\":{\"@type\":\"ImageObject\",\"@id\":\"https:\/\/render.tips\/#logo\",\"inLanguage\":\"es\",\"url\":\"https:\/\/static.render.tips\/wp-content\/uploads\/2019\/08\/logo_1024.png\",\"width\":1024,\"height\":1024,\"caption\":\"Render Tips\"},\"image\":{\"@id\":\"https:\/\/render.tips\/#logo\"}},{\"@type\":\"WebSite\",\"@id\":\"https:\/\/render.tips\/#website\",\"url\":\"https:\/\/render.tips\/\",\"name\":\"Online Courses from Basic to Advanced | RenderTips\",\"description\":\"Technology Online Courses - Solidworks, Autocad, Inventor, 3ds Max and More\",\"publisher\":{\"@id\":\"https:\/\/render.tips\/#organization\"},\"potentialAction\":[{\"@type\":\"SearchAction\",\"target\":\"https:\/\/render.tips\/?s={search_term_string}\",\"query-input\":\"required name=search_term_string\"}],\"inLanguage\":\"es\"},{\"@type\":\"WebPage\",\"@id\":\"https:\/\/render.tips\/es\/acerca-de-render-tips\/seguridad#webpage\",\"url\":\"https:\/\/render.tips\/es\/acerca-de-render-tips\/seguridad\",\"name\":\"Seguran\\u00e7a | Online Courses from Basic to Advanced | RenderTips\",\"isPartOf\":{\"@id\":\"https:\/\/render.tips\/#website\"},\"datePublished\":\"2017-02-07T14:56:35+00:00\",\"dateModified\":\"2019-08-14T12:46:44+00:00\",\"breadcrumb\":{\"@id\":\"https:\/\/render.tips\/es\/acerca-de-render-tips\/seguridad#breadcrumb\"},\"inLanguage\":\"es\",\"potentialAction\":[{\"@type\":\"ReadAction\",\"target\":[\"https:\/\/render.tips\/es\/acerca-de-render-tips\/seguridad\"]}]},{\"@type\":\"BreadcrumbList\",\"@id\":\"https:\/\/render.tips\/es\/acerca-de-render-tips\/seguridad#breadcrumb\",\"itemListElement\":[{\"@type\":\"ListItem\",\"position\":1,\"item\":{\"@type\":\"WebPage\",\"@id\":\"https:\/\/render.tips\/es\",\"url\":\"https:\/\/render.tips\/es\",\"name\":\"Home\"}},{\"@type\":\"ListItem\",\"position\":2,\"item\":{\"@type\":\"WebPage\",\"@id\":\"https:\/\/render.tips\/es\/acerca-de-render-tips\",\"url\":\"https:\/\/render.tips\/es\/acerca-de-render-tips\",\"name\":\"Acerca de Render.Tips\"}},{\"@type\":\"ListItem\",\"position\":3,\"item\":{\"@type\":\"WebPage\",\"@id\":\"https:\/\/render.tips\/es\/acerca-de-render-tips\/seguridad\",\"url\":\"https:\/\/render.tips\/es\/acerca-de-render-tips\/seguridad\",\"name\":\"Seguran\\u00e7a\"}}]}]}<\/script>\n<!-- \/ Yoast SEO plugin. -->","_links":{"self":[{"href":"https:\/\/render.tips\/es\/wp-json\/wp\/v2\/pages\/208262"}],"collection":[{"href":"https:\/\/render.tips\/es\/wp-json\/wp\/v2\/pages"}],"about":[{"href":"https:\/\/render.tips\/es\/wp-json\/wp\/v2\/types\/page"}],"author":[{"embeddable":true,"href":"https:\/\/render.tips\/es\/wp-json\/wp\/v2\/users\/1"}],"replies":[{"embeddable":true,"href":"https:\/\/render.tips\/es\/wp-json\/wp\/v2\/comments?post=208262"}],"version-history":[{"count":2,"href":"https:\/\/render.tips\/es\/wp-json\/wp\/v2\/pages\/208262\/revisions"}],"predecessor-version":[{"id":208721,"href":"https:\/\/render.tips\/es\/wp-json\/wp\/v2\/pages\/208262\/revisions\/208721"}],"up":[{"embeddable":true,"href":"https:\/\/render.tips\/es\/wp-json\/wp\/v2\/pages\/208246"}],"wp:attachment":[{"href":"https:\/\/render.tips\/es\/wp-json\/wp\/v2\/media?parent=208262"}],"curies":[{"name":"wp","href":"https:\/\/api.w.org\/{rel}","templated":true}]}}