{"id":208250,"date":"2017-02-02T13:04:08","date_gmt":"2017-02-02T15:04:08","guid":{"rendered":"https:\/\/render.tips\/sobre-a-render\/metodologia-de-ensino"},"modified":"2019-08-14T11:26:36","modified_gmt":"2019-08-14T14:26:36","slug":"metodologia-de-ensenanza","status":"publish","type":"page","link":"https:\/\/render.tips\/es\/acerca-de-render-tips\/metodologia-de-ensenanza","title":{"rendered":"Metodolog\u00eda de Ense\u00f1anza"},"content":{"rendered":"<div class=\"wpb-content-wrapper\"><p>[vc_row][vc_column][vc_separator][\/vc_column][\/vc_row][vc_row][vc_column width=\u00bb1\/4&#8243; offset=\u00bbvc_hidden-sm vc_hidden-xs\u00bb][vc_column_text]<div class=\"menu-sobre-default menu-left-default\"><ul id=\"menu-sobre-render-spanish\" class=\"menu\"><li id=\"menu-item-208511\" class=\"menu-item menu-item-type-post_type menu-item-object-page menu-item-208511\"><a href=\"https:\/\/render.tips\/es\/acerca-de-render-tips\">Acerca de Render.Tips<\/a><\/li>\n<li id=\"menu-item-208512\" class=\"menu-item menu-item-type-post_type menu-item-object-page menu-item-208512\"><a href=\"https:\/\/render.tips\/es\/acerca-de-render-tips\/metodologia-de-ensenanza\">Metodolog\u00eda de Ense\u00f1anza<\/a><\/li>\n<li id=\"menu-item-208515\" class=\"menu-item menu-item-type-post_type menu-item-object-page menu-item-208515\"><a href=\"https:\/\/render.tips\/es\/acerca-de-render-tips\/seguridad\">Seguran\u00e7a<\/a><\/li>\n<li id=\"menu-item-208513\" class=\"menu-item menu-item-type-post_type menu-item-object-page menu-item-208513\"><a href=\"https:\/\/render.tips\/es\/acerca-de-render-tips\/productos\">Productos<\/a><\/li>\n<\/ul><\/div>[\/vc_column_text][\/vc_column][vc_column offset=\u00bbvc_col-lg-9 vc_col-md-9&#8243;][vc_column_text]<\/p>\n<div class=\"quem_title_txt line_100\">Con m\u00e1s de 20 a\u00f1os de experiencia en la creaci\u00f3n de cursos en l\u00ednea, Render.Tips ha incorporado los conceptos de Render Cursos Ltda en su formato de ense\u00f1anza, para ofrecer un aprendizaje cada vez m\u00e1s agradable y con todas las ventajas del aprendizaje a distancia.<br \/>\nNuestros cursos facilitan el aprendizaje utilizando:<\/div>\n<div class=\"quem_title_txt line_100\">\n<ul>\n<li>Presentaciones de conceptos;<\/li>\n<li>Actividades para practicar y hacer;<\/li>\n<li>Conexi\u00f3n a casos reales de entorno laboral.<\/li>\n<\/ul>\n<\/div>\n<p>[\/vc_column_text][vc_column_text]<\/p>\n<h3 class=\"quem_title_txt line_100\">Presentaciones conceptuales<\/h3>\n<div class=\"quem_title_txt line_100\">En un curso de Render.Tips, \u00a1el alumno aprende mirando! Son lecciones de video narradas, objetivas y pr\u00e1cticas, complementadas con textos de apoyo, im\u00e1genes, consejos y preguntas de seguimiento.<br \/>\nEn cada clase, el alumno se da cuenta de la facilidad de observar los conceptos te\u00f3ricos, optimizando su aprendizaje con recursos adicionales que aumentan la productividad de la vida cotidiana.<\/div>\n<p>[\/vc_column_text][vc_column_text]<\/p>\n<h3 class=\"quem_title_txt line_100\">Practica y haz actividades<\/h3>\n<div class=\"quem_title_txt line_100\">El conocimiento aprendido se pone en pr\u00e1ctica con ejercicios paso a paso que se pueden hacer en casa a la velocidad deseada. En cualquier momento, el alumno puede escuchar y ver nuevamente los conceptos que necesitan m\u00e1s atenci\u00f3n. Para cada ejercicio est\u00e1n disponibles, cuando corresponda, los archivos para practicar. Render sugiere a sus alumnos la instalaci\u00f3n previa del software original, de acuerdo con el curso adquirido.<\/div>\n<p>[\/vc_column_text][vc_column_text]<\/p>\n<h3 class=\"quem_title_txt line_100\">Conexi\u00f3n a casos reales del entorno laboral<\/h3>\n<div class=\"quem_title_txt line_100\">Render.Tips los estudiantes est\u00e1n constantemente en contacto con situaciones relacionadas con la industria o el entorno laboral, lo que facilita y acelera el aprendizaje. Se presentan ejemplos y conceptos te\u00f3ricos en el contexto de la aplicaci\u00f3n pr\u00e1ctica, haciendo que nuestros estudiantes experimenten experiencias que formar\u00e1n parte de su vida diaria.<\/div>\n<p>[\/vc_column_text][vc_column_text]<\/p>\n<h5 class=\"quem_title_txt line_100\">Render.Tips mejora y mejora constantemente los cursos con la ayuda de nuestros usuarios. Por favor cont\u00e1ctenos si desea participar con ideas o sugerencias. \u00a1Estamos en un proceso de aprendizaje constante!<\/h5>\n<p>[\/vc_column_text][\/vc_column][\/vc_row][vc_row][vc_column offset=\u00bbvc_hidden-lg vc_hidden-md\u00bb][vc_empty_space height=\u00bb30px\u00bb][vc_cta h2=\u00bbMenu\u00bb txt_align=\u00bbcenter\u00bb]<div class=\"menu-sobre-default menu-left-default\"><ul id=\"menu-sobre-render-spanish-1\" class=\"menu\"><li class=\"menu-item menu-item-type-post_type menu-item-object-page menu-item-208511\"><a href=\"https:\/\/render.tips\/es\/acerca-de-render-tips\">Acerca de Render.Tips<\/a><\/li>\n<li class=\"menu-item menu-item-type-post_type menu-item-object-page menu-item-208512\"><a href=\"https:\/\/render.tips\/es\/acerca-de-render-tips\/metodologia-de-ensenanza\">Metodolog\u00eda de Ense\u00f1anza<\/a><\/li>\n<li class=\"menu-item menu-item-type-post_type menu-item-object-page menu-item-208515\"><a href=\"https:\/\/render.tips\/es\/acerca-de-render-tips\/seguridad\">Seguran\u00e7a<\/a><\/li>\n<li class=\"menu-item menu-item-type-post_type menu-item-object-page menu-item-208513\"><a href=\"https:\/\/render.tips\/es\/acerca-de-render-tips\/productos\">Productos<\/a><\/li>\n<\/ul><\/div>[\/vc_cta][\/vc_column][\/vc_row]<\/p>\n<\/div>","protected":false},"excerpt":{"rendered":"<p>[vc_row][vc_column][vc_separator][\/vc_column][\/vc_row][vc_row][vc_column width=\u00bb1\/4&#8243; offset=\u00bbvc_hidden-sm vc_hidden-xs\u00bb][vc_column_text][\/vc_column_text][\/vc_column][vc_column offset=\u00bbvc_col-lg-9 vc_col-md-9&#8243;][vc_column_text] Con m\u00e1s de 20 a\u00f1os de experiencia en la creaci\u00f3n de cursos en l\u00ednea, Render.Tips ha incorporado los conceptos de Render Cursos Ltda en<\/p>\n","protected":false},"author":1,"featured_media":0,"parent":208246,"menu_order":0,"comment_status":"closed","ping_status":"closed","template":"","meta":[],"acf":[],"yoast_head":"<!-- This site is optimized with the Yoast SEO plugin v15.9 - https:\/\/yoast.com\/wordpress\/plugins\/seo\/ -->\n<title>Metodolog\u00eda de Ense\u00f1anza | Online Courses from Basic to Advanced | RenderTips<\/title>\n<meta name=\"robots\" content=\"index, follow, max-snippet:-1, max-image-preview:large, max-video-preview:-1\" \/>\n<link rel=\"canonical\" href=\"https:\/\/render.tips\/es\/acerca-de-render-tips\/metodologia-de-ensenanza\" \/>\n<meta property=\"og:locale\" content=\"es_ES\" \/>\n<meta property=\"og:type\" content=\"article\" \/>\n<meta property=\"og:title\" content=\"Metodolog\u00eda de Ense\u00f1anza | Online Courses from Basic to Advanced | RenderTips\" \/>\n<meta property=\"og:description\" content=\"[vc_row][vc_column][vc_separator][\/vc_column][\/vc_row][vc_row][vc_column width=\u00bb1\/4&#8243; offset=\u00bbvc_hidden-sm vc_hidden-xs\u00bb][vc_column_text][\/vc_column_text][\/vc_column][vc_column offset=\u00bbvc_col-lg-9 vc_col-md-9&#8243;][vc_column_text] Con m\u00e1s de 20 a\u00f1os de experiencia en la creaci\u00f3n de cursos en l\u00ednea, Render.Tips ha incorporado los conceptos de Render Cursos Ltda en\" \/>\n<meta property=\"og:url\" content=\"https:\/\/render.tips\/es\/acerca-de-render-tips\/metodologia-de-ensenanza\" \/>\n<meta property=\"og:site_name\" content=\"Online Courses from Basic to Advanced | RenderTips\" \/>\n<meta property=\"article:publisher\" content=\"https:\/\/www.facebook.com\/rendertipscourses\/\" \/>\n<meta property=\"article:modified_time\" content=\"2019-08-14T14:26:36+00:00\" \/>\n<meta property=\"og:image\" content=\"https:\/\/static.render.tips\/wp-content\/uploads\/2019\/08\/logo_1024.png\" \/>\n\t<meta property=\"og:image:width\" content=\"1024\" \/>\n\t<meta property=\"og:image:height\" content=\"1024\" \/>\n<meta name=\"twitter:card\" content=\"summary_large_image\" \/>\n<meta name=\"twitter:site\" content=\"@rendertips\" \/>\n<meta name=\"twitter:label1\" content=\"Tiempo de lectura\">\n\t<meta name=\"twitter:data1\" content=\"2 minutos\">\n<script type=\"application\/ld+json\" class=\"yoast-schema-graph\">{\"@context\":\"https:\/\/schema.org\",\"@graph\":[{\"@type\":\"Organization\",\"@id\":\"https:\/\/render.tips\/#organization\",\"name\":\"Render Tips\",\"url\":\"https:\/\/render.tips\/\",\"sameAs\":[\"https:\/\/www.facebook.com\/rendertipscourses\/\",\"https:\/\/www.instagram.com\/rendertips\/\",\"https:\/\/www.youtube.com\/channel\/UCx_9bcvh0_AQFGXxJ0StKSQ\",\"https:\/\/twitter.com\/rendertips\"],\"logo\":{\"@type\":\"ImageObject\",\"@id\":\"https:\/\/render.tips\/#logo\",\"inLanguage\":\"es\",\"url\":\"https:\/\/static.render.tips\/wp-content\/uploads\/2019\/08\/logo_1024.png\",\"width\":1024,\"height\":1024,\"caption\":\"Render Tips\"},\"image\":{\"@id\":\"https:\/\/render.tips\/#logo\"}},{\"@type\":\"WebSite\",\"@id\":\"https:\/\/render.tips\/#website\",\"url\":\"https:\/\/render.tips\/\",\"name\":\"Online Courses from Basic to Advanced | RenderTips\",\"description\":\"Technology Online Courses - Solidworks, Autocad, Inventor, 3ds Max and More\",\"publisher\":{\"@id\":\"https:\/\/render.tips\/#organization\"},\"potentialAction\":[{\"@type\":\"SearchAction\",\"target\":\"https:\/\/render.tips\/?s={search_term_string}\",\"query-input\":\"required name=search_term_string\"}],\"inLanguage\":\"es\"},{\"@type\":\"WebPage\",\"@id\":\"https:\/\/render.tips\/es\/acerca-de-render-tips\/metodologia-de-ensenanza#webpage\",\"url\":\"https:\/\/render.tips\/es\/acerca-de-render-tips\/metodologia-de-ensenanza\",\"name\":\"Metodolog\\u00eda de Ense\\u00f1anza | Online Courses from Basic to Advanced | RenderTips\",\"isPartOf\":{\"@id\":\"https:\/\/render.tips\/#website\"},\"datePublished\":\"2017-02-02T15:04:08+00:00\",\"dateModified\":\"2019-08-14T14:26:36+00:00\",\"breadcrumb\":{\"@id\":\"https:\/\/render.tips\/es\/acerca-de-render-tips\/metodologia-de-ensenanza#breadcrumb\"},\"inLanguage\":\"es\",\"potentialAction\":[{\"@type\":\"ReadAction\",\"target\":[\"https:\/\/render.tips\/es\/acerca-de-render-tips\/metodologia-de-ensenanza\"]}]},{\"@type\":\"BreadcrumbList\",\"@id\":\"https:\/\/render.tips\/es\/acerca-de-render-tips\/metodologia-de-ensenanza#breadcrumb\",\"itemListElement\":[{\"@type\":\"ListItem\",\"position\":1,\"item\":{\"@type\":\"WebPage\",\"@id\":\"https:\/\/render.tips\/es\",\"url\":\"https:\/\/render.tips\/es\",\"name\":\"Home\"}},{\"@type\":\"ListItem\",\"position\":2,\"item\":{\"@type\":\"WebPage\",\"@id\":\"https:\/\/render.tips\/es\/acerca-de-render-tips\",\"url\":\"https:\/\/render.tips\/es\/acerca-de-render-tips\",\"name\":\"Acerca de Render.Tips\"}},{\"@type\":\"ListItem\",\"position\":3,\"item\":{\"@type\":\"WebPage\",\"@id\":\"https:\/\/render.tips\/es\/acerca-de-render-tips\/metodologia-de-ensenanza\",\"url\":\"https:\/\/render.tips\/es\/acerca-de-render-tips\/metodologia-de-ensenanza\",\"name\":\"Metodolog\\u00eda de Ense\\u00f1anza\"}}]}]}<\/script>\n<!-- \/ Yoast SEO plugin. -->","_links":{"self":[{"href":"https:\/\/render.tips\/es\/wp-json\/wp\/v2\/pages\/208250"}],"collection":[{"href":"https:\/\/render.tips\/es\/wp-json\/wp\/v2\/pages"}],"about":[{"href":"https:\/\/render.tips\/es\/wp-json\/wp\/v2\/types\/page"}],"author":[{"embeddable":true,"href":"https:\/\/render.tips\/es\/wp-json\/wp\/v2\/users\/1"}],"replies":[{"embeddable":true,"href":"https:\/\/render.tips\/es\/wp-json\/wp\/v2\/comments?post=208250"}],"version-history":[{"count":2,"href":"https:\/\/render.tips\/es\/wp-json\/wp\/v2\/pages\/208250\/revisions"}],"predecessor-version":[{"id":208734,"href":"https:\/\/render.tips\/es\/wp-json\/wp\/v2\/pages\/208250\/revisions\/208734"}],"up":[{"embeddable":true,"href":"https:\/\/render.tips\/es\/wp-json\/wp\/v2\/pages\/208246"}],"wp:attachment":[{"href":"https:\/\/render.tips\/es\/wp-json\/wp\/v2\/media?parent=208250"}],"curies":[{"name":"wp","href":"https:\/\/api.w.org\/{rel}","templated":true}]}}