{"id":208246,"date":"2016-06-30T01:15:08","date_gmt":"2016-06-30T04:15:08","guid":{"rendered":"https:\/\/render.tips\/sobre-a-render"},"modified":"2019-11-15T00:56:49","modified_gmt":"2019-11-15T02:56:49","slug":"acerca-de-render-tips","status":"publish","type":"page","link":"https:\/\/render.tips\/es\/acerca-de-render-tips","title":{"rendered":"Acerca de Render.Tips"},"content":{"rendered":"<div class=\"wpb-content-wrapper\"><p>[vc_row][vc_column][vc_separator][\/vc_column][\/vc_row][vc_row][vc_column width=\u00bb1\/4&#8243; offset=\u00bbvc_hidden-sm vc_hidden-xs\u00bb][vc_column_text]<div class=\"menu-sobre-default menu-left-default\"><ul id=\"menu-sobre-render-spanish\" class=\"menu\"><li id=\"menu-item-208511\" class=\"menu-item menu-item-type-post_type menu-item-object-page menu-item-208511\"><a href=\"https:\/\/render.tips\/es\/acerca-de-render-tips\">Acerca de Render.Tips<\/a><\/li>\n<li id=\"menu-item-208512\" class=\"menu-item menu-item-type-post_type menu-item-object-page menu-item-208512\"><a href=\"https:\/\/render.tips\/es\/acerca-de-render-tips\/metodologia-de-ensenanza\">Metodolog\u00eda de Ense\u00f1anza<\/a><\/li>\n<li id=\"menu-item-208515\" class=\"menu-item menu-item-type-post_type menu-item-object-page menu-item-208515\"><a href=\"https:\/\/render.tips\/es\/acerca-de-render-tips\/seguridad\">Seguran\u00e7a<\/a><\/li>\n<li id=\"menu-item-208513\" class=\"menu-item menu-item-type-post_type menu-item-object-page menu-item-208513\"><a href=\"https:\/\/render.tips\/es\/acerca-de-render-tips\/productos\">Productos<\/a><\/li>\n<\/ul><\/div>[\/vc_column_text][\/vc_column][vc_column offset=\u00bbvc_col-lg-9 vc_col-md-9&#8243;][vc_column_text]<\/p>\n<h3 class=\"quem_title_txt line_100\">Render.Tips:<\/h3>\n<div class=\"quem_title_txt line_100\">Render.Tips comparte informaci\u00f3n, ense\u00f1a contenido y ampl\u00eda el horizonte t\u00e9cnico e intelectual de los profesionales en todos los niveles de la educaci\u00f3n.<br \/>\nCon una metodolog\u00eda para el aprendizaje a distancia basada en lecciones en video y su propia plataforma para hacer que su contenido est\u00e9 disponible, Render.Tips celebra la aprobaci\u00f3n de su sistema educativo por parte de sus estudiantes.<br \/>\nRender.Tips naci\u00f3 con el prop\u00f3sito de permitir que personas de diversas clases sociales aprendan f\u00e1cilmente, utilizando software a un costo muy bajo. Somos una empresa del grupo Render Cursos Ltda ubicada en Brasil.<\/div>\n<p>[\/vc_column_text][vc_column_text]<\/p>\n<h3 class=\"quem_title_txt line_100\">Misi\u00f3n:<\/h3>\n<div class=\"quem_title_txt line_100\">Promover cursos de aprendizaje a distancia de calidad t\u00e9cnica, contenido did\u00e1ctico y reconocido, que permita el acceso al conocimiento t\u00e9cnico y el desarrollo profesional a trav\u00e9s de la disponibilidad de su capacitaci\u00f3n en la plataforma en l\u00ednea.<\/div>\n<p>[\/vc_column_text][vc_column_text]<\/p>\n<h3 class=\"quem_title_txt line_100\">Visi\u00f3n:<\/h3>\n<div class=\"quem_title_txt line_100\">Ser una referencia en educaci\u00f3n profesional a distancia, compartiendo conocimientos de alta calidad.<\/div>\n<p>[\/vc_column_text][vc_column_text]<\/p>\n<h3 class=\"quem_title_txt line_100\">Principios (valores):<\/h3>\n<ul>\n<li>\u00c9tica;<\/li>\n<li>Honestidad;<\/li>\n<li>Confianza;<\/li>\n<li>Compromiso;<\/li>\n<li>Respeto<\/li>\n<\/ul>\n<p>[\/vc_column_text][vc_column_text]<\/p>\n<h3 class=\"quem_title_txt line_100\">Responsabilidad social:<\/h3>\n<div class=\"quem_title_txt line_100\">Render.Tips adopta una actitud \u00e9tica y responsable hacia sus empleados, proveedores, clientes y la sociedad en general, incluido tambi\u00e9n el respeto por el medio ambiente.<br \/>\nAl proporcionar un ambiente de trabajo agradable y la generaci\u00f3n de nuevas oportunidades, Render.Tips tambi\u00e9n contribuye a reducir la desigualdad social al permitir que personas de diferentes clases sociales accedan a contenido t\u00e9cnico y se mejoren, obteniendo as\u00ed nuevas oportunidades de trabajo.<\/div>\n<p>[\/vc_column_text][vc_column_text]<\/p>\n<h3 class=\"quem_title_txt line_100\">Direcci\u00f3n:<\/h3>\n<div class=\"quem_title_txt line_100\">Brazil<br \/>\nsupport@render.tips<\/div>\n<p>[\/vc_column_text][\/vc_column][\/vc_row][vc_row][vc_column offset=\u00bbvc_hidden-lg vc_hidden-md\u00bb][vc_empty_space height=\u00bb30px\u00bb][vc_cta h2=\u00bbMenu\u00bb txt_align=\u00bbcenter\u00bb]<div class=\"menu-sobre-default menu-left-default\"><ul id=\"menu-sobre-render-spanish-1\" class=\"menu\"><li class=\"menu-item menu-item-type-post_type menu-item-object-page menu-item-208511\"><a href=\"https:\/\/render.tips\/es\/acerca-de-render-tips\">Acerca de Render.Tips<\/a><\/li>\n<li class=\"menu-item menu-item-type-post_type menu-item-object-page menu-item-208512\"><a href=\"https:\/\/render.tips\/es\/acerca-de-render-tips\/metodologia-de-ensenanza\">Metodolog\u00eda de Ense\u00f1anza<\/a><\/li>\n<li class=\"menu-item menu-item-type-post_type menu-item-object-page menu-item-208515\"><a href=\"https:\/\/render.tips\/es\/acerca-de-render-tips\/seguridad\">Seguran\u00e7a<\/a><\/li>\n<li class=\"menu-item menu-item-type-post_type menu-item-object-page menu-item-208513\"><a href=\"https:\/\/render.tips\/es\/acerca-de-render-tips\/productos\">Productos<\/a><\/li>\n<\/ul><\/div>[\/vc_cta][\/vc_column][\/vc_row]<\/p>\n<\/div>","protected":false},"excerpt":{"rendered":"<p>[vc_row][vc_column][vc_separator][\/vc_column][\/vc_row][vc_row][vc_column width=\u00bb1\/4&#8243; offset=\u00bbvc_hidden-sm vc_hidden-xs\u00bb][vc_column_text][\/vc_column_text][\/vc_column][vc_column offset=\u00bbvc_col-lg-9 vc_col-md-9&#8243;][vc_column_text] Render.Tips: Render.Tips comparte informaci\u00f3n, ense\u00f1a contenido y ampl\u00eda el horizonte t\u00e9cnico e intelectual de los profesionales en todos los niveles de la educaci\u00f3n. Con<\/p>\n","protected":false},"author":1,"featured_media":0,"parent":0,"menu_order":0,"comment_status":"closed","ping_status":"closed","template":"","meta":[],"acf":[],"yoast_head":"<!-- This site is optimized with the Yoast SEO plugin v15.9 - https:\/\/yoast.com\/wordpress\/plugins\/seo\/ -->\n<title>Acerca de Render.Tips | Online Courses from Basic to Advanced | RenderTips<\/title>\n<meta name=\"robots\" content=\"index, follow, max-snippet:-1, max-image-preview:large, max-video-preview:-1\" \/>\n<link rel=\"canonical\" href=\"https:\/\/render.tips\/es\/acerca-de-render-tips\" \/>\n<meta property=\"og:locale\" content=\"es_ES\" \/>\n<meta property=\"og:type\" content=\"article\" \/>\n<meta property=\"og:title\" content=\"Acerca de Render.Tips | Online Courses from Basic to Advanced | RenderTips\" \/>\n<meta property=\"og:description\" content=\"[vc_row][vc_column][vc_separator][\/vc_column][\/vc_row][vc_row][vc_column width=\u00bb1\/4&#8243; offset=\u00bbvc_hidden-sm vc_hidden-xs\u00bb][vc_column_text][\/vc_column_text][\/vc_column][vc_column offset=\u00bbvc_col-lg-9 vc_col-md-9&#8243;][vc_column_text] Render.Tips: Render.Tips comparte informaci\u00f3n, ense\u00f1a contenido y ampl\u00eda el horizonte t\u00e9cnico e intelectual de los profesionales en todos los niveles de la educaci\u00f3n. Con\" \/>\n<meta property=\"og:url\" content=\"https:\/\/render.tips\/es\/acerca-de-render-tips\" \/>\n<meta property=\"og:site_name\" content=\"Online Courses from Basic to Advanced | RenderTips\" \/>\n<meta property=\"article:publisher\" content=\"https:\/\/www.facebook.com\/rendertipscourses\/\" \/>\n<meta property=\"article:modified_time\" content=\"2019-11-15T02:56:49+00:00\" \/>\n<meta property=\"og:image\" content=\"https:\/\/static.render.tips\/wp-content\/uploads\/2019\/08\/logo_1024.png\" \/>\n\t<meta property=\"og:image:width\" content=\"1024\" \/>\n\t<meta property=\"og:image:height\" content=\"1024\" \/>\n<meta name=\"twitter:card\" content=\"summary_large_image\" \/>\n<meta name=\"twitter:site\" content=\"@rendertips\" \/>\n<meta name=\"twitter:label1\" content=\"Tiempo de lectura\">\n\t<meta name=\"twitter:data1\" content=\"2 minutos\">\n<script type=\"application\/ld+json\" class=\"yoast-schema-graph\">{\"@context\":\"https:\/\/schema.org\",\"@graph\":[{\"@type\":\"Organization\",\"@id\":\"https:\/\/render.tips\/#organization\",\"name\":\"Render Tips\",\"url\":\"https:\/\/render.tips\/\",\"sameAs\":[\"https:\/\/www.facebook.com\/rendertipscourses\/\",\"https:\/\/www.instagram.com\/rendertips\/\",\"https:\/\/www.youtube.com\/channel\/UCx_9bcvh0_AQFGXxJ0StKSQ\",\"https:\/\/twitter.com\/rendertips\"],\"logo\":{\"@type\":\"ImageObject\",\"@id\":\"https:\/\/render.tips\/#logo\",\"inLanguage\":\"es\",\"url\":\"https:\/\/static.render.tips\/wp-content\/uploads\/2019\/08\/logo_1024.png\",\"width\":1024,\"height\":1024,\"caption\":\"Render Tips\"},\"image\":{\"@id\":\"https:\/\/render.tips\/#logo\"}},{\"@type\":\"WebSite\",\"@id\":\"https:\/\/render.tips\/#website\",\"url\":\"https:\/\/render.tips\/\",\"name\":\"Online Courses from Basic to Advanced | RenderTips\",\"description\":\"Technology Online Courses - Solidworks, Autocad, Inventor, 3ds Max and More\",\"publisher\":{\"@id\":\"https:\/\/render.tips\/#organization\"},\"potentialAction\":[{\"@type\":\"SearchAction\",\"target\":\"https:\/\/render.tips\/?s={search_term_string}\",\"query-input\":\"required name=search_term_string\"}],\"inLanguage\":\"es\"},{\"@type\":\"WebPage\",\"@id\":\"https:\/\/render.tips\/es\/acerca-de-render-tips#webpage\",\"url\":\"https:\/\/render.tips\/es\/acerca-de-render-tips\",\"name\":\"Acerca de Render.Tips | Online Courses from Basic to Advanced | RenderTips\",\"isPartOf\":{\"@id\":\"https:\/\/render.tips\/#website\"},\"datePublished\":\"2016-06-30T04:15:08+00:00\",\"dateModified\":\"2019-11-15T02:56:49+00:00\",\"breadcrumb\":{\"@id\":\"https:\/\/render.tips\/es\/acerca-de-render-tips#breadcrumb\"},\"inLanguage\":\"es\",\"potentialAction\":[{\"@type\":\"ReadAction\",\"target\":[\"https:\/\/render.tips\/es\/acerca-de-render-tips\"]}]},{\"@type\":\"BreadcrumbList\",\"@id\":\"https:\/\/render.tips\/es\/acerca-de-render-tips#breadcrumb\",\"itemListElement\":[{\"@type\":\"ListItem\",\"position\":1,\"item\":{\"@type\":\"WebPage\",\"@id\":\"https:\/\/render.tips\/es\",\"url\":\"https:\/\/render.tips\/es\",\"name\":\"Home\"}},{\"@type\":\"ListItem\",\"position\":2,\"item\":{\"@type\":\"WebPage\",\"@id\":\"https:\/\/render.tips\/es\/acerca-de-render-tips\",\"url\":\"https:\/\/render.tips\/es\/acerca-de-render-tips\",\"name\":\"Acerca de Render.Tips\"}}]}]}<\/script>\n<!-- \/ Yoast SEO plugin. -->","_links":{"self":[{"href":"https:\/\/render.tips\/es\/wp-json\/wp\/v2\/pages\/208246"}],"collection":[{"href":"https:\/\/render.tips\/es\/wp-json\/wp\/v2\/pages"}],"about":[{"href":"https:\/\/render.tips\/es\/wp-json\/wp\/v2\/types\/page"}],"author":[{"embeddable":true,"href":"https:\/\/render.tips\/es\/wp-json\/wp\/v2\/users\/1"}],"replies":[{"embeddable":true,"href":"https:\/\/render.tips\/es\/wp-json\/wp\/v2\/comments?post=208246"}],"version-history":[{"count":3,"href":"https:\/\/render.tips\/es\/wp-json\/wp\/v2\/pages\/208246\/revisions"}],"predecessor-version":[{"id":211069,"href":"https:\/\/render.tips\/es\/wp-json\/wp\/v2\/pages\/208246\/revisions\/211069"}],"wp:attachment":[{"href":"https:\/\/render.tips\/es\/wp-json\/wp\/v2\/media?parent=208246"}],"curies":[{"name":"wp","href":"https:\/\/api.w.org\/{rel}","templated":true}]}}