{"id":232286,"date":"2014-03-25T23:54:22","date_gmt":"2014-03-26T02:54:22","guid":{"rendered":"https:\/\/render.tips\/solidworks-2014-fortgeschrittene-baugruppen"},"modified":"2020-11-05T00:05:43","modified_gmt":"2020-11-05T03:05:43","slug":"solidworks-2014-fortgeschrittene-baugruppen","status":"publish","type":"product","link":"https:\/\/render.tips\/de\/kurse\/solidworks-de\/solidworks-2014-fortgeschrittene-baugruppen","title":{"rendered":"Kurs SolidWorks 2014  Fortgeschrittene Baugruppen"},"content":{"rendered":"<p>Erfahren Sie mehr \u00fcber erweiterte Funktionen zum Entwickeln und Simulieren von Baugruppen in SolidWorks. Der Kurs behandelt Themen wie: Intelligente Fixierkomponenten, Interferenzerkennung, Clearances Check, Lochausrichtung, Kollisionserkennung, Physikalische Dynamik, Sensoren und H\u00fcllkurven, Optimierung gro\u00dfer Halterungen und mechanischer Positionen (Nocken, Getriebe, Riemen und Riemenscheiben, Ritzel und Zahnstange). Mit gro\u00dfartiger Methodik bereitet dieser Kurs Sie auf gro\u00dfe Herausforderungen vor! Erm\u00e4chtigen Sie jetzt und erobern Sie den Markt.<\/p>\n","protected":false},"excerpt":{"rendered":"<p><span style=\"color: #ff6600\">Meistern Sie erweiterte Funktionen durch Erstellen und Simulieren gro\u00dfer Arrays<\/span><\/p>\n","protected":false},"featured_media":232274,"comment_status":"open","ping_status":"closed","template":"","meta":[],"product_cat":[505,942,819],"product_tag":[],"acf":[],"yoast_head":"<!-- This site is optimized with the Yoast SEO plugin v15.9 - https:\/\/yoast.com\/wordpress\/plugins\/seo\/ -->\n<title>Kurs SolidWorks 2014 Fortgeschrittene Baugruppen | Online Courses from Basic to Advanced | RenderTips<\/title>\n<meta name=\"description\" content=\"Meistern Sie erweiterte Funktionen durch Erstellen und Simulieren gro\u00dfer Arrays\" \/>\n<meta name=\"robots\" content=\"index, follow, max-snippet:-1, max-image-preview:large, max-video-preview:-1\" \/>\n<link rel=\"canonical\" href=\"https:\/\/render.tips\/de\/kurse\/solidworks-de\/solidworks-2014-fortgeschrittene-baugruppen\" \/>\n<meta property=\"og:locale\" content=\"de_DE\" \/>\n<meta property=\"og:type\" content=\"article\" \/>\n<meta property=\"og:title\" content=\"Kurs SolidWorks 2014 Fortgeschrittene Baugruppen | Online Courses from Basic to Advanced | RenderTips\" \/>\n<meta property=\"og:description\" content=\"Meistern Sie erweiterte Funktionen durch Erstellen und Simulieren gro\u00dfer Arrays\" \/>\n<meta property=\"og:url\" content=\"https:\/\/render.tips\/de\/kurse\/solidworks-de\/solidworks-2014-fortgeschrittene-baugruppen\" \/>\n<meta property=\"og:site_name\" content=\"Online Courses from Basic to Advanced | RenderTips\" \/>\n<meta property=\"article:publisher\" content=\"https:\/\/www.facebook.com\/rendertipscourses\/\" \/>\n<meta property=\"article:modified_time\" content=\"2020-11-05T03:05:43+00:00\" \/>\n<meta property=\"og:image\" content=\"https:\/\/static.render.tips\/wp-content\/uploads\/2020\/11\/SW14-M-A-DEU_facebook.png\" \/>\n<meta name=\"twitter:card\" content=\"summary_large_image\" \/>\n<meta name=\"twitter:image\" content=\"https:\/\/static.render.tips\/wp-content\/uploads\/2020\/11\/SW14-M-A-DEU_facebook.png\" \/>\n<meta name=\"twitter:site\" content=\"@rendertips\" \/>\n<script type=\"application\/ld+json\" class=\"yoast-schema-graph\">{\"@context\":\"https:\/\/schema.org\",\"@graph\":[{\"@type\":\"Organization\",\"@id\":\"https:\/\/render.tips\/#organization\",\"name\":\"Render Tips\",\"url\":\"https:\/\/render.tips\/\",\"sameAs\":[\"https:\/\/www.facebook.com\/rendertipscourses\/\",\"https:\/\/www.instagram.com\/rendertips\/\",\"https:\/\/www.youtube.com\/channel\/UCx_9bcvh0_AQFGXxJ0StKSQ\",\"https:\/\/twitter.com\/rendertips\"],\"logo\":{\"@type\":\"ImageObject\",\"@id\":\"https:\/\/render.tips\/#logo\",\"inLanguage\":\"de-DE\",\"url\":\"https:\/\/static.render.tips\/wp-content\/uploads\/2019\/08\/logo_1024.png\",\"width\":1024,\"height\":1024,\"caption\":\"Render Tips\"},\"image\":{\"@id\":\"https:\/\/render.tips\/#logo\"}},{\"@type\":\"WebSite\",\"@id\":\"https:\/\/render.tips\/#website\",\"url\":\"https:\/\/render.tips\/\",\"name\":\"Online Courses from Basic to Advanced | RenderTips\",\"description\":\"Technology Online Courses - Solidworks, Autocad, Inventor, 3ds Max and More\",\"publisher\":{\"@id\":\"https:\/\/render.tips\/#organization\"},\"potentialAction\":[{\"@type\":\"SearchAction\",\"target\":\"https:\/\/render.tips\/?s={search_term_string}\",\"query-input\":\"required name=search_term_string\"}],\"inLanguage\":\"de-DE\"},{\"@type\":\"ImageObject\",\"@id\":\"https:\/\/render.tips\/de\/kurse\/solidworks-de\/solidworks-2014-fortgeschrittene-baugruppen#primaryimage\",\"inLanguage\":\"de-DE\",\"url\":\"https:\/\/static.render.tips\/wp-content\/uploads\/2020\/11\/Curso-solidworks-2014-fortgeschrittene-baugruppen-SW14-M-A-DEU_destaque-20201105005345.jpg\",\"width\":229,\"height\":162},{\"@type\":\"WebPage\",\"@id\":\"https:\/\/render.tips\/de\/kurse\/solidworks-de\/solidworks-2014-fortgeschrittene-baugruppen#webpage\",\"url\":\"https:\/\/render.tips\/de\/kurse\/solidworks-de\/solidworks-2014-fortgeschrittene-baugruppen\",\"name\":\"Kurs SolidWorks 2014 Fortgeschrittene Baugruppen | Online Courses from Basic to Advanced | RenderTips\",\"isPartOf\":{\"@id\":\"https:\/\/render.tips\/#website\"},\"primaryImageOfPage\":{\"@id\":\"https:\/\/render.tips\/de\/kurse\/solidworks-de\/solidworks-2014-fortgeschrittene-baugruppen#primaryimage\"},\"datePublished\":\"2014-03-26T02:54:22+00:00\",\"dateModified\":\"2020-11-05T03:05:43+00:00\",\"description\":\"Meistern Sie erweiterte Funktionen durch Erstellen und Simulieren gro\\u00dfer Arrays\",\"breadcrumb\":{\"@id\":\"https:\/\/render.tips\/de\/kurse\/solidworks-de\/solidworks-2014-fortgeschrittene-baugruppen#breadcrumb\"},\"inLanguage\":\"de-DE\",\"potentialAction\":[{\"@type\":\"ReadAction\",\"target\":[\"https:\/\/render.tips\/de\/kurse\/solidworks-de\/solidworks-2014-fortgeschrittene-baugruppen\"]}]},{\"@type\":\"BreadcrumbList\",\"@id\":\"https:\/\/render.tips\/de\/kurse\/solidworks-de\/solidworks-2014-fortgeschrittene-baugruppen#breadcrumb\",\"itemListElement\":[{\"@type\":\"ListItem\",\"position\":1,\"item\":{\"@type\":\"WebPage\",\"@id\":\"https:\/\/render.tips\/de\",\"url\":\"https:\/\/render.tips\/de\",\"name\":\"Home\"}},{\"@type\":\"ListItem\",\"position\":2,\"item\":{\"@type\":\"WebPage\",\"@id\":\"https:\/\/render.tips\/de\/shop\",\"url\":\"https:\/\/render.tips\/de\/shop\",\"name\":\"Shop\"}},{\"@type\":\"ListItem\",\"position\":3,\"item\":{\"@type\":\"WebPage\",\"@id\":\"https:\/\/render.tips\/de\/kurse\/solidworks-de\/solidworks-2014-fortgeschrittene-baugruppen\",\"url\":\"https:\/\/render.tips\/de\/kurse\/solidworks-de\/solidworks-2014-fortgeschrittene-baugruppen\",\"name\":\"Kurs SolidWorks 2014 Fortgeschrittene Baugruppen\"}}]}]}<\/script>\n<!-- \/ Yoast SEO plugin. -->","_links":{"self":[{"href":"https:\/\/render.tips\/de\/wp-json\/wp\/v2\/product\/232286"}],"collection":[{"href":"https:\/\/render.tips\/de\/wp-json\/wp\/v2\/product"}],"about":[{"href":"https:\/\/render.tips\/de\/wp-json\/wp\/v2\/types\/product"}],"replies":[{"embeddable":true,"href":"https:\/\/render.tips\/de\/wp-json\/wp\/v2\/comments?post=232286"}],"wp:featuredmedia":[{"embeddable":true,"href":"https:\/\/render.tips\/de\/wp-json\/wp\/v2\/media\/232274"}],"wp:attachment":[{"href":"https:\/\/render.tips\/de\/wp-json\/wp\/v2\/media?parent=232286"}],"wp:term":[{"taxonomy":"product_cat","embeddable":true,"href":"https:\/\/render.tips\/de\/wp-json\/wp\/v2\/product_cat?post=232286"},{"taxonomy":"product_tag","embeddable":true,"href":"https:\/\/render.tips\/de\/wp-json\/wp\/v2\/product_tag?post=232286"}],"curies":[{"name":"wp","href":"https:\/\/api.w.org\/{rel}","templated":true}]}}