{"id":231486,"date":"2016-03-30T14:26:47","date_gmt":"2016-03-30T17:26:47","guid":{"rendered":"https:\/\/render.tips\/uncategorized\/autocad-plant-3d-2016-strukturmodellierung"},"modified":"2020-05-11T21:37:31","modified_gmt":"2020-05-12T00:37:31","slug":"autocad-plant-3d-2016-strukturmodellierung","status":"publish","type":"product","link":"https:\/\/render.tips\/de\/kurse\/autocad-de\/autocad-plant-3d-2016-strukturmodellierung","title":{"rendered":"Kurs AutoCAD Plant 3D 2016 Strukturmodellierung"},"content":{"rendered":"<p>Lernen Sie mit erz\u00e4hlten Videolektionen Schritt f\u00fcr Schritt, wie Sie Strukturen in AutoCAD Plant 3D 2016 modellieren. Erfahren Sie, wie Sie ein Projekt, eine Zeichnung und ein Raster erstellen. Erfahren Sie, wie Sie Profile, Sicherheitsgitter, Treppen, Bretter und Schuhe einf\u00fcgen, konfigurieren und bearbeiten. Mit praktischen Beispielen und \u00dcbungen k\u00f6nnen Sie am Ende des Kurses eine Struktur in AutoCAD Plant 3D 2016 modellieren. Starten Sie diesen Kurs jetzt und spezialisieren Sie sich auf die Verwendung moderner und praktischer Software, AutoCAD Plant 3D!<\/p>\n","protected":false},"excerpt":{"rendered":"<p><span style=\"color: #ff6600;\">Schritt-f\u00fcr-Schritt-Anleitung zum Modellieren von Strukturen in AutoCAD Plant 3D 2016<\/span><\/p>\n","protected":false},"featured_media":231474,"comment_status":"open","ping_status":"closed","template":"","meta":[],"product_cat":[513,475,505,942],"product_tag":[],"acf":[],"yoast_head":"<!-- This site is optimized with the Yoast SEO plugin v15.9 - https:\/\/yoast.com\/wordpress\/plugins\/seo\/ -->\n<title>Kurs AutoCAD Plant 3D 2016 Strukturmodellierung | Online Courses from Basic to Advanced | RenderTips<\/title>\n<meta name=\"description\" content=\"Schritt-f\u00fcr-Schritt-Anleitung zum Modellieren von Strukturen in AutoCAD Plant 3D 2016\" \/>\n<meta name=\"robots\" content=\"index, follow, max-snippet:-1, max-image-preview:large, max-video-preview:-1\" \/>\n<link rel=\"canonical\" href=\"https:\/\/render.tips\/de\/kurse\/autocad-de\/autocad-plant-3d-2016-strukturmodellierung\" \/>\n<meta property=\"og:locale\" content=\"de_DE\" \/>\n<meta property=\"og:type\" content=\"article\" \/>\n<meta property=\"og:title\" content=\"Kurs AutoCAD Plant 3D 2016 Strukturmodellierung | Online Courses from Basic to Advanced | RenderTips\" \/>\n<meta property=\"og:description\" content=\"Schritt-f\u00fcr-Schritt-Anleitung zum Modellieren von Strukturen in AutoCAD Plant 3D 2016\" \/>\n<meta property=\"og:url\" content=\"https:\/\/render.tips\/de\/kurse\/autocad-de\/autocad-plant-3d-2016-strukturmodellierung\" \/>\n<meta property=\"og:site_name\" content=\"Online Courses from Basic to Advanced | RenderTips\" \/>\n<meta property=\"article:publisher\" content=\"https:\/\/www.facebook.com\/rendertipscourses\/\" \/>\n<meta property=\"article:modified_time\" content=\"2020-05-12T00:37:31+00:00\" \/>\n<meta property=\"og:image\" content=\"https:\/\/static.render.tips\/wp-content\/uploads\/2020\/04\/ACAD16-P3D-MEST-DEU_facebook.png\" \/>\n\t<meta property=\"og:image:width\" content=\"262\" \/>\n\t<meta property=\"og:image:height\" content=\"238\" \/>\n<meta name=\"twitter:card\" content=\"summary_large_image\" \/>\n<meta name=\"twitter:image\" content=\"https:\/\/static.render.tips\/wp-content\/uploads\/2020\/04\/ACAD16-P3D-MEST-DEU_facebook.png\" \/>\n<meta name=\"twitter:site\" content=\"@rendertips\" \/>\n<script type=\"application\/ld+json\" class=\"yoast-schema-graph\">{\"@context\":\"https:\/\/schema.org\",\"@graph\":[{\"@type\":\"Organization\",\"@id\":\"https:\/\/render.tips\/#organization\",\"name\":\"Render Tips\",\"url\":\"https:\/\/render.tips\/\",\"sameAs\":[\"https:\/\/www.facebook.com\/rendertipscourses\/\",\"https:\/\/www.instagram.com\/rendertips\/\",\"https:\/\/www.youtube.com\/channel\/UCx_9bcvh0_AQFGXxJ0StKSQ\",\"https:\/\/twitter.com\/rendertips\"],\"logo\":{\"@type\":\"ImageObject\",\"@id\":\"https:\/\/render.tips\/#logo\",\"inLanguage\":\"de-DE\",\"url\":\"https:\/\/static.render.tips\/wp-content\/uploads\/2019\/08\/logo_1024.png\",\"width\":1024,\"height\":1024,\"caption\":\"Render Tips\"},\"image\":{\"@id\":\"https:\/\/render.tips\/#logo\"}},{\"@type\":\"WebSite\",\"@id\":\"https:\/\/render.tips\/#website\",\"url\":\"https:\/\/render.tips\/\",\"name\":\"Online Courses from Basic to Advanced | RenderTips\",\"description\":\"Technology Online Courses - Solidworks, Autocad, Inventor, 3ds Max and More\",\"publisher\":{\"@id\":\"https:\/\/render.tips\/#organization\"},\"potentialAction\":[{\"@type\":\"SearchAction\",\"target\":\"https:\/\/render.tips\/?s={search_term_string}\",\"query-input\":\"required name=search_term_string\"}],\"inLanguage\":\"de-DE\"},{\"@type\":\"ImageObject\",\"@id\":\"https:\/\/render.tips\/de\/kurse\/autocad-de\/autocad-plant-3d-2016-strukturmodellierung#primaryimage\",\"inLanguage\":\"de-DE\",\"url\":\"https:\/\/static.render.tips\/wp-content\/uploads\/2020\/04\/Curso-autocad-plant-3d-2016-strukturmodellierung-ACAD16-P3D-MEST-DEU_destaque-20200421192521.jpg\",\"width\":229,\"height\":162},{\"@type\":\"WebPage\",\"@id\":\"https:\/\/render.tips\/de\/kurse\/autocad-de\/autocad-plant-3d-2016-strukturmodellierung#webpage\",\"url\":\"https:\/\/render.tips\/de\/kurse\/autocad-de\/autocad-plant-3d-2016-strukturmodellierung\",\"name\":\"Kurs AutoCAD Plant 3D 2016 Strukturmodellierung | Online Courses from Basic to Advanced | RenderTips\",\"isPartOf\":{\"@id\":\"https:\/\/render.tips\/#website\"},\"primaryImageOfPage\":{\"@id\":\"https:\/\/render.tips\/de\/kurse\/autocad-de\/autocad-plant-3d-2016-strukturmodellierung#primaryimage\"},\"datePublished\":\"2016-03-30T17:26:47+00:00\",\"dateModified\":\"2020-05-12T00:37:31+00:00\",\"description\":\"Schritt-f\\u00fcr-Schritt-Anleitung zum Modellieren von Strukturen in AutoCAD Plant 3D 2016\",\"breadcrumb\":{\"@id\":\"https:\/\/render.tips\/de\/kurse\/autocad-de\/autocad-plant-3d-2016-strukturmodellierung#breadcrumb\"},\"inLanguage\":\"de-DE\",\"potentialAction\":[{\"@type\":\"ReadAction\",\"target\":[\"https:\/\/render.tips\/de\/kurse\/autocad-de\/autocad-plant-3d-2016-strukturmodellierung\"]}]},{\"@type\":\"BreadcrumbList\",\"@id\":\"https:\/\/render.tips\/de\/kurse\/autocad-de\/autocad-plant-3d-2016-strukturmodellierung#breadcrumb\",\"itemListElement\":[{\"@type\":\"ListItem\",\"position\":1,\"item\":{\"@type\":\"WebPage\",\"@id\":\"https:\/\/render.tips\/de\",\"url\":\"https:\/\/render.tips\/de\",\"name\":\"Home\"}},{\"@type\":\"ListItem\",\"position\":2,\"item\":{\"@type\":\"WebPage\",\"@id\":\"https:\/\/render.tips\/de\/shop\",\"url\":\"https:\/\/render.tips\/de\/shop\",\"name\":\"Shop\"}},{\"@type\":\"ListItem\",\"position\":3,\"item\":{\"@type\":\"WebPage\",\"@id\":\"https:\/\/render.tips\/de\/kurse\/autocad-de\/autocad-plant-3d-2016-strukturmodellierung\",\"url\":\"https:\/\/render.tips\/de\/kurse\/autocad-de\/autocad-plant-3d-2016-strukturmodellierung\",\"name\":\"Kurs AutoCAD Plant 3D 2016 Strukturmodellierung\"}}]}]}<\/script>\n<!-- \/ Yoast SEO plugin. -->","_links":{"self":[{"href":"https:\/\/render.tips\/de\/wp-json\/wp\/v2\/product\/231486"}],"collection":[{"href":"https:\/\/render.tips\/de\/wp-json\/wp\/v2\/product"}],"about":[{"href":"https:\/\/render.tips\/de\/wp-json\/wp\/v2\/types\/product"}],"replies":[{"embeddable":true,"href":"https:\/\/render.tips\/de\/wp-json\/wp\/v2\/comments?post=231486"}],"wp:featuredmedia":[{"embeddable":true,"href":"https:\/\/render.tips\/de\/wp-json\/wp\/v2\/media\/231474"}],"wp:attachment":[{"href":"https:\/\/render.tips\/de\/wp-json\/wp\/v2\/media?parent=231486"}],"wp:term":[{"taxonomy":"product_cat","embeddable":true,"href":"https:\/\/render.tips\/de\/wp-json\/wp\/v2\/product_cat?post=231486"},{"taxonomy":"product_tag","embeddable":true,"href":"https:\/\/render.tips\/de\/wp-json\/wp\/v2\/product_tag?post=231486"}],"curies":[{"name":"wp","href":"https:\/\/api.w.org\/{rel}","templated":true}]}}