{"id":231367,"date":"2016-09-08T09:47:05","date_gmt":"2016-09-08T12:47:05","guid":{"rendered":"https:\/\/render.tips\/uncategorized\/autocad-2017-parametrisierung-dynamische-blocke-und-mastabe"},"modified":"2020-05-11T21:40:17","modified_gmt":"2020-05-12T00:40:17","slug":"autocad-2017-parametrisierung-dynamische-blocke-und-mastabe","status":"publish","type":"product","link":"https:\/\/render.tips\/de\/kurse\/autocad-de\/autocad-2017-parametrisierung-dynamische-blocke-und-mastabe","title":{"rendered":"Kurs AutoCAD 2017 Parametrisierung, Dynamische Bl\u00f6cke und Ma\u00dfst\u00e4be"},"content":{"rendered":"<p>Lernen Sie mit dynamischen Videolektionen, wie Sie die Projektentwicklung in AutoCAD optimieren k\u00f6nnen, indem Sie Parametrierung, dynamische Bl\u00f6cke und Automatisierung von Waagen verwenden. Die Parametrierung f\u00fcgt Beziehungen zwischen Bema\u00dfungen ein, wodurch die Bearbeitung des Projekts vereinfacht wird. Dynamische Bl\u00f6cke beschleunigen das Einf\u00fcgen von Elementen und erm\u00f6glichen es Ihnen, mehrere Bl\u00f6cke zu einem zu verbinden. Skalierungsautomatisierung erm\u00f6glicht es Ihnen, Elemente in verschiedenen Skalierungsfaktoren korrekt anzuzeigen. Nehmen Sie diesen Kurs an und k\u00f6nnen Sie professionelle und optimierte Projekte in AutoCAD erstellen!<\/p>\n","protected":false},"excerpt":{"rendered":"<p><span style=\"color: #ff6600;\">Optimieren Sie die Projektentwicklung mit Parametrierung, dynamischen Bl\u00f6cken und Skalenautomatisierung!<\/span><\/p>\n","protected":false},"featured_media":231355,"comment_status":"open","ping_status":"closed","template":"","meta":[],"product_cat":[513,475,505,942],"product_tag":[],"acf":[],"yoast_head":"<!-- This site is optimized with the Yoast SEO plugin v15.9 - https:\/\/yoast.com\/wordpress\/plugins\/seo\/ -->\n<title>Kurs AutoCAD 2017 Parametrisierung, Dynamische Bl\u00f6cke und Ma\u00dfst\u00e4be | Online Courses from Basic to Advanced | RenderTips<\/title>\n<meta name=\"description\" content=\"Optimieren Sie die Projektentwicklung mit Parametrierung, dynamischen Bl\u00f6cken und Skalenautomatisierung!\" \/>\n<meta name=\"robots\" content=\"index, follow, max-snippet:-1, max-image-preview:large, max-video-preview:-1\" \/>\n<link rel=\"canonical\" href=\"https:\/\/render.tips\/de\/kurse\/autocad-de\/autocad-2017-parametrisierung-dynamische-blocke-und-mastabe\" \/>\n<meta property=\"og:locale\" content=\"de_DE\" \/>\n<meta property=\"og:type\" content=\"article\" \/>\n<meta property=\"og:title\" content=\"Kurs AutoCAD 2017 Parametrisierung, Dynamische Bl\u00f6cke und Ma\u00dfst\u00e4be | Online Courses from Basic to Advanced | RenderTips\" \/>\n<meta property=\"og:description\" content=\"Optimieren Sie die Projektentwicklung mit Parametrierung, dynamischen Bl\u00f6cken und Skalenautomatisierung!\" \/>\n<meta property=\"og:url\" content=\"https:\/\/render.tips\/de\/kurse\/autocad-de\/autocad-2017-parametrisierung-dynamische-blocke-und-mastabe\" \/>\n<meta property=\"og:site_name\" content=\"Online Courses from Basic to Advanced | RenderTips\" \/>\n<meta property=\"article:publisher\" content=\"https:\/\/www.facebook.com\/rendertipscourses\/\" \/>\n<meta property=\"article:modified_time\" content=\"2020-05-12T00:40:17+00:00\" \/>\n<meta property=\"og:image\" content=\"https:\/\/static.render.tips\/wp-content\/uploads\/2020\/04\/ACAD17-P-BD-ESC-DEU_facebook.png\" \/>\n\t<meta property=\"og:image:width\" content=\"282\" \/>\n\t<meta property=\"og:image:height\" content=\"256\" \/>\n<meta name=\"twitter:card\" content=\"summary_large_image\" \/>\n<meta name=\"twitter:image\" content=\"https:\/\/static.render.tips\/wp-content\/uploads\/2020\/04\/ACAD17-P-BD-ESC-DEU_facebook.png\" \/>\n<meta name=\"twitter:site\" content=\"@rendertips\" \/>\n<script type=\"application\/ld+json\" class=\"yoast-schema-graph\">{\"@context\":\"https:\/\/schema.org\",\"@graph\":[{\"@type\":\"Organization\",\"@id\":\"https:\/\/render.tips\/#organization\",\"name\":\"Render Tips\",\"url\":\"https:\/\/render.tips\/\",\"sameAs\":[\"https:\/\/www.facebook.com\/rendertipscourses\/\",\"https:\/\/www.instagram.com\/rendertips\/\",\"https:\/\/www.youtube.com\/channel\/UCx_9bcvh0_AQFGXxJ0StKSQ\",\"https:\/\/twitter.com\/rendertips\"],\"logo\":{\"@type\":\"ImageObject\",\"@id\":\"https:\/\/render.tips\/#logo\",\"inLanguage\":\"de-DE\",\"url\":\"https:\/\/static.render.tips\/wp-content\/uploads\/2019\/08\/logo_1024.png\",\"width\":1024,\"height\":1024,\"caption\":\"Render Tips\"},\"image\":{\"@id\":\"https:\/\/render.tips\/#logo\"}},{\"@type\":\"WebSite\",\"@id\":\"https:\/\/render.tips\/#website\",\"url\":\"https:\/\/render.tips\/\",\"name\":\"Online Courses from Basic to Advanced | RenderTips\",\"description\":\"Technology Online Courses - Solidworks, Autocad, Inventor, 3ds Max and More\",\"publisher\":{\"@id\":\"https:\/\/render.tips\/#organization\"},\"potentialAction\":[{\"@type\":\"SearchAction\",\"target\":\"https:\/\/render.tips\/?s={search_term_string}\",\"query-input\":\"required name=search_term_string\"}],\"inLanguage\":\"de-DE\"},{\"@type\":\"ImageObject\",\"@id\":\"https:\/\/render.tips\/de\/kurse\/autocad-de\/autocad-2017-parametrisierung-dynamische-blocke-und-mastabe#primaryimage\",\"inLanguage\":\"de-DE\",\"url\":\"https:\/\/static.render.tips\/wp-content\/uploads\/2020\/04\/Curso-autocad-2017-parametrisierung-dynamische-blocke-und-mastabe-ACAD17-P-BD-ESC-DEU_destaque-20200421124539.jpg\",\"width\":229,\"height\":162},{\"@type\":\"WebPage\",\"@id\":\"https:\/\/render.tips\/de\/kurse\/autocad-de\/autocad-2017-parametrisierung-dynamische-blocke-und-mastabe#webpage\",\"url\":\"https:\/\/render.tips\/de\/kurse\/autocad-de\/autocad-2017-parametrisierung-dynamische-blocke-und-mastabe\",\"name\":\"Kurs AutoCAD 2017 Parametrisierung, Dynamische Bl\\u00f6cke und Ma\\u00dfst\\u00e4be | Online Courses from Basic to Advanced | RenderTips\",\"isPartOf\":{\"@id\":\"https:\/\/render.tips\/#website\"},\"primaryImageOfPage\":{\"@id\":\"https:\/\/render.tips\/de\/kurse\/autocad-de\/autocad-2017-parametrisierung-dynamische-blocke-und-mastabe#primaryimage\"},\"datePublished\":\"2016-09-08T12:47:05+00:00\",\"dateModified\":\"2020-05-12T00:40:17+00:00\",\"description\":\"Optimieren Sie die Projektentwicklung mit Parametrierung, dynamischen Bl\\u00f6cken und Skalenautomatisierung!\",\"breadcrumb\":{\"@id\":\"https:\/\/render.tips\/de\/kurse\/autocad-de\/autocad-2017-parametrisierung-dynamische-blocke-und-mastabe#breadcrumb\"},\"inLanguage\":\"de-DE\",\"potentialAction\":[{\"@type\":\"ReadAction\",\"target\":[\"https:\/\/render.tips\/de\/kurse\/autocad-de\/autocad-2017-parametrisierung-dynamische-blocke-und-mastabe\"]}]},{\"@type\":\"BreadcrumbList\",\"@id\":\"https:\/\/render.tips\/de\/kurse\/autocad-de\/autocad-2017-parametrisierung-dynamische-blocke-und-mastabe#breadcrumb\",\"itemListElement\":[{\"@type\":\"ListItem\",\"position\":1,\"item\":{\"@type\":\"WebPage\",\"@id\":\"https:\/\/render.tips\/de\",\"url\":\"https:\/\/render.tips\/de\",\"name\":\"Home\"}},{\"@type\":\"ListItem\",\"position\":2,\"item\":{\"@type\":\"WebPage\",\"@id\":\"https:\/\/render.tips\/de\/shop\",\"url\":\"https:\/\/render.tips\/de\/shop\",\"name\":\"Shop\"}},{\"@type\":\"ListItem\",\"position\":3,\"item\":{\"@type\":\"WebPage\",\"@id\":\"https:\/\/render.tips\/de\/kurse\/autocad-de\/autocad-2017-parametrisierung-dynamische-blocke-und-mastabe\",\"url\":\"https:\/\/render.tips\/de\/kurse\/autocad-de\/autocad-2017-parametrisierung-dynamische-blocke-und-mastabe\",\"name\":\"Kurs AutoCAD 2017 Parametrisierung, Dynamische Bl\\u00f6cke und Ma\\u00dfst\\u00e4be\"}}]}]}<\/script>\n<!-- \/ Yoast SEO plugin. -->","_links":{"self":[{"href":"https:\/\/render.tips\/de\/wp-json\/wp\/v2\/product\/231367"}],"collection":[{"href":"https:\/\/render.tips\/de\/wp-json\/wp\/v2\/product"}],"about":[{"href":"https:\/\/render.tips\/de\/wp-json\/wp\/v2\/types\/product"}],"replies":[{"embeddable":true,"href":"https:\/\/render.tips\/de\/wp-json\/wp\/v2\/comments?post=231367"}],"wp:featuredmedia":[{"embeddable":true,"href":"https:\/\/render.tips\/de\/wp-json\/wp\/v2\/media\/231355"}],"wp:attachment":[{"href":"https:\/\/render.tips\/de\/wp-json\/wp\/v2\/media?parent=231367"}],"wp:term":[{"taxonomy":"product_cat","embeddable":true,"href":"https:\/\/render.tips\/de\/wp-json\/wp\/v2\/product_cat?post=231367"},{"taxonomy":"product_tag","embeddable":true,"href":"https:\/\/render.tips\/de\/wp-json\/wp\/v2\/product_tag?post=231367"}],"curies":[{"name":"wp","href":"https:\/\/api.w.org\/{rel}","templated":true}]}}