{"id":230971,"date":"2016-12-02T10:18:18","date_gmt":"2016-12-02T12:18:18","guid":{"rendered":"https:\/\/render.tips\/uncategorized\/autocad-2017-grundriss"},"modified":"2020-04-06T23:44:05","modified_gmt":"2020-04-07T02:44:05","slug":"autocad-2017-grundriss","status":"publish","type":"product","link":"https:\/\/render.tips\/de\/kurse\/autocad-de\/autocad-2017-grundriss","title":{"rendered":"Kurs AutoCAD 2017 Grundriss"},"content":{"rendered":"<p>Lernen Sie mit praktischen Videolektionen, wie Sie niedrige Pflanzen professionell erstellen. Lernen Sie Konzepte, Normen, Symbologien und Techniken zum Erstellen von Pflanzen in AutoCAD kennen. Erfahren Sie, wie Sie eine Standarddatei definieren und Schritt f\u00fcr Schritt den Grundriss erstellen, W\u00e4nde und \u00d6ffnungen definieren, T\u00fcren und Fenster einf\u00fcgen, das Projekt humanisieren, skalieren und parametrieren. Erstellen Sie auch Fassaden und Schnitte. Lernen Sie die besten Techniken, um Grundriss in AutoCAD zu erstellen und ein Profi in der Nachfrage auf dem Markt zu sein!<\/p>\n","protected":false},"excerpt":{"rendered":"<p><span style=\"color: #ff6600;\">Lernen Sie Schritt f\u00fcr Schritt, wie Sie niedrige Pflanzen schnell erstellen, indem Sie professionelle Konzepte, Standards und Techniken folgen.<\/span><\/p>\n","protected":false},"featured_media":230959,"comment_status":"open","ping_status":"closed","template":"","meta":[],"product_cat":[513,475,505,942],"product_tag":[],"acf":[],"yoast_head":"<!-- This site is optimized with the Yoast SEO plugin v15.9 - https:\/\/yoast.com\/wordpress\/plugins\/seo\/ -->\n<title>Kurs AutoCAD 2017 Grundriss | Online Courses from Basic to Advanced | RenderTips<\/title>\n<meta name=\"description\" content=\"Lernen Sie Schritt f\u00fcr Schritt, wie Sie niedrige Pflanzen schnell erstellen, indem Sie professionelle Konzepte, Standards und Techniken folgen.\" \/>\n<meta name=\"robots\" content=\"index, follow, max-snippet:-1, max-image-preview:large, max-video-preview:-1\" \/>\n<link rel=\"canonical\" href=\"https:\/\/render.tips\/de\/kurse\/autocad-de\/autocad-2017-grundriss\" \/>\n<meta property=\"og:locale\" content=\"de_DE\" \/>\n<meta property=\"og:type\" content=\"article\" \/>\n<meta property=\"og:title\" content=\"Kurs AutoCAD 2017 Grundriss | Online Courses from Basic to Advanced | RenderTips\" \/>\n<meta property=\"og:description\" content=\"Lernen Sie Schritt f\u00fcr Schritt, wie Sie niedrige Pflanzen schnell erstellen, indem Sie professionelle Konzepte, Standards und Techniken folgen.\" \/>\n<meta property=\"og:url\" content=\"https:\/\/render.tips\/de\/kurse\/autocad-de\/autocad-2017-grundriss\" \/>\n<meta property=\"og:site_name\" content=\"Online Courses from Basic to Advanced | RenderTips\" \/>\n<meta property=\"article:publisher\" content=\"https:\/\/www.facebook.com\/rendertipscourses\/\" \/>\n<meta property=\"article:modified_time\" content=\"2020-04-07T02:44:05+00:00\" \/>\n<meta property=\"og:image\" content=\"https:\/\/static.render.tips\/wp-content\/uploads\/2020\/04\/ACAD17-PB-DEU_facebook.png\" \/>\n\t<meta property=\"og:image:width\" content=\"282\" \/>\n\t<meta property=\"og:image:height\" content=\"256\" \/>\n<meta name=\"twitter:card\" content=\"summary_large_image\" \/>\n<meta name=\"twitter:image\" content=\"https:\/\/static.render.tips\/wp-content\/uploads\/2020\/04\/ACAD17-PB-DEU_facebook.png\" \/>\n<meta name=\"twitter:site\" content=\"@rendertips\" \/>\n<script type=\"application\/ld+json\" class=\"yoast-schema-graph\">{\"@context\":\"https:\/\/schema.org\",\"@graph\":[{\"@type\":\"Organization\",\"@id\":\"https:\/\/render.tips\/#organization\",\"name\":\"Render Tips\",\"url\":\"https:\/\/render.tips\/\",\"sameAs\":[\"https:\/\/www.facebook.com\/rendertipscourses\/\",\"https:\/\/www.instagram.com\/rendertips\/\",\"https:\/\/www.youtube.com\/channel\/UCx_9bcvh0_AQFGXxJ0StKSQ\",\"https:\/\/twitter.com\/rendertips\"],\"logo\":{\"@type\":\"ImageObject\",\"@id\":\"https:\/\/render.tips\/#logo\",\"inLanguage\":\"de-DE\",\"url\":\"https:\/\/static.render.tips\/wp-content\/uploads\/2019\/08\/logo_1024.png\",\"width\":1024,\"height\":1024,\"caption\":\"Render Tips\"},\"image\":{\"@id\":\"https:\/\/render.tips\/#logo\"}},{\"@type\":\"WebSite\",\"@id\":\"https:\/\/render.tips\/#website\",\"url\":\"https:\/\/render.tips\/\",\"name\":\"Online Courses from Basic to Advanced | RenderTips\",\"description\":\"Technology Online Courses - Solidworks, Autocad, Inventor, 3ds Max and More\",\"publisher\":{\"@id\":\"https:\/\/render.tips\/#organization\"},\"potentialAction\":[{\"@type\":\"SearchAction\",\"target\":\"https:\/\/render.tips\/?s={search_term_string}\",\"query-input\":\"required name=search_term_string\"}],\"inLanguage\":\"de-DE\"},{\"@type\":\"ImageObject\",\"@id\":\"https:\/\/render.tips\/de\/kurse\/autocad-de\/autocad-2017-grundriss#primaryimage\",\"inLanguage\":\"de-DE\",\"url\":\"https:\/\/static.render.tips\/wp-content\/uploads\/2020\/04\/Curso-autocad-2017-grundriss-ACAD17-PB-DEU_destaque-20200406231713.jpg\",\"width\":229,\"height\":162},{\"@type\":\"WebPage\",\"@id\":\"https:\/\/render.tips\/de\/kurse\/autocad-de\/autocad-2017-grundriss#webpage\",\"url\":\"https:\/\/render.tips\/de\/kurse\/autocad-de\/autocad-2017-grundriss\",\"name\":\"Kurs AutoCAD 2017 Grundriss | Online Courses from Basic to Advanced | RenderTips\",\"isPartOf\":{\"@id\":\"https:\/\/render.tips\/#website\"},\"primaryImageOfPage\":{\"@id\":\"https:\/\/render.tips\/de\/kurse\/autocad-de\/autocad-2017-grundriss#primaryimage\"},\"datePublished\":\"2016-12-02T12:18:18+00:00\",\"dateModified\":\"2020-04-07T02:44:05+00:00\",\"description\":\"Lernen Sie Schritt f\\u00fcr Schritt, wie Sie niedrige Pflanzen schnell erstellen, indem Sie professionelle Konzepte, Standards und Techniken folgen.\",\"breadcrumb\":{\"@id\":\"https:\/\/render.tips\/de\/kurse\/autocad-de\/autocad-2017-grundriss#breadcrumb\"},\"inLanguage\":\"de-DE\",\"potentialAction\":[{\"@type\":\"ReadAction\",\"target\":[\"https:\/\/render.tips\/de\/kurse\/autocad-de\/autocad-2017-grundriss\"]}]},{\"@type\":\"BreadcrumbList\",\"@id\":\"https:\/\/render.tips\/de\/kurse\/autocad-de\/autocad-2017-grundriss#breadcrumb\",\"itemListElement\":[{\"@type\":\"ListItem\",\"position\":1,\"item\":{\"@type\":\"WebPage\",\"@id\":\"https:\/\/render.tips\/de\",\"url\":\"https:\/\/render.tips\/de\",\"name\":\"Home\"}},{\"@type\":\"ListItem\",\"position\":2,\"item\":{\"@type\":\"WebPage\",\"@id\":\"https:\/\/render.tips\/de\/shop\",\"url\":\"https:\/\/render.tips\/de\/shop\",\"name\":\"Shop\"}},{\"@type\":\"ListItem\",\"position\":3,\"item\":{\"@type\":\"WebPage\",\"@id\":\"https:\/\/render.tips\/de\/kurse\/autocad-de\/autocad-2017-grundriss\",\"url\":\"https:\/\/render.tips\/de\/kurse\/autocad-de\/autocad-2017-grundriss\",\"name\":\"Kurs AutoCAD 2017 Grundriss\"}}]}]}<\/script>\n<!-- \/ Yoast SEO plugin. -->","_links":{"self":[{"href":"https:\/\/render.tips\/de\/wp-json\/wp\/v2\/product\/230971"}],"collection":[{"href":"https:\/\/render.tips\/de\/wp-json\/wp\/v2\/product"}],"about":[{"href":"https:\/\/render.tips\/de\/wp-json\/wp\/v2\/types\/product"}],"replies":[{"embeddable":true,"href":"https:\/\/render.tips\/de\/wp-json\/wp\/v2\/comments?post=230971"}],"wp:featuredmedia":[{"embeddable":true,"href":"https:\/\/render.tips\/de\/wp-json\/wp\/v2\/media\/230959"}],"wp:attachment":[{"href":"https:\/\/render.tips\/de\/wp-json\/wp\/v2\/media?parent=230971"}],"wp:term":[{"taxonomy":"product_cat","embeddable":true,"href":"https:\/\/render.tips\/de\/wp-json\/wp\/v2\/product_cat?post=230971"},{"taxonomy":"product_tag","embeddable":true,"href":"https:\/\/render.tips\/de\/wp-json\/wp\/v2\/product_tag?post=230971"}],"curies":[{"name":"wp","href":"https:\/\/api.w.org\/{rel}","templated":true}]}}