{"id":230907,"date":"2017-02-10T09:37:26","date_gmt":"2017-02-10T11:37:26","guid":{"rendered":"https:\/\/render.tips\/uncategorized\/autocad-2017-elektrische-zeichnungen-fur-wohngebaude"},"modified":"2020-04-06T22:52:04","modified_gmt":"2020-04-07T01:52:04","slug":"autocad-2017-elektrische-zeichnungen-fur-wohngebaude","status":"publish","type":"product","link":"https:\/\/render.tips\/de\/kurse\/autocad-de\/autocad-2017-elektrische-zeichnungen-fur-wohngebaude","title":{"rendered":"Kurs AutoCAD 2017 Elektrische Zeichnungen f\u00fcr Wohngeb\u00e4ude"},"content":{"rendered":"<p>Mit dynamischen Video-Lektionen k\u00f6nnen Sie leicht lernen, wie Sie Wohn-Elektroprojekte in AutoCAD unter Einhaltung der aktuellen technischen Standards erstellen. Lernen Sie alle Schritte kennen, die notwendig sind, um ein elektrisches Projekt vollst\u00e4ndig zu definieren, von der Erstellung des Grundrisses \u00fcber die Symbolisierung bis zum Entwurfsentwurf. Nehmen Sie diesen Kurs an und f\u00fcgen Sie Ihrer Karriere eine Schl\u00fcsselkompetenz hinzu!<\/p>\n","protected":false},"excerpt":{"rendered":"<p><span style=\"color: #ff6600;\">Erfahren Sie auf praktische und einfache Weise, wie Sie elektrische Projekte in AutoCAD erstellen<\/span><\/p>\n","protected":false},"featured_media":230895,"comment_status":"open","ping_status":"closed","template":"","meta":[],"product_cat":[475,939],"product_tag":[],"acf":[],"yoast_head":"<!-- This site is optimized with the Yoast SEO plugin v15.9 - https:\/\/yoast.com\/wordpress\/plugins\/seo\/ -->\n<title>Kurs AutoCAD 2017 Elektrische Zeichnungen f\u00fcr Wohngeb\u00e4ude | Online Courses from Basic to Advanced | RenderTips<\/title>\n<meta name=\"description\" content=\"Erfahren Sie auf praktische und einfache Weise, wie Sie elektrische Projekte in AutoCAD erstellen\" \/>\n<meta name=\"robots\" content=\"index, follow, max-snippet:-1, max-image-preview:large, max-video-preview:-1\" \/>\n<link rel=\"canonical\" href=\"https:\/\/render.tips\/de\/kurse\/autocad-de\/autocad-2017-elektrische-zeichnungen-fur-wohngebaude\" \/>\n<meta property=\"og:locale\" content=\"de_DE\" \/>\n<meta property=\"og:type\" content=\"article\" \/>\n<meta property=\"og:title\" content=\"Kurs AutoCAD 2017 Elektrische Zeichnungen f\u00fcr Wohngeb\u00e4ude | Online Courses from Basic to Advanced | RenderTips\" \/>\n<meta property=\"og:description\" content=\"Erfahren Sie auf praktische und einfache Weise, wie Sie elektrische Projekte in AutoCAD erstellen\" \/>\n<meta property=\"og:url\" content=\"https:\/\/render.tips\/de\/kurse\/autocad-de\/autocad-2017-elektrische-zeichnungen-fur-wohngebaude\" \/>\n<meta property=\"og:site_name\" content=\"Online Courses from Basic to Advanced | RenderTips\" \/>\n<meta property=\"article:publisher\" content=\"https:\/\/www.facebook.com\/rendertipscourses\/\" \/>\n<meta property=\"article:modified_time\" content=\"2020-04-07T01:52:04+00:00\" \/>\n<meta property=\"og:image\" content=\"https:\/\/static.render.tips\/wp-content\/uploads\/2020\/04\/ACAD17-PER-DEU_facebook.png\" \/>\n\t<meta property=\"og:image:width\" content=\"282\" \/>\n\t<meta property=\"og:image:height\" content=\"256\" \/>\n<meta name=\"twitter:card\" content=\"summary_large_image\" \/>\n<meta name=\"twitter:image\" content=\"https:\/\/static.render.tips\/wp-content\/uploads\/2020\/04\/ACAD17-PER-DEU_facebook.png\" \/>\n<meta name=\"twitter:site\" content=\"@rendertips\" \/>\n<script type=\"application\/ld+json\" class=\"yoast-schema-graph\">{\"@context\":\"https:\/\/schema.org\",\"@graph\":[{\"@type\":\"Organization\",\"@id\":\"https:\/\/render.tips\/#organization\",\"name\":\"Render Tips\",\"url\":\"https:\/\/render.tips\/\",\"sameAs\":[\"https:\/\/www.facebook.com\/rendertipscourses\/\",\"https:\/\/www.instagram.com\/rendertips\/\",\"https:\/\/www.youtube.com\/channel\/UCx_9bcvh0_AQFGXxJ0StKSQ\",\"https:\/\/twitter.com\/rendertips\"],\"logo\":{\"@type\":\"ImageObject\",\"@id\":\"https:\/\/render.tips\/#logo\",\"inLanguage\":\"de-DE\",\"url\":\"https:\/\/static.render.tips\/wp-content\/uploads\/2019\/08\/logo_1024.png\",\"width\":1024,\"height\":1024,\"caption\":\"Render Tips\"},\"image\":{\"@id\":\"https:\/\/render.tips\/#logo\"}},{\"@type\":\"WebSite\",\"@id\":\"https:\/\/render.tips\/#website\",\"url\":\"https:\/\/render.tips\/\",\"name\":\"Online Courses from Basic to Advanced | RenderTips\",\"description\":\"Technology Online Courses - Solidworks, Autocad, Inventor, 3ds Max and More\",\"publisher\":{\"@id\":\"https:\/\/render.tips\/#organization\"},\"potentialAction\":[{\"@type\":\"SearchAction\",\"target\":\"https:\/\/render.tips\/?s={search_term_string}\",\"query-input\":\"required name=search_term_string\"}],\"inLanguage\":\"de-DE\"},{\"@type\":\"ImageObject\",\"@id\":\"https:\/\/render.tips\/de\/kurse\/autocad-de\/autocad-2017-elektrische-zeichnungen-fur-wohngebaude#primaryimage\",\"inLanguage\":\"de-DE\",\"url\":\"https:\/\/static.render.tips\/wp-content\/uploads\/2020\/04\/Curso-autocad-2017-elektrische-zeichnungen-fur-wohngebaude-ACAD17-PER-DEU_destaque-20200406223622.jpg\",\"width\":229,\"height\":162},{\"@type\":\"WebPage\",\"@id\":\"https:\/\/render.tips\/de\/kurse\/autocad-de\/autocad-2017-elektrische-zeichnungen-fur-wohngebaude#webpage\",\"url\":\"https:\/\/render.tips\/de\/kurse\/autocad-de\/autocad-2017-elektrische-zeichnungen-fur-wohngebaude\",\"name\":\"Kurs AutoCAD 2017 Elektrische Zeichnungen f\\u00fcr Wohngeb\\u00e4ude | Online Courses from Basic to Advanced | RenderTips\",\"isPartOf\":{\"@id\":\"https:\/\/render.tips\/#website\"},\"primaryImageOfPage\":{\"@id\":\"https:\/\/render.tips\/de\/kurse\/autocad-de\/autocad-2017-elektrische-zeichnungen-fur-wohngebaude#primaryimage\"},\"datePublished\":\"2017-02-10T11:37:26+00:00\",\"dateModified\":\"2020-04-07T01:52:04+00:00\",\"description\":\"Erfahren Sie auf praktische und einfache Weise, wie Sie elektrische Projekte in AutoCAD erstellen\",\"breadcrumb\":{\"@id\":\"https:\/\/render.tips\/de\/kurse\/autocad-de\/autocad-2017-elektrische-zeichnungen-fur-wohngebaude#breadcrumb\"},\"inLanguage\":\"de-DE\",\"potentialAction\":[{\"@type\":\"ReadAction\",\"target\":[\"https:\/\/render.tips\/de\/kurse\/autocad-de\/autocad-2017-elektrische-zeichnungen-fur-wohngebaude\"]}]},{\"@type\":\"BreadcrumbList\",\"@id\":\"https:\/\/render.tips\/de\/kurse\/autocad-de\/autocad-2017-elektrische-zeichnungen-fur-wohngebaude#breadcrumb\",\"itemListElement\":[{\"@type\":\"ListItem\",\"position\":1,\"item\":{\"@type\":\"WebPage\",\"@id\":\"https:\/\/render.tips\/de\",\"url\":\"https:\/\/render.tips\/de\",\"name\":\"Home\"}},{\"@type\":\"ListItem\",\"position\":2,\"item\":{\"@type\":\"WebPage\",\"@id\":\"https:\/\/render.tips\/de\/shop\",\"url\":\"https:\/\/render.tips\/de\/shop\",\"name\":\"Shop\"}},{\"@type\":\"ListItem\",\"position\":3,\"item\":{\"@type\":\"WebPage\",\"@id\":\"https:\/\/render.tips\/de\/kurse\/autocad-de\/autocad-2017-elektrische-zeichnungen-fur-wohngebaude\",\"url\":\"https:\/\/render.tips\/de\/kurse\/autocad-de\/autocad-2017-elektrische-zeichnungen-fur-wohngebaude\",\"name\":\"Kurs AutoCAD 2017 Elektrische Zeichnungen f\\u00fcr Wohngeb\\u00e4ude\"}}]}]}<\/script>\n<!-- \/ Yoast SEO plugin. -->","_links":{"self":[{"href":"https:\/\/render.tips\/de\/wp-json\/wp\/v2\/product\/230907"}],"collection":[{"href":"https:\/\/render.tips\/de\/wp-json\/wp\/v2\/product"}],"about":[{"href":"https:\/\/render.tips\/de\/wp-json\/wp\/v2\/types\/product"}],"replies":[{"embeddable":true,"href":"https:\/\/render.tips\/de\/wp-json\/wp\/v2\/comments?post=230907"}],"wp:featuredmedia":[{"embeddable":true,"href":"https:\/\/render.tips\/de\/wp-json\/wp\/v2\/media\/230895"}],"wp:attachment":[{"href":"https:\/\/render.tips\/de\/wp-json\/wp\/v2\/media?parent=230907"}],"wp:term":[{"taxonomy":"product_cat","embeddable":true,"href":"https:\/\/render.tips\/de\/wp-json\/wp\/v2\/product_cat?post=230907"},{"taxonomy":"product_tag","embeddable":true,"href":"https:\/\/render.tips\/de\/wp-json\/wp\/v2\/product_tag?post=230907"}],"curies":[{"name":"wp","href":"https:\/\/api.w.org\/{rel}","templated":true}]}}