{"id":230711,"date":"2015-01-21T15:18:52","date_gmt":"2015-01-21T17:18:52","guid":{"rendered":"https:\/\/render.tips\/uncategorized\/inventor-2015-schweinahte"},"modified":"2020-03-11T17:37:52","modified_gmt":"2020-03-11T20:37:52","slug":"inventor-2015-schweinahte","status":"publish","type":"product","link":"https:\/\/render.tips\/de\/kurse\/inventor-de\/inventor-2015-schweinahte","title":{"rendered":"Kurs Inventor 2015 Schwei\u00dfn\u00e4hte"},"content":{"rendered":"<p>Erfahren Sie, wie Sie die Eigenschaften der L\u00f6tumgebung von Erfinder 2015 verwenden, die f\u00fcr die Gestaltung von Metallkonstruktionen, Rohren, Maschinen und Ger\u00e4ten unerl\u00e4sslich ist. Machen Sie die Vorbereitung der Baugruppen, wenden Sie die Schwei\u00dfstr\u00e4nge an, f\u00fchren Sie die notwendigen Berechnungen durch, erhalten Sie Berichte und machen Sie 2D-Details. Durch dynamische Videolektionen, praktische Beispiele und \u00dcbungen, in der Lage sein, in sehr begefragten Projekten zu arbeiten!<\/p>\n","protected":false},"excerpt":{"rendered":"<p><span style=\"color: #ff6600;\">Meistern Sie den Schwei\u00dfprozess in Inventor durch Vorbereitung, Schwei\u00dfen und Bearbeiten<\/span><\/p>\n","protected":false},"featured_media":230699,"comment_status":"open","ping_status":"closed","template":"","meta":[],"product_cat":[505,483,942],"product_tag":[],"acf":[],"yoast_head":"<!-- This site is optimized with the Yoast SEO plugin v15.9 - https:\/\/yoast.com\/wordpress\/plugins\/seo\/ -->\n<title>Kurs Inventor 2015 Schwei\u00dfn\u00e4hte | Online Courses from Basic to Advanced | RenderTips<\/title>\n<meta name=\"description\" content=\"Meistern Sie den Schwei\u00dfprozess in Inventor durch Vorbereitung, Schwei\u00dfen und Bearbeiten\" \/>\n<meta name=\"robots\" content=\"index, follow, max-snippet:-1, max-image-preview:large, max-video-preview:-1\" \/>\n<link rel=\"canonical\" href=\"https:\/\/render.tips\/de\/kurse\/inventor-de\/inventor-2015-schweinahte\" \/>\n<meta property=\"og:locale\" content=\"de_DE\" \/>\n<meta property=\"og:type\" content=\"article\" \/>\n<meta property=\"og:title\" content=\"Kurs Inventor 2015 Schwei\u00dfn\u00e4hte | Online Courses from Basic to Advanced | RenderTips\" \/>\n<meta property=\"og:description\" content=\"Meistern Sie den Schwei\u00dfprozess in Inventor durch Vorbereitung, Schwei\u00dfen und Bearbeiten\" \/>\n<meta property=\"og:url\" content=\"https:\/\/render.tips\/de\/kurse\/inventor-de\/inventor-2015-schweinahte\" \/>\n<meta property=\"og:site_name\" content=\"Online Courses from Basic to Advanced | RenderTips\" \/>\n<meta property=\"article:publisher\" content=\"https:\/\/www.facebook.com\/rendertipscourses\/\" \/>\n<meta property=\"article:modified_time\" content=\"2020-03-11T20:37:52+00:00\" \/>\n<meta property=\"og:image\" content=\"https:\/\/static.render.tips\/wp-content\/uploads\/2020\/03\/IV15-WELD-DEU_facebook.png\" \/>\n\t<meta property=\"og:image:width\" content=\"262\" \/>\n\t<meta property=\"og:image:height\" content=\"238\" \/>\n<meta name=\"twitter:card\" content=\"summary_large_image\" \/>\n<meta name=\"twitter:image\" content=\"https:\/\/static.render.tips\/wp-content\/uploads\/2020\/03\/IV15-WELD-DEU_facebook.png\" \/>\n<meta name=\"twitter:site\" content=\"@rendertips\" \/>\n<script type=\"application\/ld+json\" class=\"yoast-schema-graph\">{\"@context\":\"https:\/\/schema.org\",\"@graph\":[{\"@type\":\"Organization\",\"@id\":\"https:\/\/render.tips\/#organization\",\"name\":\"Render Tips\",\"url\":\"https:\/\/render.tips\/\",\"sameAs\":[\"https:\/\/www.facebook.com\/rendertipscourses\/\",\"https:\/\/www.instagram.com\/rendertips\/\",\"https:\/\/www.youtube.com\/channel\/UCx_9bcvh0_AQFGXxJ0StKSQ\",\"https:\/\/twitter.com\/rendertips\"],\"logo\":{\"@type\":\"ImageObject\",\"@id\":\"https:\/\/render.tips\/#logo\",\"inLanguage\":\"de-DE\",\"url\":\"https:\/\/static.render.tips\/wp-content\/uploads\/2019\/08\/logo_1024.png\",\"width\":1024,\"height\":1024,\"caption\":\"Render Tips\"},\"image\":{\"@id\":\"https:\/\/render.tips\/#logo\"}},{\"@type\":\"WebSite\",\"@id\":\"https:\/\/render.tips\/#website\",\"url\":\"https:\/\/render.tips\/\",\"name\":\"Online Courses from Basic to Advanced | RenderTips\",\"description\":\"Technology Online Courses - Solidworks, Autocad, Inventor, 3ds Max and More\",\"publisher\":{\"@id\":\"https:\/\/render.tips\/#organization\"},\"potentialAction\":[{\"@type\":\"SearchAction\",\"target\":\"https:\/\/render.tips\/?s={search_term_string}\",\"query-input\":\"required name=search_term_string\"}],\"inLanguage\":\"de-DE\"},{\"@type\":\"ImageObject\",\"@id\":\"https:\/\/render.tips\/de\/kurse\/inventor-de\/inventor-2015-schweinahte#primaryimage\",\"inLanguage\":\"de-DE\",\"url\":\"https:\/\/static.render.tips\/wp-content\/uploads\/2020\/03\/Curso-inventor-2015-schweinahte-IV15-WELD-DEU_destaque-20200311171821.jpg\",\"width\":229,\"height\":162},{\"@type\":\"WebPage\",\"@id\":\"https:\/\/render.tips\/de\/kurse\/inventor-de\/inventor-2015-schweinahte#webpage\",\"url\":\"https:\/\/render.tips\/de\/kurse\/inventor-de\/inventor-2015-schweinahte\",\"name\":\"Kurs Inventor 2015 Schwei\\u00dfn\\u00e4hte | Online Courses from Basic to Advanced | RenderTips\",\"isPartOf\":{\"@id\":\"https:\/\/render.tips\/#website\"},\"primaryImageOfPage\":{\"@id\":\"https:\/\/render.tips\/de\/kurse\/inventor-de\/inventor-2015-schweinahte#primaryimage\"},\"datePublished\":\"2015-01-21T17:18:52+00:00\",\"dateModified\":\"2020-03-11T20:37:52+00:00\",\"description\":\"Meistern Sie den Schwei\\u00dfprozess in Inventor durch Vorbereitung, Schwei\\u00dfen und Bearbeiten\",\"breadcrumb\":{\"@id\":\"https:\/\/render.tips\/de\/kurse\/inventor-de\/inventor-2015-schweinahte#breadcrumb\"},\"inLanguage\":\"de-DE\",\"potentialAction\":[{\"@type\":\"ReadAction\",\"target\":[\"https:\/\/render.tips\/de\/kurse\/inventor-de\/inventor-2015-schweinahte\"]}]},{\"@type\":\"BreadcrumbList\",\"@id\":\"https:\/\/render.tips\/de\/kurse\/inventor-de\/inventor-2015-schweinahte#breadcrumb\",\"itemListElement\":[{\"@type\":\"ListItem\",\"position\":1,\"item\":{\"@type\":\"WebPage\",\"@id\":\"https:\/\/render.tips\/de\",\"url\":\"https:\/\/render.tips\/de\",\"name\":\"Home\"}},{\"@type\":\"ListItem\",\"position\":2,\"item\":{\"@type\":\"WebPage\",\"@id\":\"https:\/\/render.tips\/de\/shop\",\"url\":\"https:\/\/render.tips\/de\/shop\",\"name\":\"Shop\"}},{\"@type\":\"ListItem\",\"position\":3,\"item\":{\"@type\":\"WebPage\",\"@id\":\"https:\/\/render.tips\/de\/kurse\/inventor-de\/inventor-2015-schweinahte\",\"url\":\"https:\/\/render.tips\/de\/kurse\/inventor-de\/inventor-2015-schweinahte\",\"name\":\"Kurs Inventor 2015 Schwei\\u00dfn\\u00e4hte\"}}]}]}<\/script>\n<!-- \/ Yoast SEO plugin. -->","_links":{"self":[{"href":"https:\/\/render.tips\/de\/wp-json\/wp\/v2\/product\/230711"}],"collection":[{"href":"https:\/\/render.tips\/de\/wp-json\/wp\/v2\/product"}],"about":[{"href":"https:\/\/render.tips\/de\/wp-json\/wp\/v2\/types\/product"}],"replies":[{"embeddable":true,"href":"https:\/\/render.tips\/de\/wp-json\/wp\/v2\/comments?post=230711"}],"wp:featuredmedia":[{"embeddable":true,"href":"https:\/\/render.tips\/de\/wp-json\/wp\/v2\/media\/230699"}],"wp:attachment":[{"href":"https:\/\/render.tips\/de\/wp-json\/wp\/v2\/media?parent=230711"}],"wp:term":[{"taxonomy":"product_cat","embeddable":true,"href":"https:\/\/render.tips\/de\/wp-json\/wp\/v2\/product_cat?post=230711"},{"taxonomy":"product_tag","embeddable":true,"href":"https:\/\/render.tips\/de\/wp-json\/wp\/v2\/product_tag?post=230711"}],"curies":[{"name":"wp","href":"https:\/\/api.w.org\/{rel}","templated":true}]}}