{"id":230352,"date":"2015-05-13T09:34:19","date_gmt":"2015-05-13T12:34:19","guid":{"rendered":"https:\/\/render.tips\/uncategorized\/inventor-2015-maschinenelemente"},"modified":"2020-02-08T02:07:12","modified_gmt":"2020-02-08T05:07:12","slug":"inventor-2015-maschinenelemente","status":"publish","type":"product","link":"https:\/\/render.tips\/de\/kurse\/inventor-de\/inventor-2015-maschinenelemente","title":{"rendered":"Kurs Inventor 2015 Maschinenelemente"},"content":{"rendered":"<p>In praktischen Videolektionen lernen Sie in diesem Kurs, wie Sie mit Design Accelerator arbeiten, um Maschinenelemente in Inventor zu entwerfen. Sehen Sie sich Schritt f\u00fcr Schritt an, wie Sie Baugruppen vorbereiten, Wellen, Lager, Dichtringe, Klammern, Nocken, Riemenscheiben, Riemen, Zahnr\u00e4der, Federn, Stifte und Schrauben einsetzen, die Content Center-Bibliothek verwenden und Berechnungen und Analysen durchf\u00fchren. Trainieren Sie Lernen, indem Sie Elemente f\u00fcr allt\u00e4gliche Ger\u00e4te entwerfen und in der Lage sein, an sehr begefragten Projekten zu arbeiten!<\/p>\n","protected":false},"excerpt":{"rendered":"<p><span style=\"color: #ff6600;\">Erfahren Sie Schritt f\u00fcr Schritt, wie Sie mit Maschinenelementen in Inventor 2015 arbeiten<\/span><\/p>\n","protected":false},"featured_media":230340,"comment_status":"open","ping_status":"closed","template":"","meta":[],"product_cat":[505,483],"product_tag":[],"acf":[],"yoast_head":"<!-- This site is optimized with the Yoast SEO plugin v15.9 - https:\/\/yoast.com\/wordpress\/plugins\/seo\/ -->\n<title>Kurs Inventor 2015 Maschinenelemente | Online Courses from Basic to Advanced | RenderTips<\/title>\n<meta name=\"description\" content=\"Erfahren Sie Schritt f\u00fcr Schritt, wie Sie mit Maschinenelementen in Inventor 2015 arbeiten\" \/>\n<meta name=\"robots\" content=\"index, follow, max-snippet:-1, max-image-preview:large, max-video-preview:-1\" \/>\n<link rel=\"canonical\" href=\"https:\/\/render.tips\/de\/kurse\/inventor-de\/inventor-2015-maschinenelemente\" \/>\n<meta property=\"og:locale\" content=\"de_DE\" \/>\n<meta property=\"og:type\" content=\"article\" \/>\n<meta property=\"og:title\" content=\"Kurs Inventor 2015 Maschinenelemente | Online Courses from Basic to Advanced | RenderTips\" \/>\n<meta property=\"og:description\" content=\"Erfahren Sie Schritt f\u00fcr Schritt, wie Sie mit Maschinenelementen in Inventor 2015 arbeiten\" \/>\n<meta property=\"og:url\" content=\"https:\/\/render.tips\/de\/kurse\/inventor-de\/inventor-2015-maschinenelemente\" \/>\n<meta property=\"og:site_name\" content=\"Online Courses from Basic to Advanced | RenderTips\" \/>\n<meta property=\"article:publisher\" content=\"https:\/\/www.facebook.com\/rendertipscourses\/\" \/>\n<meta property=\"article:modified_time\" content=\"2020-02-08T05:07:12+00:00\" \/>\n<meta property=\"og:image\" content=\"https:\/\/static.render.tips\/wp-content\/uploads\/2020\/02\/IV15-EMA-DEU_facebook.png\" \/>\n\t<meta property=\"og:image:width\" content=\"262\" \/>\n\t<meta property=\"og:image:height\" content=\"238\" \/>\n<meta name=\"twitter:card\" content=\"summary_large_image\" \/>\n<meta name=\"twitter:image\" content=\"https:\/\/static.render.tips\/wp-content\/uploads\/2020\/02\/IV15-EMA-DEU_facebook.png\" \/>\n<meta name=\"twitter:site\" content=\"@rendertips\" \/>\n<script type=\"application\/ld+json\" class=\"yoast-schema-graph\">{\"@context\":\"https:\/\/schema.org\",\"@graph\":[{\"@type\":\"Organization\",\"@id\":\"https:\/\/render.tips\/#organization\",\"name\":\"Render Tips\",\"url\":\"https:\/\/render.tips\/\",\"sameAs\":[\"https:\/\/www.facebook.com\/rendertipscourses\/\",\"https:\/\/www.instagram.com\/rendertips\/\",\"https:\/\/www.youtube.com\/channel\/UCx_9bcvh0_AQFGXxJ0StKSQ\",\"https:\/\/twitter.com\/rendertips\"],\"logo\":{\"@type\":\"ImageObject\",\"@id\":\"https:\/\/render.tips\/#logo\",\"inLanguage\":\"de-DE\",\"url\":\"https:\/\/static.render.tips\/wp-content\/uploads\/2019\/08\/logo_1024.png\",\"width\":1024,\"height\":1024,\"caption\":\"Render Tips\"},\"image\":{\"@id\":\"https:\/\/render.tips\/#logo\"}},{\"@type\":\"WebSite\",\"@id\":\"https:\/\/render.tips\/#website\",\"url\":\"https:\/\/render.tips\/\",\"name\":\"Online Courses from Basic to Advanced | RenderTips\",\"description\":\"Technology Online Courses - Solidworks, Autocad, Inventor, 3ds Max and More\",\"publisher\":{\"@id\":\"https:\/\/render.tips\/#organization\"},\"potentialAction\":[{\"@type\":\"SearchAction\",\"target\":\"https:\/\/render.tips\/?s={search_term_string}\",\"query-input\":\"required name=search_term_string\"}],\"inLanguage\":\"de-DE\"},{\"@type\":\"ImageObject\",\"@id\":\"https:\/\/render.tips\/de\/kurse\/inventor-de\/inventor-2015-maschinenelemente#primaryimage\",\"inLanguage\":\"de-DE\",\"url\":\"https:\/\/static.render.tips\/wp-content\/uploads\/2020\/02\/Curso-inventor-2015-maschinenelemente-IV15-EMA-DEU_destaque-20200208003429.jpg\",\"width\":229,\"height\":162},{\"@type\":\"WebPage\",\"@id\":\"https:\/\/render.tips\/de\/kurse\/inventor-de\/inventor-2015-maschinenelemente#webpage\",\"url\":\"https:\/\/render.tips\/de\/kurse\/inventor-de\/inventor-2015-maschinenelemente\",\"name\":\"Kurs Inventor 2015 Maschinenelemente | Online Courses from Basic to Advanced | RenderTips\",\"isPartOf\":{\"@id\":\"https:\/\/render.tips\/#website\"},\"primaryImageOfPage\":{\"@id\":\"https:\/\/render.tips\/de\/kurse\/inventor-de\/inventor-2015-maschinenelemente#primaryimage\"},\"datePublished\":\"2015-05-13T12:34:19+00:00\",\"dateModified\":\"2020-02-08T05:07:12+00:00\",\"description\":\"Erfahren Sie Schritt f\\u00fcr Schritt, wie Sie mit Maschinenelementen in Inventor 2015 arbeiten\",\"breadcrumb\":{\"@id\":\"https:\/\/render.tips\/de\/kurse\/inventor-de\/inventor-2015-maschinenelemente#breadcrumb\"},\"inLanguage\":\"de-DE\",\"potentialAction\":[{\"@type\":\"ReadAction\",\"target\":[\"https:\/\/render.tips\/de\/kurse\/inventor-de\/inventor-2015-maschinenelemente\"]}]},{\"@type\":\"BreadcrumbList\",\"@id\":\"https:\/\/render.tips\/de\/kurse\/inventor-de\/inventor-2015-maschinenelemente#breadcrumb\",\"itemListElement\":[{\"@type\":\"ListItem\",\"position\":1,\"item\":{\"@type\":\"WebPage\",\"@id\":\"https:\/\/render.tips\/de\",\"url\":\"https:\/\/render.tips\/de\",\"name\":\"Home\"}},{\"@type\":\"ListItem\",\"position\":2,\"item\":{\"@type\":\"WebPage\",\"@id\":\"https:\/\/render.tips\/de\/shop\",\"url\":\"https:\/\/render.tips\/de\/shop\",\"name\":\"Shop\"}},{\"@type\":\"ListItem\",\"position\":3,\"item\":{\"@type\":\"WebPage\",\"@id\":\"https:\/\/render.tips\/de\/kurse\/inventor-de\/inventor-2015-maschinenelemente\",\"url\":\"https:\/\/render.tips\/de\/kurse\/inventor-de\/inventor-2015-maschinenelemente\",\"name\":\"Kurs Inventor 2015 Maschinenelemente\"}}]}]}<\/script>\n<!-- \/ Yoast SEO plugin. -->","_links":{"self":[{"href":"https:\/\/render.tips\/de\/wp-json\/wp\/v2\/product\/230352"}],"collection":[{"href":"https:\/\/render.tips\/de\/wp-json\/wp\/v2\/product"}],"about":[{"href":"https:\/\/render.tips\/de\/wp-json\/wp\/v2\/types\/product"}],"replies":[{"embeddable":true,"href":"https:\/\/render.tips\/de\/wp-json\/wp\/v2\/comments?post=230352"}],"wp:featuredmedia":[{"embeddable":true,"href":"https:\/\/render.tips\/de\/wp-json\/wp\/v2\/media\/230340"}],"wp:attachment":[{"href":"https:\/\/render.tips\/de\/wp-json\/wp\/v2\/media?parent=230352"}],"wp:term":[{"taxonomy":"product_cat","embeddable":true,"href":"https:\/\/render.tips\/de\/wp-json\/wp\/v2\/product_cat?post=230352"},{"taxonomy":"product_tag","embeddable":true,"href":"https:\/\/render.tips\/de\/wp-json\/wp\/v2\/product_tag?post=230352"}],"curies":[{"name":"wp","href":"https:\/\/api.w.org\/{rel}","templated":true}]}}