{"id":228728,"date":"2012-12-06T13:21:56","date_gmt":"2012-12-06T15:21:56","guid":{"rendered":"https:\/\/render.tips\/uncategorized\/product"},"modified":"2020-01-31T22:06:44","modified_gmt":"2020-02-01T01:06:44","slug":"solidworks-2013-schweikonstruktionen","status":"publish","type":"product","link":"https:\/\/render.tips\/de\/kurse\/solidworks-de\/solidworks-2013-schweikonstruktionen","title":{"rendered":"Kurs SolidWorks 2013 Schwei\u00dfkonstruktionen"},"content":{"rendered":"<p>M\u00f6chten Sie Ihr Wissen in Metallkonstruktionen lernen oder verbessern? Dies ist der ideale Kurs! Metallkonstruktionen werden weltweit in einer Vielzahl von Bereichen verwendet, und SolidWorks mit hervorragenden Eigenschaften hilft Ihnen, hervorragende Konstruktionen mit Schwei\u00dfn\u00e4hten und Metallstrukturen zu erstellen. Wir vermitteln Schritt f\u00fcr Schritt jedes Merkmal von Metallkonstruktionen und Schwei\u00dfn\u00e4hten, von 3D-Skizzen bis zu Baugruppen und Detaillierung mit der jeweiligen Schneidliste. Einfach, logisch und effizient werden wir das Lernen in praktischen Beispielen und erg\u00e4nzenden \u00dcbungen anwenden, indem wir Fahrrad- und Motorrad-Rahmen, eine Plattform mit Handlauf und Leiter, einen Schuppen mit seiner Markise und eine Br\u00fccke erstellen. Einige dieser Beispiele werden detailliert dargestellt, indem SolidWorks Features angewendet werden, um die Strukturen, Schwei\u00dfn\u00e4hte, Baugruppen und Detaillierungen zu erzeugen. Nehmen Sie diesen Kurs und haben gro\u00dfe Chancen auf dem Arbeitsmarkt.<\/p>\n","protected":false},"excerpt":{"rendered":"<p><span style=\"color: #ff6600;\">Erfahren Sie, wie Sie die Features von Metallstrukturen und Schwei\u00dfn\u00e4hten in SolidWorks 2013 verwenden<\/span><\/p>\n","protected":false},"featured_media":228832,"comment_status":"open","ping_status":"closed","template":"","meta":[],"product_cat":[505,942,819],"product_tag":[],"acf":[],"yoast_head":"<!-- This site is optimized with the Yoast SEO plugin v15.9 - https:\/\/yoast.com\/wordpress\/plugins\/seo\/ -->\n<title>Kurs SolidWorks 2013 Schwei\u00dfkonstruktionen | Online Courses from Basic to Advanced | RenderTips<\/title>\n<meta name=\"description\" content=\"Erfahren Sie, wie Sie die Features von Metallstrukturen und Schwei\u00dfn\u00e4hten in SolidWorks 2013 verwenden\" \/>\n<meta name=\"robots\" content=\"index, follow, max-snippet:-1, max-image-preview:large, max-video-preview:-1\" \/>\n<link rel=\"canonical\" href=\"https:\/\/render.tips\/de\/kurse\/solidworks-de\/solidworks-2013-schweikonstruktionen\" \/>\n<meta property=\"og:locale\" content=\"de_DE\" \/>\n<meta property=\"og:type\" content=\"article\" \/>\n<meta property=\"og:title\" content=\"Kurs SolidWorks 2013 Schwei\u00dfkonstruktionen | Online Courses from Basic to Advanced | RenderTips\" \/>\n<meta property=\"og:description\" content=\"Erfahren Sie, wie Sie die Features von Metallstrukturen und Schwei\u00dfn\u00e4hten in SolidWorks 2013 verwenden\" \/>\n<meta property=\"og:url\" content=\"https:\/\/render.tips\/de\/kurse\/solidworks-de\/solidworks-2013-schweikonstruktionen\" \/>\n<meta property=\"og:site_name\" content=\"Online Courses from Basic to Advanced | RenderTips\" \/>\n<meta property=\"article:publisher\" content=\"https:\/\/www.facebook.com\/rendertipscourses\/\" \/>\n<meta property=\"article:modified_time\" content=\"2020-02-01T01:06:44+00:00\" \/>\n<meta property=\"og:image\" content=\"https:\/\/static.render.tips\/wp-content\/uploads\/2020\/01\/SW13-WELD-DEU_facebook.png\" \/>\n\t<meta property=\"og:image:width\" content=\"262\" \/>\n\t<meta property=\"og:image:height\" content=\"238\" \/>\n<meta name=\"twitter:card\" content=\"summary_large_image\" \/>\n<meta name=\"twitter:image\" content=\"https:\/\/static.render.tips\/wp-content\/uploads\/2020\/01\/SW13-WELD-DEU_facebook.png\" \/>\n<meta name=\"twitter:site\" content=\"@rendertips\" \/>\n<meta name=\"twitter:label1\" content=\"Gesch\u00e4tzte Lesezeit\">\n\t<meta name=\"twitter:data1\" content=\"1 Minute\">\n<script type=\"application\/ld+json\" class=\"yoast-schema-graph\">{\"@context\":\"https:\/\/schema.org\",\"@graph\":[{\"@type\":\"Organization\",\"@id\":\"https:\/\/render.tips\/#organization\",\"name\":\"Render Tips\",\"url\":\"https:\/\/render.tips\/\",\"sameAs\":[\"https:\/\/www.facebook.com\/rendertipscourses\/\",\"https:\/\/www.instagram.com\/rendertips\/\",\"https:\/\/www.youtube.com\/channel\/UCx_9bcvh0_AQFGXxJ0StKSQ\",\"https:\/\/twitter.com\/rendertips\"],\"logo\":{\"@type\":\"ImageObject\",\"@id\":\"https:\/\/render.tips\/#logo\",\"inLanguage\":\"de-DE\",\"url\":\"https:\/\/static.render.tips\/wp-content\/uploads\/2019\/08\/logo_1024.png\",\"width\":1024,\"height\":1024,\"caption\":\"Render Tips\"},\"image\":{\"@id\":\"https:\/\/render.tips\/#logo\"}},{\"@type\":\"WebSite\",\"@id\":\"https:\/\/render.tips\/#website\",\"url\":\"https:\/\/render.tips\/\",\"name\":\"Online Courses from Basic to Advanced | RenderTips\",\"description\":\"Technology Online Courses - Solidworks, Autocad, Inventor, 3ds Max and More\",\"publisher\":{\"@id\":\"https:\/\/render.tips\/#organization\"},\"potentialAction\":[{\"@type\":\"SearchAction\",\"target\":\"https:\/\/render.tips\/?s={search_term_string}\",\"query-input\":\"required name=search_term_string\"}],\"inLanguage\":\"de-DE\"},{\"@type\":\"ImageObject\",\"@id\":\"https:\/\/render.tips\/de\/kurse\/solidworks-de\/solidworks-2013-schweikonstruktionen#primaryimage\",\"inLanguage\":\"de-DE\",\"url\":\"https:\/\/static.render.tips\/wp-content\/uploads\/2020\/01\/Curso-solidworks-2013-schweikonstruktionen-SW13-WELD-DEU_destaque-20200131131006.jpg\",\"width\":229,\"height\":162},{\"@type\":\"WebPage\",\"@id\":\"https:\/\/render.tips\/de\/kurse\/solidworks-de\/solidworks-2013-schweikonstruktionen#webpage\",\"url\":\"https:\/\/render.tips\/de\/kurse\/solidworks-de\/solidworks-2013-schweikonstruktionen\",\"name\":\"Kurs SolidWorks 2013 Schwei\\u00dfkonstruktionen | Online Courses from Basic to Advanced | RenderTips\",\"isPartOf\":{\"@id\":\"https:\/\/render.tips\/#website\"},\"primaryImageOfPage\":{\"@id\":\"https:\/\/render.tips\/de\/kurse\/solidworks-de\/solidworks-2013-schweikonstruktionen#primaryimage\"},\"datePublished\":\"2012-12-06T15:21:56+00:00\",\"dateModified\":\"2020-02-01T01:06:44+00:00\",\"description\":\"Erfahren Sie, wie Sie die Features von Metallstrukturen und Schwei\\u00dfn\\u00e4hten in SolidWorks 2013 verwenden\",\"breadcrumb\":{\"@id\":\"https:\/\/render.tips\/de\/kurse\/solidworks-de\/solidworks-2013-schweikonstruktionen#breadcrumb\"},\"inLanguage\":\"de-DE\",\"potentialAction\":[{\"@type\":\"ReadAction\",\"target\":[\"https:\/\/render.tips\/de\/kurse\/solidworks-de\/solidworks-2013-schweikonstruktionen\"]}]},{\"@type\":\"BreadcrumbList\",\"@id\":\"https:\/\/render.tips\/de\/kurse\/solidworks-de\/solidworks-2013-schweikonstruktionen#breadcrumb\",\"itemListElement\":[{\"@type\":\"ListItem\",\"position\":1,\"item\":{\"@type\":\"WebPage\",\"@id\":\"https:\/\/render.tips\/de\",\"url\":\"https:\/\/render.tips\/de\",\"name\":\"Home\"}},{\"@type\":\"ListItem\",\"position\":2,\"item\":{\"@type\":\"WebPage\",\"@id\":\"https:\/\/render.tips\/de\/shop\",\"url\":\"https:\/\/render.tips\/de\/shop\",\"name\":\"Shop\"}},{\"@type\":\"ListItem\",\"position\":3,\"item\":{\"@type\":\"WebPage\",\"@id\":\"https:\/\/render.tips\/de\/kurse\/solidworks-de\/solidworks-2013-schweikonstruktionen\",\"url\":\"https:\/\/render.tips\/de\/kurse\/solidworks-de\/solidworks-2013-schweikonstruktionen\",\"name\":\"Kurs SolidWorks 2013 Schwei\\u00dfkonstruktionen\"}}]}]}<\/script>\n<!-- \/ Yoast SEO plugin. -->","_links":{"self":[{"href":"https:\/\/render.tips\/de\/wp-json\/wp\/v2\/product\/228728"}],"collection":[{"href":"https:\/\/render.tips\/de\/wp-json\/wp\/v2\/product"}],"about":[{"href":"https:\/\/render.tips\/de\/wp-json\/wp\/v2\/types\/product"}],"replies":[{"embeddable":true,"href":"https:\/\/render.tips\/de\/wp-json\/wp\/v2\/comments?post=228728"}],"wp:featuredmedia":[{"embeddable":true,"href":"https:\/\/render.tips\/de\/wp-json\/wp\/v2\/media\/228832"}],"wp:attachment":[{"href":"https:\/\/render.tips\/de\/wp-json\/wp\/v2\/media?parent=228728"}],"wp:term":[{"taxonomy":"product_cat","embeddable":true,"href":"https:\/\/render.tips\/de\/wp-json\/wp\/v2\/product_cat?post=228728"},{"taxonomy":"product_tag","embeddable":true,"href":"https:\/\/render.tips\/de\/wp-json\/wp\/v2\/product_tag?post=228728"}],"curies":[{"name":"wp","href":"https:\/\/api.w.org\/{rel}","templated":true}]}}