{"id":216743,"date":"2016-05-19T13:31:46","date_gmt":"2016-05-19T16:31:46","guid":{"rendered":"https:\/\/render.tips\/uncategorized\/inventor-2016-kunststoffformen"},"modified":"2020-02-06T16:19:16","modified_gmt":"2020-02-06T19:19:16","slug":"inventor-2016-kunststoffformen","status":"publish","type":"product","link":"https:\/\/render.tips\/de\/kurse\/inventor-de\/inventor-2016-kunststoffformen","title":{"rendered":"Kurs Inventor 2016 Kunststoffformen"},"content":{"rendered":"<p>Mit praktischen Videolektionen vermittelt Ihnen dieser Kurs, wie Sie problemlos in der Umgebung von Inventor 2016 Mould Design arbeiten k\u00f6nnen. Lernen Sie Schritt f\u00fcr Schritt, wie Sie die Bibliothek verwenden, Kunststoffteile erstellen, Material ausw\u00e4hlen, einf\u00fcgen und positionieren, Male und Hohlraum entwerfen, Zuf\u00fchr- und K\u00fchlsysteme entwerfen, die Werkzeugt\u00fcr montieren und Injektionsanalyse durchf\u00fchren. Nehmen Sie diesen Kurs an und k\u00f6nnen Sie an sehr begefragten Projekten arbeiten!<\/p>\n","protected":false},"excerpt":{"rendered":"<p><span style=\"color: #ff6600\">Erstellen Sie einfach Formenbau und alle Ihre Systeme in Inventor 2016<\/span><\/p>\n","protected":false},"featured_media":230136,"comment_status":"open","ping_status":"closed","template":"","meta":[],"product_cat":[505,483,942],"product_tag":[],"acf":[],"yoast_head":"<!-- This site is optimized with the Yoast SEO plugin v15.9 - https:\/\/yoast.com\/wordpress\/plugins\/seo\/ -->\n<title>Kurs Inventor 2016 Kunststoffformen | Online Courses from Basic to Advanced | RenderTips<\/title>\n<meta name=\"description\" content=\"Erstellen Sie einfach Formenbau und alle Ihre Systeme in Inventor 2016\" \/>\n<meta name=\"robots\" content=\"index, follow, max-snippet:-1, max-image-preview:large, max-video-preview:-1\" \/>\n<link rel=\"canonical\" href=\"https:\/\/render.tips\/de\/kurse\/inventor-de\/inventor-2016-kunststoffformen\" \/>\n<meta property=\"og:locale\" content=\"de_DE\" \/>\n<meta property=\"og:type\" content=\"article\" \/>\n<meta property=\"og:title\" content=\"Kurs Inventor 2016 Kunststoffformen | Online Courses from Basic to Advanced | RenderTips\" \/>\n<meta property=\"og:description\" content=\"Erstellen Sie einfach Formenbau und alle Ihre Systeme in Inventor 2016\" \/>\n<meta property=\"og:url\" content=\"https:\/\/render.tips\/de\/kurse\/inventor-de\/inventor-2016-kunststoffformen\" \/>\n<meta property=\"og:site_name\" content=\"Online Courses from Basic to Advanced | RenderTips\" \/>\n<meta property=\"article:publisher\" content=\"https:\/\/www.facebook.com\/rendertipscourses\/\" \/>\n<meta property=\"article:modified_time\" content=\"2020-02-06T19:19:16+00:00\" \/>\n<meta property=\"og:image\" content=\"https:\/\/static.render.tips\/wp-content\/uploads\/2020\/01\/IV16-MOLD-P-DEU_facebook.png\" \/>\n\t<meta property=\"og:image:width\" content=\"262\" \/>\n\t<meta property=\"og:image:height\" content=\"238\" \/>\n<meta name=\"twitter:card\" content=\"summary_large_image\" \/>\n<meta name=\"twitter:image\" content=\"https:\/\/static.render.tips\/wp-content\/uploads\/2020\/02\/IV16-MOLD-P-DEU_facebook.png\" \/>\n<meta name=\"twitter:site\" content=\"@rendertips\" \/>\n<script type=\"application\/ld+json\" class=\"yoast-schema-graph\">{\"@context\":\"https:\/\/schema.org\",\"@graph\":[{\"@type\":\"Organization\",\"@id\":\"https:\/\/render.tips\/#organization\",\"name\":\"Render Tips\",\"url\":\"https:\/\/render.tips\/\",\"sameAs\":[\"https:\/\/www.facebook.com\/rendertipscourses\/\",\"https:\/\/www.instagram.com\/rendertips\/\",\"https:\/\/www.youtube.com\/channel\/UCx_9bcvh0_AQFGXxJ0StKSQ\",\"https:\/\/twitter.com\/rendertips\"],\"logo\":{\"@type\":\"ImageObject\",\"@id\":\"https:\/\/render.tips\/#logo\",\"inLanguage\":\"de-DE\",\"url\":\"https:\/\/static.render.tips\/wp-content\/uploads\/2019\/08\/logo_1024.png\",\"width\":1024,\"height\":1024,\"caption\":\"Render Tips\"},\"image\":{\"@id\":\"https:\/\/render.tips\/#logo\"}},{\"@type\":\"WebSite\",\"@id\":\"https:\/\/render.tips\/#website\",\"url\":\"https:\/\/render.tips\/\",\"name\":\"Online Courses from Basic to Advanced | RenderTips\",\"description\":\"Technology Online Courses - Solidworks, Autocad, Inventor, 3ds Max and More\",\"publisher\":{\"@id\":\"https:\/\/render.tips\/#organization\"},\"potentialAction\":[{\"@type\":\"SearchAction\",\"target\":\"https:\/\/render.tips\/?s={search_term_string}\",\"query-input\":\"required name=search_term_string\"}],\"inLanguage\":\"de-DE\"},{\"@type\":\"ImageObject\",\"@id\":\"https:\/\/render.tips\/de\/kurse\/inventor-de\/inventor-2016-kunststoffformen#primaryimage\",\"inLanguage\":\"de-DE\",\"url\":\"https:\/\/static.render.tips\/wp-content\/uploads\/2020\/02\/Curso-inventor-2016-kunststoffformen-IV16-MOLD-P-DEU_destaque-20200206171337.jpg\",\"width\":229,\"height\":162},{\"@type\":\"WebPage\",\"@id\":\"https:\/\/render.tips\/de\/kurse\/inventor-de\/inventor-2016-kunststoffformen#webpage\",\"url\":\"https:\/\/render.tips\/de\/kurse\/inventor-de\/inventor-2016-kunststoffformen\",\"name\":\"Kurs Inventor 2016 Kunststoffformen | Online Courses from Basic to Advanced | RenderTips\",\"isPartOf\":{\"@id\":\"https:\/\/render.tips\/#website\"},\"primaryImageOfPage\":{\"@id\":\"https:\/\/render.tips\/de\/kurse\/inventor-de\/inventor-2016-kunststoffformen#primaryimage\"},\"datePublished\":\"2016-05-19T16:31:46+00:00\",\"dateModified\":\"2020-02-06T19:19:16+00:00\",\"description\":\"Erstellen Sie einfach Formenbau und alle Ihre Systeme in Inventor 2016\",\"breadcrumb\":{\"@id\":\"https:\/\/render.tips\/de\/kurse\/inventor-de\/inventor-2016-kunststoffformen#breadcrumb\"},\"inLanguage\":\"de-DE\",\"potentialAction\":[{\"@type\":\"ReadAction\",\"target\":[\"https:\/\/render.tips\/de\/kurse\/inventor-de\/inventor-2016-kunststoffformen\"]}]},{\"@type\":\"BreadcrumbList\",\"@id\":\"https:\/\/render.tips\/de\/kurse\/inventor-de\/inventor-2016-kunststoffformen#breadcrumb\",\"itemListElement\":[{\"@type\":\"ListItem\",\"position\":1,\"item\":{\"@type\":\"WebPage\",\"@id\":\"https:\/\/render.tips\/de\",\"url\":\"https:\/\/render.tips\/de\",\"name\":\"Home\"}},{\"@type\":\"ListItem\",\"position\":2,\"item\":{\"@type\":\"WebPage\",\"@id\":\"https:\/\/render.tips\/de\/shop\",\"url\":\"https:\/\/render.tips\/de\/shop\",\"name\":\"Shop\"}},{\"@type\":\"ListItem\",\"position\":3,\"item\":{\"@type\":\"WebPage\",\"@id\":\"https:\/\/render.tips\/de\/kurse\/inventor-de\/inventor-2016-kunststoffformen\",\"url\":\"https:\/\/render.tips\/de\/kurse\/inventor-de\/inventor-2016-kunststoffformen\",\"name\":\"Kurs Inventor 2016 Kunststoffformen\"}}]}]}<\/script>\n<!-- \/ Yoast SEO plugin. -->","_links":{"self":[{"href":"https:\/\/render.tips\/de\/wp-json\/wp\/v2\/product\/216743"}],"collection":[{"href":"https:\/\/render.tips\/de\/wp-json\/wp\/v2\/product"}],"about":[{"href":"https:\/\/render.tips\/de\/wp-json\/wp\/v2\/types\/product"}],"replies":[{"embeddable":true,"href":"https:\/\/render.tips\/de\/wp-json\/wp\/v2\/comments?post=216743"}],"wp:featuredmedia":[{"embeddable":true,"href":"https:\/\/render.tips\/de\/wp-json\/wp\/v2\/media\/230136"}],"wp:attachment":[{"href":"https:\/\/render.tips\/de\/wp-json\/wp\/v2\/media?parent=216743"}],"wp:term":[{"taxonomy":"product_cat","embeddable":true,"href":"https:\/\/render.tips\/de\/wp-json\/wp\/v2\/product_cat?post=216743"},{"taxonomy":"product_tag","embeddable":true,"href":"https:\/\/render.tips\/de\/wp-json\/wp\/v2\/product_tag?post=216743"}],"curies":[{"name":"wp","href":"https:\/\/api.w.org\/{rel}","templated":true}]}}