{"id":212684,"date":"2015-09-10T12:57:51","date_gmt":"2015-09-10T15:57:51","guid":{"rendered":"https:\/\/render.tips\/uncategorized\/inventor-2016-technik-fur-profis"},"modified":"2020-02-06T13:34:55","modified_gmt":"2020-02-06T16:34:55","slug":"inventor-2016-technik-fur-profis","status":"publish","type":"product","link":"https:\/\/render.tips\/de\/kurse\/inventor-de\/inventor-2016-technik-fur-profis","title":{"rendered":"Kurs Inventor 2016 Technik f\u00fcr Profis"},"content":{"rendered":"<p>Mit praktischen und dynamischen Videolektionen vermittelt dieser Kurs Techniken zur Optimierung von Projekten und zeigt Neuheiten von Inventor 2016. Sie wissen, wie Sie gleichzeitig mit Inventor und AutoCAD arbeiten, Parameter verwenden, Rippen modellieren, Features kombinieren, Teile falten, Einstichwerkzeuge erstellen und einf\u00fcgen, automatische St\u00fccklisten generieren, St\u00f6rungen analysieren und Explosionsanzeigen von Baugruppen erstellen. Machen Sie die vorgeschlagenen Beispiele und \u00dcbungen und k\u00f6nnen Sie an sehr begefragten Projekten arbeiten!<\/p>\n","protected":false},"excerpt":{"rendered":"<p><span style=\"color: #ff6600\">Optimieren Sie Ihre Projekte durch die Anwendung professioneller Ressourcen und Techniken in Inventor<\/span><\/p>\n","protected":false},"featured_media":230034,"comment_status":"open","ping_status":"closed","template":"","meta":[],"product_cat":[505,483,942],"product_tag":[],"acf":[],"yoast_head":"<!-- This site is optimized with the Yoast SEO plugin v15.9 - https:\/\/yoast.com\/wordpress\/plugins\/seo\/ -->\n<title>Kurs Inventor 2016 Technik f\u00fcr Profis | Online Courses from Basic to Advanced | RenderTips<\/title>\n<meta name=\"description\" content=\"Optimieren Sie Ihre Projekte durch die Anwendung professioneller Ressourcen und Techniken in Inventor\" \/>\n<meta name=\"robots\" content=\"index, follow, max-snippet:-1, max-image-preview:large, max-video-preview:-1\" \/>\n<link rel=\"canonical\" href=\"https:\/\/render.tips\/de\/kurse\/inventor-de\/inventor-2016-technik-fur-profis\" \/>\n<meta property=\"og:locale\" content=\"de_DE\" \/>\n<meta property=\"og:type\" content=\"article\" \/>\n<meta property=\"og:title\" content=\"Kurs Inventor 2016 Technik f\u00fcr Profis | Online Courses from Basic to Advanced | RenderTips\" \/>\n<meta property=\"og:description\" content=\"Optimieren Sie Ihre Projekte durch die Anwendung professioneller Ressourcen und Techniken in Inventor\" \/>\n<meta property=\"og:url\" content=\"https:\/\/render.tips\/de\/kurse\/inventor-de\/inventor-2016-technik-fur-profis\" \/>\n<meta property=\"og:site_name\" content=\"Online Courses from Basic to Advanced | RenderTips\" \/>\n<meta property=\"article:publisher\" content=\"https:\/\/www.facebook.com\/rendertipscourses\/\" \/>\n<meta property=\"article:modified_time\" content=\"2020-02-06T16:34:55+00:00\" \/>\n<meta property=\"og:image\" content=\"https:\/\/static.render.tips\/wp-content\/uploads\/2019\/12\/IV16-TP-DEU_facebook.png\" \/>\n\t<meta property=\"og:image:width\" content=\"262\" \/>\n\t<meta property=\"og:image:height\" content=\"238\" \/>\n<meta name=\"twitter:card\" content=\"summary_large_image\" \/>\n<meta name=\"twitter:image\" content=\"https:\/\/static.render.tips\/wp-content\/uploads\/2020\/02\/IV16-TP-DEU_facebook.png\" \/>\n<meta name=\"twitter:site\" content=\"@rendertips\" \/>\n<script type=\"application\/ld+json\" class=\"yoast-schema-graph\">{\"@context\":\"https:\/\/schema.org\",\"@graph\":[{\"@type\":\"Organization\",\"@id\":\"https:\/\/render.tips\/#organization\",\"name\":\"Render Tips\",\"url\":\"https:\/\/render.tips\/\",\"sameAs\":[\"https:\/\/www.facebook.com\/rendertipscourses\/\",\"https:\/\/www.instagram.com\/rendertips\/\",\"https:\/\/www.youtube.com\/channel\/UCx_9bcvh0_AQFGXxJ0StKSQ\",\"https:\/\/twitter.com\/rendertips\"],\"logo\":{\"@type\":\"ImageObject\",\"@id\":\"https:\/\/render.tips\/#logo\",\"inLanguage\":\"de-DE\",\"url\":\"https:\/\/static.render.tips\/wp-content\/uploads\/2019\/08\/logo_1024.png\",\"width\":1024,\"height\":1024,\"caption\":\"Render Tips\"},\"image\":{\"@id\":\"https:\/\/render.tips\/#logo\"}},{\"@type\":\"WebSite\",\"@id\":\"https:\/\/render.tips\/#website\",\"url\":\"https:\/\/render.tips\/\",\"name\":\"Online Courses from Basic to Advanced | RenderTips\",\"description\":\"Technology Online Courses - Solidworks, Autocad, Inventor, 3ds Max and More\",\"publisher\":{\"@id\":\"https:\/\/render.tips\/#organization\"},\"potentialAction\":[{\"@type\":\"SearchAction\",\"target\":\"https:\/\/render.tips\/?s={search_term_string}\",\"query-input\":\"required name=search_term_string\"}],\"inLanguage\":\"de-DE\"},{\"@type\":\"ImageObject\",\"@id\":\"https:\/\/render.tips\/de\/kurse\/inventor-de\/inventor-2016-technik-fur-profis#primaryimage\",\"inLanguage\":\"de-DE\",\"url\":\"https:\/\/static.render.tips\/wp-content\/uploads\/2020\/02\/Curso-inventor-2016-technik-fur-profis-IV16-TP-DEU_destaque-20200206142918.jpg\",\"width\":229,\"height\":162},{\"@type\":\"WebPage\",\"@id\":\"https:\/\/render.tips\/de\/kurse\/inventor-de\/inventor-2016-technik-fur-profis#webpage\",\"url\":\"https:\/\/render.tips\/de\/kurse\/inventor-de\/inventor-2016-technik-fur-profis\",\"name\":\"Kurs Inventor 2016 Technik f\\u00fcr Profis | Online Courses from Basic to Advanced | RenderTips\",\"isPartOf\":{\"@id\":\"https:\/\/render.tips\/#website\"},\"primaryImageOfPage\":{\"@id\":\"https:\/\/render.tips\/de\/kurse\/inventor-de\/inventor-2016-technik-fur-profis#primaryimage\"},\"datePublished\":\"2015-09-10T15:57:51+00:00\",\"dateModified\":\"2020-02-06T16:34:55+00:00\",\"description\":\"Optimieren Sie Ihre Projekte durch die Anwendung professioneller Ressourcen und Techniken in Inventor\",\"breadcrumb\":{\"@id\":\"https:\/\/render.tips\/de\/kurse\/inventor-de\/inventor-2016-technik-fur-profis#breadcrumb\"},\"inLanguage\":\"de-DE\",\"potentialAction\":[{\"@type\":\"ReadAction\",\"target\":[\"https:\/\/render.tips\/de\/kurse\/inventor-de\/inventor-2016-technik-fur-profis\"]}]},{\"@type\":\"BreadcrumbList\",\"@id\":\"https:\/\/render.tips\/de\/kurse\/inventor-de\/inventor-2016-technik-fur-profis#breadcrumb\",\"itemListElement\":[{\"@type\":\"ListItem\",\"position\":1,\"item\":{\"@type\":\"WebPage\",\"@id\":\"https:\/\/render.tips\/de\",\"url\":\"https:\/\/render.tips\/de\",\"name\":\"Home\"}},{\"@type\":\"ListItem\",\"position\":2,\"item\":{\"@type\":\"WebPage\",\"@id\":\"https:\/\/render.tips\/de\/shop\",\"url\":\"https:\/\/render.tips\/de\/shop\",\"name\":\"Shop\"}},{\"@type\":\"ListItem\",\"position\":3,\"item\":{\"@type\":\"WebPage\",\"@id\":\"https:\/\/render.tips\/de\/kurse\/inventor-de\/inventor-2016-technik-fur-profis\",\"url\":\"https:\/\/render.tips\/de\/kurse\/inventor-de\/inventor-2016-technik-fur-profis\",\"name\":\"Kurs Inventor 2016 Technik f\\u00fcr Profis\"}}]}]}<\/script>\n<!-- \/ Yoast SEO plugin. -->","_links":{"self":[{"href":"https:\/\/render.tips\/de\/wp-json\/wp\/v2\/product\/212684"}],"collection":[{"href":"https:\/\/render.tips\/de\/wp-json\/wp\/v2\/product"}],"about":[{"href":"https:\/\/render.tips\/de\/wp-json\/wp\/v2\/types\/product"}],"replies":[{"embeddable":true,"href":"https:\/\/render.tips\/de\/wp-json\/wp\/v2\/comments?post=212684"}],"wp:featuredmedia":[{"embeddable":true,"href":"https:\/\/render.tips\/de\/wp-json\/wp\/v2\/media\/230034"}],"wp:attachment":[{"href":"https:\/\/render.tips\/de\/wp-json\/wp\/v2\/media?parent=212684"}],"wp:term":[{"taxonomy":"product_cat","embeddable":true,"href":"https:\/\/render.tips\/de\/wp-json\/wp\/v2\/product_cat?post=212684"},{"taxonomy":"product_tag","embeddable":true,"href":"https:\/\/render.tips\/de\/wp-json\/wp\/v2\/product_tag?post=212684"}],"curies":[{"name":"wp","href":"https:\/\/api.w.org\/{rel}","templated":true}]}}