{"id":212614,"date":"2016-11-10T12:43:51","date_gmt":"2016-11-10T14:43:51","guid":{"rendered":"https:\/\/render.tips\/uncategorized\/autocad-2017-3d-modellierungstechniken"},"modified":"2020-02-06T20:28:23","modified_gmt":"2020-02-06T23:28:23","slug":"autocad-2017-3d-modellierungstechniken","status":"publish","type":"product","link":"https:\/\/render.tips\/de\/kurse\/autocad-de\/autocad-2017-3d-modellierungstechniken","title":{"rendered":"Kurs AutoCAD 2017 &#8211; 3D Modellierungstechniken"},"content":{"rendered":"<p>Mit praktischen und dynamischen Videolektionen lernen Sie in diesem Kurs die Techniken zur Modellierung von Volumenk\u00f6rpern, Meshes und Oberfl\u00e4chen. Lernen Sie Konzepte kennen und lernen Sie, wie Sie Befehle zum Erstellen und Bearbeiten von Volumenk\u00f6rpern, Gittern und Oberfl\u00e4chen verwenden. Erfahren Sie, wie Sie Rechtschreibansichten von 3D-Projekten erstellen und Visualisierungsstile, -ma\u00dfst\u00e4be und -druck konfigurieren. Nehmen Sie diesen Kurs an und erwerben Sie mehr F\u00e4higkeiten, um professionelle 3D-Projekte in AutoCAD zu erstellen!<\/p>\n","protected":false},"excerpt":{"rendered":"<p><span style=\"color: #ff6600\">Meistern Sie fortgeschrittene Modellierungstechniken in AutoCAD 2017<\/span><\/p>\n","protected":false},"featured_media":230288,"comment_status":"open","ping_status":"closed","template":"","meta":[],"product_cat":[475,505],"product_tag":[],"acf":[],"yoast_head":"<!-- This site is optimized with the Yoast SEO plugin v15.9 - https:\/\/yoast.com\/wordpress\/plugins\/seo\/ -->\n<title>Kurs AutoCAD 2017 - 3D Modellierungstechniken | Online Courses from Basic to Advanced | RenderTips<\/title>\n<meta name=\"description\" content=\"Meistern Sie fortgeschrittene Modellierungstechniken in AutoCAD 2017\" \/>\n<meta name=\"robots\" content=\"index, follow, max-snippet:-1, max-image-preview:large, max-video-preview:-1\" \/>\n<link rel=\"canonical\" href=\"https:\/\/render.tips\/de\/kurse\/autocad-de\/autocad-2017-3d-modellierungstechniken\" \/>\n<meta property=\"og:locale\" content=\"de_DE\" \/>\n<meta property=\"og:type\" content=\"article\" \/>\n<meta property=\"og:title\" content=\"Kurs AutoCAD 2017 - 3D Modellierungstechniken | Online Courses from Basic to Advanced | RenderTips\" \/>\n<meta property=\"og:description\" content=\"Meistern Sie fortgeschrittene Modellierungstechniken in AutoCAD 2017\" \/>\n<meta property=\"og:url\" content=\"https:\/\/render.tips\/de\/kurse\/autocad-de\/autocad-2017-3d-modellierungstechniken\" \/>\n<meta property=\"og:site_name\" content=\"Online Courses from Basic to Advanced | RenderTips\" \/>\n<meta property=\"article:publisher\" content=\"https:\/\/www.facebook.com\/rendertipscourses\/\" \/>\n<meta property=\"article:modified_time\" content=\"2020-02-06T23:28:23+00:00\" \/>\n<meta property=\"og:image\" content=\"https:\/\/static.render.tips\/wp-content\/uploads\/2019\/12\/ACAD17-TM3D-DEU_facebook.png\" \/>\n\t<meta property=\"og:image:width\" content=\"282\" \/>\n\t<meta property=\"og:image:height\" content=\"256\" \/>\n<meta name=\"twitter:card\" content=\"summary_large_image\" \/>\n<meta name=\"twitter:image\" content=\"https:\/\/static.render.tips\/wp-content\/uploads\/2020\/02\/ACAD17-TM3D-DEU_facebook.png\" \/>\n<meta name=\"twitter:site\" content=\"@rendertips\" \/>\n<script type=\"application\/ld+json\" class=\"yoast-schema-graph\">{\"@context\":\"https:\/\/schema.org\",\"@graph\":[{\"@type\":\"Organization\",\"@id\":\"https:\/\/render.tips\/#organization\",\"name\":\"Render Tips\",\"url\":\"https:\/\/render.tips\/\",\"sameAs\":[\"https:\/\/www.facebook.com\/rendertipscourses\/\",\"https:\/\/www.instagram.com\/rendertips\/\",\"https:\/\/www.youtube.com\/channel\/UCx_9bcvh0_AQFGXxJ0StKSQ\",\"https:\/\/twitter.com\/rendertips\"],\"logo\":{\"@type\":\"ImageObject\",\"@id\":\"https:\/\/render.tips\/#logo\",\"inLanguage\":\"de-DE\",\"url\":\"https:\/\/static.render.tips\/wp-content\/uploads\/2019\/08\/logo_1024.png\",\"width\":1024,\"height\":1024,\"caption\":\"Render Tips\"},\"image\":{\"@id\":\"https:\/\/render.tips\/#logo\"}},{\"@type\":\"WebSite\",\"@id\":\"https:\/\/render.tips\/#website\",\"url\":\"https:\/\/render.tips\/\",\"name\":\"Online Courses from Basic to Advanced | RenderTips\",\"description\":\"Technology Online Courses - Solidworks, Autocad, Inventor, 3ds Max and More\",\"publisher\":{\"@id\":\"https:\/\/render.tips\/#organization\"},\"potentialAction\":[{\"@type\":\"SearchAction\",\"target\":\"https:\/\/render.tips\/?s={search_term_string}\",\"query-input\":\"required name=search_term_string\"}],\"inLanguage\":\"de-DE\"},{\"@type\":\"ImageObject\",\"@id\":\"https:\/\/render.tips\/de\/kurse\/autocad-de\/autocad-2017-3d-modellierungstechniken#primaryimage\",\"inLanguage\":\"de-DE\",\"url\":\"https:\/\/static.render.tips\/wp-content\/uploads\/2020\/02\/Curso-autocad-2017-3d-modellierungstechniken-ACAD17-TM3D-DEU_destaque-20200206212245.jpg\",\"width\":229,\"height\":162},{\"@type\":\"WebPage\",\"@id\":\"https:\/\/render.tips\/de\/kurse\/autocad-de\/autocad-2017-3d-modellierungstechniken#webpage\",\"url\":\"https:\/\/render.tips\/de\/kurse\/autocad-de\/autocad-2017-3d-modellierungstechniken\",\"name\":\"Kurs AutoCAD 2017 - 3D Modellierungstechniken | Online Courses from Basic to Advanced | RenderTips\",\"isPartOf\":{\"@id\":\"https:\/\/render.tips\/#website\"},\"primaryImageOfPage\":{\"@id\":\"https:\/\/render.tips\/de\/kurse\/autocad-de\/autocad-2017-3d-modellierungstechniken#primaryimage\"},\"datePublished\":\"2016-11-10T14:43:51+00:00\",\"dateModified\":\"2020-02-06T23:28:23+00:00\",\"description\":\"Meistern Sie fortgeschrittene Modellierungstechniken in AutoCAD 2017\",\"breadcrumb\":{\"@id\":\"https:\/\/render.tips\/de\/kurse\/autocad-de\/autocad-2017-3d-modellierungstechniken#breadcrumb\"},\"inLanguage\":\"de-DE\",\"potentialAction\":[{\"@type\":\"ReadAction\",\"target\":[\"https:\/\/render.tips\/de\/kurse\/autocad-de\/autocad-2017-3d-modellierungstechniken\"]}]},{\"@type\":\"BreadcrumbList\",\"@id\":\"https:\/\/render.tips\/de\/kurse\/autocad-de\/autocad-2017-3d-modellierungstechniken#breadcrumb\",\"itemListElement\":[{\"@type\":\"ListItem\",\"position\":1,\"item\":{\"@type\":\"WebPage\",\"@id\":\"https:\/\/render.tips\/de\",\"url\":\"https:\/\/render.tips\/de\",\"name\":\"Home\"}},{\"@type\":\"ListItem\",\"position\":2,\"item\":{\"@type\":\"WebPage\",\"@id\":\"https:\/\/render.tips\/de\/shop\",\"url\":\"https:\/\/render.tips\/de\/shop\",\"name\":\"Shop\"}},{\"@type\":\"ListItem\",\"position\":3,\"item\":{\"@type\":\"WebPage\",\"@id\":\"https:\/\/render.tips\/de\/kurse\/autocad-de\/autocad-2017-3d-modellierungstechniken\",\"url\":\"https:\/\/render.tips\/de\/kurse\/autocad-de\/autocad-2017-3d-modellierungstechniken\",\"name\":\"Kurs AutoCAD 2017 &#8211; 3D Modellierungstechniken\"}}]}]}<\/script>\n<!-- \/ Yoast SEO plugin. -->","_links":{"self":[{"href":"https:\/\/render.tips\/de\/wp-json\/wp\/v2\/product\/212614"}],"collection":[{"href":"https:\/\/render.tips\/de\/wp-json\/wp\/v2\/product"}],"about":[{"href":"https:\/\/render.tips\/de\/wp-json\/wp\/v2\/types\/product"}],"replies":[{"embeddable":true,"href":"https:\/\/render.tips\/de\/wp-json\/wp\/v2\/comments?post=212614"}],"wp:featuredmedia":[{"embeddable":true,"href":"https:\/\/render.tips\/de\/wp-json\/wp\/v2\/media\/230288"}],"wp:attachment":[{"href":"https:\/\/render.tips\/de\/wp-json\/wp\/v2\/media?parent=212614"}],"wp:term":[{"taxonomy":"product_cat","embeddable":true,"href":"https:\/\/render.tips\/de\/wp-json\/wp\/v2\/product_cat?post=212614"},{"taxonomy":"product_tag","embeddable":true,"href":"https:\/\/render.tips\/de\/wp-json\/wp\/v2\/product_tag?post=212614"}],"curies":[{"name":"wp","href":"https:\/\/api.w.org\/{rel}","templated":true}]}}