{"id":212531,"date":"2018-12-17T12:47:02","date_gmt":"2018-12-17T14:47:02","guid":{"rendered":"https:\/\/render.tips\/uncategorized\/autocad-2018-2d-grundlagen"},"modified":"2020-04-17T15:53:37","modified_gmt":"2020-04-17T18:53:37","slug":"autocad-2018-2d-grundlagen","status":"publish","type":"product","link":"https:\/\/render.tips\/de\/kurse\/autocad-de\/autocad-2018-2d-grundlagen","title":{"rendered":"Kurs AutoCAD 2018 2D Grundlagen"},"content":{"rendered":"<p>Erfahren Sie schnell und bequem, wie Sie mit zweidimensionalen Projekten in AutoCAD 2018 arbeiten. Im Laufe des Kurses werden die Befehle zum Tracing und Bearbeiten von Objekten vorgestellt, um das Projekt zu definieren erstellt werden. Dar\u00fcber hinaus werden die Befehle zur Eingabe von Informationen in das Projekt vorgestellt, wie Quoten und Texte, Elemente von extremer Bedeutung f\u00fcr die Herstellung des erstellten Projekts. Schlie\u00dflich werden verschiedene Pr\u00e4sentationsformen des Projekts vorgestellt und k\u00f6nnen gedruckt oder digital zur Verf\u00fcgung gestellt werden.<\/p>\n","protected":false},"excerpt":{"rendered":"<p><span style=\"color: #ff6600\">Erfahren Sie Schritt f\u00fcr Schritt, wie Sie zweidimensionale Zeichnungen in AutoCAD 2018 erstellen<\/span><\/p>\n","protected":false},"featured_media":230236,"comment_status":"open","ping_status":"closed","template":"","meta":[],"product_cat":[475,505],"product_tag":[],"acf":[],"yoast_head":"<!-- This site is optimized with the Yoast SEO plugin v15.9 - https:\/\/yoast.com\/wordpress\/plugins\/seo\/ -->\n<title>Kurs AutoCAD 2018 2D Grundlagen | Online Courses from Basic to Advanced | RenderTips<\/title>\n<meta name=\"description\" content=\"Erfahren Sie Schritt f\u00fcr Schritt, wie Sie zweidimensionale Zeichnungen in AutoCAD 2018 erstellen\" \/>\n<meta name=\"robots\" content=\"index, follow, max-snippet:-1, max-image-preview:large, max-video-preview:-1\" \/>\n<link rel=\"canonical\" href=\"https:\/\/render.tips\/de\/kurse\/autocad-de\/autocad-2018-2d-grundlagen\" \/>\n<meta property=\"og:locale\" content=\"de_DE\" \/>\n<meta property=\"og:type\" content=\"article\" \/>\n<meta property=\"og:title\" content=\"Kurs AutoCAD 2018 2D Grundlagen | Online Courses from Basic to Advanced | RenderTips\" \/>\n<meta property=\"og:description\" content=\"Erfahren Sie Schritt f\u00fcr Schritt, wie Sie zweidimensionale Zeichnungen in AutoCAD 2018 erstellen\" \/>\n<meta property=\"og:url\" content=\"https:\/\/render.tips\/de\/kurse\/autocad-de\/autocad-2018-2d-grundlagen\" \/>\n<meta property=\"og:site_name\" content=\"Online Courses from Basic to Advanced | RenderTips\" \/>\n<meta property=\"article:publisher\" content=\"https:\/\/www.facebook.com\/rendertipscourses\/\" \/>\n<meta property=\"article:modified_time\" content=\"2020-04-17T18:53:37+00:00\" \/>\n<meta property=\"og:image\" content=\"https:\/\/static.render.tips\/wp-content\/uploads\/2019\/12\/ACAD18-2D-F-DEU_facebook.png\" \/>\n\t<meta property=\"og:image:width\" content=\"1200\" \/>\n\t<meta property=\"og:image:height\" content=\"627\" \/>\n<meta name=\"twitter:card\" content=\"summary_large_image\" \/>\n<meta name=\"twitter:image\" content=\"https:\/\/static.render.tips\/wp-content\/uploads\/2020\/02\/ACAD18-2D-F-DEU_facebook.png\" \/>\n<meta name=\"twitter:site\" content=\"@rendertips\" \/>\n<script type=\"application\/ld+json\" class=\"yoast-schema-graph\">{\"@context\":\"https:\/\/schema.org\",\"@graph\":[{\"@type\":\"Organization\",\"@id\":\"https:\/\/render.tips\/#organization\",\"name\":\"Render Tips\",\"url\":\"https:\/\/render.tips\/\",\"sameAs\":[\"https:\/\/www.facebook.com\/rendertipscourses\/\",\"https:\/\/www.instagram.com\/rendertips\/\",\"https:\/\/www.youtube.com\/channel\/UCx_9bcvh0_AQFGXxJ0StKSQ\",\"https:\/\/twitter.com\/rendertips\"],\"logo\":{\"@type\":\"ImageObject\",\"@id\":\"https:\/\/render.tips\/#logo\",\"inLanguage\":\"de-DE\",\"url\":\"https:\/\/static.render.tips\/wp-content\/uploads\/2019\/08\/logo_1024.png\",\"width\":1024,\"height\":1024,\"caption\":\"Render Tips\"},\"image\":{\"@id\":\"https:\/\/render.tips\/#logo\"}},{\"@type\":\"WebSite\",\"@id\":\"https:\/\/render.tips\/#website\",\"url\":\"https:\/\/render.tips\/\",\"name\":\"Online Courses from Basic to Advanced | RenderTips\",\"description\":\"Technology Online Courses - Solidworks, Autocad, Inventor, 3ds Max and More\",\"publisher\":{\"@id\":\"https:\/\/render.tips\/#organization\"},\"potentialAction\":[{\"@type\":\"SearchAction\",\"target\":\"https:\/\/render.tips\/?s={search_term_string}\",\"query-input\":\"required name=search_term_string\"}],\"inLanguage\":\"de-DE\"},{\"@type\":\"ImageObject\",\"@id\":\"https:\/\/render.tips\/de\/kurse\/autocad-de\/autocad-2018-2d-grundlagen#primaryimage\",\"inLanguage\":\"de-DE\",\"url\":\"https:\/\/static.render.tips\/wp-content\/uploads\/2020\/02\/Curso-autocad-2018-2d-grundlagen-ACAD18-2D-F-DEU_destaque-20200206205214.jpg\",\"width\":229,\"height\":162},{\"@type\":\"WebPage\",\"@id\":\"https:\/\/render.tips\/de\/kurse\/autocad-de\/autocad-2018-2d-grundlagen#webpage\",\"url\":\"https:\/\/render.tips\/de\/kurse\/autocad-de\/autocad-2018-2d-grundlagen\",\"name\":\"Kurs AutoCAD 2018 2D Grundlagen | Online Courses from Basic to Advanced | RenderTips\",\"isPartOf\":{\"@id\":\"https:\/\/render.tips\/#website\"},\"primaryImageOfPage\":{\"@id\":\"https:\/\/render.tips\/de\/kurse\/autocad-de\/autocad-2018-2d-grundlagen#primaryimage\"},\"datePublished\":\"2018-12-17T14:47:02+00:00\",\"dateModified\":\"2020-04-17T18:53:37+00:00\",\"description\":\"Erfahren Sie Schritt f\\u00fcr Schritt, wie Sie zweidimensionale Zeichnungen in AutoCAD 2018 erstellen\",\"breadcrumb\":{\"@id\":\"https:\/\/render.tips\/de\/kurse\/autocad-de\/autocad-2018-2d-grundlagen#breadcrumb\"},\"inLanguage\":\"de-DE\",\"potentialAction\":[{\"@type\":\"ReadAction\",\"target\":[\"https:\/\/render.tips\/de\/kurse\/autocad-de\/autocad-2018-2d-grundlagen\"]}]},{\"@type\":\"BreadcrumbList\",\"@id\":\"https:\/\/render.tips\/de\/kurse\/autocad-de\/autocad-2018-2d-grundlagen#breadcrumb\",\"itemListElement\":[{\"@type\":\"ListItem\",\"position\":1,\"item\":{\"@type\":\"WebPage\",\"@id\":\"https:\/\/render.tips\/de\",\"url\":\"https:\/\/render.tips\/de\",\"name\":\"Home\"}},{\"@type\":\"ListItem\",\"position\":2,\"item\":{\"@type\":\"WebPage\",\"@id\":\"https:\/\/render.tips\/de\/shop\",\"url\":\"https:\/\/render.tips\/de\/shop\",\"name\":\"Shop\"}},{\"@type\":\"ListItem\",\"position\":3,\"item\":{\"@type\":\"WebPage\",\"@id\":\"https:\/\/render.tips\/de\/kurse\/autocad-de\/autocad-2018-2d-grundlagen\",\"url\":\"https:\/\/render.tips\/de\/kurse\/autocad-de\/autocad-2018-2d-grundlagen\",\"name\":\"Kurs AutoCAD 2018 2D Grundlagen\"}}]}]}<\/script>\n<!-- \/ Yoast SEO plugin. -->","_links":{"self":[{"href":"https:\/\/render.tips\/de\/wp-json\/wp\/v2\/product\/212531"}],"collection":[{"href":"https:\/\/render.tips\/de\/wp-json\/wp\/v2\/product"}],"about":[{"href":"https:\/\/render.tips\/de\/wp-json\/wp\/v2\/types\/product"}],"replies":[{"embeddable":true,"href":"https:\/\/render.tips\/de\/wp-json\/wp\/v2\/comments?post=212531"}],"wp:featuredmedia":[{"embeddable":true,"href":"https:\/\/render.tips\/de\/wp-json\/wp\/v2\/media\/230236"}],"wp:attachment":[{"href":"https:\/\/render.tips\/de\/wp-json\/wp\/v2\/media?parent=212531"}],"wp:term":[{"taxonomy":"product_cat","embeddable":true,"href":"https:\/\/render.tips\/de\/wp-json\/wp\/v2\/product_cat?post=212531"},{"taxonomy":"product_tag","embeddable":true,"href":"https:\/\/render.tips\/de\/wp-json\/wp\/v2\/product_tag?post=212531"}],"curies":[{"name":"wp","href":"https:\/\/api.w.org\/{rel}","templated":true}]}}