{"id":212045,"date":"2017-10-11T11:43:07","date_gmt":"2017-10-11T14:43:07","guid":{"rendered":"https:\/\/render.tips\/uncategorized\/inventor-2018-baugruppe"},"modified":"2020-02-05T22:16:40","modified_gmt":"2020-02-06T01:16:40","slug":"inventor-2018-baugruppe","status":"publish","type":"product","link":"https:\/\/render.tips\/de\/kurse\/inventor-de\/inventor-2018-baugruppe","title":{"rendered":"Kurs Inventor 2018 Baugruppe"},"content":{"rendered":"<p>Mit praktischen und dynamischen Videolektionen lernen wir in diesem Kurs, wie man mit Baugruppen bei Inventor arbeitet. Wir werden uns ansehen, wie Teile einf\u00fcgen, Einschr\u00e4nkungen hinzuf\u00fcgen, Bibliothekskomponenten einf\u00fcgen, importierte Dateien einf\u00fcgen, spiegeln, verschieben und drehen Komponenten. Wir werden praktische Beispiele und \u00dcbungen machen, um das Lernen zu trainieren, indem wir den Satz eines Schwertes, einen Ankerpunkt, einen Ratschenschl\u00fcssel und einen Greifschl\u00fcssel erstellen. Starten Sie diesen Kurs jetzt und heben Sie sich auf dem Arbeitsmarkt ab!<\/p>\n","protected":false},"excerpt":{"rendered":"<p><span style=\"color: #ff6600\">Praktisch und dynamisch lernen Sie, wie Sie Teile-Baugruppen in Inventor 2018 erstellen<\/span><\/p>\n","protected":false},"featured_media":229878,"comment_status":"open","ping_status":"closed","template":"","meta":[],"product_cat":[505,483,942],"product_tag":[],"acf":[],"yoast_head":"<!-- This site is optimized with the Yoast SEO plugin v15.9 - https:\/\/yoast.com\/wordpress\/plugins\/seo\/ -->\n<title>Kurs Inventor 2018 Baugruppe | Online Courses from Basic to Advanced | RenderTips<\/title>\n<meta name=\"description\" content=\"Praktisch und dynamisch lernen Sie, wie Sie Teile-Baugruppen in Inventor 2018 erstellen\" \/>\n<meta name=\"robots\" content=\"index, follow, max-snippet:-1, max-image-preview:large, max-video-preview:-1\" \/>\n<link rel=\"canonical\" href=\"https:\/\/render.tips\/de\/kurse\/inventor-de\/inventor-2018-baugruppe\" \/>\n<meta property=\"og:locale\" content=\"de_DE\" \/>\n<meta property=\"og:type\" content=\"article\" \/>\n<meta property=\"og:title\" content=\"Kurs Inventor 2018 Baugruppe | Online Courses from Basic to Advanced | RenderTips\" \/>\n<meta property=\"og:description\" content=\"Praktisch und dynamisch lernen Sie, wie Sie Teile-Baugruppen in Inventor 2018 erstellen\" \/>\n<meta property=\"og:url\" content=\"https:\/\/render.tips\/de\/kurse\/inventor-de\/inventor-2018-baugruppe\" \/>\n<meta property=\"og:site_name\" content=\"Online Courses from Basic to Advanced | RenderTips\" \/>\n<meta property=\"article:publisher\" content=\"https:\/\/www.facebook.com\/rendertipscourses\/\" \/>\n<meta property=\"article:modified_time\" content=\"2020-02-06T01:16:40+00:00\" \/>\n<meta property=\"og:image\" content=\"https:\/\/static.render.tips\/wp-content\/uploads\/2019\/11\/IV18-BAU-DEU_facebook.png\" \/>\n\t<meta property=\"og:image:width\" content=\"1200\" \/>\n\t<meta property=\"og:image:height\" content=\"627\" \/>\n<meta name=\"twitter:card\" content=\"summary_large_image\" \/>\n<meta name=\"twitter:image\" content=\"https:\/\/static.render.tips\/wp-content\/uploads\/2020\/02\/IV18-BAU-DEU_facebook.png\" \/>\n<meta name=\"twitter:site\" content=\"@rendertips\" \/>\n<script type=\"application\/ld+json\" class=\"yoast-schema-graph\">{\"@context\":\"https:\/\/schema.org\",\"@graph\":[{\"@type\":\"Organization\",\"@id\":\"https:\/\/render.tips\/#organization\",\"name\":\"Render Tips\",\"url\":\"https:\/\/render.tips\/\",\"sameAs\":[\"https:\/\/www.facebook.com\/rendertipscourses\/\",\"https:\/\/www.instagram.com\/rendertips\/\",\"https:\/\/www.youtube.com\/channel\/UCx_9bcvh0_AQFGXxJ0StKSQ\",\"https:\/\/twitter.com\/rendertips\"],\"logo\":{\"@type\":\"ImageObject\",\"@id\":\"https:\/\/render.tips\/#logo\",\"inLanguage\":\"de-DE\",\"url\":\"https:\/\/static.render.tips\/wp-content\/uploads\/2019\/08\/logo_1024.png\",\"width\":1024,\"height\":1024,\"caption\":\"Render Tips\"},\"image\":{\"@id\":\"https:\/\/render.tips\/#logo\"}},{\"@type\":\"WebSite\",\"@id\":\"https:\/\/render.tips\/#website\",\"url\":\"https:\/\/render.tips\/\",\"name\":\"Online Courses from Basic to Advanced | RenderTips\",\"description\":\"Technology Online Courses - Solidworks, Autocad, Inventor, 3ds Max and More\",\"publisher\":{\"@id\":\"https:\/\/render.tips\/#organization\"},\"potentialAction\":[{\"@type\":\"SearchAction\",\"target\":\"https:\/\/render.tips\/?s={search_term_string}\",\"query-input\":\"required name=search_term_string\"}],\"inLanguage\":\"de-DE\"},{\"@type\":\"ImageObject\",\"@id\":\"https:\/\/render.tips\/de\/kurse\/inventor-de\/inventor-2018-baugruppe#primaryimage\",\"inLanguage\":\"de-DE\",\"url\":\"https:\/\/static.render.tips\/wp-content\/uploads\/2020\/02\/Curso-inventor-2018-baugruppe-IV18-BAU-DEU_destaque-20200205231100.jpg\",\"width\":229,\"height\":162},{\"@type\":\"WebPage\",\"@id\":\"https:\/\/render.tips\/de\/kurse\/inventor-de\/inventor-2018-baugruppe#webpage\",\"url\":\"https:\/\/render.tips\/de\/kurse\/inventor-de\/inventor-2018-baugruppe\",\"name\":\"Kurs Inventor 2018 Baugruppe | Online Courses from Basic to Advanced | RenderTips\",\"isPartOf\":{\"@id\":\"https:\/\/render.tips\/#website\"},\"primaryImageOfPage\":{\"@id\":\"https:\/\/render.tips\/de\/kurse\/inventor-de\/inventor-2018-baugruppe#primaryimage\"},\"datePublished\":\"2017-10-11T14:43:07+00:00\",\"dateModified\":\"2020-02-06T01:16:40+00:00\",\"description\":\"Praktisch und dynamisch lernen Sie, wie Sie Teile-Baugruppen in Inventor 2018 erstellen\",\"breadcrumb\":{\"@id\":\"https:\/\/render.tips\/de\/kurse\/inventor-de\/inventor-2018-baugruppe#breadcrumb\"},\"inLanguage\":\"de-DE\",\"potentialAction\":[{\"@type\":\"ReadAction\",\"target\":[\"https:\/\/render.tips\/de\/kurse\/inventor-de\/inventor-2018-baugruppe\"]}]},{\"@type\":\"BreadcrumbList\",\"@id\":\"https:\/\/render.tips\/de\/kurse\/inventor-de\/inventor-2018-baugruppe#breadcrumb\",\"itemListElement\":[{\"@type\":\"ListItem\",\"position\":1,\"item\":{\"@type\":\"WebPage\",\"@id\":\"https:\/\/render.tips\/de\",\"url\":\"https:\/\/render.tips\/de\",\"name\":\"Home\"}},{\"@type\":\"ListItem\",\"position\":2,\"item\":{\"@type\":\"WebPage\",\"@id\":\"https:\/\/render.tips\/de\/shop\",\"url\":\"https:\/\/render.tips\/de\/shop\",\"name\":\"Shop\"}},{\"@type\":\"ListItem\",\"position\":3,\"item\":{\"@type\":\"WebPage\",\"@id\":\"https:\/\/render.tips\/de\/kurse\/inventor-de\/inventor-2018-baugruppe\",\"url\":\"https:\/\/render.tips\/de\/kurse\/inventor-de\/inventor-2018-baugruppe\",\"name\":\"Kurs Inventor 2018 Baugruppe\"}}]}]}<\/script>\n<!-- \/ Yoast SEO plugin. -->","_links":{"self":[{"href":"https:\/\/render.tips\/de\/wp-json\/wp\/v2\/product\/212045"}],"collection":[{"href":"https:\/\/render.tips\/de\/wp-json\/wp\/v2\/product"}],"about":[{"href":"https:\/\/render.tips\/de\/wp-json\/wp\/v2\/types\/product"}],"replies":[{"embeddable":true,"href":"https:\/\/render.tips\/de\/wp-json\/wp\/v2\/comments?post=212045"}],"wp:featuredmedia":[{"embeddable":true,"href":"https:\/\/render.tips\/de\/wp-json\/wp\/v2\/media\/229878"}],"wp:attachment":[{"href":"https:\/\/render.tips\/de\/wp-json\/wp\/v2\/media?parent=212045"}],"wp:term":[{"taxonomy":"product_cat","embeddable":true,"href":"https:\/\/render.tips\/de\/wp-json\/wp\/v2\/product_cat?post=212045"},{"taxonomy":"product_tag","embeddable":true,"href":"https:\/\/render.tips\/de\/wp-json\/wp\/v2\/product_tag?post=212045"}],"curies":[{"name":"wp","href":"https:\/\/api.w.org\/{rel}","templated":true}]}}