{"id":211512,"date":"2016-10-05T10:11:35","date_gmt":"2016-10-05T13:11:35","guid":{"rendered":"https:\/\/render.tips\/uncategorized\/solidworks-2016-parametrische-und-konstruktionstabelle"},"modified":"2020-02-04T12:35:32","modified_gmt":"2020-02-04T15:35:32","slug":"solidworks-2016-parametrische-und-konstruktionstabelle","status":"publish","type":"product","link":"https:\/\/render.tips\/de\/kurse\/solidworks-de\/solidworks-2016-parametrische-und-konstruktionstabelle","title":{"rendered":"Kurs SolidWorks 2016 &#8211; Parametrische und Konstruktionstabelle"},"content":{"rendered":"<p>Mit praktischen und einfachen Videolektionen lernen Sie, wie Sie optimierte Projekte in SolidWorks erstellen, indem Sie Parametrisierungsfunktionen in Verbindung mit Best Practices der Modellierung anwenden. Erfahren Sie, wie Sie Skizzenelemente referenzieren und mit einfachen Gleichungen und regelbasierten Gleichungen f\u00fcr Teile und Baugruppen arbeiten. Erfahren Sie, wie Sie Projekte mithilfe von Tabellen und Eigenschaften automatisieren. Verbessern Sie Ihr Lernen, indem Sie die vorgeschlagenen Beispiele und \u00dcbungen durchf\u00fchren, eine hydraulische Verbindung parametrieren und Einstellungen f\u00fcr ein Zahnrad erstellen. Meistern Sie dieses Segment mehr und heben Sie sich auf dem Markt ab!<\/p>\n","protected":false},"excerpt":{"rendered":"<p><span style=\"color: #ff6600\">Optimieren Sie Ihre Projekte in SolidWorks mithilfe von Parametrierung, Gleichungen und Tabellen<\/span><\/p>\n","protected":false},"featured_media":229524,"comment_status":"open","ping_status":"closed","template":"","meta":[],"product_cat":[505,819],"product_tag":[],"acf":[],"yoast_head":"<!-- This site is optimized with the Yoast SEO plugin v15.9 - https:\/\/yoast.com\/wordpress\/plugins\/seo\/ -->\n<title>Kurs SolidWorks 2016 - Parametrische und Konstruktionstabelle | Online Courses from Basic to Advanced | RenderTips<\/title>\n<meta name=\"description\" content=\"Optimieren Sie Ihre Projekte in SolidWorks mithilfe von Parametrierung, Gleichungen und Tabellen\" \/>\n<meta name=\"robots\" content=\"index, follow, max-snippet:-1, max-image-preview:large, max-video-preview:-1\" \/>\n<link rel=\"canonical\" href=\"https:\/\/render.tips\/de\/kurse\/solidworks-de\/solidworks-2016-parametrische-und-konstruktionstabelle\" \/>\n<meta property=\"og:locale\" content=\"de_DE\" \/>\n<meta property=\"og:type\" content=\"article\" \/>\n<meta property=\"og:title\" content=\"Kurs SolidWorks 2016 - Parametrische und Konstruktionstabelle | Online Courses from Basic to Advanced | RenderTips\" \/>\n<meta property=\"og:description\" content=\"Optimieren Sie Ihre Projekte in SolidWorks mithilfe von Parametrierung, Gleichungen und Tabellen\" \/>\n<meta property=\"og:url\" content=\"https:\/\/render.tips\/de\/kurse\/solidworks-de\/solidworks-2016-parametrische-und-konstruktionstabelle\" \/>\n<meta property=\"og:site_name\" content=\"Online Courses from Basic to Advanced | RenderTips\" \/>\n<meta property=\"article:publisher\" content=\"https:\/\/www.facebook.com\/rendertipscourses\/\" \/>\n<meta property=\"article:modified_time\" content=\"2020-02-04T15:35:32+00:00\" \/>\n<meta property=\"og:image\" content=\"https:\/\/static.render.tips\/wp-content\/uploads\/2019\/10\/SW16-PAR-TABP-DEU_facebook.png\" \/>\n\t<meta property=\"og:image:width\" content=\"1200\" \/>\n\t<meta property=\"og:image:height\" content=\"627\" \/>\n<meta name=\"twitter:card\" content=\"summary_large_image\" \/>\n<meta name=\"twitter:image\" content=\"https:\/\/static.render.tips\/wp-content\/uploads\/2020\/02\/SW16-PAR-TABP-DEU_facebook.png\" \/>\n<meta name=\"twitter:site\" content=\"@rendertips\" \/>\n<script type=\"application\/ld+json\" class=\"yoast-schema-graph\">{\"@context\":\"https:\/\/schema.org\",\"@graph\":[{\"@type\":\"Organization\",\"@id\":\"https:\/\/render.tips\/#organization\",\"name\":\"Render Tips\",\"url\":\"https:\/\/render.tips\/\",\"sameAs\":[\"https:\/\/www.facebook.com\/rendertipscourses\/\",\"https:\/\/www.instagram.com\/rendertips\/\",\"https:\/\/www.youtube.com\/channel\/UCx_9bcvh0_AQFGXxJ0StKSQ\",\"https:\/\/twitter.com\/rendertips\"],\"logo\":{\"@type\":\"ImageObject\",\"@id\":\"https:\/\/render.tips\/#logo\",\"inLanguage\":\"de-DE\",\"url\":\"https:\/\/static.render.tips\/wp-content\/uploads\/2019\/08\/logo_1024.png\",\"width\":1024,\"height\":1024,\"caption\":\"Render Tips\"},\"image\":{\"@id\":\"https:\/\/render.tips\/#logo\"}},{\"@type\":\"WebSite\",\"@id\":\"https:\/\/render.tips\/#website\",\"url\":\"https:\/\/render.tips\/\",\"name\":\"Online Courses from Basic to Advanced | RenderTips\",\"description\":\"Technology Online Courses - Solidworks, Autocad, Inventor, 3ds Max and More\",\"publisher\":{\"@id\":\"https:\/\/render.tips\/#organization\"},\"potentialAction\":[{\"@type\":\"SearchAction\",\"target\":\"https:\/\/render.tips\/?s={search_term_string}\",\"query-input\":\"required name=search_term_string\"}],\"inLanguage\":\"de-DE\"},{\"@type\":\"ImageObject\",\"@id\":\"https:\/\/render.tips\/de\/kurse\/solidworks-de\/solidworks-2016-parametrische-und-konstruktionstabelle#primaryimage\",\"inLanguage\":\"de-DE\",\"url\":\"https:\/\/static.render.tips\/wp-content\/uploads\/2020\/02\/Curso-solidworks-2016-parametrische-und-konstruktionstabelle-SW16-PAR-TABP-DEU_destaque-20200204132956.jpg\",\"width\":229,\"height\":162},{\"@type\":\"WebPage\",\"@id\":\"https:\/\/render.tips\/de\/kurse\/solidworks-de\/solidworks-2016-parametrische-und-konstruktionstabelle#webpage\",\"url\":\"https:\/\/render.tips\/de\/kurse\/solidworks-de\/solidworks-2016-parametrische-und-konstruktionstabelle\",\"name\":\"Kurs SolidWorks 2016 - Parametrische und Konstruktionstabelle | Online Courses from Basic to Advanced | RenderTips\",\"isPartOf\":{\"@id\":\"https:\/\/render.tips\/#website\"},\"primaryImageOfPage\":{\"@id\":\"https:\/\/render.tips\/de\/kurse\/solidworks-de\/solidworks-2016-parametrische-und-konstruktionstabelle#primaryimage\"},\"datePublished\":\"2016-10-05T13:11:35+00:00\",\"dateModified\":\"2020-02-04T15:35:32+00:00\",\"description\":\"Optimieren Sie Ihre Projekte in SolidWorks mithilfe von Parametrierung, Gleichungen und Tabellen\",\"breadcrumb\":{\"@id\":\"https:\/\/render.tips\/de\/kurse\/solidworks-de\/solidworks-2016-parametrische-und-konstruktionstabelle#breadcrumb\"},\"inLanguage\":\"de-DE\",\"potentialAction\":[{\"@type\":\"ReadAction\",\"target\":[\"https:\/\/render.tips\/de\/kurse\/solidworks-de\/solidworks-2016-parametrische-und-konstruktionstabelle\"]}]},{\"@type\":\"BreadcrumbList\",\"@id\":\"https:\/\/render.tips\/de\/kurse\/solidworks-de\/solidworks-2016-parametrische-und-konstruktionstabelle#breadcrumb\",\"itemListElement\":[{\"@type\":\"ListItem\",\"position\":1,\"item\":{\"@type\":\"WebPage\",\"@id\":\"https:\/\/render.tips\/de\",\"url\":\"https:\/\/render.tips\/de\",\"name\":\"Home\"}},{\"@type\":\"ListItem\",\"position\":2,\"item\":{\"@type\":\"WebPage\",\"@id\":\"https:\/\/render.tips\/de\/shop\",\"url\":\"https:\/\/render.tips\/de\/shop\",\"name\":\"Shop\"}},{\"@type\":\"ListItem\",\"position\":3,\"item\":{\"@type\":\"WebPage\",\"@id\":\"https:\/\/render.tips\/de\/kurse\/solidworks-de\/solidworks-2016-parametrische-und-konstruktionstabelle\",\"url\":\"https:\/\/render.tips\/de\/kurse\/solidworks-de\/solidworks-2016-parametrische-und-konstruktionstabelle\",\"name\":\"Kurs SolidWorks 2016 &#8211; Parametrische und Konstruktionstabelle\"}}]}]}<\/script>\n<!-- \/ Yoast SEO plugin. -->","_links":{"self":[{"href":"https:\/\/render.tips\/de\/wp-json\/wp\/v2\/product\/211512"}],"collection":[{"href":"https:\/\/render.tips\/de\/wp-json\/wp\/v2\/product"}],"about":[{"href":"https:\/\/render.tips\/de\/wp-json\/wp\/v2\/types\/product"}],"replies":[{"embeddable":true,"href":"https:\/\/render.tips\/de\/wp-json\/wp\/v2\/comments?post=211512"}],"wp:featuredmedia":[{"embeddable":true,"href":"https:\/\/render.tips\/de\/wp-json\/wp\/v2\/media\/229524"}],"wp:attachment":[{"href":"https:\/\/render.tips\/de\/wp-json\/wp\/v2\/media?parent=211512"}],"wp:term":[{"taxonomy":"product_cat","embeddable":true,"href":"https:\/\/render.tips\/de\/wp-json\/wp\/v2\/product_cat?post=211512"},{"taxonomy":"product_tag","embeddable":true,"href":"https:\/\/render.tips\/de\/wp-json\/wp\/v2\/product_tag?post=211512"}],"curies":[{"name":"wp","href":"https:\/\/api.w.org\/{rel}","templated":true}]}}